{"id":7526,"date":"2022-08-22T13:40:21","date_gmt":"2022-08-22T11:40:21","guid":{"rendered":"https:\/\/xorr.pl\/?post_type=product&#038;p=7526"},"modified":"2023-06-28T10:13:59","modified_gmt":"2023-06-28T08:13:59","slug":"autel-evo-2-dual-640t-rugged-bundle-v2","status":"publish","type":"product","link":"https:\/\/xorr.pl\/en\/product\/autel-evo-2-dual-640t-rugged-bundle-v2\/","title":{"rendered":"Autel Evo 2 Dual 640T Rugged Bundle  V2"},"content":{"rendered":"<h2><strong><b>Dron Autel Robotics EVO II Dual 640T<\/b><\/strong><\/h2>\n<p>Atuel Robotics EVO II Dual 640T jest wyposa\u017cony w kamer\u0119 termowizyjn\u0105 o wysokiej rozdzielczo\u015bci 640 * 512 i kamer\u0119 \u015bwiat\u0142a widzialnego 8K ultra HD, umo\u017cliwiaj\u0105c przechwytywanie bardzo szczeg\u00f3\u0142owych obraz\u00f3w w celu uzyskania optymalnych wgl\u0105d\u00f3w.<\/p>\n<p>Opr\u00f3cz podw\u00f3jnej kamery, EVO II Dual 640T mo\u017ce dok\u0142adnie wykrywa\u0107 \u017ar\u00f3d\u0142a ciep\u0142a w odleg\u0142o\u015bci 2-15 metr\u00f3w. Wykorzystuj\u0105c algorytm kompensacji pomiaru temperatury w podczerwieni, 640T mo\u017ce regulowa\u0107 odchylenia temperatury w zakresie 3 stopni Celsjusza.<\/p>\n<div style=\"text-align: left;\"><img decoding=\"async\" style=\"float: none;\" src=\"https:\/\/cdn.shopify.com\/s\/files\/1\/0605\/7872\/6064\/files\/20220426151328.png?v=1650957237\" \/><\/div>\n<div style=\"text-align: left;\"><\/div>\n<section class=\"section_package\">\n<h2><strong>Nowa generacja czujnika termicznego<\/strong><\/h2>\n<p>Matryca 640&#215;512 zapewnia wi\u0119ksz\u0105 rozdzielczo\u015b\u0107 ni\u017c jakakolwiek kamera w swojej klasie, umo\u017cliwiaj\u0105c pilotom dostrze\u017cenie g\u0142\u0119bokich szczeg\u00f3\u0142\u00f3w w ciemnym otoczeniu. Nowa generacja czujnika termowizyjnego Autel Robotics ma rozdzielczo\u015b\u0107 do 640&#215;512@30 fps. Jest r\u00f3wnie\u017c standardowo wyposa\u017cony w obiektyw 13 mm i 16-krotny zoom cyfrowy i jest w stanie rozpozna\u0107 obiekty z odleg\u0142o\u015bci do 100 m.<\/p>\n<div style=\"text-align: left;\"><img decoding=\"async\" src=\"https:\/\/cdn.shopify.com\/s\/files\/1\/0581\/0683\/9097\/files\/20220426151839.png?v=1651023576\" \/><\/div>\n<div style=\"text-align: left;\"><\/div>\n<\/section>\n<section class=\"style_product-c\">\n<h2><strong>Maksymalna wydajno\u015b\u0107 we wszystkich warunkach ogl\u0105dania<\/strong><\/h2>\n<p>EVO II Dual 640T obs\u0142uguje do 10 palet termicznych, umo\u017cliwiaj\u0105c pilotom radzenie sobie z r\u00f3\u017cnymi z\u0142o\u017conymi \u015brodowiskami fotografowania i scenariuszami misji.<\/p>\n<h2><strong>Tryb Picture-in-Picture (dla lepszej \u015bwiadomo\u015bci sytuacyjnej)<\/strong><\/h2>\n<\/section>\n<section class=\"style_product-c\">Obrazy wizualne i termowizyjne s\u0105 po\u0142\u0105czone, aby pom\u00f3c u\u017cytkownikom w szybkiej interpretacji danych i pom\u00f3c w podejmowaniu krytycznych decyzji.<\/p>\n<div style=\"text-align: left;\"><img decoding=\"async\" style=\"float: none;\" src=\"https:\/\/cdn.shopify.com\/s\/files\/1\/0581\/0683\/9097\/files\/measurement.jpg?v=1651113414\" alt=\"\" \/><\/div>\n<h2><strong>Uchwy\u0107 i zachowaj nawet najmniejsze szczeg\u00f3\u0142y<\/strong><\/h2>\n<h3>Wideo 8K, niezr\u00f3wnana klarowno\u015b\u0107<\/h3>\n<p>EVO II Dual 640T nagrywa w rozdzielczo\u015bci do 7680&#215;4320. Dzi\u0119ki 4 razy wi\u0119kszej liczbie pikseli ni\u017c 4K (i 16 razy wi\u0119kszej ni\u017c HD), filmy 8K na nowo definiuj\u0105 wyrazisto\u015b\u0107 i g\u0142\u0119bi\u0119 obrazu.<\/p>\n<h3>Aparat 48MP<\/h3>\n<p>Czujnik 48 MP rejestruje ka\u017cdy szczeg\u00f3\u0142 istotny dla medycyny s\u0105dowej, aby pom\u00f3c w precyzyjnym uchwyceniu dowod\u00f3w. Zar\u00f3wno obrazy termiczne, jak i RGB s\u0105 dostarczane z wbudowanymi metadanymi, dzi\u0119ki czemu EVO II Dual 640T jest najlepszym narz\u0119dziem bezpiecze\u0144stwa publicznego.<\/p>\n<h3>4x bezstratny zoom<\/h3>\n<p>Wysoka rozdzielczo\u015b\u0107 zapewnia mo\u017cliwo\u015b\u0107 zbli\u017cenia w g\u0142\u0105b sceny i przyci\u0119cia obrazu lub wideo do 4K bez utraty jako\u015bci. Z \u0142atwo\u015bci\u0105 uchwy\u0107 scen\u0119, powi\u0119ksz i przekszta\u0142\u0107 uj\u0119cia.<\/p>\n<h3>4K HDR dla wi\u0119kszego zakresu dynamicznego<\/h3>\n<p>4K HDR oferuje wi\u0119ksz\u0105 szczeg\u00f3\u0142owo\u015b\u0107 w \u015bwiat\u0142ach i cieniach, zapewniaj\u0105c wy\u017csz\u0105.<\/p>\n<h2><strong>Unikanie przeszk\u00f3d 360 \u00b0<\/strong><\/h2>\n<h3><strong><b>Wielokierunkowe unikanie przeszk\u00f3d dzi\u0119ki 12 czujnikom wizualnym<\/b><\/strong><\/h3>\n<p>Wyposa\u017cony w 19 grup czujnik\u00f3w \u2014 w tym 12 czujnik\u00f3w wizualnych, aparat g\u0142\u00f3wny, ultrad\u017awi\u0119ki i podw\u00f3jne IMU \u2014 EVO II Dual 640T mo\u017ce z \u0142atwo\u015bci\u0105 tworzy\u0107 tr\u00f3jwymiarowe mapy i planowa\u0107 \u015bcie\u017cki w z\u0142o\u017conym terenie w czasie rzeczywistym.<\/p>\n<div style=\"text-align: left;\"><img decoding=\"async\" src=\"https:\/\/cdn.shopify.com\/s\/files\/1\/0581\/0683\/9097\/files\/20220426153110.png?v=1651023608\" \/><\/div>\n<div style=\"text-align: left;\"><\/div>\n<\/section>\n<section class=\"style_product-c\">\n<h2><strong>Dynamic Track 2.0<\/strong><\/h2>\n<p>EVO II Dual 640T mo\u017ce jednocze\u015bnie modelowa\u0107 lokalizacj\u0119 i pr\u0119dko\u015b\u0107 cel\u00f3w, dok\u0142adnie przewidywa\u0107 ich trajektori\u0119 i \u015bledzi\u0107 je w spos\u00f3b ci\u0105g\u0142y, jednocze\u015bnie identyfikuj\u0105c do 64 obiekt\u00f3w.<\/p>\n<div style=\"text-align: left;\"><img decoding=\"async\" src=\"https:\/\/cdn.shopify.com\/s\/files\/1\/0581\/0683\/9097\/files\/20220426171231.png?v=1651023635\" \/><\/div>\n<div style=\"text-align: left;\"><\/div>\n<\/section>\n<section class=\"style_product-c\">\n<h2><strong>Modu\u0142owa konstrukcja \u2014 nieograniczona ekspansja<\/strong><strong><b>\u00a0<\/b><\/strong><\/h2>\n<p><strong>Modu\u0142owa konstrukcja<\/strong>\u00a0&#8211;\u00a0Nieograniczona ekspansja<\/p>\n<p><strong>Wymienne \u0142adunki oferuj\u0105 mo\u017cliwo\u015b\u0107 rozbudowy &#8211;\u00a0<\/strong>\u0141adowno\u015b\u0107 2lbs (900g)<\/p>\n<p><strong>Transmisja wideo na \u017cywo \u2014<\/strong>\u00a0LiveDeck umo\u017cliwia pilotom udost\u0119pnianie wideo z lotu ptaka na \u017cywo w sieciach publicznych lub prywatnych, udost\u0119pniaj\u0105c dane stanowiskom dowodzenia, interesariuszom lub widzom online.<\/p>\n<p><strong>Otw\u00f3rz SDK<\/strong>\u00a0&#8211;\u00a0Tw\u00f3rz dostosowane us\u0142ugi.<\/p>\n<\/section>\n<section class=\"style_product-c\">\n<h2><strong><b>38 minut maksymalny czas lotu<\/b><\/strong><\/h2>\n<div style=\"text-align: left;\"><img decoding=\"async\" style=\"float: none;\" src=\"https:\/\/cdn.shopify.com\/s\/files\/1\/0605\/7872\/6064\/files\/20220426171734_a53b9df8-b46b-4376-82bb-83fbdd91083d.png?v=1650967411\" alt=\"\" \/><\/div>\n<\/section>\n<section class=\"style_product-c\">\n<h2><\/h2>\n<section class=\"style_product-c\">\n<div><img decoding=\"async\" src=\"https:\/\/cdn.shopify.com\/s\/files\/1\/0581\/0683\/9097\/files\/application.jpg?v=1651114390\" alt=\"\" \/><\/div>\n<\/section>\n<\/section>","protected":false},"excerpt":{"rendered":"<p>Dron Autel Robotics EVO II Dual 640T Atuel Robotics EVO II Dual 640T jest wyposa\u017cony w kamer\u0119 termowizyjn\u0105 o wysokiej rozdzielczo\u015bci 640 * 512 i kamer\u0119 \u015bwiat\u0142a widzialnego 8K ultra HD, umo\u017cliwiaj\u0105c przechwytywanie bardzo szczeg\u00f3\u0142owych obraz\u00f3w w celu uzyskania optymalnych wgl\u0105d\u00f3w. Opr\u00f3cz podw\u00f3jnej kamery, EVO II Dual 640T mo\u017ce dok\u0142adnie wykrywa\u0107 \u017ar\u00f3d\u0142a ciep\u0142a w odleg\u0142o\u015bci [&hellip;]<\/p>","protected":false},"featured_media":7527,"template":"","meta":[],"product_cat":[47,30],"product_tag":[],"jetpack_sharing_enabled":true,"_links":{"self":[{"href":"https:\/\/xorr.pl\/en\/wp-json\/wp\/v2\/product\/7526"}],"collection":[{"href":"https:\/\/xorr.pl\/en\/wp-json\/wp\/v2\/product"}],"about":[{"href":"https:\/\/xorr.pl\/en\/wp-json\/wp\/v2\/types\/product"}],"wp:featuredmedia":[{"embeddable":true,"href":"https:\/\/xorr.pl\/en\/wp-json\/wp\/v2\/media\/7527"}],"wp:attachment":[{"href":"https:\/\/xorr.pl\/en\/wp-json\/wp\/v2\/media?parent=7526"}],"wp:term":[{"taxonomy":"product_cat","embeddable":true,"href":"https:\/\/xorr.pl\/en\/wp-json\/wp\/v2\/product_cat?post=7526"},{"taxonomy":"product_tag","embeddable":true,"href":"https:\/\/xorr.pl\/en\/wp-json\/wp\/v2\/product_tag?post=7526"}],"curies":[{"name":"wp","href":"https:\/\/api.w.org\/{rel}","templated":true}]}}