{"id":7534,"date":"2022-08-22T13:53:19","date_gmt":"2022-08-22T11:53:19","guid":{"rendered":"https:\/\/xorr.pl\/?post_type=product&#038;p=7534"},"modified":"2022-11-07T20:37:19","modified_gmt":"2022-11-07T19:37:19","slug":"ladowarka-h6-pro-hota-ac-200w-dc-700w","status":"publish","type":"product","link":"https:\/\/xorr.pl\/en\/product\/ladowarka-h6-pro-hota-ac-200w-dc-700w\/","title":{"rendered":"HOTA H6 Pro (US Plug) AC\/DC 200W AC\/700W DC 1~6S Smart Charger"},"content":{"rendered":"<p>This amazing charger\/discharger can charge up to 200W on AC power and a staggering 700W on DC power all in a tiny package measuring just 108x67x60mm and weighing 410g. It offers high-efficiency power management, active PFC resonant control, short circuit protection, overload protection, over-voltage protection, over-temperature protection, and over-current protection.<\/p>\n<p><img decoding=\"async\" src=\"https:\/\/avifly.pl\/img\/cms\/Zdjecia%20do%20opisow\/HOTA\/H6PRO\/H6Pro_informacje.jpg\" alt=\"\u0141adowarka HOTA H6 PRO Infografika\" \/><\/p>\n<p>&nbsp;<\/p>\n<p class=\"h3\"><strong>Bullet Points\u00a0<\/strong><\/p>\n<ul>\n<li>Amazing power to size ratio<\/li>\n<li>Up to 700W charging power on DC<\/li>\n<li>Fully protected with SCP, OLP, OVP, OTP, and OCP<\/li>\n<li>Smart touch button technology<\/li>\n<li>Up to 700W unique regenerative discharge capability<\/li>\n<li>2.4\" IPS display<\/li>\n<li>Built-in micro USB for firmware updates<\/li>\n<\/ul>\n<p>&nbsp;<\/p>\n<p class=\"h3\"><strong>Specification<\/strong><\/p>\n<ul>\n<li>Input Voltage: AC100~240V \/ DC 6.5~30V<\/li>\n<li>Charge Current: 0.1~26A<\/li>\n<li>Charge Power: DC 700W AC 200W<\/li>\n<li>Discharge Power: Internal discharge 30W (balance port 10W)<\/li>\n<li>Regenerative discharge: 700W<\/li>\n<li>Lithium Battery Types:<br \/>\nLiHv \/ LiPo \/ LiFe \/ Lilon \/ Lixx: 1 ~ 6S<br \/>\nNiZn \/ Nicd \/ NiMH: 1 ~ 16 S.<br \/>\nInteligentny akumulator: 1 ~ 6 S.<br \/>\nAkumulator O\u0142owiowy\u00a0(Pb): 2 ~ 24 V.<br \/>\nEnelop: 1 ~ 14 S.<\/li>\n<li>Balance Current: 2000mA<\/li>\n<li>Discharge Current: 0.1~5A<\/li>\n<li>USB Output: 5V \/ 2.1A<\/li>\n<li>Dimensions: 108 x 67 x 60mm<\/li>\n<li>Net Weight: 410g<\/li>\n<\/ul>","protected":false},"excerpt":{"rendered":"<p>\u0141adowarka oferuje wysokowydajne zarz\u0105dzanie energi\u0105, aktywn\u0105 kontrol\u0119 rezonansow\u0105 PFC, ochron\u0119 przed zwarciem, ochron\u0119 przed przeci\u0105\u017ceniem, ochron\u0119 przed przepi\u0119ciem, ochron\u0119 przed przegrzaniem i ochron\u0119 przed przet\u0119\u017ceniem a wszystko to w niewielkiej obudowie o wymiarach zaledwie 108 x 67 x 60 mm i wadze 410 g. &nbsp; Zalety:\u00a0 \u0141adowarka USB 2.1A Funkcje zabezpieczaj\u0105ce Wbudowany zasilacz AC 230V [&hellip;]<\/p>","protected":false},"featured_media":7536,"template":"","meta":[],"product_cat":[32,23,42],"product_tag":[],"jetpack_sharing_enabled":true,"_links":{"self":[{"href":"https:\/\/xorr.pl\/en\/wp-json\/wp\/v2\/product\/7534"}],"collection":[{"href":"https:\/\/xorr.pl\/en\/wp-json\/wp\/v2\/product"}],"about":[{"href":"https:\/\/xorr.pl\/en\/wp-json\/wp\/v2\/types\/product"}],"wp:featuredmedia":[{"embeddable":true,"href":"https:\/\/xorr.pl\/en\/wp-json\/wp\/v2\/media\/7536"}],"wp:attachment":[{"href":"https:\/\/xorr.pl\/en\/wp-json\/wp\/v2\/media?parent=7534"}],"wp:term":[{"taxonomy":"product_cat","embeddable":true,"href":"https:\/\/xorr.pl\/en\/wp-json\/wp\/v2\/product_cat?post=7534"},{"taxonomy":"product_tag","embeddable":true,"href":"https:\/\/xorr.pl\/en\/wp-json\/wp\/v2\/product_tag?post=7534"}],"curies":[{"name":"wp","href":"https:\/\/api.w.org\/{rel}","templated":true}]}}