{"id":7560,"date":"2022-08-29T10:45:07","date_gmt":"2022-08-29T08:45:07","guid":{"rendered":"https:\/\/xorr.pl\/?post_type=product&#038;p=7560"},"modified":"2024-07-18T22:33:22","modified_gmt":"2024-07-18T20:33:22","slug":"bateria-lipo-2s-300-mah-betafpv","status":"publish","type":"product","link":"https:\/\/xorr.pl\/en\/product\/bateria-lipo-2s-300-mah-betafpv\/","title":{"rendered":"300mAh 2S 45C Lipo Battery"},"content":{"rendered":"<p>300mAh 2S battery owns a more powerful performance with stronger mobility and higher sensitivity under high-speed flight. Moreover, it is suitable for Beta75X, Mobula 7 and Eachine Trashcan 2S brushless Whoop drone.<\/p>\n<p><img decoding=\"async\" src=\"https:\/\/cdn.shopify.com\/s\/files\/1\/1778\/6615\/files\/300_2S-1_1024x1024.jpg?v=1557573232\" alt=\"\" \/><\/p>\n<h2><\/h2>\n<h2>Specification<\/h2>\n<ul>\n<li>Produkt: bateria 300 mAh 2S 45C<\/li>\n<li>Waga: 18,4g<\/li>\n<li>Rozmiar: 45*17*12mm<\/li>\n<li>Z\u0142\u0105cze: XT30 z przewodem silikonowym 18AWG<\/li>\n<\/ul>\n<h2>Comparision<\/h2>\n<p>Compare to 350mAh 2S battery, this 300mAh 2S battery is 3g lighter weight while improving to 45C, that would be the best recommendation for using on Beta75X.<\/p>\n<p><img decoding=\"async\" src=\"https:\/\/cdn.shopify.com\/s\/files\/1\/1778\/6615\/files\/1_0361c05f-3be1-4c59-9862-b87d1e552359_grande.jpg?v=1557571088\" alt=\"\" \/><\/p>\n<p><strong>The discharge current is 11A in this testing.<\/strong><\/p>\n<p><img decoding=\"async\" src=\"https:\/\/cdn.shopify.com\/s\/files\/1\/1778\/6615\/files\/300-4_grande.jpg?v=1557228238\" alt=\"\" \/><\/p>\n<h2><\/h2>\n<p><img decoding=\"async\" src=\"https:\/\/cdn.shopify.com\/s\/files\/1\/1778\/6615\/files\/3_de0d5193-7eae-4a38-b3e2-703b4f84e73e_grande.jpg?v=1557484624\" alt=\"\" width=\"468\" height=\"398\" \/><\/p>\n<h2>Size<\/h2>\n<p><img decoding=\"async\" src=\"https:\/\/cdn.shopify.com\/s\/files\/1\/1778\/6615\/files\/4_e37f9d80-7414-4277-a5f4-bfd36c0f9597_grande.jpg?v=1557571233\" alt=\"\" \/><\/p>\n<h2><\/h2>\n<h2>Package<\/h2>\n<ul>\n<li>2 * BETAFPV 300mAh 2S 7.4V Lipo Battery (XT30)<\/li>\n<\/ul>","protected":false},"excerpt":{"rendered":"<p>Bateria 300 mAh 2S charakteryzuje si\u0119 wi\u0119ksz\u0105 wydajno\u015bci\u0105, wi\u0119ksz\u0105 mobilno\u015bci\u0105 i wy\u017csz\u0105 czu\u0142o\u015bci\u0105 podczas szybkiego lotu. Co wi\u0119cej, nadaje si\u0119 do bezszczotkowego drona Whoop Beta75X, Mobula 7 i Eachine Trashcan 2S. Specyfikacja Produkt: bateria 300 mAh 2S 45C Waga: 18,4g Rozmiar: 45*17*12mm Z\u0142\u0105cze: XT30 z przewodem silikonowym 18AWG Por\u00f3wnanie Por\u00f3wnanie z bateri\u0105 350mAh 2S, bateria [&hellip;]<\/p>","protected":false},"featured_media":7561,"template":"","meta":[],"product_cat":[22,25],"product_tag":[],"jetpack_sharing_enabled":true,"_links":{"self":[{"href":"https:\/\/xorr.pl\/en\/wp-json\/wp\/v2\/product\/7560"}],"collection":[{"href":"https:\/\/xorr.pl\/en\/wp-json\/wp\/v2\/product"}],"about":[{"href":"https:\/\/xorr.pl\/en\/wp-json\/wp\/v2\/types\/product"}],"wp:featuredmedia":[{"embeddable":true,"href":"https:\/\/xorr.pl\/en\/wp-json\/wp\/v2\/media\/7561"}],"wp:attachment":[{"href":"https:\/\/xorr.pl\/en\/wp-json\/wp\/v2\/media?parent=7560"}],"wp:term":[{"taxonomy":"product_cat","embeddable":true,"href":"https:\/\/xorr.pl\/en\/wp-json\/wp\/v2\/product_cat?post=7560"},{"taxonomy":"product_tag","embeddable":true,"href":"https:\/\/xorr.pl\/en\/wp-json\/wp\/v2\/product_tag?post=7560"}],"curies":[{"name":"wp","href":"https:\/\/api.w.org\/{rel}","templated":true}]}}