{"id":7564,"date":"2022-08-29T12:01:45","date_gmt":"2022-08-29T10:01:45","guid":{"rendered":"https:\/\/xorr.pl\/?post_type=product&#038;p=7564"},"modified":"2022-09-01T13:57:25","modified_gmt":"2022-09-01T11:57:25","slug":"kamera-betafpv-c01-pro","status":"publish","type":"product","link":"https:\/\/xorr.pl\/en\/product\/kamera-betafpv-c01-pro\/","title":{"rendered":"Kamera BetaFPV C01 Pro"},"content":{"rendered":"<div>\n<div>Mikrokamera C01 Pro to rzadka obecnie na rynku kamera FPV, kt\u00f3ra dostosowa\u0142a czujnik 1\/3&#8221; CMOS i obiektyw 2,1 mm do rozdzielczo\u015bci 1200 TVL i doskona\u0142ej latencji przy jednoczesnym zminimalizowaniu wagi do 1,96 g. Zaprojektowany specjalnie dla dron\u00f3w wra\u017cliwych na wag\u0119, takich jak Brushed &amp; Brushless Whoop Quad.<\/div>\n<\/div>\n<div><\/div>\n<div><\/div>\n<div><img decoding=\"async\" src=\"https:\/\/cdn.shopify.com\/s\/files\/1\/1778\/6615\/files\/C01_PRO16X9.jpg?v=1576062585\" alt=\"\" \/><\/div>\n<div><\/div>\n<div><\/div>\n<div><\/div>\n<div><\/div>\n<div><\/div>\n<div><\/div>\n<div><\/div>\n<h1>Plug-N-Play<\/h1>\n<p>Kamera C01 Pro jest wyposa\u017cona w z\u0142\u0105cze JST0.8, a konstrukcja typu plug-and-play u\u0142atwia instalacj\u0119 bez lutowania. Nadaje si\u0119 do kontroler\u00f3w lotu BeeBrain.<\/p>\n<p><img decoding=\"async\" src=\"https:\/\/cdn.shopify.com\/s\/files\/1\/1778\/6615\/files\/DAP_600x600.jpg?v=1576577767\" alt=\"\" \/><\/p>\n<h1>Bullet Point<\/h1>\n<ul>\n<li>Miniaturowa i lekka konstrukcja, waga tylko 1,96g. Lekka kamera idealna do dron\u00f3w wra\u017cliwych na wag\u0119, idealna do ulepszania kamery Brushed i 1S Brushless Whoop Quad<\/li>\n<li>Rozdzielczo\u015b\u0107 1200 TVL i 1\/3&#8243; matryca CMOS zapewniaj\u0105 wysokiej jako\u015bci i wyra\u017any obraz<\/li>\n<li>Globalna kamera WDR, proporcje 4:3, nagrywaj wyra\u017any dynamiczny obraz nawet w warunkach s\u0142abego o\u015bwietlenia<\/li>\n<li>Obiektyw 2,1 mm, FOV 160 \u00b0 poza szerokim k\u0105tem do nagrywania szerszych i pi\u0119knych scen<\/li>\n<\/ul>\n<p><img decoding=\"async\" src=\"https:\/\/cdn.shopify.com\/s\/files\/1\/1778\/6615\/files\/C01_PRO_132156fd-a88f-404d-9497-83974d152ba6_600x600.jpg?v=1576062993\" alt=\"\" \/><\/p>\n<h3><\/h3>\n<h1>Specification<\/h1>\n<ul>\n<li>Image Sensor: 1\/3&#8243; CMOS Sensor<\/li>\n<li>Horizontal: 1200TVL with Global WDR<\/li>\n<li>Signal System: NTSC<\/li>\n<li>Lens : 2.1mm(M8) FOV 160\u00b0<\/li>\n<li>S\/N Ratio: &gt;50db<\/li>\n<li>Electronic Shutter Speed: Auto<\/li>\n<li>Auto Gain Control (AGC): Auto<\/li>\n<li>Min. Illumination: 0.01Lux@1.2F<\/li>\n<li>D-WDR: Auto<\/li>\n<li>Day\/Night: Color<\/li>\n<li>Power: DC 3.3-6V<\/li>\n<li>Current: 110mA@6V \/ 120mA@3.3V<\/li>\n<li>Housing Material: ABS<\/li>\n<li>Dimension: 12.1*14.5mm<\/li>\n<li>Net weight: 1.96g<\/li>\n<\/ul>\n<div><img decoding=\"async\" src=\"https:\/\/cdn.shopify.com\/s\/files\/1\/1778\/6615\/files\/c01_pro_size_600x600.jpg?v=1575961927\" alt=\"\" \/><\/div>\n<h3><\/h3>\n<h1>Package<\/h1>\n<ul>\n<li>1 * C01 Pro FPV Micro Camera<\/li>\n<li>1 * Injection Molded Canopy<\/li>\n<li>1\u00a0* 1\/3&#8221; Camera Mounting hardware<\/li>\n<\/ul>\n<p><img decoding=\"async\" src=\"https:\/\/cdn.shopify.com\/s\/files\/1\/1778\/6615\/files\/3f89305fb1dabad87b9b93324e3c25cd_1cb2de79-a7f6-4b18-b328-d50291a9ac41_600x600.jpg?v=1578387405\" alt=\"\" \/><\/p>","protected":false},"excerpt":{"rendered":"<p>Mikrokamera C01 Pro to rzadka obecnie na rynku kamera FPV, kt\u00f3ra dostosowa\u0142a czujnik 1\/3&#8221; CMOS i obiektyw 2,1 mm do rozdzielczo\u015bci 1200 TVL i doskona\u0142ej latencji przy jednoczesnym zminimalizowaniu wagi do 1,96 g. Zaprojektowany specjalnie dla dron\u00f3w wra\u017cliwych na wag\u0119, takich jak Brushed &amp; Brushless Whoop Quad. Plug-N-Play Kamera C01 Pro jest wyposa\u017cona w z\u0142\u0105cze [&hellip;]<\/p>","protected":false},"featured_media":7565,"template":"","meta":[],"product_cat":[22,32,33],"product_tag":[],"jetpack_sharing_enabled":true,"_links":{"self":[{"href":"https:\/\/xorr.pl\/en\/wp-json\/wp\/v2\/product\/7564"}],"collection":[{"href":"https:\/\/xorr.pl\/en\/wp-json\/wp\/v2\/product"}],"about":[{"href":"https:\/\/xorr.pl\/en\/wp-json\/wp\/v2\/types\/product"}],"wp:featuredmedia":[{"embeddable":true,"href":"https:\/\/xorr.pl\/en\/wp-json\/wp\/v2\/media\/7565"}],"wp:attachment":[{"href":"https:\/\/xorr.pl\/en\/wp-json\/wp\/v2\/media?parent=7564"}],"wp:term":[{"taxonomy":"product_cat","embeddable":true,"href":"https:\/\/xorr.pl\/en\/wp-json\/wp\/v2\/product_cat?post=7564"},{"taxonomy":"product_tag","embeddable":true,"href":"https:\/\/xorr.pl\/en\/wp-json\/wp\/v2\/product_tag?post=7564"}],"curies":[{"name":"wp","href":"https:\/\/api.w.org\/{rel}","templated":true}]}}