{"id":7569,"date":"2022-08-29T12:39:02","date_gmt":"2022-08-29T10:39:02","guid":{"rendered":"https:\/\/xorr.pl\/?post_type=product&#038;p=7569"},"modified":"2023-01-30T10:28:59","modified_gmt":"2023-01-30T09:28:59","slug":"rama-beta85x","status":"publish","type":"product","link":"https:\/\/xorr.pl\/en\/product\/rama-beta85x\/","title":{"rendered":"Rama Beta85X"},"content":{"rendered":"<p>Rama dedykowana do drona Beta85X.<\/p>\n<p><img decoding=\"async\" src=\"https:\/\/cdn.shopify.com\/s\/files\/1\/1778\/6615\/files\/3_5b2111cc-36b4-4c8f-9b6a-c30c3ab3f65f_grande.jpg?v=1547444460\" \/><\/p>\n<h2>Specification<\/h2>\n<ul>\n<li>Materia\u0142: Tworzywo sztuczne<\/li>\n<li>Rozstaw silnik\u00f3w po przek\u0105tnej: 85mm<\/li>\n<li>Otwory monta\u017cowe pod silniki: 110x<\/li>\n<li>Otwory monta\u017cowe pod FC: 26mm x 26mm<\/li>\n<li>Uchwyt<\/li>\n<li>Waga: 10g<\/li>\n<\/ul>\n<h2>Opakowanie zawiera:<\/h2>\n<ul>\n<li>Rama Beta85X Whoop<\/li>\n<li>Pady gumowe do baterii<\/li>\n<\/ul>","protected":false},"excerpt":{"rendered":"<p>Rama dedykowana do drona Beta85X. Specyfikacja: Materia\u0142: Tworzywo sztuczne Rozstaw silnik\u00f3w po przek\u0105tnej: 85mm Otwory monta\u017cowe pod silniki: 110x Otwory monta\u017cowe pod FC: 26mm x 26mm Uchwyt Waga: 10g Opakowanie zawiera: Rama Beta85X Whoop Pady gumowe do baterii<\/p>","protected":false},"featured_media":7571,"template":"","meta":[],"product_cat":[22,23,38],"product_tag":[],"jetpack_sharing_enabled":true,"_links":{"self":[{"href":"https:\/\/xorr.pl\/en\/wp-json\/wp\/v2\/product\/7569"}],"collection":[{"href":"https:\/\/xorr.pl\/en\/wp-json\/wp\/v2\/product"}],"about":[{"href":"https:\/\/xorr.pl\/en\/wp-json\/wp\/v2\/types\/product"}],"wp:featuredmedia":[{"embeddable":true,"href":"https:\/\/xorr.pl\/en\/wp-json\/wp\/v2\/media\/7571"}],"wp:attachment":[{"href":"https:\/\/xorr.pl\/en\/wp-json\/wp\/v2\/media?parent=7569"}],"wp:term":[{"taxonomy":"product_cat","embeddable":true,"href":"https:\/\/xorr.pl\/en\/wp-json\/wp\/v2\/product_cat?post=7569"},{"taxonomy":"product_tag","embeddable":true,"href":"https:\/\/xorr.pl\/en\/wp-json\/wp\/v2\/product_tag?post=7569"}],"curies":[{"name":"wp","href":"https:\/\/api.w.org\/{rel}","templated":true}]}}