{"id":7596,"date":"2022-09-05T15:40:02","date_gmt":"2022-09-05T13:40:02","guid":{"rendered":"https:\/\/xorr.pl\/?post_type=product&#038;p=7596"},"modified":"2024-06-12T12:41:40","modified_gmt":"2024-06-12T10:41:40","slug":"betafpv-literadio-1","status":"publish","type":"product","link":"https:\/\/xorr.pl\/en\/product\/betafpv-literadio-1\/","title":{"rendered":"BetaFPV LiteRadio 1"},"content":{"rendered":"<p>LiteRadio 1 to kompaktowy nadajnik radiowy na rynek FPV. Jest optymalnie uproszczony, aby by\u0142 mniejszy i bardziej przeno\u015bny ni\u017c inne z serii LiteRadio, a tak\u017ce ma ergonomiczny kszta\u0142t i antypo\u015blizgow\u0105 tekstur\u0119, kt\u00f3re s\u0105 wygodniejsze w trzymaniu. Tymczasem jest odpowiedni dla pocz\u0105tkuj\u0105cych u\u017cytkownik\u00f3w FPV jako niedrogi nadajnik radiowy z wystarczaj\u0105c\u0105 liczb\u0105 funkcji.<\/p>\n<p><em><img decoding=\"async\" src=\"https:\/\/cdn.shopify.com\/s\/files\/1\/1778\/6615\/files\/FB1_e3842a3e-bfbe-4d79-8809-72c46a45f419_1024x1024.jpg?v=1660703478\" alt=\"\" \/><\/em><\/p>\n<h2>Bullet Point<\/h2>\n<ul>\n<li style=\"list-style-type: none;\">\n<ul>\n<li>LiteRadio 1 charakteryzuje si\u0119 niewielkimi rozmiarami, ergonomiczn\u0105 konstrukcj\u0105 i antypo\u015blizgow\u0105 tekstur\u0105 dla tych, kt\u00f3rzy wol\u0105 u\u017cywa\u0107 mini nadajnika radiowego. Jest bardziej wygodny do przenoszenia.<\/li>\n<li>W pe\u0142ni funkcjonalny w rozs\u0105dnej cenie nadajnik radiowy LiteRadio 1 jest odpowiedni dla pocz\u0105tkuj\u0105cych, kt\u00f3rzy chc\u0105 nauczy\u0107 si\u0119 lata\u0107 dronami i jest dobrym wyborem jako prezent dla dzieci lub przyjaci\u00f3\u0142. R\u00f3wnie\u017c ta\u0144sza okazja dla szk\u00f3\u0142 lub o\u015brodk\u00f3w szkoleniowych.<\/li>\n<li>Dzi\u0119ki wsparciu BETAFPV Configurator mo\u017cesz dostosowa\u0107 ustawienia kana\u0142\u00f3w, zmieni\u0107 protok\u00f3\u0142 lub zaktualizowa\u0107 oprogramowanie dla LiteRadio 1 w konfiguratorze.<\/li>\n<li>Wbudowany system CC2500 2.4G, obs\u0142uguje protoko\u0142y Futaba S-FHSS\/Frsky FCC D16\/Frsky LBT D16\/Frsky D8, kt\u00f3re s\u0105 g\u0142\u00f3wnie u\u017cywane na rynku. Nadajnik radiowy LiteRadio 1 jest kompatybilny z wieloma quadkopterami BNF wyposa\u017conymi w takie odbiorniki.<\/li>\n<li>Dwa style uchwyt\u00f3w dla pilot\u00f3w, nadajnik radiowy LiteRadio 1 jest fabrycznie wyposa\u017cony w ko\u0144c\u00f3wki na kciuki, kt\u00f3re maj\u0105 p\u0142ask\u0105 powierzchni\u0119 i wi\u0119ksz\u0105 przestrze\u0144, aby mo\u017cna by\u0142o obraca\u0107 kciukami. Poza tym w opakowaniu znajduj\u0105 si\u0119 r\u00f3wnie\u017c dwie ko\u0144c\u00f3wki dla tych, kt\u00f3rzy lubi\u0105 kontrolowa\u0107 mi\u0119dzy palcami i kciukami.\u00a0 Przy wymianie, ko\u0144c\u00f3wki nale\u017cy poci\u0105gn\u0105\u0107 i wyj\u0105\u0107. NIE PRZEKR\u0118CA\u0106!!!<\/li>\n<\/ul>\n<\/li>\n<\/ul>\n<h2>Specification<\/h2>\n<ul>\n<li>Przedmiot: LiteRadio 1 Radio Transmitter<\/li>\n<li>Liczba kana\u0142\u00f3w: 8<\/li>\n<li>Frequency Range: 2.4G <span class=\"__aliyun_node_has_color __aliyun_node_has_bgcolor\">2.4G<\/span><\/li>\n<li>2.4G System:\u00a0CC2500<\/li>\n<li>Obs\u0142ugiwane protoko\u0142y: Futaba S-FHSS\/Frsky FCC D16\/Frsky LBT D16\/Frsky D8<\/li>\n<li>RF Output Power:\u00a0100mW (Frsky)<\/li>\n<li>Support BETAFPV Configurator\/Most practice simulator<\/li>\n<li>LED Light: Green power on\/Red flashing twice with buzzer warning (lower voltage less than 3.5V)\/Blue normal<\/li>\n<li>Rozmiar: 130*78*57mm<\/li>\n<li>Bateria: Built-in 1000mAh 1S Battery<\/li>\n<li>Zasi\u0119g transmisji: 80m<\/li>\n<li>Czas pracy: do 8 godzin<\/li>\n<li>Charging Connector: USB 3.0 Type-C<\/li>\n<\/ul>\n<h2><\/h2>\n<h2><\/h2>\n<h2>Zacznij lata\u0107 dronem z LiteRadio 1<\/h2>\n<p>LiteRadio 1 to podstawowy wyb\u00f3r dla pocz\u0105tkuj\u0105cych, kt\u00f3rzy chc\u0105 nauczy\u0107 si\u0119 lata\u0107 dronami. Nie tylko mo\u017ce \u0142\u0105czy\u0107 quadkoptery wbudowane w odbiornik Frsky lub Futaba, ale tak\u017ce obs\u0142uguje tryb joystick\u00f3w USB, co oznacza, \u017ce \u200b\u200bpocz\u0105tkuj\u0105cy mog\u0105 uczy\u0107 si\u0119 i \u0107wiczy\u0107 na symulatorach przed rozpocz\u0119ciem prawdziwego lotu. Ponadto jest to dobry wyb\u00f3r dla rodzin bawi\u0105cych si\u0119, zwi\u0119kszaj\u0105c wi\u0119\u017a rodzinn\u0105 z dzie\u0107mi.<\/p>\n<p><img decoding=\"async\" src=\"https:\/\/cdn.shopify.com\/s\/files\/1\/1778\/6615\/files\/FB2_8b9ece22-eee8-4143-b592-4c88f23a8fb3_1024x1024.jpg?v=1660813817\" alt=\"\" \/><\/p>\n<h2>Symulator FPV<\/h2>\n<p>LiteRadio 1 jest dost\u0119pny do grania w symulatory FPV, takie jak DRL\/DCL\/Uncrashed\/Liftoff.\u00a0 Co wi\u0119cej, niekt\u00f3re symulatory, takie jak Liftoff, obs\u0142uguj\u0105 graczy wieloosobowych, co oznacza, \u017ce \u200b\u200bmo\u017cesz cieszy\u0107 si\u0119 szcz\u0119\u015bciem z rodzin\u0105 lub przyjaci\u00f3\u0142mi. RADIO MUSI BY\u0106 WY\u0141\u0104CZONE PODCZAS PODPINANIA POD KOMPUTER.<\/p>\n<h2>Diagram dla LiteRadio 1<\/h2>\n<p><img decoding=\"async\" src=\"https:\/\/cdn.shopify.com\/s\/files\/1\/1778\/6615\/files\/be3ec300e6ea4d0fda5dd382e11c3280_f4b03f47-d4ed-478e-a1f1-c54ae1b61ab6_600x600.jpg?v=1660872237\" alt=\"\" \/><\/p>\n<p>&nbsp;<\/p>\n<p><img decoding=\"async\" src=\"https:\/\/cdn.shopify.com\/s\/files\/1\/1778\/6615\/files\/6425ac9404b0b33bff6b3266a47ac0c4_26987acc-16a8-4012-ba32-a1d21fb24de9_600x600.jpg?v=1660872654\" alt=\"\" \/><\/p>\n<p>Aby wymieni\u0107 ko\u0144c\u00f3wk\u0119 joysticka, wyci\u0105gnij j\u0105 delikatnie i NIE przekr\u0119caj, poniewa\u017c mo\u017ce zosta\u0107 uszkodzona.<\/p>\n<p><img decoding=\"async\" src=\"https:\/\/cdn.shopify.com\/s\/files\/1\/1778\/6615\/files\/0ecd2122c3a01a3db55b265d240c179f_600x600.gif?v=1660643464\" alt=\"\" \/><\/p>\n<p>&nbsp;<\/p>\n<h2>Rekomendowane drony<\/h2>\n<p>Zalecamy u\u017cywania LiteRadio 1 z poni\u017cszymi quadkopterami. Dost\u0119pne s\u0105 r\u00f3wnie\u017c inne marki quadkopter\u00f3w z odbiornikami Frsky\/Futaba.<\/p>\n<ul>\n<li>Cetus Pro Brushless Quadcopter<\/li>\n<li>Cetus X Brushless Quadcopter\u00a0(Frsky version is coming soon)<\/li>\n<li>Meteor65 Lite Brushless Whoop Quadcopter<\/li>\n<li>Meteor65 Brushless Whoop Quadcopter (1S)<\/li>\n<li>Meteor75 Brushless Whoop Quadcopter (1S)<\/li>\n<li>Beta65S BNF Micro Whoop Quadcopter<\/li>\n<\/ul>\n<p><img decoding=\"async\" src=\"https:\/\/cdn.shopify.com\/s\/files\/1\/1778\/6615\/files\/643c45f89d55e722a1878e533a11c6bf_1024x1024.jpg?v=1660820764\" alt=\"\" \/><\/p>\n<p>&nbsp;<\/p>\n<h2>Zmiana protoko\u0142u<\/h2>\n<p><strong>Jak sprawdzi\u0107 obecny protok\u00f3\u0142?<\/strong><\/p>\n<p>Radio wspiera 4 r\u00f3\u017cne protoko\u0142y, Frsky D16 FCC, Frsky D16 LBT, Frsky D8, i Futaba S-FHSS.<\/p>\n<article class=\"4ever-article\" data-clipboard-cangjie=\"[&quot;root&quot;,{&quot;copyFrom&quot;:1179813706},[&quot;table&quot;,{&quot;colsWidth&quot;:[167.06666666666666,312.79999999999995],&quot;uuid&quot;:&quot;l6no9zzek5zkrnis5u8&quot;},[&quot;tr&quot;,{&quot;h&quot;:40,&quot;hRule&quot;:&quot;atLeast&quot;},[&quot;tc&quot;,{&quot;vAlign&quot;:&quot;center&quot;,&quot;hidden&quot;:false,&quot;rowSpan&quot;:1,&quot;colSpan&quot;:1},[&quot;p&quot;,{&quot;jc&quot;:&quot;center&quot;},[&quot;span&quot;,{&quot;data-type&quot;:&quot;text&quot;},[&quot;span&quot;,{&quot;fonts&quot;:{&quot;cs&quot;:&quot;Arial&quot;,&quot;hAnsi&quot;:&quot;Arial&quot;,&quot;eastAsia&quot;:&quot;Arial&quot;,&quot;ascii&quot;:&quot;Arial&quot;},&quot;data-type&quot;:&quot;leaf&quot;},&quot;LED Status&quot;]]]],[&quot;tc&quot;,{&quot;vAlign&quot;:&quot;center&quot;,&quot;hidden&quot;:false,&quot;rowSpan&quot;:1,&quot;colSpan&quot;:1},[&quot;p&quot;,{&quot;jc&quot;:&quot;center&quot;},[&quot;span&quot;,{&quot;data-type&quot;:&quot;text&quot;},[&quot;span&quot;,{&quot;fonts&quot;:{&quot;cs&quot;:&quot;Arial&quot;,&quot;hAnsi&quot;:&quot;Arial&quot;,&quot;eastAsia&quot;:&quot;Arial&quot;,&quot;ascii&quot;:&quot;Arial&quot;},&quot;data-type&quot;:&quot;leaf&quot;},&quot;Protocol Version&quot;]]]]],[&quot;tr&quot;,{&quot;h&quot;:40,&quot;hRule&quot;:&quot;atLeast&quot;},[&quot;tc&quot;,{&quot;vAlign&quot;:&quot;center&quot;,&quot;hidden&quot;:false,&quot;rowSpan&quot;:1,&quot;colSpan&quot;:1},[&quot;p&quot;,{&quot;jc&quot;:&quot;center&quot;},[&quot;span&quot;,{&quot;data-type&quot;:&quot;text&quot;},[&quot;span&quot;,{&quot;fonts&quot;:{&quot;cs&quot;:&quot;Arial&quot;,&quot;hAnsi&quot;:&quot;Arial&quot;,&quot;eastAsia&quot;:&quot;Arial&quot;,&quot;ascii&quot;:&quot;Arial&quot;},&quot;data-type&quot;:&quot;leaf&quot;},&quot;Flash once&quot;]]]],[&quot;tc&quot;,{&quot;vAlign&quot;:&quot;center&quot;,&quot;hidden&quot;:false,&quot;rowSpan&quot;:1,&quot;colSpan&quot;:1},[&quot;p&quot;,{&quot;jc&quot;:&quot;center&quot;},[&quot;span&quot;,{&quot;data-type&quot;:&quot;text&quot;},[&quot;span&quot;,{&quot;fonts&quot;:{&quot;cs&quot;:&quot;Arial&quot;,&quot;hAnsi&quot;:&quot;Arial&quot;,&quot;eastAsia&quot;:&quot;Arial&quot;,&quot;ascii&quot;:&quot;Arial&quot;},&quot;data-type&quot;:&quot;leaf&quot;},&quot;Frsky D16 FCC (ACCST 1.X Version) &quot;]]]]],[&quot;tr&quot;,{&quot;h&quot;:40,&quot;hRule&quot;:&quot;atLeast&quot;},[&quot;tc&quot;,{&quot;vAlign&quot;:&quot;center&quot;,&quot;hidden&quot;:false,&quot;rowSpan&quot;:1,&quot;colSpan&quot;:1},[&quot;p&quot;,{&quot;jc&quot;:&quot;center&quot;},[&quot;span&quot;,{&quot;data-type&quot;:&quot;text&quot;},[&quot;span&quot;,{&quot;fonts&quot;:{&quot;cs&quot;:&quot;Arial&quot;,&quot;hAnsi&quot;:&quot;Arial&quot;,&quot;eastAsia&quot;:&quot;Arial&quot;,&quot;ascii&quot;:&quot;Arial&quot;},&quot;data-type&quot;:&quot;leaf&quot;},&quot;Flash twice&quot;]]]],[&quot;tc&quot;,{&quot;vAlign&quot;:&quot;center&quot;,&quot;hidden&quot;:false,&quot;rowSpan&quot;:1,&quot;colSpan&quot;:1},[&quot;p&quot;,{&quot;jc&quot;:&quot;center&quot;},[&quot;span&quot;,{&quot;data-type&quot;:&quot;text&quot;},[&quot;span&quot;,{&quot;fonts&quot;:{&quot;cs&quot;:&quot;Arial&quot;,&quot;hAnsi&quot;:&quot;Arial&quot;,&quot;eastAsia&quot;:&quot;Arial&quot;,&quot;ascii&quot;:&quot;Arial&quot;},&quot;data-type&quot;:&quot;leaf&quot;},&quot;Frsky D16 LBT (ACCST 1.X Version) &quot;]]]]],[&quot;tr&quot;,{&quot;hRule&quot;:&quot;atLeast&quot;,&quot;h&quot;:30},[&quot;tc&quot;,{&quot;vAlign&quot;:&quot;center&quot;,&quot;hidden&quot;:false,&quot;rowSpan&quot;:1,&quot;colSpan&quot;:1},[&quot;p&quot;,{&quot;jc&quot;:&quot;center&quot;},[&quot;span&quot;,{&quot;data-type&quot;:&quot;text&quot;},[&quot;span&quot;,{&quot;fonts&quot;:{&quot;cs&quot;:&quot;Arial&quot;,&quot;hAnsi&quot;:&quot;Arial&quot;,&quot;eastAsia&quot;:&quot;Arial&quot;,&quot;ascii&quot;:&quot;Arial&quot;},&quot;data-type&quot;:&quot;leaf&quot;},&quot;Flash Three Times&quot;]]]],[&quot;tc&quot;,{&quot;vAlign&quot;:&quot;center&quot;,&quot;hidden&quot;:false,&quot;rowSpan&quot;:1,&quot;colSpan&quot;:1},[&quot;p&quot;,{&quot;jc&quot;:&quot;center&quot;},[&quot;span&quot;,{&quot;data-type&quot;:&quot;text&quot;},[&quot;span&quot;,{&quot;fonts&quot;:{&quot;cs&quot;:&quot;Arial&quot;,&quot;hAnsi&quot;:&quot;Arial&quot;,&quot;eastAsia&quot;:&quot;Arial&quot;,&quot;ascii&quot;:&quot;Arial&quot;},&quot;data-type&quot;:&quot;leaf&quot;},&quot;Frsky D8&quot;]]]]],[&quot;tr&quot;,{},[&quot;tc&quot;,{&quot;colSpan&quot;:1,&quot;rowSpan&quot;:1,&quot;hidden&quot;:false},[&quot;p&quot;,{&quot;jc&quot;:&quot;center&quot;},[&quot;span&quot;,{&quot;data-type&quot;:&quot;text&quot;},[&quot;span&quot;,{&quot;fonts&quot;:{&quot;cs&quot;:&quot;Arial&quot;,&quot;hAnsi&quot;:&quot;Arial&quot;,&quot;eastAsia&quot;:&quot;Arial&quot;,&quot;ascii&quot;:&quot;Arial&quot;},&quot;data-type&quot;:&quot;leaf&quot;},&quot;Flash Four Times&quot;]]]],[&quot;tc&quot;,{&quot;colSpan&quot;:1,&quot;rowSpan&quot;:1,&quot;hidden&quot;:false},[&quot;p&quot;,{&quot;jc&quot;:&quot;center&quot;},[&quot;span&quot;,{&quot;data-type&quot;:&quot;text&quot;},[&quot;span&quot;,{&quot;fonts&quot;:{&quot;cs&quot;:&quot;Arial&quot;,&quot;hAnsi&quot;:&quot;Arial&quot;,&quot;eastAsia&quot;:&quot;Arial&quot;,&quot;ascii&quot;:&quot;Arial&quot;},&quot;data-type&quot;:&quot;leaf&quot;},&quot;Futaba S-FHSS&quot;]]]]]]]\">\n<div class=\"table-wrapper\">\n<table>\n<colgroup>\n<col width=\"167.06666666666666\" \/>\n<col width=\"312.79999999999995\" \/><\/colgroup>\n<tbody>\n<tr>\n<td colspan=\"1\" rowspan=\"1\">Status LED<\/td>\n<td colspan=\"1\" rowspan=\"1\">Protocol Version<\/td>\n<\/tr>\n<tr>\n<td colspan=\"1\" rowspan=\"1\">Flash\u00a0once<\/td>\n<td colspan=\"1\" rowspan=\"1\">Frsky\u00a0D16\u00a0FCC\u00a0(ACCST\u00a01.X\u00a0Version)<\/td>\n<\/tr>\n<tr>\n<td colspan=\"1\" rowspan=\"1\">Flash\u00a0twice<\/td>\n<td colspan=\"1\" rowspan=\"1\">Frsky\u00a0D16\u00a0LBT\u00a0(ACCST\u00a01.X\u00a0Version)<\/td>\n<\/tr>\n<tr>\n<td colspan=\"1\" rowspan=\"1\">Flash\u00a0Three\u00a0Times<\/td>\n<td colspan=\"1\" rowspan=\"1\">Frsky\u00a0D8<\/td>\n<\/tr>\n<tr>\n<td colspan=\"1\" rowspan=\"1\">Flash\u00a0Four\u00a0Times<\/td>\n<td colspan=\"1\" rowspan=\"1\">Futaba\u00a0S-FHSS<\/td>\n<\/tr>\n<\/tbody>\n<\/table>\n<\/div>\n<\/article>\n<p>&nbsp;<\/p>\n<p>&nbsp;<\/p>\n<h2>Package:<\/h2>\n<ul>\n<li>1 * LiteRadio 1 Radio Transmitter<\/li>\n<li>1 * Instrukcja<\/li>\n<li>1 * USB Type-C kabel<\/li>\n<li>2 * wymienne ko\u0144c\u00f3wki<\/li>\n<\/ul>\n<p><img decoding=\"async\" src=\"https:\/\/cdn.shopify.com\/s\/files\/1\/1778\/6615\/files\/3f89305fb1dabad87b9b93324e3c25cd_c8f1506e-1d8c-440d-9de8-5a208e3f133a_600x600.jpg?v=1660643656\" alt=\"\" \/><\/p>","protected":false},"excerpt":{"rendered":"<p>LiteRadio 1 to kompaktowy nadajnik radiowy na rynek FPV. Jest optymalnie uproszczony, aby by\u0142 mniejszy i bardziej przeno\u015bny ni\u017c inne z serii LiteRadio, a tak\u017ce ma ergonomiczny kszta\u0142t i antypo\u015blizgow\u0105 tekstur\u0119, kt\u00f3re s\u0105 wygodniejsze w trzymaniu. Tymczasem jest odpowiedni dla pocz\u0105tkuj\u0105cych u\u017cytkownik\u00f3w FPV jako niedrogi nadajnik radiowy z wystarczaj\u0105c\u0105 liczb\u0105 funkcji. G\u0142\u00f3wne cechy LiteRadio 1 [&hellip;]<\/p>","protected":false},"featured_media":7602,"template":"","meta":[],"product_cat":[22,32,41],"product_tag":[],"jetpack_sharing_enabled":true,"_links":{"self":[{"href":"https:\/\/xorr.pl\/en\/wp-json\/wp\/v2\/product\/7596"}],"collection":[{"href":"https:\/\/xorr.pl\/en\/wp-json\/wp\/v2\/product"}],"about":[{"href":"https:\/\/xorr.pl\/en\/wp-json\/wp\/v2\/types\/product"}],"wp:featuredmedia":[{"embeddable":true,"href":"https:\/\/xorr.pl\/en\/wp-json\/wp\/v2\/media\/7602"}],"wp:attachment":[{"href":"https:\/\/xorr.pl\/en\/wp-json\/wp\/v2\/media?parent=7596"}],"wp:term":[{"taxonomy":"product_cat","embeddable":true,"href":"https:\/\/xorr.pl\/en\/wp-json\/wp\/v2\/product_cat?post=7596"},{"taxonomy":"product_tag","embeddable":true,"href":"https:\/\/xorr.pl\/en\/wp-json\/wp\/v2\/product_tag?post=7596"}],"curies":[{"name":"wp","href":"https:\/\/api.w.org\/{rel}","templated":true}]}}