{"id":7623,"date":"2022-09-07T10:23:50","date_gmt":"2022-09-07T08:23:50","guid":{"rendered":"https:\/\/xorr.pl\/?post_type=product&#038;p=7623"},"modified":"2023-03-11T16:16:03","modified_gmt":"2023-03-11T15:16:03","slug":"aio-toothpick-f405-2-4s-fc-20a-blheli_32","status":"publish","type":"product","link":"https:\/\/xorr.pl\/en\/product\/aio-toothpick-f405-2-4s-fc-20a-blheli_32\/","title":{"rendered":"AIO Toothpick F405 2-4S FC 20A (BLHELI_32) V4"},"content":{"rendered":"<p>The new ultralight Toothpick F405 2-4S AIO 20A FC is finally released! Compared with the V3 version, the new V4 board updates the F411 chip to F405. It can handle 20A of continuous current and up to 4S! Strong performance lets you break through the limits of your quad and explore more possibilities in the flight. Highly recommend using it on Beta95X V3 and Beta95X V3 HD Digital VTX to get a smooth flight.<\/p>\n<h1><img decoding=\"async\" src=\"https:\/\/dronavista.pl\/img\/cms\/BETAFPV\/95X%20V3\/20A_V4_FB_-2_eb37fc46-2b07-4348-a07c-bb1cb4995f1f_1024x1024.jpg\" alt=\"\" width=\"100%\" height=\"NaN\" \/><\/h1>\n<h2>Know More About BMI270<\/h2>\n<p>BMI270 gyro works great in most cases, especially in low frequency. But it will need more software filters and is sensitive in high frequency. This can be solved by adjusting filter settings in PID tuning. You can flash our CLI file or set gyro lowpass 2 at 135Hz and choose filter type at PT2 in settings. This will help BMI270 gyro to get a similar performance as MPU6000 gyro. Below pictures show the difference between the two gyros.<\/p>\n<p><a class=\"rte__image\" href=\"https:\/\/support.betafpv.com\/hc\/en-us\/articles\/6673019590169-CLI-for-Toothpick-F405-2-4S-AIO-Brushless-Flight-Controller-20A-V4-BMI270-\" target=\"_blank\" rel=\"noopener\"><img decoding=\"async\" src=\"https:\/\/cdn.shopifycdn.net\/s\/files\/1\/1778\/6615\/files\/405_968c56d4-16cf-4172-9893-0a6608ac3053_1024x1024.jpg?v=1653617585\" alt=\"\" \/><\/a><\/p>\n<p><img decoding=\"async\" src=\"https:\/\/cdn.shopifycdn.net\/s\/files\/1\/1778\/6615\/files\/c96468eb-b174-4bdd-97f0-5735b06983c8_76f90c50-5b36-4f29-9b11-d5a97536c93c_600x600.png?v=1652777391\" alt=\"\" \/><\/p>\n<p>&nbsp;<\/p>\n<p><img decoding=\"async\" src=\"https:\/\/cdn.shopifycdn.net\/s\/files\/1\/1778\/6615\/files\/c51f044567bc5e1417896fd4730db5e6_2634ac0a-c490-4495-bb8c-de285e06bbf9_600x600.jpg?v=1611043467\" alt=\"\" \/><\/p>\n<p>Comparison of Toothpick 12A AIO FC, Toothpick 20A AIO FC and Toothpick F405 20A AIO FC V4<\/p>\n<p><img decoding=\"async\" src=\"https:\/\/cdn.shopifycdn.net\/s\/files\/1\/1778\/6615\/files\/82e5178b70e288aea8fdd717c9c7e09c_c879d2f3-183b-43cd-9eac-cec11c2b1956_1024x1024.jpg?v=1611043488\" alt=\"\" \/><\/p>\n<h2><\/h2>\n<h2>Specifications of FC<\/h2>\n<ul>\n<li>CPU:\u00a0STM32F405RGT6<\/li>\n<li>Six-Axis:\u00a0BMI270<\/li>\n<li>Size:\u00a026mm\u00a0x\u00a026mm,\u00a0whoop mounting pattern<\/li>\n<li>Firmware version:\u00a0Batefight-BETAFPV405-4.2.X<\/li>\n<li>OSD:\u00a0Built-in\u00a0BetaFlight\u00a0OSD\u00a0(STM32\u00a0controls\u00a0OSD\u00a0chip\u00a0over\u00a0SPI\u00a0in\u00a0DMA\u00a0mode)<\/li>\n<li>Receiver: Support\u00a0Frsky XM\/XM+ Receiver\/ Futaba Receiver\/ Flysky Receiver\/\u00a0TBS Crossfire\u00a0Receiver\/DSMX Receiver<\/li>\n<li>Connecter: XT30, it also can be changed to XT60 if pilots need it.<\/li>\n<li>Weight: 5.76g<\/li>\n<\/ul>\n<h2>Specifications of ESC<\/h2>\n<ul>\n<li>Support\u00a0PWM, Oneshot125, Oneshot42, Multishot, Dshot150, Dshot300, Dshot600<\/li>\n<li>Input voltage: 2S-4S Lipo<\/li>\n<li>Continuous\u00a0current: 20A<\/li>\n<li>Peak current: 22A<\/li>\n<li>Firmware:\u00a0BLHELI-32<\/li>\n<\/ul>\n<div style=\"text-align: start\"><img decoding=\"async\" src=\"https:\/\/cdn.shopifycdn.net\/s\/files\/1\/1778\/6615\/files\/1_beda66e3-25a4-4be8-8e54-6b7be4b4f2bf_480x480.png?v=1611043782\" alt=\"\" \/><\/div>\n<p>Please Note: The chip of F405 V4 flight controller's ESC has changed to AT32F415 from STM32F105 due to shortage. While the AT32F415 is applicable to the ESC firmware version BETAFPV_20A_AT32.<\/p>\n<p><img decoding=\"async\" src=\"https:\/\/cdn.shopifycdn.net\/s\/files\/1\/1778\/6615\/files\/600_600_480x480.jpg?v=1627368044\" alt=\"\" \/><\/p>\n<div style=\"text-align: start\">\n<p>&nbsp;<\/p>\n<\/div>\n<h2>Diagram for Toothpick F405 20A AIO FC V4<\/h2>\n<div style=\"text-align: start\"><img decoding=\"async\" src=\"https:\/\/cdn.shopifycdn.net\/s\/files\/1\/1778\/6615\/files\/1_fdeafff3-d81d-4ba5-b762-77b86185f0bb_600x600.png?v=1611043823\" alt=\"\" \/><\/div>\n<div style=\"text-align: start\">\n<h2>Status LED<\/h2>\n<p>There are 2 LEDs on the bottom of the board to indicate the status, including the Power LED ( Red), FC LED(Blue).<\/p>\n<p><img decoding=\"async\" src=\"https:\/\/cdn.shopifycdn.net\/s\/files\/1\/1778\/6615\/files\/LED_FC_93afe5d4-5481-4a83-ac59-cfa6dc11b55f_480x480.jpg?v=1611043865\" alt=\"\" \/><\/p>\n<div class=\"table-wrapper\">\n<div class=\"table-wrapper\">\n<table>\n<tbody>\n<tr>\n<td><strong>Light status<\/strong><\/td>\n<td><strong>Status<\/strong><\/td>\n<td><strong>Description<\/strong><\/td>\n<\/tr>\n<tr>\n<td>Power LED ( Red)<\/td>\n<td>Solid<\/td>\n<td>Power on<\/td>\n<\/tr>\n<tr>\n<td>FC LED ( Blue )<\/td>\n<td>Solid<\/td>\n<td>Motor Armed<\/td>\n<\/tr>\n<\/tbody>\n<\/table>\n<\/div>\n<\/div>\n<h2>How to Connect the External Rx to Toothpick F405 20A AIO FC V4<\/h2>\n<p>The new AIO board has integrated the Plug &amp; Play Port for the external Rx, and there will be a 4-Pin connector for Rx in the package. Thus, we highly recommend pilots to use pin-connect to save the solder work.<\/p>\n<p><img decoding=\"async\" src=\"https:\/\/cdn.shopifycdn.net\/s\/files\/1\/1778\/6615\/files\/Frsky_d130d7bd-897e-4223-865a-863e49e7ea42_1024x1024.jpg?v=1621408840\" alt=\"\" \/><\/p>\n<p><img decoding=\"async\" src=\"https:\/\/cdn.shopifycdn.net\/s\/files\/1\/1778\/6615\/files\/DSMX_2fdfd0ce-2c40-4d9a-b721-dee4f570aeb8_1024x1024.jpg?v=1621408863\" alt=\"\" \/><\/p>\n<p><img decoding=\"async\" src=\"https:\/\/cdn.shopifycdn.net\/s\/files\/1\/1778\/6615\/files\/Tbs_Nano_e033ba91-ec42-40d4-a2fb-3dbbbda054ce_1024x1024.jpg?v=1621408885\" alt=\"\" \/><\/p>\n<p><img decoding=\"async\" src=\"https:\/\/cdn.shopifycdn.net\/s\/files\/1\/1778\/6615\/files\/af93cd1dd2c93925c894272f40071502_d11d5656-acbd-44c0-a2c6-f76fc6fafd49_1024x1024.jpg?v=1621408907\" alt=\"\" width=\"670\" height=\"1223\" \/><\/p>\n<\/div>\n<h2><\/h2>\n<h2 style=\"text-align: left\">Package:<\/h2>\n<ul>\n<li>1 * Toothpick F405 20A AIO FC V4<\/li>\n<li>1 *\u00a0Cable Pigtail (XT30)<\/li>\n<li>4 * M2x10mm screws<\/li>\n<li>4 * M2 nuts<\/li>\n<li>4 * Anti-vibration rubber dampers<\/li>\n<li>4 * Motor Pluggable Pins<\/li>\n<li>1\u00a0*\u00a06-Pin Connector for Digital VTX<\/li>\n<li>1\u00a0*\u00a04-Pin Connector for Rx<\/li>\n<\/ul>\n<p><img decoding=\"async\" src=\"https:\/\/cdn.shopifycdn.net\/s\/files\/1\/1778\/6615\/files\/WPS_1_22e11b6e-8669-4506-b678-bc6803f9e78d_600x600.jpg?v=1608792489\" alt=\"\" \/><\/p>","protected":false},"excerpt":{"rendered":"<p>Nowy ultralekki kontroler lotu Toothpick F405 2-4S AIO 20A FC! W por\u00f3wnaniu z wersj\u0105 V3, nowa p\u0142yta V4 aktualizuje uk\u0142ad F411 do F405. Mo\u017ce wytrzyma\u0107 20A pr\u0105du ci\u0105g\u0142ego i do 4S! Wysoka wydajno\u015b\u0107 pozwala prze\u0142ama\u0107 ograniczenia quada i odkry\u0107 wi\u0119cej mo\u017cliwo\u015bci podczas lotu. Gor\u0105co polecamy u\u017cywania go na Beta95X V3 i Beta95X V3 HD Digital [&hellip;]<\/p>","protected":false},"featured_media":7624,"template":"","meta":[],"product_cat":[22,32,40],"product_tag":[],"jetpack_sharing_enabled":true,"_links":{"self":[{"href":"https:\/\/xorr.pl\/en\/wp-json\/wp\/v2\/product\/7623"}],"collection":[{"href":"https:\/\/xorr.pl\/en\/wp-json\/wp\/v2\/product"}],"about":[{"href":"https:\/\/xorr.pl\/en\/wp-json\/wp\/v2\/types\/product"}],"wp:featuredmedia":[{"embeddable":true,"href":"https:\/\/xorr.pl\/en\/wp-json\/wp\/v2\/media\/7624"}],"wp:attachment":[{"href":"https:\/\/xorr.pl\/en\/wp-json\/wp\/v2\/media?parent=7623"}],"wp:term":[{"taxonomy":"product_cat","embeddable":true,"href":"https:\/\/xorr.pl\/en\/wp-json\/wp\/v2\/product_cat?post=7623"},{"taxonomy":"product_tag","embeddable":true,"href":"https:\/\/xorr.pl\/en\/wp-json\/wp\/v2\/product_tag?post=7623"}],"curies":[{"name":"wp","href":"https:\/\/api.w.org\/{rel}","templated":true}]}}