{"id":7627,"date":"2022-09-07T10:37:13","date_gmt":"2022-09-07T08:37:13","guid":{"rendered":"https:\/\/xorr.pl\/?post_type=product&#038;p=7627"},"modified":"2024-09-30T10:51:19","modified_gmt":"2024-09-30T08:51:19","slug":"odbiornik-betafpv-elrs-micro-rx-2-4-ghz","status":"publish","type":"product","link":"https:\/\/xorr.pl\/en\/product\/odbiornik-betafpv-elrs-micro-rx-2-4-ghz\/","title":{"rendered":"Odbiornik BetaFPV ELRS Micro RX 2.4 GHz"},"content":{"rendered":"<p>BETAFPV Micro receiver is based on the ExpressLRS project, an open-source RC link for RC applications. ExpressLRS aims to achieve the best possible link performance in both speeds, latency, and range. This makes ExpressLRS one of the fastest RC links available while still offering long-range performance.<\/p>\n<p><img decoding=\"async\" src=\"https:\/\/cdn.shopify.com\/s\/files\/1\/1778\/6615\/files\/FB_730077e0-47f1-4ec0-a717-9e7537da9ece_1024x1024.jpg?v=1642665849\" alt=\"\" \/><\/p>\n<p>&nbsp;<\/p>\n<p><em><img decoding=\"async\" src=\"https:\/\/cdn.shopifycdn.net\/s\/files\/1\/1778\/6615\/files\/FB_108ee452-bc12-49c9-b50e-89f93ddf8d9f_1024x1024.jpg?v=1642673410\" alt=\"\" \/><\/em><\/p>\n<p>&nbsp;<\/p>\n<h2><img decoding=\"async\" src=\"https:\/\/cdn.shopifycdn.net\/s\/files\/1\/1778\/6615\/files\/FB_260d5873-6654-4d8d-a88a-ba86042e8054_1024x1024.jpg?v=1642762713\" alt=\"\" \/><\/h2>\n<h2>Specification<\/h2>\n<ul>\n<li>Item: BETAFPV ELRS Micro Receiver<\/li>\n<li>Weight: 4.5g (with antenna)<\/li>\n<li>Antenna: IPEX MHF + T antenna (recommend\u00a0<a href=\"https:\/\/betafpv.com\/collections\/antennas\/products\/betafpv-t-antenna-for-receiver?variant=39417052823686\" target=\"_blank\" rel=\"noopener\">80mm\u00a0Dipole T Antenna<\/a>)<\/li>\n<li>PWM channel: 5 channels<\/li>\n<li>Serial output protocol: PWM or CRSF<\/li>\n<li>Size: 19mm*32mm*9mm (without antenna)<\/li>\n<li>MCU: ESP8285\/SX1280\/SX1281<\/li>\n<li>Telemetry power: 12.5dbm\/17mW<\/li>\n<li>Frequency bands: 2.4GHz ISM<\/li>\n<li>Input voltage: 5V~9V DC @ &#8220;+&#8221; pad<\/li>\n<li>Default firmware version: ExpressLRS v2.0<\/li>\n<li>Adapted RC Model Type: Multirotors, Fixed-wing aircraft, Helicopters, RC Cars, RC Boats and etc.<\/li>\n<\/ul>\n<p><img decoding=\"async\" src=\"https:\/\/cdn.shopify.com\/s\/files\/1\/1778\/6615\/files\/f7d7c897f798fc44c391847188c3ac79_d7948286-6c3d-4fb9-b6bc-1200d74164c4_480x480.jpg?v=1642586630\" alt=\"\" \/><\/p>\n<h2>Diagram of LiteRadio 2 SE<\/h2>\n<p>Below is the diagram for ELRS Micro receiver.<\/p>\n<p><img decoding=\"async\" src=\"https:\/\/cdn.shopifycdn.net\/s\/files\/1\/1778\/6615\/files\/d2f254306cbea3a0223492d769f044c5_770acc7b-c18b-491d-9ed0-6ed233b55bae_480x480.jpg?v=1642758005\" alt=\"\" \/><\/p>\n<p>Note: The firmware version of the micro receiver manufactured by our company is ELRS 2.0.0. ELRS Innovative team has officially released version 2.0.0, which is not compatible with the 1.x version. Significantly, the TX module and receiver have to be in the same ELRS version, otherwise, the frequency cannot match successfully.<\/p>\n<p>Note: The Micro receiver also supports flash CRSF output firmware, in this case CH2 corresponds to TX and CH3 corresponds to RX.<\/p>\n<h2>Binding Procedure<\/h2>\n<p>The Micro receiver comes with officially major release V2.0.0 protocol and has not been set for a Binding Phrase. So please make sure the RF TX module works on officially major release V2.0.0 protocol and no Binding Phrase has been set beforehand.<\/p>\n<p>Enter binding mode by plugging in and unplugging the Micro receiver three times;<br \/>\nMake sure the LED is on double flashing, this indicates the Micro receiver is in bind mode;<br \/>\nMake sure the RF TX module or radio transmitter also enters the binding mode, which sends out a binding pulse;<br \/>\nWhen the LED light is solid, it indicates that the devices are successfully bound.<\/p>\n<h2>Package:<\/h2>\n<ul>\n<li>1 * ELRS Micro Receiver<\/li>\n<li>1 *\u00a0<a href=\"https:\/\/betafpv.com\/collections\/antennas\/products\/betafpv-t-antenna-for-receiver?variant=39417052823686\">BETAFPV 80mm T antenna<\/a><\/li>\n<\/ul>\n<p>Note: ELRS Micro Receiver is upgraded to the V1.2 version with two problems fixed. CH1 or CH2 was unable to output the PWM signal when connecting some brands' servos or could not drive some servos like MG90S\/SG90\/FMS\/MG995. Now the two problems have been resolved. Please rest assured to purchase. If you have any questions, please feel free to contact us.<\/p>\n<p><img decoding=\"async\" src=\"https:\/\/cdn.shopify.com\/s\/files\/1\/1778\/6615\/files\/3f89305fb1dabad87b9b93324e3c25cd_071f53bc-2136-4e36-9355-5cee1fce56e0_600x600.jpg?v=1642585576\" alt=\"\" \/><\/p>","protected":false},"excerpt":{"rendered":"<p>Odbiornik BETAFPV Micro oparty jest na ExpressLRS, otwartym \u0142\u0105czu RC do zastosowa\u0144 RC. ExpressLRS ma na celu osi\u0105gni\u0119cie najlepszej mo\u017cliwej wydajno\u015bci \u0142\u0105cza zar\u00f3wno pod wzgl\u0119dem pr\u0119dko\u015bci, op\u00f3\u017anie\u0144, jak i zasi\u0119gu. To sprawia, \u017ce \u200b\u200bExpressLRS jest jednym z najszybszych dost\u0119pnych \u0142\u0105czy RC, jednocze\u015bnie oferuj\u0105c wydajno\u015b\u0107 dalekiego zasi\u0119gu. &nbsp; &nbsp; Specyfikacja: Item: BETAFPV ELRS Micro Receiver Weight: [&hellip;]<\/p>","protected":false},"featured_media":7628,"template":"","meta":[],"product_cat":[22,32,41],"product_tag":[],"jetpack_sharing_enabled":true,"_links":{"self":[{"href":"https:\/\/xorr.pl\/en\/wp-json\/wp\/v2\/product\/7627"}],"collection":[{"href":"https:\/\/xorr.pl\/en\/wp-json\/wp\/v2\/product"}],"about":[{"href":"https:\/\/xorr.pl\/en\/wp-json\/wp\/v2\/types\/product"}],"wp:featuredmedia":[{"embeddable":true,"href":"https:\/\/xorr.pl\/en\/wp-json\/wp\/v2\/media\/7628"}],"wp:attachment":[{"href":"https:\/\/xorr.pl\/en\/wp-json\/wp\/v2\/media?parent=7627"}],"wp:term":[{"taxonomy":"product_cat","embeddable":true,"href":"https:\/\/xorr.pl\/en\/wp-json\/wp\/v2\/product_cat?post=7627"},{"taxonomy":"product_tag","embeddable":true,"href":"https:\/\/xorr.pl\/en\/wp-json\/wp\/v2\/product_tag?post=7627"}],"curies":[{"name":"wp","href":"https:\/\/api.w.org\/{rel}","templated":true}]}}