{"id":7633,"date":"2022-09-07T10:44:54","date_gmt":"2022-09-07T08:44:54","guid":{"rendered":"https:\/\/xorr.pl\/?post_type=product&#038;p=7633"},"modified":"2022-12-19T17:17:23","modified_gmt":"2022-12-19T16:17:23","slug":"kabel-z-adapterem-dla-smo-4k","status":"publish","type":"product","link":"https:\/\/xorr.pl\/en\/product\/kabel-z-adapterem-dla-smo-4k\/","title":{"rendered":"SMO 4K Camera Adapter Cable"},"content":{"rendered":"<p>SMO 4K Camera Adapter Cable is designed for those pilots who already own Beta85X V2, Beta95X V2 and Beta95X V2 HD Digital VTX. With this adapter cable, there is no need to disassemble the drone and replace the cable. Just plug to quickly convert the connecter to power the SMO 4K camera like Beta95X V3 Whoop Quadcopter and Beta95X V3 HD Digital VTX.<\/p>\n<p><img decoding=\"async\" src=\"https:\/\/cdn.shopifycdn.net\/s\/files\/1\/1778\/6615\/files\/95X_V2_1024x1024.jpg?v=1608254781\" \/><\/p>\n<h2>Specification<\/h2>\n<p>\u2022 Input Connector: GH1.25 3-Pin<br \/>\n\u2022 Output Connector: SH1.0 4-Pin<br \/>\n\u2022 Weight: 0.7g\/pc<\/p>","protected":false},"excerpt":{"rendered":"<p>Kabel z adapterem dla kamery SMO 4K przeznaczony jest dla pilot\u00f3w Beta85X V2, Beta95X V2 i Beta95X V2 HD Digital VTX. Dzi\u0119ki temu adapterowi nie ma potrzeby demontowania drona i wymiany kabla. Wystarczy pod\u0142\u0105czy\u0107, aby szybko przekszta\u0142ci\u0107 z\u0142\u0105cze w zasilanie dla kamery SMO 4K. Specyfikacja: Z\u0142\u0105cze wej\u015bciowe: 3-stykowe GH1.25 Z\u0142\u0105cze wyj\u015bciowe: 4-stykowe SH1.0 Waga: 0,7 [&hellip;]<\/p>","protected":false},"featured_media":7634,"template":"","meta":[],"product_cat":[22,23,39],"product_tag":[],"jetpack_sharing_enabled":true,"_links":{"self":[{"href":"https:\/\/xorr.pl\/en\/wp-json\/wp\/v2\/product\/7633"}],"collection":[{"href":"https:\/\/xorr.pl\/en\/wp-json\/wp\/v2\/product"}],"about":[{"href":"https:\/\/xorr.pl\/en\/wp-json\/wp\/v2\/types\/product"}],"wp:featuredmedia":[{"embeddable":true,"href":"https:\/\/xorr.pl\/en\/wp-json\/wp\/v2\/media\/7634"}],"wp:attachment":[{"href":"https:\/\/xorr.pl\/en\/wp-json\/wp\/v2\/media?parent=7633"}],"wp:term":[{"taxonomy":"product_cat","embeddable":true,"href":"https:\/\/xorr.pl\/en\/wp-json\/wp\/v2\/product_cat?post=7633"},{"taxonomy":"product_tag","embeddable":true,"href":"https:\/\/xorr.pl\/en\/wp-json\/wp\/v2\/product_tag?post=7633"}],"curies":[{"name":"wp","href":"https:\/\/api.w.org\/{rel}","templated":true}]}}