{"id":7637,"date":"2022-09-07T10:53:13","date_gmt":"2022-09-07T08:53:13","guid":{"rendered":"https:\/\/xorr.pl\/?post_type=product&#038;p=7637"},"modified":"2023-06-05T12:42:22","modified_gmt":"2023-06-05T10:42:22","slug":"cnc-vista-adapter","status":"publish","type":"product","link":"https:\/\/xorr.pl\/en\/product\/cnc-vista-adapter\/","title":{"rendered":"CNC Vista Adapter"},"content":{"rendered":"<p>CNC Vista Adapter effectively provides the Caddx Vista HD Digital VTX with a good cool down by increasing the heat dissipation area, reducing the influence of heat on VTX.<\/p>\n<p><img decoding=\"async\" src=\"https:\/\/cdn.shopify.com\/s\/files\/1\/1778\/6615\/files\/CNCFB_1024x1024.jpg?v=1656067518\" alt=\"\" \/><\/p>\n<h2>Bullet Point<\/h2>\n<p>\u2022 The CNC Vista Adapter is designed for Caddx Nebula Pro Nano Vista Kit and can be mounted on any whoop frame available in the market like OddityRC, IFlight, or GEPRC whoop frame. It reserves the 20*20mm mounting hole and is also compatible with analog VTX.<br \/>\n\u2022 It is easy to install and has two mounting angles. The CNC Vista Adapter can be mounted by 0\u00b0 or 45\u00b0 depending on your needs.<br \/>\n\u2022 Highly increasing the heat dissipation area, the CNC Vista Adapter provides a good cool down for VTX, which is important for long-distance flight.<\/p>\n<p><img decoding=\"async\" src=\"https:\/\/cdn.shopify.com\/s\/files\/1\/1778\/6615\/files\/468ef44610c31b5b50b747b4f9f5ee49_3c401136-5368-4e1d-8bdb-3a8fea417de1_600x600.jpg?v=1655985918\" alt=\"\" \/><\/p>\n<h2>Specification<\/h2>\n<ul>\n<li>VTX Mounting Hole Size: 20*20mm<\/li>\n<li>FC Mounting Hole Size: 36.4*36.4mm<\/li>\n<li>Installing Angle: 0\u00b0 or 45\u00b0<\/li>\n<li>Mounting Screw\u00a0Size: M2*12<\/li>\n<li>Recommend Quadcopter:\u00a0\u00a0<a href=\"https:\/\/betafpv.com\/products\/pavo25-whoop-quadcopter\">Pavo25 Whoop Quadcopter<\/a><\/li>\n<\/ul>\n<h2>Package:<\/h2>\n<ul>\n<li>1 * CNC Vista Adapter<\/li>\n<\/ul>","protected":false},"excerpt":{"rendered":"<p>Adapter CNC Vista skutecznie zapewnia dobre ch\u0142odzenie dla Caddx Vista HD Digital VTX, zwi\u0119kszaj\u0105c obszar rozpraszania ciep\u0142a i zmniejszaj\u0105c wp\u0142yw ciep\u0142a na VTX. Zalety \u2022 Adapter CNC Vista jest przeznaczony do zestawu Caddx Nebula Pro Nano Vista i mo\u017ce by\u0107 montowany na dowolnej ramie whoop dost\u0119pnej na rynku, takiej jak OddityRC, IFlight lub GEPRC whoop [&hellip;]<\/p>","protected":false},"featured_media":7638,"template":"","meta":[],"product_cat":[22,23,39],"product_tag":[],"jetpack_sharing_enabled":true,"_links":{"self":[{"href":"https:\/\/xorr.pl\/en\/wp-json\/wp\/v2\/product\/7637"}],"collection":[{"href":"https:\/\/xorr.pl\/en\/wp-json\/wp\/v2\/product"}],"about":[{"href":"https:\/\/xorr.pl\/en\/wp-json\/wp\/v2\/types\/product"}],"wp:featuredmedia":[{"embeddable":true,"href":"https:\/\/xorr.pl\/en\/wp-json\/wp\/v2\/media\/7638"}],"wp:attachment":[{"href":"https:\/\/xorr.pl\/en\/wp-json\/wp\/v2\/media?parent=7637"}],"wp:term":[{"taxonomy":"product_cat","embeddable":true,"href":"https:\/\/xorr.pl\/en\/wp-json\/wp\/v2\/product_cat?post=7637"},{"taxonomy":"product_tag","embeddable":true,"href":"https:\/\/xorr.pl\/en\/wp-json\/wp\/v2\/product_tag?post=7637"}],"curies":[{"name":"wp","href":"https:\/\/api.w.org\/{rel}","templated":true}]}}