{"id":7692,"date":"2022-09-23T20:19:00","date_gmt":"2022-09-23T18:19:00","guid":{"rendered":"https:\/\/xorr.pl\/?post_type=product&#038;p=7692"},"modified":"2023-04-17T22:57:22","modified_gmt":"2023-04-17T20:57:22","slug":"pavo30-pro-niedzwiedziowy-dron","status":"publish","type":"product","link":"https:\/\/xorr.pl\/en\/product\/pavo30-pro-niedzwiedziowy-dron\/","title":{"rendered":"Pavo30 Pro | Nied\u017awiedziowy dron"},"content":{"rendered":"<p class=\"responsive-video-wrap clr\"><iframe loading=\"lazy\" title=\"PAVO30 PRO | Nied\u017awiedziowy dron\" width=\"1200\" height=\"675\" src=\"https:\/\/www.youtube.com\/embed\/-DvC43k55Tg?feature=oembed\" frameborder=\"0\" allow=\"accelerometer; autoplay; clipboard-write; encrypted-media; gyroscope; picture-in-picture; web-share\" allowfullscreen><\/iframe><\/p>\n<h2>Ver. Analog specyfikacja:<\/h2>\n<p>Rama: BetaFPV Pavo 30 Pro<br \/>\nAIO: BetaFPVF722 2-6S<br \/>\nSilniki: BetaFPV 2004 3000kv<br \/>\nOdbiorniki: Frsky XM+ | TBS Crossfire Nano RX | ELRS Nano Receiver 2.4GHz<br \/>\nVTX: BetaFPV A02 5.8G VTX 800mW<br \/>\nKamera: Caddx Ratel<\/p>\n<h2>Ver. DJI HD specyfikacja:<\/h2>\n<p>Rama: BetaFPV Pavo 30 Pro<br \/>\nAIO: BetaFPVF722 2-6S<br \/>\nSilniki: BetaFPV 2004 3000kV<br \/>\nOdbiorniki: Frsky XM+ | TBS Crossfire Nano RX | ELRS Nano Receiver 2.4GHz<br \/>\nVTX: Caddx Vista<br \/>\nKamera: Nebula Pro<\/p>\n<h2>Ver. Walksnail specyfikacja:<\/h2>\n<p>Rama: BetaFPV Pavo 30 Pro<br \/>\nAIO: BetaFPVF722 2-6S<br \/>\nSilniki: BetaFPV 2004 3000kV<br \/>\nOdbiorniki: Frsky XM+ | TBS Crossfire Nano RX | ELRS Nano Receiver 2.4GHz<br \/>\nVTX&amp;Kamera: Walksnail Avatar Kit<\/p>\n<p>Pavo30 PRO (Nied\u017awied\u017a edition) czyli customowy cinewhoop 4S z\u0142o\u017cony przy wsp\u00f3\u0142pracy Xorr z &#8220;Nied\u017awied\u017a filmuje&#8221;. Czas lotu z pe\u0142nym zestawem wynosi 7 min! Mo\u017cliwo\u015b\u0107 kupna w r\u00f3\u017cnych wersjach poczynaj\u0105c od opcji z GPS (Return To Home), odbionikiem (Frsky, ELRS, Crossfire) oraz kamer\u0105 &#8211; cyfra (HD Polar, HD Nebula Pro) lub analog ().<\/p>\n<p><img decoding=\"async\" class=\"aligncenter\" src=\"https:\/\/xorr.pl\/wp-content\/uploads\/2022\/09\/MIR06385.jpg\" \/><\/p>\n<p>&nbsp;<\/p>\n<h1 style=\"text-align: center;\">Z czego sk\u0142ada si\u0119 dron?<\/h1>\n<h1 class=\"h2 product-single__title\">FC F722 2-6S AIO Brushless Flight Controller 35A(BLHeli_S)<\/h1>\n<p>Equipped with the updated F722 2-6S 35A AIO FC(BLHeli_S), the Pavo30 whoop drone totally supports a 4S battery for a stable and flexible flight experience. Come with a BETAFPVF722 processor FC, BetaFlight OSD, and 35A BLHeli_S ESC, this AIO flight controller offers more powerful flight performance that can push your FPV racer to the max. We highly recommend a 750mAh 4S battery for the drone, Pavo30 can get 6-8min flight time with it.<\/p>\n<div class=\"product-single__description rte\">\n<p><img decoding=\"async\" class=\"wp-image-5523 aligncenter lazyautosizes ls-is-cached lazyloaded\" src=\"https:\/\/xorr.pl\/wp-content\/uploads\/2020\/11\/FB-_01_1024x1024-300x169.jpg\" alt=\"\" width=\"1782\" height=\"1003\" data-src=\"https:\/\/xorr.pl\/wp-content\/uploads\/2020\/11\/FB-_01_1024x1024-300x169.jpg\" data-srcset=\"https:\/\/xorr.pl\/wp-content\/uploads\/2020\/11\/FB-_01_1024x1024-300x169.jpg 300w, https:\/\/xorr.pl\/wp-content\/uploads\/2020\/11\/FB-_01_1024x1024-768x432.jpg 768w, https:\/\/xorr.pl\/wp-content\/uploads\/2020\/11\/FB-_01_1024x1024-600x338.jpg 600w, https:\/\/xorr.pl\/wp-content\/uploads\/2020\/11\/FB-_01_1024x1024.jpg 1024w\" data-sizes=\"auto\" srcset=\"https:\/\/xorr.pl\/wp-content\/uploads\/2020\/11\/FB-_01_1024x1024-300x169.jpg 300w, https:\/\/xorr.pl\/wp-content\/uploads\/2020\/11\/FB-_01_1024x1024-768x432.jpg 768w, https:\/\/xorr.pl\/wp-content\/uploads\/2020\/11\/FB-_01_1024x1024-600x338.jpg 600w, https:\/\/xorr.pl\/wp-content\/uploads\/2020\/11\/FB-_01_1024x1024.jpg 1024w\" sizes=\"(max-width: 1782px) 100vw, 1782px\" \/><\/p>\n<h2>Bullet Point<\/h2>\n<ul>\n<li>Main difference over pre-model is new 722 processor.<\/li>\n<li>6-pin port for DJI HD sustem<\/li>\n<li>6 full uarts<\/li>\n<li>10V BEC for peripherals like VTX or Camera<\/li>\n<li>4-6S battery support<\/li>\n<li>35A ci\u0105g\u0142ego nat\u0119\u017cenia, 40A MAX chwilowe nat\u0119\u017cenie.<\/li>\n<\/ul>\n<h2>Specifications of FC<\/h2>\n<ul>\n<li>Waga: 7.89g<\/li>\n<li>Procesor: STM32F722RET6<\/li>\n<li>\u017byroskop: BMI270<\/li>\n<li>Wymiary otwor\u00f3w mocuj\u0105cych: 26mm x 26mm<\/li>\n<li>OSD: Tak (OSD chip: AT7456E)<\/li>\n<li>Wsparcie dla programowalnych LED\u2019\u00f3w takich jak WS2812<\/li>\n<li>Wbudowany sensor nat\u0119\u017cenia<\/li>\n<\/ul>\n<h2>Specifications of ESC<\/h2>\n<ul>\n<li>Wsparcie dla protoko\u0142\u00f3w: PWM, Oneshot125, Oneshot42, Multishot, Dshot150, Dshot300, Dshot600<\/li>\n<li>Napi\u0119cie wej\u015bcia: 2S-6S Lipo<\/li>\n<li>Nat\u0119\u017cenie ci\u0105g\u0142e: 35A<\/li>\n<li>MAX Nat\u0119\u017cenie chwilowe: 40A<\/li>\n<li>ESC fw: BLHELI_S<\/li>\n<li>Kondensatory: CS|470\u03bcF|35V<\/li>\n<li>Przew\u00f3d: 80mm kabla 14AWG ze z\u0142\u0105czem XT60<\/li>\n<li>Zalecane silniki: 14xx, 15xxs, 16xx, 18xx, 20xx<\/li>\n<\/ul>\n<\/div>\n<h2><\/h2>\n<h2><\/h2>\n<h1>Silniki BetaFPV 2004 1700kV<\/h1>\n<p>Bezszczotkowy silnik serii BETAFPV 2004 to p\u0142ynnie dzia\u0142aj\u0105cy, mocny i ultralekki silnik 6S. Wa\u017cy jedynie 16,6 g \/ szt. 2004 1700KV jest najlepszym wyborem dla systemu zasilania 6S, doskonale pasuje do 4-5-calowego quadkoptera.<\/p>\n<p><img decoding=\"async\" class=\"lazyloaded aligncenter\" src=\"https:\/\/cdn.shopify.com\/s\/files\/1\/1778\/6615\/files\/FB_38a41a6b-b1a4-4f59-91fd-78a18928d02f_1024x1024.jpg?v=1599903398\" width=\"1685\" height=\"948\" data-src=\"https:\/\/cdn.shopify.com\/s\/files\/1\/1778\/6615\/files\/FB_38a41a6b-b1a4-4f59-91fd-78a18928d02f_1024x1024.jpg?v=1599903398\" \/><\/p>\n<p>&nbsp;<\/p>\n<h2 class=\"p1\">G\u0142\u00f3wne zalety:<\/h2>\n<p>\u2022 Silnik bezszczotkowy BETAFPV 2004 to ca\u0142kowicie nowa, innowacyjna i unikalna konstrukcja, kt\u00f3ra zapewnia osi\u0105gi znacznie lepsze ni\u017c obecnie dost\u0119pne. Silnik dostarcza moc w zupe\u0142nie nowy spos\u00f3b i zapewnia najp\u0142ynniejsze loty, jakich kiedykolwiek do\u015bwiadczy\u0142e\u015b!<br \/>\n\u2022 1700KV to najlepszy wyb\u00f3r do budowy drona 6S. Wa\u017cy tylko 16,6 g\/szt.<br \/>\n\u2022 Ten nowo zaprojektowany silnik zapewnia wi\u0119kszy moment obrotowy a specjalna konstrukcja zapewnia dronowi niesamowit\u0105 wydajno\u015b\u0107 i wra\u017cenie lotu.<\/p>\n<h2 class=\"p1\">Specification<\/h2>\n<ul>\n<li>Przedmiot: 2004 bezszczotkowy silnik<\/li>\n<li>Moc silnika (rpm\/V): 1700KV<\/li>\n<li>Waga: 16.6g\/1 szt.<\/li>\n<li>Kolor: szaro-niebieski<\/li>\n<li>Shaft: \u03c61.5mm<\/li>\n<li>Shaft d\u0142ugo\u015b\u0107: 3.8mm<\/li>\n<li>Rozstaw otwor\u00f3w: 12mm<\/li>\n<li>Wielko\u015b\u0107 otwor\u00f3w mocuj\u0105cych :M2<\/li>\n<li>Input Voltage: 1700KV for 6S<\/li>\n<li>Cables: 100mm long,\u00a024AWG cables<\/li>\n<li>Dimensions: 24.6*24.6*17.2mm<\/li>\n<\/ul>\n<p>&nbsp;<\/p>\n<h1>Rama &#8211; Pavo 30 Pro<\/h1>\n<p><img decoding=\"async\" class=\"aligncenter lazyloaded\" src=\"https:\/\/cdn.shopify.com\/s\/files\/1\/1778\/6615\/files\/FB1_1_1024x1024.jpg?v=1635839936\" alt=\"Pavo30 pro frame kit\" width=\"1717\" height=\"966\" data-src=\"https:\/\/cdn.shopify.com\/s\/files\/1\/1778\/6615\/files\/FB1_1_1024x1024.jpg?v=1635839936\" \/><\/p>\n<h2>Bullet Point<\/h2>\n<ul>\n<li>Built-in carbon fiber and reserve a storage room for the camera, the Pavo30 Pro frame has a more concise appearance and is more convenient for installation.<\/li>\n<li>Made of high-quality PA12 material, the Pavo30 Pro frame kit has higher abrasion resistance, toughness, and shows excellent impact resistance in drop &amp; impact tests.<\/li>\n<li>The fixed XT60 battery port makes it easy to connect with the battery for customers. Also, the whole drone looks simple and more functional with this design.<\/li>\n<li>Pavo30 Pro supports the GoPro sports camera. The shock mitigation system with cushion makes cameras more stable on the flight, which ensures pilots can capture all the beautiful moments of flight with stabilized and clear video.<\/li>\n<\/ul>\n<h2>Specification<\/h2>\n<ul>\n<li>WB: 157mm<\/li>\n<li>Kolor: Black<\/li>\n<li>Materia\u0142: PA12<\/li>\n<li>Waga:\u00a0146g<\/li>\n<li>Obiektyw: 19mm<\/li>\n<li>Rozmiar \u015bmigie\u0142: 3 cale<\/li>\n<\/ul>\n<p>&nbsp;<\/p>","protected":false},"excerpt":{"rendered":"<p>Dron ten jest robiony pod zam\u00f3wienie, zostanie wykonany w ci\u0105gu 3 dni, chyba, \u017ce kt\u00f3ra\u015b z cz\u0119\u015bci b\u0119dzie nie dost\u0119pna chwilowo. Wtedy poinformujemy Ci\u0119, o op\u00f3\u017anieniu.<\/p>","protected":false},"featured_media":0,"template":"","meta":[],"product_cat":[22,30],"product_tag":[],"jetpack_sharing_enabled":true,"_links":{"self":[{"href":"https:\/\/xorr.pl\/en\/wp-json\/wp\/v2\/product\/7692"}],"collection":[{"href":"https:\/\/xorr.pl\/en\/wp-json\/wp\/v2\/product"}],"about":[{"href":"https:\/\/xorr.pl\/en\/wp-json\/wp\/v2\/types\/product"}],"wp:attachment":[{"href":"https:\/\/xorr.pl\/en\/wp-json\/wp\/v2\/media?parent=7692"}],"wp:term":[{"taxonomy":"product_cat","embeddable":true,"href":"https:\/\/xorr.pl\/en\/wp-json\/wp\/v2\/product_cat?post=7692"},{"taxonomy":"product_tag","embeddable":true,"href":"https:\/\/xorr.pl\/en\/wp-json\/wp\/v2\/product_tag?post=7692"}],"curies":[{"name":"wp","href":"https:\/\/api.w.org\/{rel}","templated":true}]}}