{"id":7751,"date":"2022-10-12T09:10:36","date_gmt":"2022-10-12T07:10:36","guid":{"rendered":"https:\/\/xorr.pl\/?post_type=product&#038;p=7751"},"modified":"2023-03-14T09:04:46","modified_gmt":"2023-03-14T08:04:46","slug":"omphobby-zmo-vtol-smigla","status":"publish","type":"product","link":"https:\/\/xorr.pl\/en\/product\/omphobby-zmo-vtol-smigla\/","title":{"rendered":"OMPHOBBY ZMO VTOL \u015bmig\u0142a"},"content":{"rendered":"<p>\u015amig\u0142a do samolot\u00f3w OMPHobby ZMO VTOL<br \/>\nZestaw \u015bmigie\u0142 3szt<br \/>\n8*6R;8*6L; 8*3,8<\/p>","protected":false},"excerpt":{"rendered":"<p>\u015amig\u0142a do samolot\u00f3w OMPHobby ZMO VTOL Zestaw \u015bmigie\u0142 3szt 8*6R;8*6L; 8*3,8<\/p>","protected":false},"featured_media":7752,"template":"","meta":[],"product_cat":[23,35],"product_tag":[],"jetpack_sharing_enabled":true,"_links":{"self":[{"href":"https:\/\/xorr.pl\/en\/wp-json\/wp\/v2\/product\/7751"}],"collection":[{"href":"https:\/\/xorr.pl\/en\/wp-json\/wp\/v2\/product"}],"about":[{"href":"https:\/\/xorr.pl\/en\/wp-json\/wp\/v2\/types\/product"}],"wp:featuredmedia":[{"embeddable":true,"href":"https:\/\/xorr.pl\/en\/wp-json\/wp\/v2\/media\/7752"}],"wp:attachment":[{"href":"https:\/\/xorr.pl\/en\/wp-json\/wp\/v2\/media?parent=7751"}],"wp:term":[{"taxonomy":"product_cat","embeddable":true,"href":"https:\/\/xorr.pl\/en\/wp-json\/wp\/v2\/product_cat?post=7751"},{"taxonomy":"product_tag","embeddable":true,"href":"https:\/\/xorr.pl\/en\/wp-json\/wp\/v2\/product_tag?post=7751"}],"curies":[{"name":"wp","href":"https:\/\/api.w.org\/{rel}","templated":true}]}}