{"id":7755,"date":"2022-10-12T09:25:20","date_gmt":"2022-10-12T07:25:20","guid":{"rendered":"https:\/\/xorr.pl\/?post_type=product&#038;p=7755"},"modified":"2023-01-05T12:23:07","modified_gmt":"2023-01-05T11:23:07","slug":"walksnail-avatar-digital-hd-fpv-gogle","status":"publish","type":"product","link":"https:\/\/xorr.pl\/en\/product\/walksnail-avatar-digital-hd-fpv-gogle\/","title":{"rendered":"Walksnail Avatar Digital HD FPV Gogle"},"content":{"rendered":"<p>Te gogle FPV s\u0105 wyposa\u017cone w wy\u015bwietlacze OLED FullHD i obs\u0142uguj\u0105 nowy protok\u00f3\u0142 transmisji wideo 1080p pozostaj\u0105c w kompaktowej konstrukcji.\u00a0Szeroki zakres regulacji IPD i ostro\u015bci pozwala u\u017cytkownikowi dostroi\u0107 optyk\u0119 do ka\u017cdego oka.\u00a0Gogle Avatar Digital HD FPV s\u0105 wyposa\u017cone w funkcje premium, takie jak wyj\u015bcie wideo USB-C, nagrywanie HD DVR i intuicyjny, kolorowy graficzny interfejs u\u017cytkownika.\u00a0Obs\u0142uga trybu Betaflight Canvas zapewnia kontrol\u0119 nad wy\u015bwietlaniem na ekranie.<\/p>\n<h2><strong>Cechy<\/strong><\/h2>\n<p>\u2013 Konfigurowalne dopasowanie z opcjonalnymi akcesoriami do p\u0142yty czo\u0142owej<\/p>\n<p>\u2013 Wyj\u015bcie wideo HD przez z\u0142\u0105cze USB-C<\/p>\n<p>\u2013 Obs\u0142uguje tryb Betaflight Canvas<\/p>\n<p>\u2013 Regulowana wentylacja przeciwmgielna<\/p>\n<p>\u2013 Przycisk w\u0142\u0105czania\/wy\u0142\u0105czania zasilania<\/p>\n<p>\u2013 Zintegrowany rejestrator HD<\/p>\n<h2><strong>Specyfikacje<\/strong><\/h2>\n<p><strong>SILNIK OPTYCZNY<\/strong><\/p>\n<ul>\n<li>Odleg\u0142o\u015b\u0107 mi\u0119dzy \u017arenicami (IPD): 57 ~ 70 mm (regulowana)<\/li>\n<li>Regulowany zakres ostro\u015bci: +2 do -6 dioptrii<\/li>\n<li>Pole widzenia (FOV): 46\u00b0<\/li>\n<\/ul>\n<p><strong>MIKRO WY\u015aWIETLACZE<\/strong><\/p>\n<ul>\n<li>Podw\u00f3jne mikrowy\u015bwietlacze Full HD 1080p OLED<\/li>\n<\/ul>\n<p><strong>NAPI\u0118CIE WEJ\u015aCIOWE<\/strong><\/p>\n<ul>\n<li>7-21V (2S-5S)<\/li>\n<\/ul>\n<p>&nbsp;<\/p>\n<p><img decoding=\"async\" src=\"https:\/\/geprc.com\/wp-content\/uploads\/2022\/06\/Details-for-goggles-1320x7245.jpg\" alt=\"\" width=\"850\" height=\"4666\" \/><\/p>\n<p>&nbsp;<\/p>\n<h2><strong>Pakiet zawiera<\/strong><\/h2>\n<p>1 x Gogle Walksnail Avatar Digital HD FPV<\/p>\n<p>4 x Crystal LHCP kr\u00f3tkie anteny dook\u00f3lne<\/p>\n<p>1 x \u015bciereczka do czyszczenia obiektywu<\/p>\n<p>1 x kabel zasilaj\u0105cy XT60<\/p>\n<p>1 x pasek do gogli;<\/p>\n<p>1 x futera\u0142 do przenoszenia<\/p>","protected":false},"excerpt":{"rendered":"<p>Te gogle FPV s\u0105 wyposa\u017cone w wy\u015bwietlacze OLED FullHD i obs\u0142uguj\u0105 nowy protok\u00f3\u0142 transmisji wideo 1080p pozostaj\u0105c w kompaktowej konstrukcji.\u00a0Szeroki zakres regulacji IPD i ostro\u015bci pozwala u\u017cytkownikowi dostroi\u0107 optyk\u0119 do ka\u017cdego oka.\u00a0Gogle Avatar Digital HD FPV s\u0105 wyposa\u017cone w funkcje premium, takie jak wyj\u015bcie wideo USB-C, nagrywanie HD DVR i intuicyjny, kolorowy graficzny interfejs u\u017cytkownika.\u00a0Obs\u0142uga [&hellip;]<\/p>","protected":false},"featured_media":7845,"template":"","meta":[],"product_cat":[32,37],"product_tag":[],"jetpack_sharing_enabled":true,"_links":{"self":[{"href":"https:\/\/xorr.pl\/en\/wp-json\/wp\/v2\/product\/7755"}],"collection":[{"href":"https:\/\/xorr.pl\/en\/wp-json\/wp\/v2\/product"}],"about":[{"href":"https:\/\/xorr.pl\/en\/wp-json\/wp\/v2\/types\/product"}],"wp:featuredmedia":[{"embeddable":true,"href":"https:\/\/xorr.pl\/en\/wp-json\/wp\/v2\/media\/7845"}],"wp:attachment":[{"href":"https:\/\/xorr.pl\/en\/wp-json\/wp\/v2\/media?parent=7755"}],"wp:term":[{"taxonomy":"product_cat","embeddable":true,"href":"https:\/\/xorr.pl\/en\/wp-json\/wp\/v2\/product_cat?post=7755"},{"taxonomy":"product_tag","embeddable":true,"href":"https:\/\/xorr.pl\/en\/wp-json\/wp\/v2\/product_tag?post=7755"}],"curies":[{"name":"wp","href":"https:\/\/api.w.org\/{rel}","templated":true}]}}