{"id":7756,"date":"2022-11-14T10:13:32","date_gmt":"2022-11-14T09:13:32","guid":{"rendered":"https:\/\/xorr.pl\/?post_type=product&#038;p=7756"},"modified":"2024-06-07T15:17:32","modified_gmt":"2024-06-07T13:17:32","slug":"pavo25-kit-walksnail-tbs-crossfire","status":"publish","type":"product","link":"https:\/\/xorr.pl\/en\/product\/pavo25-kit-walksnail-tbs-crossfire\/","title":{"rendered":"Pavo25 Kit | Walksnail"},"content":{"rendered":"<p class=\"msg-content scaleable\">Pavo25 Walksnail Whoop Kit jest ju\u017c dost\u0119pny. To dobry wyb\u00f3r do uj\u0119\u0107 FPV. W zestawie Pavo25 Whoop Quadcopter Walksnail HD VTX i\u00a0 nadajnik radiowy LiteRadio 3 i Walksnail Avatar HD Googles, kt\u00f3re zapewniaj\u0105 pilotom niezr\u00f3wnane wra\u017cenia z lotu. Wersja zawieraj\u0105ca gogle Walksnail jest sprzedawana jako edycja limitowana. Kto pierwszy ten lepszy.<\/p>\n<p class=\"msg-content scaleable\"><img decoding=\"async\" src=\"https:\/\/cdn.shopifycdn.net\/s\/files\/1\/1778\/6615\/files\/FB_20af4753-e442-4d22-8693-f237e58cdc65_1024x1024.jpg?v=1658977051\" alt=\"\" \/><\/p>\n<p><img decoding=\"async\" src=\"https:\/\/cdn.shopifycdn.net\/s\/files\/1\/1778\/6615\/files\/FB_78440c05-1e38-4b89-82ef-fe2dcfd1f5e1_1024x1024.jpg?v=1656056981\" alt=\"\" \/><\/p>\n<h2>Specification<\/h2>\n<ul>\n<li>Weight: 146g (without battery and action camera)<\/li>\n<li>Wheelbase: 108mm<\/li>\n<li>Frame:\u00a0<a href=\"https:\/\/betafpv.com\/products\/pavo25-frame-kit\">Pavo25 Frame Kit<\/a><\/li>\n<li>Motor:\u00a0<a title=\"1404-4500kv-brushless-motors\" href=\"https:\/\/betafpv.com\/products\/1404-4500kv-brushless-motors\" target=\"_blank\" rel=\"noopener\">1404 4500KV Brushless motor<\/a><\/li>\n<li>Battery Connector: XT30<\/li>\n<li>Battery:\u00a0<a href=\"https:\/\/betafpv.com\/products\/850mah-4s-75c-lipo-battery-2pcs\">4S 850mAh<\/a>\u00a0(included)<\/li>\n<li>Goggles: Walksnail Avatar HD Goggles (only included in ExpressLRS 2.4G with Goggles version)<\/li>\n<li>Transmitter:\u00a0<a href=\"https:\/\/betafpv.com\/collections\/tx\/products\/literadio-3-radio-transmitter\">LiteRadio 3 Radio Transmitter<\/a>\u00a0(ExpressLRS 2.4G)<\/li>\n<li>Props:\u00a0<a href=\"https:\/\/betafpv.com\/products\/gemfan-d63-3-blade-propellers-1-5mm-shaft\">Gemfan D63-3B (Gray)<\/a><\/li>\n<li>Flight Controller:\u00a0<a href=\"https:\/\/betafpv.com\/products\/toothpick-f405-2-4s-aio-brushless-flight-controller-20a-blheli_32-v4\" target=\"_blank\" rel=\"noopener\">F405 AIO 20A Toothpick V4 BMI270<\/a><\/li>\n<li>VTX: Walksnail Avatar HD Digital Kit (HD Digital)<\/li>\n<li>Camera Adjustable Angle: 0\u00b0-50\u00b0<\/li>\n<li>Receiver Version: ELRS 2.4G<\/li>\n<li>Recommend Mounted Cam:\u00a0<a href=\"https:\/\/betafpv.com\/products\/smo-4k-camera\">SMO 4K<\/a>, DJI Action 2<\/li>\n<li>Flight Time (Reference Only): 7 mins\/5 mins with DJI Action2 Camera using 4S 750mAh battery<\/li>\n<\/ul>\n<p><em>Note: The actual flight time depends on\u00a0the flight environment and the flight mode<\/em><\/p>\n<h2><\/h2>\n<h2>Walksnail Avatar Digital HD\u00a0System<\/h2>\n<p>Gogle Walksnail Avatar HD s\u0105 wyposa\u017cone w wysokiej jako\u015bci wy\u015bwietlacze OLED Full HD i obs\u0142uguj\u0105 nowy protok\u00f3\u0142 transmisji wideo 1080p w kompaktowej obudowie. Te gogle zosta\u0142y zaprojektowane jako lekkie gogle w rozmiarze mini z 46\u00b0 FOV (pole widzenia) i regulacj\u0105 ostro\u015bci za pomoc\u0105 wyj\u015bcia HDMI. Ponadto konstrukcja czterech anten zapewnia stabilne sygna\u0142y do transmisji wideo.<\/p>\n<p>Zawiera Avatar HD Kit z systemem Avatar HD, kt\u00f3ry wykorzystuje wysokowydajne kodowanie wideo H.265, wiod\u0105c\u0105 w bran\u017cy technologi\u0119, zapewniaj\u0105c\u0105 nagrywanie obrazu w rozdzielczo\u015bci 1080P\/720P z ultraniskim op\u00f3\u017anieniem 22 ms. Sygna\u0142y s\u0105 silniejsze i bardziej stabilne dzi\u0119ki konstrukcji z dwiema antenami, kt\u00f3ra zapewnia transmisj\u0119 na odleg\u0142o\u015b\u0107 do 4 km. Wbudowana pami\u0119\u0107 8 GB, Avatar VTX ma mo\u017cliwo\u015b\u0107 nagrywania wideo HD bez zak\u0142\u00f3ce\u0144 z pojemno\u015bci i eksportowania wideo za pomoc\u0105 kabla USB. Poza tym, dzi\u0119ki trybowi Canvas w Avatar VTX, obs\u0142ugiwany jest pe\u0142ny wy\u015bwietlacz Betaflight OSD, kt\u00f3ry mo\u017cna \u0142atwo regulowa\u0107 za pomoc\u0105 pilota.<\/p>\n<p><img decoding=\"async\" src=\"https:\/\/cdn.shopifycdn.net\/s\/files\/1\/1778\/6615\/files\/FB-_1_5f7af4b3-1dd2-4e12-92a9-8191f84dc4ff_1024x1024.jpg?v=1658977025\" alt=\"\" \/><\/p>\n<h2>LiteRadio 3<\/h2>\n<p>Ten nadajnik posiada ergonomicznie zaprojektowan\u0105 r\u0105czk\u0119 i ma doskona\u0142\u0105 wydajno\u015b\u0107 w czasie pracy, nowo zaktualizowany gimbal i wn\u0119k\u0119 na modu\u0142 nano do obs\u0142ugi zewn\u0119trznego modu\u0142u TX. Poza tym nadajnik radiowy LiteRadio 3 w zestawie to wersja czarna.<\/p>\n<p><img decoding=\"async\" src=\"https:\/\/cdn.shopifycdn.net\/s\/files\/1\/1778\/6615\/files\/FB-_1_2eaa53e6-66c8-40a4-bcab-9a013694836f_1024x1024.jpg?v=1639538103\" \/><\/p>\n<p>&nbsp;<\/p>\n<p><img decoding=\"async\" src=\"https:\/\/cdn.shopify.com\/s\/files\/1\/1778\/6615\/files\/pavo25-whoop-quadcopter-frame_44b982e6-c85a-414d-a446-695884d2f5f6_1024x1024.jpg?v=1655980415\" alt=\"\" \/><\/p>\n<h2>FC &amp; ESC<\/h2>\n<p>Quadrocopter Pavo25 jest wyposa\u017cony w F405 AIO 20A FC V4 BMI270, co znacznie zmniejsza wag\u0119, jednocze\u015bnie poprawiaj\u0105c zdolno\u015b\u0107 ESC do ci\u0105g\u0142ego pr\u0105du 20 A i zapewnia pilotom wi\u0119cej mocy do latania quadem Pavo25! Tymczasem 20A FC V4 ma 2 porty z\u0142\u0105cza pinowego dla DJI Digital VTX i RX, po prostu plug &amp; play, mniej prac lutowniczych i bardzo \u0142atwy w instalacji.<\/p>\n<p><img decoding=\"async\" src=\"https:\/\/cdn.shopify.com\/s\/files\/1\/1778\/6615\/files\/20A_V4_FB_-5_1024x1024.jpg?v=1655894930\" alt=\"\" \/><\/p>\n<p><img decoding=\"async\" src=\"https:\/\/cdn.shopify.com\/s\/files\/1\/1778\/6615\/files\/pavo25-whoop-quadcopter-motor-props_0da492bb-32b8-4346-9468-a35913fcf45b_1024x1024.jpg?v=1655980514\" alt=\"\" \/><\/p>\n<h2><\/h2>\n<h2>Package<\/h2>\n<ul>\n<li>1 * Pavo25 Whoop Quadcopter (Walksnail HD VTX)<\/li>\n<li>1 * Walksnail Goggles (only included in ExpressLRS 2.4G with Goggles version)<\/li>\n<li>1 *\u00a0<a href=\"https:\/\/betafpv.com\/collections\/tx\/products\/literadio-3-radio-transmitter\">LiteRadio 3 Radio Transmitter<\/a>\u00a0(ExpressLRS 2.4G)<\/li>\n<li>4 * Gemfan D63 (2CW+2CCW) 3-Blades Props<\/li>\n<li>2 *\u00a0<a href=\"https:\/\/betafpv.com\/collections\/4s-battery\/products\/850mah-4s-75c-lipo-battery-2pcs\">4S 850mAh Battery (XT30)<\/a><\/li>\n<li>1 *\u00a04-PIN Avatar Kit USB Cable<\/li>\n<li>1 * Type-C USB Cable<\/li>\n<li>1 *\u00a0Portable Storage Bag<\/li>\n<\/ul>\n<p><img decoding=\"async\" src=\"https:\/\/cdn.shopify.com\/s\/files\/1\/1778\/6615\/files\/3f89305fb1dabad87b9b93324e3c25cd_2927a5b0-2633-49d2-a521-5d292fec64f5_600x600.jpg?v=1658821535\" alt=\"\" \/><\/p>","protected":false},"excerpt":{"rendered":"<p>Pavo25 Walksnail Whoop Kit jest ju\u017c dost\u0119pny. To dobry wyb\u00f3r do uj\u0119\u0107 FPV. W zestawie Pavo25 Whoop Quadcopter Walksnail HD VTX i\u00a0 nadajnik radiowy LiteRadio 3 i Walksnail Avatar HD Googles, kt\u00f3re zapewniaj\u0105 pilotom niezr\u00f3wnane wra\u017cenia z lotu. Wersja zawieraj\u0105ca gogle Walksnail jest sprzedawana jako edycja limitowana. Kto pierwszy ten lepszy. Specyfikacja: Weight: 146g (without [&hellip;]<\/p>","protected":false},"featured_media":7759,"template":"","meta":[],"product_cat":[22,30],"product_tag":[],"jetpack_sharing_enabled":true,"_links":{"self":[{"href":"https:\/\/xorr.pl\/en\/wp-json\/wp\/v2\/product\/7756"}],"collection":[{"href":"https:\/\/xorr.pl\/en\/wp-json\/wp\/v2\/product"}],"about":[{"href":"https:\/\/xorr.pl\/en\/wp-json\/wp\/v2\/types\/product"}],"wp:featuredmedia":[{"embeddable":true,"href":"https:\/\/xorr.pl\/en\/wp-json\/wp\/v2\/media\/7759"}],"wp:attachment":[{"href":"https:\/\/xorr.pl\/en\/wp-json\/wp\/v2\/media?parent=7756"}],"wp:term":[{"taxonomy":"product_cat","embeddable":true,"href":"https:\/\/xorr.pl\/en\/wp-json\/wp\/v2\/product_cat?post=7756"},{"taxonomy":"product_tag","embeddable":true,"href":"https:\/\/xorr.pl\/en\/wp-json\/wp\/v2\/product_tag?post=7756"}],"curies":[{"name":"wp","href":"https:\/\/api.w.org\/{rel}","templated":true}]}}