{"id":7764,"date":"2022-10-13T09:40:59","date_gmt":"2022-10-13T07:40:59","guid":{"rendered":"https:\/\/xorr.pl\/?post_type=product&#038;p=7764"},"modified":"2024-07-05T11:10:33","modified_gmt":"2024-07-05T09:10:33","slug":"gogle-betafpv-vr03","status":"publish","type":"product","link":"https:\/\/xorr.pl\/en\/product\/gogle-betafpv-vr03\/","title":{"rendered":"Gogle BetaFPV VR03"},"content":{"rendered":"<div class=\"product-description-longue\">\n<p>Gogle VR03 FPV s\u0105 specjalnie zaprojektowane dla pocz\u0105tkuj\u0105cych u\u017cytkownik\u00f3w FPV. BetaFPV oferuje gogle z ekranem 4,3\u201d o rozdzielczo\u015bci 800*480.<\/p>\n<p><img decoding=\"async\" src=\"https:\/\/cdn.shopify.com\/s\/files\/1\/1778\/6615\/files\/FB_b5b77ea3-4a45-4a96-a18d-ebb67d9f44d4_1024x1024.jpg?v=1663747830\" \/><\/p>\n<p><img decoding=\"async\" src=\"https:\/\/cdn.shopifycdn.net\/s\/files\/1\/1778\/6615\/files\/3_3a064133-cb72-4311-b953-eb44e5069bc4_1024x1024.jpg?v=1665488980\" \/><\/p>\n<p><img decoding=\"async\" src=\"https:\/\/cdn.shopify.com\/s\/files\/1\/1778\/6615\/files\/d2f254306cbea3a0223492d769f044c5_85a99fb7-4cd5-471c-84c0-550c11074bff_600x600.jpg?v=1663732678\" \/><\/p>\n<\/div>\n<div class=\"row\">\n<div class=\"col-md-6 caracteristique-hidden\">\n<h3>Specification<\/h3>\n<ul>\n<li>Size : 130*145*90mm<\/li>\n<li>Weight : ~300g<\/li>\n<li>Camera format : NTSC\/PAL<\/li>\n<li>Support channel : 48<\/li>\n<li>Screen size\u00a0: 4.3inch<\/li>\n<li>Resolution : 800*480<\/li>\n<li>Battery : 3.7V, 2000mah<\/li>\n<li>Normal mode endurance : ~2h<\/li>\n<li>Record mode endurance : ~1h 10 min<\/li>\n<li>Maximum charging current : 1A<\/li>\n<li>Antenna port : RP-SMA<\/li>\n<li>Charging port : Type-C<\/li>\n<li>Card slot : Micro SD Card<\/li>\n<li>Screen resolution : 480P<\/li>\n<li>File format : AVI<\/li>\n<\/ul>\n<\/div>\n<div class=\"col-md-6 caracteristique-hidden\">\n<h3>Package<\/h3>\n<ul>\n<li>1x BetaFPV VR03 Goggles<\/li>\n<li>1x\u00a0Adjustable Belt<\/li>\n<\/ul>\n<\/div>\n<\/div>","protected":false},"excerpt":{"rendered":"<p>Gogle VR03 FPV s\u0105 specjalnie zaprojektowane dla pocz\u0105tkuj\u0105cych u\u017cytkownik\u00f3w FPV. BetaFPV oferuje gogle z ekranem 4,3\u201d o rozdzielczo\u015bci 800*480. Specyfikacja: Size : 130*145*90mm Weight : ~300g Camera format : NTSC\/PAL Support channel : 48 Screen size\u00a0: 4.3inch Resolution : 800*480 Battery : 3.7V, 2000mah Normal mode endurance : ~2h Record mode endurance : ~1h 10 [&hellip;]<\/p>","protected":false},"featured_media":7765,"template":"","meta":[],"product_cat":[22,32,37],"product_tag":[],"jetpack_sharing_enabled":true,"_links":{"self":[{"href":"https:\/\/xorr.pl\/en\/wp-json\/wp\/v2\/product\/7764"}],"collection":[{"href":"https:\/\/xorr.pl\/en\/wp-json\/wp\/v2\/product"}],"about":[{"href":"https:\/\/xorr.pl\/en\/wp-json\/wp\/v2\/types\/product"}],"wp:featuredmedia":[{"embeddable":true,"href":"https:\/\/xorr.pl\/en\/wp-json\/wp\/v2\/media\/7765"}],"wp:attachment":[{"href":"https:\/\/xorr.pl\/en\/wp-json\/wp\/v2\/media?parent=7764"}],"wp:term":[{"taxonomy":"product_cat","embeddable":true,"href":"https:\/\/xorr.pl\/en\/wp-json\/wp\/v2\/product_cat?post=7764"},{"taxonomy":"product_tag","embeddable":true,"href":"https:\/\/xorr.pl\/en\/wp-json\/wp\/v2\/product_tag?post=7764"}],"curies":[{"name":"wp","href":"https:\/\/api.w.org\/{rel}","templated":true}]}}