{"id":7831,"date":"2022-11-09T14:11:26","date_gmt":"2022-11-09T13:11:26","guid":{"rendered":"https:\/\/xorr.pl\/?post_type=product&#038;p=7831"},"modified":"2024-07-05T09:32:36","modified_gmt":"2024-07-05T07:32:36","slug":"betafpv-t-antena-2-4g","status":"publish","type":"product","link":"https:\/\/xorr.pl\/en\/product\/betafpv-t-antena-2-4g\/","title":{"rendered":"BETAFPV T ANTENA 2.4G"},"content":{"rendered":"<h2>Specification<\/h2>\n<ul>\n<li>D\u0142ugo\u015b\u0107 kabla Coaxial: 46mm\/80mm<\/li>\n<li>Szeroko\u015b\u0107 anteny: 60mm<\/li>\n<li>Waga: 0.94g<\/li>\n<li>Z\u0142\u0105cze: IPEX MHF<\/li>\n<li>Gain: 2dBi<\/li>\n<li>VSWR: &lt;1.4 (2.4G version) \/ &lt;1.6 (915MHz\/868MHz version)<\/li>\n<\/ul>\n<p>&nbsp;<\/p>\n<p>Opakowanie zawiera 2 anteny<\/p>","protected":false},"excerpt":{"rendered":"<p>Specyfikacja: D\u0142ugo\u015b\u0107 kabla Coaxial: 46mm\/80mm Szeroko\u015b\u0107 anteny: 60mm Waga: 0.94g Z\u0142\u0105cze: IPEX MHF Gain: 2dBi VSWR: &lt;1.4 (2.4G version) \/ &lt;1.6 (915MHz\/868MHz version) &nbsp; Opakowanie zawiera 2 anteny<\/p>","protected":false},"featured_media":7832,"template":"","meta":[],"product_cat":[32,37,23],"product_tag":[],"jetpack_sharing_enabled":true,"_links":{"self":[{"href":"https:\/\/xorr.pl\/en\/wp-json\/wp\/v2\/product\/7831"}],"collection":[{"href":"https:\/\/xorr.pl\/en\/wp-json\/wp\/v2\/product"}],"about":[{"href":"https:\/\/xorr.pl\/en\/wp-json\/wp\/v2\/types\/product"}],"wp:featuredmedia":[{"embeddable":true,"href":"https:\/\/xorr.pl\/en\/wp-json\/wp\/v2\/media\/7832"}],"wp:attachment":[{"href":"https:\/\/xorr.pl\/en\/wp-json\/wp\/v2\/media?parent=7831"}],"wp:term":[{"taxonomy":"product_cat","embeddable":true,"href":"https:\/\/xorr.pl\/en\/wp-json\/wp\/v2\/product_cat?post=7831"},{"taxonomy":"product_tag","embeddable":true,"href":"https:\/\/xorr.pl\/en\/wp-json\/wp\/v2\/product_tag?post=7831"}],"curies":[{"name":"wp","href":"https:\/\/api.w.org\/{rel}","templated":true}]}}