{"id":7908,"date":"2022-12-20T09:01:48","date_gmt":"2022-12-20T08:01:48","guid":{"rendered":"https:\/\/xorr.pl\/?post_type=product&#038;p=7908"},"modified":"2024-02-27T21:14:39","modified_gmt":"2024-02-27T20:14:39","slug":"dron-betafpv-cetus-x-kit","status":"publish","type":"product","link":"https:\/\/xorr.pl\/en\/product\/dron-betafpv-cetus-x-kit\/","title":{"rendered":"Dron BetaFPV Cetus X Kit ELRS"},"content":{"rendered":"<p>Niezale\u017cnie od tego, czy jeste\u015b do\u015bwiadczonym czy pocz\u0105tkuj\u0105cym pilotem, zestaw Cetus X FPV, jako zaawansowany\u00a0 power whoop, jest ca\u0142kowicie dobrym wyborem, aby osi\u0105gn\u0105\u0107 wy\u017cszy poziom. Od niezr\u00f3wnanej kontroli po ekscytuj\u0105ce latanie, kt\u00f3re zanurzy\u0142o Ci\u0119 w ka\u017cdym locie FPV, po prostu nie ma nic lepszego ni\u017c zestaw Cetus X FPV. Dzi\u0119ki po\u0142\u0105czeniu bezszczotkowego quadkoptera Cetus X, nadajnika radiowego LiteRadio 3 i gogli VR03 FPV przygotuj si\u0119 na nast\u0119pny poziom.<\/p>\n<p><img decoding=\"async\" src=\"https:\/\/cdn.shopifycdn.net\/s\/files\/1\/1778\/6615\/files\/FB5_eb5f5ec7-2839-48d6-b829-dfcb78604c45_1024x1024.jpg?v=1665746892\" alt=\"\" \/><\/p>\n<p>&nbsp;<\/p>\n<h2>Specification<\/h2>\n<ul>\n<li>Item:\u00a0Cetus X\u00a0FPV Kit<\/li>\n<li>Weight: 55g<\/li>\n<li>Wheelbase: 95mm<\/li>\n<li>FC:\u00a0F4 1S 12A FC<\/li>\n<li>Motors:\u00a01103 11000KV\u00a0Motor<\/li>\n<li>Props:\u00a0Gemfan 2020 4-Blades Props<\/li>\n<li>Camera: C04 FPV Camera (Caddx Nano Ant Camera\/Runcam Nano 4)<\/li>\n<li>Camera Adjustable Angle: 0\u00b0-40\u00b0<\/li>\n<li>Receiver Protocol: ELRS 2.4G (Betaflight)\/Frsky D8 (Cetus)<\/li>\n<li>VTX: M04 25-400mW VTX<\/li>\n<li>Quadcopter:\u00a0Cetus X Brushless Quadcopter<\/li>\n<li>Transmitter:\u00a0LiteRadio 3 Radio Transmitter<\/li>\n<li>Goggles:\u00a0VR03 FPV Goggles<\/li>\n<li>Battery: 2*BT2.0 450mAh 1S 30C Battery<\/li>\n<li>Flight time: 5 mins<\/li>\n<\/ul>\n<h2>Pot\u0119\u017cny uk\u0142ad nap\u0119dowy<\/h2>\n<p>Wyposa\u017cony w silnik bezszczotkowy 1103 11000KV i 4-\u0142opatowe \u015bmig\u0142a Gemfan 2020, bezszczotkowy quadkopter Cetus X zapewnia pot\u0119\u017cny nap\u0119d, dzi\u0119ki czemu jest dronem 2S z mocnym uderzeniem. Poza tym ca\u0142y quadkopter jest wystarczaj\u0105co lekki i wytrzyma\u0142y, oferuj\u0105c pilotom wysok\u0105 wydajno\u015b\u0107 lotu.<\/p>\n<p><img decoding=\"async\" src=\"https:\/\/cdn.shopifycdn.net\/s\/files\/1\/1778\/6615\/files\/0b815a38d832f29c6d98d257a6dec95c_4939cb82-2a1d-4ec8-a8ef-7ca34c2556ef_1024x1024.jpg?v=1665654429\" alt=\"\" \/><\/p>\n<h2>Nagraj ka\u017cd\u0105 chwil\u0119 lotu<\/h2>\n<p>Nowo opracowane przez BETAFPV i oparte na goglach VR02 FPV gogle VR03 FPV maj\u0105 cechy VR02 i s\u0105 wyposa\u017cone w funkcj\u0119 nagrywania DVR. Piloci mog\u0105 cieszy\u0107 si\u0119 odtwarzaniem zapisanym przez gogle lub eksportowa\u0107 filmy za pomoc\u0105 karty Micro SD. Ta ekscytuj\u0105ca funkcja pozwala pilotom uchwyci\u0107 zapieraj\u0105cy dech w piersiach moment, znacznie poprawiaj\u0105c wra\u017cenia z lotu FPV.<\/p>\n<p><img decoding=\"async\" src=\"https:\/\/cdn.shopifycdn.net\/s\/files\/1\/1778\/6615\/files\/FB_68b3ceb1-db88-485c-9281-b2b1e006f825_1024x1024.jpg?v=1665743827\" alt=\"\" \/><\/p>\n<h2>Ulepszona transmisja wideo<\/h2>\n<p>Bezszczotkowy Quadcopter Cetus X jest wyposa\u017cony w kamer\u0119 M04 25-400mW VTX i C04 FPV. M04 25-450mW VTX charakteryzuje si\u0119 lekk\u0105 i regulowan\u0105 moc\u0105 wyj\u015bciow\u0105 do latania na wi\u0119ksze odleg\u0142o\u015bci. \u0141\u0105cz\u0105c ten VTX i doskona\u0142e \u0142\u0105cze radiowe ExpressLRS 2.4G, piloci mog\u0105 lata\u0107 dronami whoop d\u0142u\u017cej, aby odkrywa\u0107 wi\u0119cej mo\u017cliwo\u015bci i dobrze si\u0119 bawi\u0107. Dodatkowo kamera C04 FPV (bazuj\u0105ca na Caddx Nano Ant Camera\/Runcam Nano 4) wykazuje lepsz\u0105 jako\u015b\u0107 lotu FPV w por\u00f3wnaniu z kamer\u0105 C02 FPV.<\/p>\n<p><img decoding=\"async\" src=\"https:\/\/cdn.shopifycdn.net\/s\/files\/1\/1778\/6615\/files\/6aea06196175391d80a25a4046b42177_aa8a7f70-a084-4342-ba4c-9a78af73b550_1024x1024.jpg?v=1665654395\" alt=\"\" \/><\/p>\n<h2><\/h2>\n<h2><\/h2>\n<h2><\/h2>\n<h2>LiteRadio 3<\/h2>\n<p><img decoding=\"async\" src=\"https:\/\/cdn.shopifycdn.net\/s\/files\/1\/1778\/6615\/files\/FB_61da8c95-e389-4503-8775-e66464c30b6d_1024x1024.jpg?v=1665743904\" alt=\"\" \/><\/p>\n<h2><\/h2>\n<h2>FPV Simulator<\/h2>\n<div class=\"video-wrapper\"><iframe loading=\"lazy\" title=\"BETAFPV Cetus Pro Drone | Collaboration with Liftoff: Micro Drones!\" src=\"https:\/\/www.youtube.com\/embed\/7EWEoPcD6wA\" width=\"1280\" height=\"720\" frameborder=\"0\" allowfullscreen=\"allowfullscreen\" data-mce-fragment=\"1\"><\/iframe><\/div>\n<h2><\/h2>\n<h2><\/h2>\n<h2>R\u00f3\u017cne tryby, dost\u0119pne dla wszystkich<\/h2>\n<p>Cetus X obs\u0142uguje tryby Angle\/Horizon\/Air, kt\u00f3re mog\u0105 zaspokoi\u0107 r\u00f3\u017cne potrzeby pilot\u00f3w i dostosowa\u0107 si\u0119 do r\u00f3\u017cnych \u015brodowisk lotu. Kiedy quadkopter spadnie na ziemi\u0119 i do g\u00f3ry nogami, mo\u017cesz aktywowa\u0107 tryb \u017c\u00f3\u0142wia za pomoc\u0105 nadajnika LiteRadio 3, aby odwr\u00f3ci\u0107 go i wznowi\u0107 lot. Niezale\u017cnie od tego, czy jeste\u015b do\u015bwiadczonym pilotem FPV, czy kompletnym pocz\u0105tkuj\u0105cym, zestaw Cetus X FPV pomaga ka\u017cdemu lata\u0107 pewnie od pierwszego dnia.<\/p>\n<p><img decoding=\"async\" src=\"https:\/\/cdn.shopifycdn.net\/s\/files\/1\/1778\/6615\/files\/5f185f265528ba515aee8e5964d417a3_1024x1024.jpg?v=1665644649\" alt=\"\" \/><\/p>\n<h2>Seria dron\u00f3w BetaFPV<\/h2>\n<p>&nbsp;<\/p>\n<p><img decoding=\"async\" src=\"https:\/\/cdn.shopifycdn.net\/s\/files\/1\/1778\/6615\/files\/c67749cabb7d96c2abeff668600e4a3a_aeb43e81-c207-46e5-b575-e0e7b7f5a126_1024x1024.jpg?v=1665654331\" alt=\"\" \/><\/p>\n<p>&nbsp;<\/p>\n<h2>Package<\/h2>\n<ul>\n<li>1 * Dron Cetus X\u00a0 (Betaflight Firmware, ELRS 2.4G RX)<\/li>\n<li>1 * LiteRadio 3\u00a0 (ELRS 2.4G)<\/li>\n<li>1\u00a0*\u00a0BETAFPV VR03\u00a0FPV\u00a0Goggles<\/li>\n<li>4 * BT2.0 450 mAh 1S Lipo Bateria<\/li>\n<li>1 * BT2.0 \u0141adowarka i tester napi\u0119cia<\/li>\n<li>1 * USB\u00a0 Kabel Type-C)<\/li>\n<li>1 * Type-C do\u00a0 FC Adapter<\/li>\n<li>1 * Narz\u0119dzie do zdejmowania \u015bmigie\u0142<\/li>\n<li>4 * Gemfan 2020 4-Blades \u015amig\u0142a<\/li>\n<li>1 * Przeno\u015bna torba<\/li>\n<\/ul>\n<p><img decoding=\"async\" src=\"https:\/\/cdn.shopifycdn.net\/s\/files\/1\/1778\/6615\/files\/5761b2456fcc7f1ec663de02a797b6ae_600x600.jpg?v=1664441974\" alt=\"\" \/><\/p>","protected":false},"excerpt":{"rendered":"<p>Niezale\u017cnie od tego, czy jeste\u015b do\u015bwiadczonym czy pocz\u0105tkuj\u0105cym pilotem, zestaw Cetus X FPV, jako zaawansowany\u00a0 power whoop, jest ca\u0142kowicie dobrym wyborem, aby osi\u0105gn\u0105\u0107 wy\u017cszy poziom. Od niezr\u00f3wnanej kontroli po ekscytuj\u0105ce latanie, kt\u00f3re zanurzy\u0142o Ci\u0119 w ka\u017cdym locie FPV, po prostu nie ma nic lepszego ni\u017c zestaw Cetus X FPV. Dzi\u0119ki po\u0142\u0105czeniu bezszczotkowego quadkoptera Cetus X, [&hellip;]<\/p>","protected":false},"featured_media":7910,"template":"","meta":[],"product_cat":[22,30],"product_tag":[],"jetpack_sharing_enabled":true,"_links":{"self":[{"href":"https:\/\/xorr.pl\/en\/wp-json\/wp\/v2\/product\/7908"}],"collection":[{"href":"https:\/\/xorr.pl\/en\/wp-json\/wp\/v2\/product"}],"about":[{"href":"https:\/\/xorr.pl\/en\/wp-json\/wp\/v2\/types\/product"}],"wp:featuredmedia":[{"embeddable":true,"href":"https:\/\/xorr.pl\/en\/wp-json\/wp\/v2\/media\/7910"}],"wp:attachment":[{"href":"https:\/\/xorr.pl\/en\/wp-json\/wp\/v2\/media?parent=7908"}],"wp:term":[{"taxonomy":"product_cat","embeddable":true,"href":"https:\/\/xorr.pl\/en\/wp-json\/wp\/v2\/product_cat?post=7908"},{"taxonomy":"product_tag","embeddable":true,"href":"https:\/\/xorr.pl\/en\/wp-json\/wp\/v2\/product_tag?post=7908"}],"curies":[{"name":"wp","href":"https:\/\/api.w.org\/{rel}","templated":true}]}}