{"id":7909,"date":"2022-12-20T09:19:27","date_gmt":"2022-12-20T08:19:27","guid":{"rendered":"https:\/\/xorr.pl\/?post_type=product&#038;p=7909"},"modified":"2024-07-05T09:35:23","modified_gmt":"2024-07-05T07:35:23","slug":"dron-betafpv-cetus-lite-kit","status":"publish","type":"product","link":"https:\/\/xorr.pl\/en\/product\/dron-betafpv-cetus-lite-kit\/","title":{"rendered":"Dron BetaFPV Cetus Lite Kit"},"content":{"rendered":"<p><span style=\"color: red;\">Zestaw Cetus Lite Kit zawiera tylko drona, radio, \u0142adowark\u0119 i akumulatory! Je\u017celi chcesz zestaw z goglami i kamer\u0105 wybierz wersj\u0119 FPV<\/span><\/p>\n<p>&nbsp;<\/p>\n<p>Zestaw Cetus Lite Kit to doskona\u0142y wyb\u00f3r dla pocz\u0105tkuj\u0105cych FPV, kt\u00f3rzy chc\u0105 zacz\u0105\u0107 lata\u0107, a tak\u017ce bezpieczna miniaturowa zabawka do zabawy dla dzieci. Cetus Lite posiada dodatkow\u0105 funkcj\u0119 utrzymywania wysoko\u015bci, kt\u00f3ra pomaga u\u017cytkownikom w \u0142atwym sterowaniu i lataniu. Posiada trwa\u0142\u0105 ram\u0119 z os\u0142on\u0105 ochronn\u0105 zapewniaj\u0105c\u0105 wyj\u0105tkowo bezpieczny lot, a zestaw zawiera wszystko, co potrzebne do latania, w tym nadajnik radiowy, gogle FPV i zapasowe baterie. Zestaw Cetus Lite to \u015bwietny zakup dla klient\u00f3w, kt\u00f3rzy chc\u0105 ekonomicznego i niedrogiego zestawu RTF FPV.<\/p>\n<h2>Utrzymanie wysoko\u015bci, stabilny zawis<\/h2>\n<p>Trzymanie wysoko\u015bci utrzymuje drona w zawisie, w po\u0142\u0105czeniu z LiteRadio 1, kt\u00f3re ma dwa centruj\u0105ce gimbale, nowi pocz\u0105tkuj\u0105cy mog\u0105 \u0142atwo kontrolowa\u0107 wysoko\u015b\u0107 quadkoptera. Cetus Lite posiada wbudowany dok\u0142adny barometr, zapewniaj\u0105cy stabilne zawis, kt\u00f3ry pozwala na p\u0142ynne latanie quadkopterem. Dzi\u0119ki funkcji utrzymywania wysoko\u015bci nowi pocz\u0105tkuj\u0105cy mog\u0105 doskonali\u0107 umiej\u0119tno\u015bci latania FPV i czerpa\u0107 dodatkow\u0105 rado\u015b\u0107 z ka\u017cdego lotu.<img decoding=\"async\" src=\"https:\/\/cdn.shopifycdn.net\/s\/files\/1\/1778\/6615\/files\/015e44e48163a608936a71d94df8b469_cc01a9e1-e07c-46f3-9045-dede27730366_1024x1024.jpg?v=1666851662\" alt=\"\" \/><\/p>\n<h2>Skuteczna konstrukcja ramy ochronnej<\/h2>\n<p>Bezpiecze\u0144stwo jest wa\u017cne, zw\u0142aszcza dla dzieci. Cetus Lite ma konstrukcj\u0119 os\u0142ony \u015bmig\u0142a, chroni\u0105c\u0105 u\u017cytkownik\u00f3w przed zranieniem. Rama wykonana jest z PA12, wysokiej jako\u015bci i trwa\u0142ego materia\u0142u, dzi\u0119ki czemu pozostaje mocna i oddzielona nawet podczas wypadk\u00f3w lotniczych. U\u017cytkownicy mog\u0105 lata\u0107 nim pewnie i nie obawiaj\u0105 si\u0119 awarii. Ta niezawodna konstrukcja zapewnia bezpieczne latanie w pomieszczeniach i na zewn\u0105trz.<img decoding=\"async\" src=\"https:\/\/cdn.shopifycdn.net\/s\/files\/1\/1778\/6615\/files\/11ec062a58fc173445dc14dde520670a_a90744eb-fcb4-4086-9a64-119366494d0e_1024x1024.jpg?v=1666777512\" alt=\"\" \/><\/p>\n<h2>Awaryjne automatyczne blokowanie<\/h2>\n<p>Zintegrowany z 6-osiowym czujnikiem IMU (Inertial Measurement Unit), kt\u00f3ry umo\u017cliwia quadkopterowi zapewnienie bezpiecze\u0144stwa lotu. Quadkopter Cetus Lite automatycznie rozbroi silniki po wykryciu kolizji. Funkcja ta gwarantuje bezpiecze\u0144stwo pilot\u00f3w i mienia.<img decoding=\"async\" src=\"https:\/\/cdn.shopifycdn.net\/s\/files\/1\/1778\/6615\/files\/dfb097aa1998fe27ba440cd8201d8ece_1024x1024.gif?v=1666777246\" alt=\"\" \/><\/p>\n<h2>Ma\u0142y i wygodny w przenoszeniu<\/h2>\n<p>Cetus Lite ma niewielkie rozmiary i ultralekk\u0105 wag\u0119. U\u017cytkownicy mog\u0105 wygodnie w\u0142o\u017cy\u0107 go do kieszeni lub torby. Ten ma\u0142y quadkopter nie potrzebuje du\u017co miejsca do postawienia. Dzi\u0119ki niewielkim rozmiarom quadkopter mo\u017ce z \u0142atwo\u015bci\u0105 wykonywa\u0107 loty na zewn\u0105trz, a jednocze\u015bnie zwinnie lata\u0107 w ciasnych przestrzeniach wewn\u0119trznych.<\/p>\n<p><img decoding=\"async\" src=\"https:\/\/cdn.shopifycdn.net\/s\/files\/1\/1778\/6615\/files\/952afef956f9f5912ba5d9d81107abe2_a278619b-0a45-4acc-a448-c41555050e1d_1024x1024.jpg?v=1666777052\" alt=\"\" \/><\/p>\n<p>&nbsp;<\/p>\n<p><img decoding=\"async\" src=\"https:\/\/cdn.shopifycdn.net\/s\/files\/1\/1778\/6615\/files\/FB_8c11d1a6-a44b-4418-b52f-b3ced106292c_1024x1024.jpg?v=1666866914\" alt=\"\" \/><\/p>\n<p>Dwie r\u00f3\u017cne\u00a0 ko\u0144c\u00f3wki dr\u0105\u017ck\u00f3w dla opcjonalnych styl\u00f3w chwytu. LiteRadio 1 jest dostarczane z ko\u0144c\u00f3wkami do dr\u0105\u017ck\u00f3w i dodatkowymi ko\u0144c\u00f3wkami do szczypiec w opakowaniu. U\u017cytkownicy mog\u0105 wybra\u0107 style uchwyt\u00f3w, kt\u00f3re im si\u0119 podobaj\u0105.<\/p>\n<p><img decoding=\"async\" src=\"https:\/\/cdn.shopifycdn.net\/s\/files\/1\/1778\/6615\/files\/6425ac9404b0b33bff6b3266a47ac0c4_6536707b-c6f2-43b4-8d61-944f601524ca_600x600.jpg?v=1666867493\" alt=\"\" \/><\/p>\n<p>&nbsp;<\/p>\n<h2>Pr\u0119dko\u015b\u0107 pod kontrol\u0105 pilota<\/h2>\n<p>Nowy w \u015bwiecie FPV? Cetus Lite ma wolne i szybkie tryby pr\u0119dko\u015bci, kt\u00f3re mo\u017cna zmienia\u0107 na nadajniku radiowym. U\u017cytkownicy mog\u0105 stopniowo doskonali\u0107 swoje umiej\u0119tno\u015bci latania i robi\u0107 post\u0119py z dnia na dzie\u0144.<\/p>\n<p><img decoding=\"async\" src=\"https:\/\/cdn.shopifycdn.net\/s\/files\/1\/1778\/6615\/files\/794ed017382cf07ce87f0e5d22eca8c5_aea56d74-830f-4918-bcac-eda02921dac4_1024x1024.jpg?v=1666777117\" alt=\"\" \/><\/p>\n<p>&nbsp;<\/p>\n<h2>FPV Simulator<\/h2>\n<div class=\"video-wrapper\"><iframe loading=\"lazy\" title=\"BETAFPV Cetus Pro Drone | Collaboration with Liftoff: Micro Drones!\" src=\"https:\/\/www.youtube.com\/embed\/7EWEoPcD6wA\" width=\"1280\" height=\"720\" frameborder=\"0\" allowfullscreen=\"allowfullscreen\" data-mce-fragment=\"1\"><\/iframe><\/div>\n<h2><\/h2>\n<p>&nbsp;<\/p>\n<h2>Specification<\/h2>\n<ul>\n<li>Height\u00a0Positioning:\u00a0Barometer<\/li>\n<li>Accuracy\u00a0of Auto-hover:\u00a0vertical\u00a0\u00b10.3m\u00a0(under\u00a0no\u00a0wind\u00a0environment)<\/li>\n<li>Receiver Protocol:\u00a0Frsky\u00a0D8<\/li>\n<li>Flight Controller: Cetus FC V3.0<\/li>\n<li>Transmitter:\u00a0LiteRadio 1 Radio Transmitter<\/li>\n<li>Motor:\u00a0716-19000KV\u00a0Brushed\u00a0motor<\/li>\n<li>Propeller:\u00a031mm\u00a04-blade\u00a00.8mm\u00a0shaft\u00a0hole<\/li>\n<li>Takeoff Weight: 34g (Cetus Lite with battery)<\/li>\n<li>Size: 90*85*45mm<\/li>\n<li>Power System: 1S<\/li>\n<li>Battery:\u00a0BT2.0\u00a0300mAh\u00a01S\u00a0Battery\u00a0(external)<\/li>\n<li>Flight Time:\u00a04-5 mins<\/li>\n<li>Flight Distance:\u00a080m\u00a0(in a wide\u00a0&amp; interference-free environment)<\/li>\n<\/ul>\n<h2>Package<\/h2>\n<ul>\n<li>1 * Dron Cetus Lite<\/li>\n<li>1 * LiteRadio 1<\/li>\n<li>2 * BT2.0 300mAh 1S Bateria<\/li>\n<li>1 * BT2.0 \u0141adowarka i tester napi\u0119cia<\/li>\n<li>1 * USB Kabel typu C<\/li>\n<li>1 * Adapter typu C<\/li>\n<li>1 * Narz\u0119dzia do zdejmowania \u015bmigie\u0142<\/li>\n<li>4 * 31mm 4-Blade \u015amig\u0142a<\/li>\n<li>1 * 716 CW Silnik<\/li>\n<li>1 * 716 CCW Silnik<\/li>\n<\/ul>\n<p>&nbsp;<\/p>","protected":false},"excerpt":{"rendered":"<p><strong>Zestaw Cetus Lite Kit zawiera tylko drona i radio!<\/strong><\/p>","protected":false},"featured_media":7914,"template":"","meta":[],"product_cat":[22,30],"product_tag":[],"jetpack_sharing_enabled":true,"_links":{"self":[{"href":"https:\/\/xorr.pl\/en\/wp-json\/wp\/v2\/product\/7909"}],"collection":[{"href":"https:\/\/xorr.pl\/en\/wp-json\/wp\/v2\/product"}],"about":[{"href":"https:\/\/xorr.pl\/en\/wp-json\/wp\/v2\/types\/product"}],"wp:featuredmedia":[{"embeddable":true,"href":"https:\/\/xorr.pl\/en\/wp-json\/wp\/v2\/media\/7914"}],"wp:attachment":[{"href":"https:\/\/xorr.pl\/en\/wp-json\/wp\/v2\/media?parent=7909"}],"wp:term":[{"taxonomy":"product_cat","embeddable":true,"href":"https:\/\/xorr.pl\/en\/wp-json\/wp\/v2\/product_cat?post=7909"},{"taxonomy":"product_tag","embeddable":true,"href":"https:\/\/xorr.pl\/en\/wp-json\/wp\/v2\/product_tag?post=7909"}],"curies":[{"name":"wp","href":"https:\/\/api.w.org\/{rel}","templated":true}]}}