{"id":7925,"date":"2022-12-20T09:50:06","date_gmt":"2022-12-20T08:50:06","guid":{"rendered":"https:\/\/xorr.pl\/?post_type=product&#038;p=7925"},"modified":"2023-05-25T13:25:56","modified_gmt":"2023-05-25T11:25:56","slug":"dron-meteor-75-2022-v","status":"publish","type":"product","link":"https:\/\/xorr.pl\/en\/product\/dron-meteor-75-2022-v\/","title":{"rendered":"Dron Meteor 75 (2022 v.)"},"content":{"rendered":"<p>Chcesz 1S whoop na zewn\u0105trz, wok\u00f3\u0142 domu i podw\u00f3rka? Meteor75 Brushless Whoop Quadcopter by\u0142by najlepszym wyborem! Ten\u00a0 Whoop jest wyposa\u017cony w ultralekki F4 1S 5A FC (2022), obs\u0142uguj\u0105cy szeregowe ExpressLRS 2.4G, Frsky lub TBS RX. Nowa budowa o specjalnym stylu i wysokiej jako\u015bci kamera C03 FPV w po\u0142\u0105czeniu z silnikami 0802SE 19500KV sprawiaj\u0105, \u017ce jest idealnie wywa\u017cony we wszystkich obszarach wydajno\u015bci.<\/p>\n<p><img decoding=\"async\" src=\"https:\/\/cdn.shopifycdn.net\/s\/files\/1\/1778\/6615\/files\/83629e3e107b9b3191a560ef0655f61b_d77f2b9c-9756-4ba6-a935-524169d114d9_1024x1024.jpg?v=1668069077\" alt=\"\" \/><\/p>\n<p>&nbsp;<\/p>\n<h2>Specification<\/h2>\n<ul>\n<li>Item:\u00a0Meteor75 Brushless Whoop Quadcopter (2022)<\/li>\n<li>FC&amp;ESC:\u00a0F4 1S 5A FC (Serial ELRS 2.4G)\/F4 1S 5A FC (SPI Frsky)<\/li>\n<li>Frame:\u00a0Meteor75 Frame<\/li>\n<li>Motors:\u00a00802SE 19500KV Motor<\/li>\n<li>Props:\u00a040mm 2-Blade Propellers (1.0mm Shaft)<\/li>\n<li>Camera:\u00a0C03 FPV Camera<\/li>\n<li>Tilt: 30\u00b0 (default)\/20\u00b0 (optional)<\/li>\n<li>Canopy:\u00a0Canopy for Micro Camera 2022 version<\/li>\n<li>Receiver Option: ELRS2.4G, Frsky\/PNP, TBS Crossfire<\/li>\n<li>VTX:\u00a0M03 25-350mW VTX<\/li>\n<li>Battery:\u00a0BT2.0 450mAh 1S 30C Battery<\/li>\n<li>Flight time:\u00a06 mins (stable flying) \/ 4.5 mins (acro flying)<\/li>\n<li>Weight: 24.98g<\/li>\n<\/ul>\n<h2>Seria Meteor\u00f3w BetaFPV<\/h2>\n<p>Jest to nowa wersja Meteor75 Analog VTX z now\u0105 mikro czasz\u0105, wbudowanym szeregowym ExpressLRS 2.4G zamiast SPI ERLS 2.4G oraz now\u0105 kamer\u0105 C03 FPV, kt\u00f3ra zapewnia wysokiej jako\u015bci i wyra\u017any obraz. Dla pilot\u00f3w, kt\u00f3rzy chc\u0105 lata\u0107 dronem 1S HD whoop, cyfrowy VTX Meteor75 HD to dobry wyb\u00f3r.<\/p>\n<div class=\"table-wrapper\">\n<table width=\"100%\">\n<tbody>\n<tr>\n<td><\/td>\n<td>Meteor75 (2022)<\/td>\n<td>Meteor75 (2021)<\/td>\n<td>Meteor75 1S HD<\/td>\n<\/tr>\n<tr>\n<td>FC&amp;ESC<\/td>\n<td>F4 1S 5A FC (2022)<\/td>\n<td>F4 1S 5A FC<\/td>\n<td>F4 1S 5A FC (2022)<\/td>\n<\/tr>\n<tr>\n<td>RX<\/td>\n<td>Serial ELRS 2.4G, SPI Frsky\/PNP, TBS<\/td>\n<td>SPI ELRS2.4G, SPI Frsky, TBS<\/td>\n<td>Serial ELRS 2.4G, SPI Frsky\/PNP, TBS<\/td>\n<\/tr>\n<tr>\n<td>Camera<\/td>\n<td>C03 FPV Camera<\/td>\n<td>C02 FPV Camera<\/td>\n<td>Walksnail Camera or HDZero Camera<\/td>\n<\/tr>\n<tr>\n<td>VTX<\/td>\n<td><a href=\"https:\/\/betafpv.com\/collections\/expresslrs-series\/products\/m03-25-350mw-5-8g-vtx\">M03 Analog VTX<\/a><\/td>\n<td>M03 Analog VTX<\/td>\n<td>Walksnail Avatar Mini HD VTX or HDZero Whoop Lite Bundle<\/td>\n<\/tr>\n<tr>\n<td>Motors<\/td>\n<td>0802SE 19500KV Motor<\/td>\n<td>1102 18000KV Motor\u00a0or\u00a00802SE 19500KV Motor\u00a0(ELRS)<\/td>\n<td>1102 18000KV Motor<\/td>\n<\/tr>\n<tr>\n<td>Props<\/td>\n<td><a href=\"https:\/\/betafpv.com\/products\/gemfan-40mm-2-blade-propellers-1-0mm-shaft-4pcs\">40mm 2-blade<\/a><\/td>\n<td>40mm 3-blade or 40mm 2-blade<\/td>\n<td>40mm 3-blade<\/td>\n<\/tr>\n<tr>\n<td>Canopy<\/td>\n<td>New Micro Canopy (2022)<\/td>\n<td>Micro Canopy<\/td>\n<td>Micro Canopy for HD Camera<\/td>\n<\/tr>\n<tr>\n<td>Tilt<\/td>\n<td>20\u00b0 or 30\u00b0<\/td>\n<td>30\u00b0<\/td>\n<td>0-45\u00b0<\/td>\n<\/tr>\n<tr>\n<td>Flight time<\/td>\n<td>6 mins (stable flying)<\/td>\n<td>3-4 mins<\/td>\n<td>3.5 mins (HDZero) or 3 mins (Walksnail)<\/td>\n<\/tr>\n<\/tbody>\n<\/table>\n<\/div>\n<p>&nbsp;<\/p>\n<p><em><img decoding=\"async\" src=\"https:\/\/cdn.shopifycdn.net\/s\/files\/1\/1778\/6615\/files\/f9453e6a41e032de92847c0f59838e68_1024x1024.jpg?v=1667979110\" alt=\"\" \/><\/em><\/p>\n<h2>BT2.0 Connector<\/h2>\n<p>Zaprojektowane wy\u0142\u0105cznie przez BETAFPV z\u0142\u0105cze BT2.0 prze\u0142ama\u0142o w\u0105skie gard\u0142o z\u0142\u0105cza PH2.0. Istnieje wykres por\u00f3wnania baterii 1S 450mAh ze z\u0142\u0105czem BT2.0 i baterii Emax 1S 450mAh. W tym te\u015bcie pr\u0105d roz\u0142adowania wynosi 11 A. Wida\u0107 by\u0142o, \u017ce ma d\u0142u\u017cszy czas i popraw\u0119 spadku napi\u0119cia ze z\u0142\u0105czem BT2.0, co zapewnia lepsz\u0105 wydajno\u015b\u0107 lotu.<\/p>\n<h2><img decoding=\"async\" src=\"https:\/\/cdn.shopify.com\/s\/files\/1\/1778\/6615\/files\/1_5700e561-20d4-4568-9ba9-93a7e6effe83_1024x1024.jpg?v=1575712569\" \/><\/h2>\n<h2>FC<\/h2>\n<p>Najnowsze kontrolery lotu F4 1S 5A s\u0105 stosowane we wszystkich wersjach BNF Meteor75. Posiada Serial ELRS 2.4G zamiast SPI ELRS 2.4G dla wersji ELRS w por\u00f3wnaniu do poprzedniej wersji. Wersja Frsky rezerwuje dwa porty UART dla dost\u0119pnego zewn\u0119trznego odbiornika, dzi\u0119ki czemu mo\u017ce by\u0107 u\u017cywana jako PNP i mo\u017ce by\u0107 prze\u0142\u0105czona na protok\u00f3\u0142 Futaba SFHSS za pomoc\u0105 konfiguratora Betaflight. ESC na nowej p\u0142ycie zasilanej przez sprz\u0119t BB51 zamiast BB21 jest dostarczany z oprogramowaniem uk\u0142adowym Bluejay 96k ESC, dzi\u0119ki czemu silniki 0802SE 19500KV w pe\u0142ni wykorzystuj\u0105 wydajno\u015b\u0107 zasilania. Aktualizujemy \u017cyroskop do BOSH BMI270, aby uzyska\u0107 lepsz\u0105 wydajno\u015b\u0107 i stabilno\u015b\u0107 od czasu nowego F4 1S 5A FC.<\/p>\n<div class=\"table-wrapper\">\n<table width=\"100%\">\n<tbody>\n<tr>\n<td style=\"width: 20%;\"><\/td>\n<td style=\"width: 40%;\">Meteor75 (ELRS)<\/td>\n<td style=\"width: 40%;\">Meteor75 (Frsky, PNP, TBS)<\/td>\n<\/tr>\n<tr>\n<td style=\"width: 20%;\">FC Inside<\/td>\n<td style=\"width: 40%;\">F4 1S 5A FC (Serial ELRS 2.4G)<\/td>\n<td style=\"width: 40%;\">F4 1S 5A FC (SPI Frsky)<\/td>\n<\/tr>\n<tr>\n<td style=\"width: 20%;\">Gyro<\/td>\n<td style=\"width: 40%;\">BMI270<\/td>\n<td style=\"width: 40%;\">BMI270<\/td>\n<\/tr>\n<tr>\n<td style=\"width: 20%;\">FC Firmware<\/td>\n<td style=\"width: 40%;\">BETAFPVF411<\/td>\n<td style=\"width: 40%;\">BETAFPVF411RX<\/td>\n<\/tr>\n<tr>\n<td style=\"width: 20%;\">UART Port<\/td>\n<td style=\"width: 40%;\">One UART Port<\/td>\n<td style=\"width: 40%;\">Two UART Ports<\/td>\n<\/tr>\n<tr>\n<td style=\"width: 20%;\">External RX<\/td>\n<td style=\"width: 40%;\">Not Supported<\/td>\n<td style=\"width: 40%;\">Supported<\/td>\n<\/tr>\n<\/tbody>\n<\/table>\n<\/div>\n<p class=\"table-wrapper\"><em><img decoding=\"async\" src=\"https:\/\/cdn.shopifycdn.net\/s\/files\/1\/1778\/6615\/files\/FB1_af81842b-376f-4959-be35-b0a5e9ad01f0_1024x1024.jpg?v=1667979356\" alt=\"\" \/><\/em><\/p>\n<h2>C03 Camera<\/h2>\n<p>C03 FPV Micro Camera to ultralekka waga 1,52 g i \u015bwietna kamera do mikro quadkopter\u00f3w FPV w pomieszczeniach. Charakteryzuje si\u0119 rozdzielczo\u015bci\u0105 1200 linii TV z czujnikiem CMOS 1\/3&#8243;, obiektywem 2,1 mm zapewniaj\u0105cym pole widzenia 160\u00b0 i doskona\u0142ym op\u00f3\u017anieniem, co zapewnia wysokiej jako\u015bci, wyra\u017any i ostrzejszy obraz w goglach.<\/p>\n<p><img decoding=\"async\" src=\"https:\/\/cdn.shopifycdn.net\/s\/files\/1\/1778\/6615\/files\/C03_09ca715d-6f51-4be8-a811-fd26d00105c3_1024x1024.jpg?v=1667990700\" alt=\"\" \/><\/p>\n<h2>Motors<\/h2>\n<p>0802SE 19500KV Motor motor is a lightweight 1S motor, compared with the 0802 series brushless motors, it is not only significantly reduced the weight which is only 1.88g\/pc but also ensures excellent performance of power and thrust. It makes the perfect dynamic balance, which gives the drone more flexibility and longer flying time.<\/p>\n<p><img decoding=\"async\" src=\"https:\/\/cdn.shopifycdn.net\/s\/files\/1\/1778\/6615\/files\/FB_a4c368d5-9585-4b65-8975-f73603c23b60_1024x1024.jpg?v=1666348002\" \/><\/p>\n<h2>Frame<\/h2>\n<p>Ta ultralekka rama wa\u017cy tylko 5,68 g i jest wystarczaj\u0105co wytrzyma\u0142a. Gniazdo baterii znajduje si\u0119 bli\u017cej \u015brodka ci\u0119\u017cko\u015bci, co zapewnia p\u0142ynniejszy lot, a wyl\u0105dujesz na \u015brubach silnika zamiast na baterii. BETAFPV oferuje r\u00f3\u017cne kolory ramek Meteor75 jako opcje, u\u0142atwiaj\u0105c majsterkowanie.<\/p>\n<p><img decoding=\"async\" src=\"https:\/\/cdn.shopifycdn.net\/s\/files\/1\/1778\/6615\/files\/d2e1b9aec379546f426ce88c187b9234_6bdf2441-a97e-4682-bb92-d4dbc82408e8_1024x1024.jpg?v=1668069173\" alt=\"\" \/><\/p>\n<p>&nbsp;<\/p>\n<h2>Package<\/h2>\n<ul>\n<li>1 * Dron Meteor75<\/li>\n<li>2 * 450mAh 1S 30C Bateria<\/li>\n<li>1 * BT2.0\u00a0 \u0141adowarka i tester napi\u0119cia<\/li>\n<li>1 * Kabel USB typu C<\/li>\n<li>1 * Customized Carry Case<\/li>\n<li>1 * \u015amig\u0142a 40mm 2-Blade props (1.0mm Shaft)<\/li>\n<li>1 * Screwdriver<\/li>\n<\/ul>\n<p><img decoding=\"async\" src=\"https:\/\/cdn.shopifycdn.net\/s\/files\/1\/1778\/6615\/files\/75_d611ac15-270c-4035-8ec4-41a4b56f592c_600x600.jpg?v=1667899038\" alt=\"\" \/><\/p>","protected":false},"excerpt":{"rendered":"<p>Chcesz 1S whoop na zewn\u0105trz, wok\u00f3\u0142 domu i podw\u00f3rka? Meteor75 Brushless Whoop Quadcopter by\u0142by najlepszym wyborem! Ten\u00a0 Whoop jest wyposa\u017cony w ultralekki F4 1S 5A FC (2022), obs\u0142uguj\u0105cy szeregowe ExpressLRS 2.4G, Frsky lub TBS RX. Nowa budowa o specjalnym stylu i wysokiej jako\u015bci kamera C03 FPV w po\u0142\u0105czeniu z silnikami 0802SE 19500KV sprawiaj\u0105, \u017ce jest [&hellip;]<\/p>","protected":false},"featured_media":7962,"template":"","meta":[],"product_cat":[22,30],"product_tag":[],"jetpack_sharing_enabled":true,"_links":{"self":[{"href":"https:\/\/xorr.pl\/en\/wp-json\/wp\/v2\/product\/7925"}],"collection":[{"href":"https:\/\/xorr.pl\/en\/wp-json\/wp\/v2\/product"}],"about":[{"href":"https:\/\/xorr.pl\/en\/wp-json\/wp\/v2\/types\/product"}],"wp:featuredmedia":[{"embeddable":true,"href":"https:\/\/xorr.pl\/en\/wp-json\/wp\/v2\/media\/7962"}],"wp:attachment":[{"href":"https:\/\/xorr.pl\/en\/wp-json\/wp\/v2\/media?parent=7925"}],"wp:term":[{"taxonomy":"product_cat","embeddable":true,"href":"https:\/\/xorr.pl\/en\/wp-json\/wp\/v2\/product_cat?post=7925"},{"taxonomy":"product_tag","embeddable":true,"href":"https:\/\/xorr.pl\/en\/wp-json\/wp\/v2\/product_tag?post=7925"}],"curies":[{"name":"wp","href":"https:\/\/api.w.org\/{rel}","templated":true}]}}