{"id":7932,"date":"2022-12-20T09:59:03","date_gmt":"2022-12-20T08:59:03","guid":{"rendered":"https:\/\/xorr.pl\/?post_type=product&#038;p=7932"},"modified":"2024-02-28T15:15:21","modified_gmt":"2024-02-28T14:15:21","slug":"dron-meteor75-hdzero-elrs","status":"publish","type":"product","link":"https:\/\/xorr.pl\/en\/product\/dron-meteor75-hdzero-elrs\/","title":{"rendered":"Dron Meteor75 HDZero ELRS"},"content":{"rendered":"<p>Wkrocz do \u015bwiata HD z quadkopterem 1S whoop! Klasyczny bezszczotkowy Quadcopter Meteor75 Whoop jest dostarczany z zestawem Walksnail Avatar Mini HD VTX lub HDZero Whoop Lite, kt\u00f3ry zapewnia rzucaj\u0105ce si\u0119 w oczy obrazy i wyj\u0105tkowe efekty wizualne oraz rejestruje szczeg\u00f3\u0142y, kt\u00f3re sprawiaj\u0105, \u017ce materia\u0142 filmowy wygl\u0105da tak samo ekscytuj\u0105co jak lot. Wraz z silnikami 1102 18000KV, kt\u00f3re charakteryzuj\u0105 si\u0119 silnym nap\u0119dem, daje pilotom pot\u0119\u017cne i imponuj\u0105ce wyniki. Ciesz si\u0119 wci\u0105gaj\u0105cymi wra\u017ceniami z lotu i r\u00f3b doskona\u0142e zdj\u0119cia dzi\u0119ki nowemu systemowi HD VTX w pomieszczeniach i na zewn\u0105trz.<\/p>\n<p>Kamera HDZero Nano Lite zosta\u0142a zaprojektowana z my\u015bl\u0105 o lekkich dronach, w kt\u00f3rych liczy si\u0119 ka\u017cdy gram. Przy masie zaledwie 1,5 g, w po\u0142\u0105czeniu z nowym Whoop Lite VTX o wadze 4,5 g z anten\u0105 dipolow\u0105 0,4 g, umo\u017cliwia stworzenie pierwszego na \u015bwiecie produkcyjnego cyfrowego rozwi\u0105zania FPV o masie oko\u0142o 7 g. Zestaw HDZero Whoop lite obs\u0142uguje wej\u015bcie zasilania 1-3S z moc\u0105 RF 25mW\/200mW i jest w stanie nagrywa\u0107 w 720P\/60FPS z bardzo niskim op\u00f3\u017anieniem poni\u017cej 19ms. Co wi\u0119cej, piloci mog\u0105 aktywowa\u0107 i konfigurowa\u0107 jego funkcj\u0119 OSD w Betaflight Configurator.<\/p>\n<p><img decoding=\"async\" src=\"https:\/\/cdn.shopify.com\/s\/files\/1\/1778\/6615\/files\/FB_b1ea5525-5645-44c0-8d61-d179d38e945c_1024x1024.jpg?v=1663208152\" alt=\"\" \/><\/p>\n<h2>Specification<\/h2>\n<ul>\n<li>Item:\u00a0Meteor75 Brushless Whoop Quadcopter\u00a0(1S HD Digital VTX)<\/li>\n<li>Flight Time: 3.5 mins (HDZero)\/3 mins (Walksnail)<\/li>\n<li>Camera Adjustable Angle: 0-45\u00b0<\/li>\n<li>Motors:\u00a01102 18000KV Motor<\/li>\n<li>Battery:\u00a0BT2.0 450mAh 1S 30C Battery<\/li>\n<li>Frame:\u00a0Meteor75 Micro Brushless Whoop Frame<\/li>\n<li>Propellers:\u00a040mm 3-Blade Propellers (1.5mm Shaft)<\/li>\n<li>Weight Without Battery: 40.5g (Walksnail)\/36.4g (HDZero)<\/li>\n<li>Receiver: Serial ELRS 2.4G\/SPI Frsky\/TBS<\/li>\n<li>FC&amp;ESC:\u00a0F4 1S 5A FC (Serial ELRS 2.4G) V2.0\/F4 1S 5A FC (SPI Frsky) V3.0<\/li>\n<li>VTX Power Output: 350mW (Walksnail), 25mW\/200mW (HDZero)<\/li>\n<li>VTX: 1S Walksnail Avatar Mini HD VTX\/HDZero Whoop Lite Bundle<\/li>\n<li>Camera: Wanlksnail Avatar Nano Camera\/HDZero Nano Lite Camera<\/li>\n<\/ul>\n<h2><\/h2>\n<p>Micro Canopy do kamery HD jest specjalnie zaprojektowany, aby by\u0142 zgodny z cyfrowym VTX Walksnail lub HDZero HD i ma regulowany obiektyw kamery w zakresie 0-45\u00b0. Dzi\u0119ki technice formowania wtryskowego czasza jest bardzo trwa\u0142a i elastyczna, dzi\u0119ki czemu jest odporna na zderzenia. Poza tym wydr\u0105\u017cona konstrukcja nie tylko zmniejsza wp\u0142yw ciep\u0142a na cz\u0119\u015bci elektroniczne, ale tak\u017ce jest dost\u0119pna do uzbrojenia w przygotowane przez nas elementy dekoracyjne.<\/p>\n<p><img decoding=\"async\" src=\"https:\/\/cdn.shopify.com\/s\/files\/1\/1778\/6615\/files\/FB_ff6a05a2-72b0-483f-9edd-131c19e6567c_1024x1024.jpg?v=1662630166\" alt=\"\" \/><\/p>\n<h2>Nowe silniki<\/h2>\n<p>Silniki 1102 18000KV maj\u0105 doskona\u0142\u0105 r\u00f3wnowag\u0119 mi\u0119dzy mas\u0105 a moc\u0105 w dronach 75mm 1S whoop. Tylko 2,9 g ze z\u0142\u0105czami. Dzi\u0119ki wysokiemu napi\u0119ciu 18000KV mo\u017ce mie\u0107 du\u017c\u0105 moc uderzenia, nawet z bateri\u0105 tylko 1S. Ponadto przyjmuje z\u0142\u0105cze PCB, aby u\u0142atwi\u0107 napraw\u0119 po od\u0142\u0105czeniu kabli.<\/p>\n<p><img decoding=\"async\" src=\"https:\/\/cdn.shopify.com\/s\/files\/1\/1778\/6615\/files\/FB_9f4cf7c0-4198-43b3-81cb-c989b22c747e_1024x1024.jpg?v=1662719885\" alt=\"\" \/><\/p>\n<h2>FC<\/h2>\n<p>Najnowsze kontrolery lotu F4 1S 5A s\u0105 stosowane we wszystkich wersjach BNF Meteor75 HD. Posiada Serial ELRS 2.4G zamiast SPI ELRS 2.4G dla wersji ELRS w por\u00f3wnaniu do poprzedniej wersji. Wersja Frsky rezerwuje dwa porty UART dla dost\u0119pnego zewn\u0119trznego odbiornika, dzi\u0119ki czemu mo\u017ce by\u0107 u\u017cywana jako PNP. ESC na nowej p\u0142ycie jest zasilany przez sprz\u0119t BB51 zamiast BB21. Na koniec aktualizujemy \u017cyroskop do BOSH BMI270, aby uzyska\u0107 lepsz\u0105 wydajno\u015b\u0107 i stabilno\u015b\u0107 od czasu nowego F4 1S 5A FC.<\/p>\n<div class=\"table-wrapper\">\n<table width=\"100%\">\n<tbody>\n<tr>\n<td style=\"width: 20%;\"><\/td>\n<td style=\"width: 40%;\">Meteor75 HD (ELRS)<\/td>\n<td style=\"width: 40%;\">Meteor75 HD (Frsky, PNP, TBS)<\/td>\n<\/tr>\n<tr>\n<td style=\"width: 20%;\">FC Inside<\/td>\n<td style=\"width: 40%;\">F4 1S 5A FC (Serial ELRS 2.4G) V2.0<\/td>\n<td style=\"width: 40%;\">F4 1S 5A FC (SPI Frsky) V3.0<\/td>\n<\/tr>\n<tr>\n<td style=\"width: 20%;\">Gyro<\/td>\n<td style=\"width: 40%;\">BMI270<\/td>\n<td style=\"width: 40%;\">BMI270<\/td>\n<\/tr>\n<tr>\n<td style=\"width: 20%;\">FC Firmware<\/td>\n<td style=\"width: 40%;\">BETAFPVF411<\/td>\n<td style=\"width: 40%;\">BETAFPVF411RX<\/td>\n<\/tr>\n<tr>\n<td style=\"width: 20%;\">UART Port<\/td>\n<td style=\"width: 40%;\">One UART Port<\/td>\n<td style=\"width: 40%;\">Two UART Ports<\/td>\n<\/tr>\n<tr>\n<td style=\"width: 20%;\">External RX<\/td>\n<td style=\"width: 40%;\">Not Supported<\/td>\n<td style=\"width: 40%;\">Supported<\/td>\n<\/tr>\n<\/tbody>\n<\/table>\n<\/div>\n<p>&nbsp;<\/p>\n<h2>Package<\/h2>\n<ul>\n<li>1 * Dron Meteor75 Brushless (HDZero HD Digital VTX)<\/li>\n<li>2 * 450mAh 1S 30C Bateria<\/li>\n<li>1 * Kabel USB typu C<\/li>\n<li>1 * BT2.0 \u0142adowarka + tester napi\u0119cia<\/li>\n<li>4 * \u015amig\u0142a 40mm 3-Blade\u00a0 (1.5mm Shaft)<\/li>\n<li>1 * Screwdriver<\/li>\n<li>1 * HDZero VTX USB Kabel<\/li>\n<\/ul>\n<p>&nbsp;<\/p>\n<p><img decoding=\"async\" src=\"https:\/\/cdn.shopify.com\/s\/files\/1\/1778\/6615\/files\/36911c0904db1d481a24384dac5a57ea_6a3894ed-81e7-4865-9138-f29c94d98de6_600x600.jpg?v=1662445730\" alt=\"\" \/><\/p>","protected":false},"excerpt":{"rendered":"<p>Wkrocz do \u015bwiata HD z quadkopterem 1S whoop! Klasyczny bezszczotkowy Quadcopter Meteor75 Whoop jest dostarczany z zestawem Walksnail Avatar Mini HD VTX lub HDZero Whoop Lite, kt\u00f3ry zapewnia rzucaj\u0105ce si\u0119 w oczy obrazy i wyj\u0105tkowe efekty wizualne oraz rejestruje szczeg\u00f3\u0142y, kt\u00f3re sprawiaj\u0105, \u017ce materia\u0142 filmowy wygl\u0105da tak samo ekscytuj\u0105co jak lot. Wraz z silnikami 1102 [&hellip;]<\/p>","protected":false},"featured_media":7933,"template":"","meta":[],"product_cat":[22,30],"product_tag":[],"jetpack_sharing_enabled":true,"_links":{"self":[{"href":"https:\/\/xorr.pl\/en\/wp-json\/wp\/v2\/product\/7932"}],"collection":[{"href":"https:\/\/xorr.pl\/en\/wp-json\/wp\/v2\/product"}],"about":[{"href":"https:\/\/xorr.pl\/en\/wp-json\/wp\/v2\/types\/product"}],"wp:featuredmedia":[{"embeddable":true,"href":"https:\/\/xorr.pl\/en\/wp-json\/wp\/v2\/media\/7933"}],"wp:attachment":[{"href":"https:\/\/xorr.pl\/en\/wp-json\/wp\/v2\/media?parent=7932"}],"wp:term":[{"taxonomy":"product_cat","embeddable":true,"href":"https:\/\/xorr.pl\/en\/wp-json\/wp\/v2\/product_cat?post=7932"},{"taxonomy":"product_tag","embeddable":true,"href":"https:\/\/xorr.pl\/en\/wp-json\/wp\/v2\/product_tag?post=7932"}],"curies":[{"name":"wp","href":"https:\/\/api.w.org\/{rel}","templated":true}]}}