{"id":7939,"date":"2022-12-20T10:10:04","date_gmt":"2022-12-20T09:10:04","guid":{"rendered":"https:\/\/xorr.pl\/?post_type=product&#038;p=7939"},"modified":"2023-06-19T11:02:51","modified_gmt":"2023-06-19T09:02:51","slug":"rama-cetus-x","status":"publish","type":"product","link":"https:\/\/xorr.pl\/en\/product\/rama-cetus-x\/","title":{"rendered":"Rama Cetus X"},"content":{"rendered":"<p>Link do drona: https:\/\/xorr.pl\/produkt\/dron-betafpv-cetus-x-elrs\/<\/p>\n<p>Bezszczotkowa rama whoop Cetus X jest ju\u017c dost\u0119pna w sprzeda\u017cy! Jest to oryginalna rama zamienna do bezszczotkowego quadkoptera Cetus X i zestawu Cetus X FPV. Dobrym wyborem b\u0119dzie zakup go razem z dronem na zapas.<\/p>\n<p><img decoding=\"async\" src=\"https:\/\/cdn.shopifycdn.net\/s\/files\/1\/1778\/6615\/files\/FB_23fbbe94-4160-4ba6-aa54-581526b8fd3c_1024x1024.jpg?v=1665742036\" alt=\"\" \/><\/p>\n<h2>Cetus X<\/h2>\n<p>Bezszczotkowy Quadcopter Cetus X to dron z nap\u0119dem elektrycznym 2S i podstawowy wyb\u00f3r dla pocz\u0105tkuj\u0105cych, kt\u00f3rzy chc\u0105 zdoby\u0107 zaawansowane umiej\u0119tno\u015bci latania. Wyposa\u017cony jest w mocniejszy uk\u0142ad nap\u0119dowy dla szybszego i bardziej gwa\u0142townego lotu, kt\u00f3ry jest w stanie wykonywa\u0107 r\u00f3\u017cnorodne triki freestyle. Wyposa\u017cony w kamer\u0119 M04 400mW VTX i C04 FPV zoptymalizowan\u0105 pod k\u0105tem d\u0142u\u017cszej transmisji radiowej i wideo. Tymczasem obs\u0142uguje konfigurator Betaflight, kt\u00f3ry jest popularn\u0105 aplikacj\u0105 do konfigurowania samolot\u00f3w RC.<\/p>\n<p>&nbsp;<\/p>\n<p><img decoding=\"async\" src=\"https:\/\/cdn.shopifycdn.net\/s\/files\/1\/1778\/6615\/files\/2fcff80837b53a294056d927199f8372_1024x1024.jpg?v=1660207637\" \/><\/p>\n<p>&nbsp;<\/p>\n<h2>Specification<\/h2>\n<ul>\n<li>Item: Cetus X Brushless Whoop Frame<\/li>\n<li>Material: PA12<\/li>\n<li>Size: 94.75mm<\/li>\n<li>Weight: 24.22g<\/li>\n<li>Color: White<\/li>\n<li>Motor mounting hole: \u03c62.00mm<\/li>\n<\/ul>\n<p><img decoding=\"async\" src=\"https:\/\/cdn.shopifycdn.net\/s\/files\/1\/1778\/6615\/files\/8b465053d72bf33c227fa9eedfc2486b_50b6747d-fe28-4713-a0c0-8b12438b3e4e_600x600.jpg?v=1665742208\" alt=\"\" \/><\/p>\n<p>&nbsp;<\/p>\n<h2 class=\"p1\">Package<\/h2>\n<ul>\n<li>1 * Rama Cetus X<\/li>\n<\/ul>","protected":false},"excerpt":{"rendered":"<p>Link do drona: https:\/\/xorr.pl\/produkt\/dron-betafpv-cetus-x-elrs\/ Bezszczotkowa rama whoop Cetus X jest ju\u017c dost\u0119pna w sprzeda\u017cy! Jest to oryginalna rama zamienna do bezszczotkowego quadkoptera Cetus X i zestawu Cetus X FPV. Dobrym wyborem b\u0119dzie zakup go razem z dronem na zapas. Cetus X Bezszczotkowy Quadcopter Cetus X to dron z nap\u0119dem elektrycznym 2S i podstawowy wyb\u00f3r dla [&hellip;]<\/p>","protected":false},"featured_media":7940,"template":"","meta":[],"product_cat":[22,23,38],"product_tag":[],"jetpack_sharing_enabled":true,"_links":{"self":[{"href":"https:\/\/xorr.pl\/en\/wp-json\/wp\/v2\/product\/7939"}],"collection":[{"href":"https:\/\/xorr.pl\/en\/wp-json\/wp\/v2\/product"}],"about":[{"href":"https:\/\/xorr.pl\/en\/wp-json\/wp\/v2\/types\/product"}],"wp:featuredmedia":[{"embeddable":true,"href":"https:\/\/xorr.pl\/en\/wp-json\/wp\/v2\/media\/7940"}],"wp:attachment":[{"href":"https:\/\/xorr.pl\/en\/wp-json\/wp\/v2\/media?parent=7939"}],"wp:term":[{"taxonomy":"product_cat","embeddable":true,"href":"https:\/\/xorr.pl\/en\/wp-json\/wp\/v2\/product_cat?post=7939"},{"taxonomy":"product_tag","embeddable":true,"href":"https:\/\/xorr.pl\/en\/wp-json\/wp\/v2\/product_tag?post=7939"}],"curies":[{"name":"wp","href":"https:\/\/api.w.org\/{rel}","templated":true}]}}