{"id":7956,"date":"2022-12-20T10:48:19","date_gmt":"2022-12-20T09:48:19","guid":{"rendered":"https:\/\/xorr.pl\/?post_type=product&#038;p=7956"},"modified":"2024-03-11T19:54:46","modified_gmt":"2024-03-11T18:54:46","slug":"f411-4s-20a-toothpick-fc-v5-blheli_s-bmi270","status":"publish","type":"product","link":"https:\/\/xorr.pl\/en\/product\/f411-4s-20a-toothpick-fc-v5-blheli_s-bmi270\/","title":{"rendered":"F411 4S 20A Toothpick FC V5 BLHeli_S (BMI270)"},"content":{"rendered":"<p>Jako kontynuacja uk\u0142adu F411, p\u0142yta V5 FC zosta\u0142a zaktualizowana z p\u0142yty F4 20A V3 FC. Bezszczotkowy kontroler lotu F411 4S 20A V5 przyjmuje \u017cyroskop BMI270 zamiast MPU6000 na p\u0142ycie V3. Dzi\u0119ki dw\u00f3m zintegrowanym portom plug&amp;play dla odbiornika i cyfrowego VTX HD jest \u0142atwy w instalacji i wymaga mniej prac lutowniczych. Poza tym p\u0142yta jest solidn\u0105 warto\u015bci\u0105 dla trwa\u0142ego u\u017cytkowania dzi\u0119ki wysokiej jako\u015bci materia\u0142owi PCB i ulepszonemu procesowi produkcji.<\/p>\n<p><img decoding=\"async\" src=\"https:\/\/cdn.shopify.com\/s\/files\/1\/1778\/6615\/files\/FB_91ebc325-9867-473d-b154-de29f3a165a9_1024x1024.jpg?v=1662604141\" alt=\"\" \/><\/p>\n<h2>Specification<\/h2>\n<p>Flight Controller<\/p>\n<ul>\n<li>CPU: STM32F411CEU6 (100MHZ)<\/li>\n<li>Six-Axis:\u00a0BMI270 (SPI connection)<\/li>\n<li>Mounting Size:\u00a025.5*25.5mm\u00a0(M2 Anti-vibration rubber damper available)<\/li>\n<li>FC Firmware: betaflight_4.3.x_BETAFPVF411<\/li>\n<li>OSD: Built-in Betaflight OSD (OSD chip: AT7456E)<\/li>\n<li>Receiver: SBUS\/CRSF\/DSMX Receiver<\/li>\n<li>BEC: 5V 3A<\/li>\n<li>Built-in current sensor<\/li>\n<li>Weight: 8.15g<\/li>\n<\/ul>\n<p>ESC<\/p>\n<ul>\n<li>ESC Chip: SILABS EFM8BB21F16G-C<\/li>\n<li>Support D-shot150, D-shot300, D-shot600, Oneshot125, Multishot, PWM<\/li>\n<li>Input voltage: 2S-4S Lipo<\/li>\n<li>Continuous\u00a0current: 20A<\/li>\n<li>Peak current: 25A<\/li>\n<li>Firmware: G_H_20_REV16_7.HEX (Default BLHeli_S), BLUEJAY (Optional)<\/li>\n<\/ul>\n<p><img decoding=\"async\" src=\"https:\/\/cdn.shopify.com\/s\/files\/1\/1778\/6615\/files\/f7d7c897f798fc44c391847188c3ac79_3b9f9fb0-52e3-4066-9356-74f1b21486b7_480x480.jpg?v=1662375281\" alt=\"\" \/><\/p>\n<p>&nbsp;<\/p>\n<h2>Diagram\u00a0for Toothpick F411 4S 20A Brushless FC V5<\/h2>\n<p>The board integrates 3 LEDs, including the Power LED (Red), FC LED(Blue) and Receiver LED.<\/p>\n<p><img decoding=\"async\" src=\"https:\/\/cdn.shopify.com\/s\/files\/1\/1778\/6615\/files\/7df8688fa44fe97c4d178567042b1fe9_4e3d6d5f-f091-4966-b2d1-c094d6fc2d24_600x600.jpg?v=1662375009\" alt=\"\" \/><\/p>\n<div class=\"table-wrapper\">\n<table width=\"100%\">\n<tbody>\n<tr>\n<td style=\"width: 30%;\">Light status<\/td>\n<td style=\"width: 30%;\">Status<\/td>\n<td style=\"width: 40%;\">Opis<\/td>\n<\/tr>\n<tr>\n<td style=\"width: 30%;\">Power LED (czerwony)<\/td>\n<td style=\"width: 30%;\">Solid<\/td>\n<td style=\"width: 40%;\">W\u0142\u0105czony<\/td>\n<\/tr>\n<tr>\n<td style=\"width: 30%;\">FC LED (niebieski)<\/td>\n<td style=\"width: 30%;\">Flashing<\/td>\n<td style=\"width: 40%;\">Rozbrojony<\/td>\n<\/tr>\n<tr>\n<td style=\"width: 30%;\">FC LED (niebieski)<\/td>\n<td style=\"width: 30%;\">Solid<\/td>\n<td style=\"width: 40%;\">Uzbrojony<\/td>\n<\/tr>\n<tr>\n<td style=\"width: 30%;\">Receiver LED (pomara\u0144czowy)<\/td>\n<td style=\"width: 30%;\">Solid<\/td>\n<td style=\"width: 40%;\">Po\u0142\u0105czenie pomy\u015blne<\/td>\n<\/tr>\n<\/tbody>\n<\/table>\n<\/div>\n<h2 style=\"text-align: left;\">Pod\u0142\u0105czanie zewn\u0119trznego RX\/HD Digital VTX<\/h2>\n<p>F411 4S 20A FC V5 integruje port Plug &amp; Play dla zewn\u0119trznego RX i cyfrowego VTX HD, aw pakiecie b\u0119dzie 4-pinowe z\u0142\u0105cze dla RX i 6-pinowe z\u0142\u0105cze dla cyfrowego VTX HD. Dlatego gor\u0105co zalecamy pilotom korzystanie z portu w celu zaoszcz\u0119dzenia pracy lutowniczej.<\/p>\n<p><img decoding=\"async\" src=\"https:\/\/cdn.shopify.com\/s\/files\/1\/1778\/6615\/files\/Frsky_2659fccd-1607-4737-b963-a25a8ecb4cae_1024x1024.jpg?v=1662366944\" alt=\"\" \/><\/p>\n<p><img decoding=\"async\" src=\"https:\/\/cdn.shopify.com\/s\/files\/1\/1778\/6615\/files\/Tbs_Nano_363c3575-1e66-427a-a119-0a645a57809f_1024x1024.jpg?v=1662367664\" alt=\"\" \/><\/p>\n<p><img decoding=\"async\" src=\"https:\/\/cdn.shopify.com\/s\/files\/1\/1778\/6615\/files\/af93cd1dd2c93925c894272f40071502_626e6499-cef0-4520-8613-96f6618fc874_1024x1024.jpg?v=1662367689\" alt=\"\" \/><\/p>\n<h2>FC &amp; ESC Oprogramowanie<\/h2>\n<p>Domy\u015blne oprogramowanie uk\u0142adowe zawiera plik zrzutu CLI. Ale je\u015bli flashujesz oprogramowanie uk\u0142adowe z oficjalnej strony konfiguratora Betaflight, sflashuj plik zrzutu CLI dla F411 4S 20A FC V5. Oferujemy domy\u015blne oprogramowanie uk\u0142adowe i plik zrzutu CLI do pobrania.<\/p>\n<ul>\n<li><a href=\"https:\/\/support.betafpv.com\/hc\/en-us\/articles\/10295958898713-CLI-for-F411-4S-20A-Toothpick-Brushless-Flight-Controller-V5-BLHeli-S-BMI270-\" target=\"_blank\" rel=\"noopener\"><em>Download the FC default firmware\u00a0betaflight_4.3.x_BETAFPVF411 and CLI dump file.<\/em><\/a><\/li>\n<\/ul>\n<p>\u017byroskop BMI270 b\u0119dzie wymaga\u0142 wi\u0119cej filtr\u00f3w programowych i jest wra\u017cliwy na wysokie cz\u0119stotliwo\u015bci. Mo\u017cna to rozwi\u0105za\u0107, dostosowuj\u0105c ustawienia filtr\u00f3w w strojeniu PID. Oficjalne oprogramowanie Betaflight lub domy\u015blne oprogramowanie FC BETAFPV i plik zrzutu CLI nie zawieraj\u0105 ustawie\u0144 filtra. Pilotom, kt\u00f3rzy chc\u0105 to skonfigurowa\u0107, zalecamy ustawienie \u017cyroskopu dolnoprzepustowego 2 na 145 Hz i wybranie typu filtra na PT2.<\/p>\n<p><img decoding=\"async\" src=\"https:\/\/cdn.shopify.com\/s\/files\/1\/1778\/6615\/files\/735d2642a8d8c47429e6166d1aed3364_2c72e439-426a-42f8-9711-fb59bf79084e_600x600.jpg?v=1662374857\" alt=\"\" \/><\/p>\n<p><img decoding=\"async\" src=\"https:\/\/cdn.shopify.com\/s\/files\/1\/1778\/6615\/files\/abb9b81d-91f6-4e8c-8faa-d76d35405c39_600x600.png?v=1662465392\" alt=\"\" \/><\/p>\n<p>W przypadku korzystania z oprogramowania uk\u0142adowego BLHeli_S ESC skonfiguruj ustawienia w oprogramowaniu BLHeli &#8211; Configurator.<\/p>\n<ul>\n<li><a href=\"https:\/\/support.betafpv.com\/hc\/en-us\/articles\/10295958898713-CLI-for-F411-4S-20A-Toothpick-Brushless-Flight-Controller-V5-BLHeli-S-BMI270-\" target=\"_blank\" rel=\"noopener\"><em>Download the\u00a0BLHeli_S ESC firmware.<\/em><\/a><\/li>\n<li><a href=\"https:\/\/www.mediafire.com\/folder\/dx6kfaasyo24l\/BLHeliSuite\"><em>Download the BLHeliSuite16714902a<\/em><\/a>.<\/li>\n<li><em><a href=\"https:\/\/github.com\/blheli-configurator\/blheli-configurator\/releases\/tag\/1.2.0\" target=\"_blank\" rel=\"noopener\">Download the\u00a0BLHeli &#8211; Configurator<\/a>.<\/em><\/li>\n<li><em><a href=\"https:\/\/esc-configurator.com\/\" target=\"_blank\" rel=\"noopener\">Download the ESC &#8211; Configurator<\/a>.<\/em><\/li>\n<\/ul>\n<p data-clipboard-cangjie=\"[&quot;root&quot;,{&quot;copyFrom&quot;:1179813706},[&quot;p&quot;,{&quot;uuid&quot;:&quot;l7eerwx6oua3y2u4qu8&quot;},[&quot;span&quot;,{&quot;data-type&quot;:&quot;text&quot;},[&quot;span&quot;,{&quot;data-type&quot;:&quot;leaf&quot;},&quot;&quot;]],[&quot;a&quot;,{&quot;href&quot;:&quot;https:\/\/github.com\/blheli-configurator\/blheli-configurator\/releases\/tag\/1.2.0&quot;},[&quot;span&quot;,{&quot;data-type&quot;:&quot;text&quot;},[&quot;span&quot;,{&quot;data-type&quot;:&quot;leaf&quot;},&quot;https:\/\/github.com\/blheli-configurator\/blheli-configurator\/releases\/tag\/1.2.0&quot;]]],[&quot;span&quot;,{&quot;data-type&quot;:&quot;text&quot;},[&quot;span&quot;,{&quot;data-type&quot;:&quot;leaf&quot;},&quot;&quot;]]]]\">W przypadku korzystania z oprogramowania uk\u0142adowego BLUEJAY ESC skonfiguruj ESC w oprogramowaniu ESC-Configurator.<\/p>\n<ul>\n<li><a href=\"https:\/\/support.betafpv.com\/hc\/en-us\/articles\/10295958898713-CLI-for-F411-4S-20A-Toothpick-Brushless-Flight-Controller-V5-BLHeli-S-BMI270-\" target=\"_blank\" rel=\"noopener\"><em>Download the BLUEJAY ESC firmware.<\/em><\/a><\/li>\n<li><em><a href=\"https:\/\/esc-configurator.com\/\" target=\"_blank\" rel=\"noopener\">Download the ESC &#8211; Configurator<\/a>.<\/em><\/li>\n<li><a href=\"https:\/\/github.com\/mathiasvr\/bluejay-configurator\/releases\"><em>Download the\u00a0Bluejay Configurator<\/em><\/a>.<\/li>\n<\/ul>\n<h2 style=\"text-align: left;\">Package<\/h2>\n<ul>\n<li>1 * F411 4S 20A Toothpick Brushless Kontroler lotu V5 BLHeli_S (BMI270)<\/li>\n<li>1 * Kabel Pigtail (XT30)<\/li>\n<li>1\u00a0*\u00a06-Pin Connector for Digital VTX<\/li>\n<li>1\u00a0*\u00a04-Pin Connector for RX<\/li>\n<li>4 * M2x12 \u015aruby<\/li>\n<li>4 * M2 gumki antywibracyjne<\/li>\n<\/ul>\n<p><img decoding=\"async\" src=\"https:\/\/cdn.shopify.com\/s\/files\/1\/1778\/6615\/files\/3f89305fb1dabad87b9b93324e3c25cd_3f6b72a9-6a0f-4391-9479-b0f1cfe1c237_600x600.jpg?v=1662365763\" alt=\"\" \/><\/p>","protected":false},"excerpt":{"rendered":"<p>Jako kontynuacja uk\u0142adu F411, p\u0142yta V5 FC zosta\u0142a zaktualizowana z p\u0142yty F4 20A V3 FC. Bezszczotkowy kontroler lotu F411 4S 20A V5 przyjmuje \u017cyroskop BMI270 zamiast MPU6000 na p\u0142ycie V3. Dzi\u0119ki dw\u00f3m zintegrowanym portom plug&amp;play dla odbiornika i cyfrowego VTX HD jest \u0142atwy w instalacji i wymaga mniej prac lutowniczych. Poza tym p\u0142yta jest solidn\u0105 [&hellip;]<\/p>","protected":false},"featured_media":7957,"template":"","meta":[],"product_cat":[22,32,40],"product_tag":[],"jetpack_sharing_enabled":true,"_links":{"self":[{"href":"https:\/\/xorr.pl\/en\/wp-json\/wp\/v2\/product\/7956"}],"collection":[{"href":"https:\/\/xorr.pl\/en\/wp-json\/wp\/v2\/product"}],"about":[{"href":"https:\/\/xorr.pl\/en\/wp-json\/wp\/v2\/types\/product"}],"wp:featuredmedia":[{"embeddable":true,"href":"https:\/\/xorr.pl\/en\/wp-json\/wp\/v2\/media\/7957"}],"wp:attachment":[{"href":"https:\/\/xorr.pl\/en\/wp-json\/wp\/v2\/media?parent=7956"}],"wp:term":[{"taxonomy":"product_cat","embeddable":true,"href":"https:\/\/xorr.pl\/en\/wp-json\/wp\/v2\/product_cat?post=7956"},{"taxonomy":"product_tag","embeddable":true,"href":"https:\/\/xorr.pl\/en\/wp-json\/wp\/v2\/product_tag?post=7956"}],"curies":[{"name":"wp","href":"https:\/\/api.w.org\/{rel}","templated":true}]}}