{"id":7966,"date":"2022-12-20T11:09:01","date_gmt":"2022-12-20T10:09:01","guid":{"rendered":"https:\/\/xorr.pl\/?post_type=product&#038;p=7966"},"modified":"2024-04-24T00:54:21","modified_gmt":"2024-04-23T22:54:21","slug":"superd-elrs-2-4g-diversity-rx","status":"publish","type":"product","link":"https:\/\/xorr.pl\/en\/product\/superd-elrs-2-4g-diversity-rx\/","title":{"rendered":"SuperD ELRS Diversity RX"},"content":{"rendered":"<p>BETAFPV SuperD ELRS 2.4G to pierwszy na \u015bwiecie odbiornik True Diversity, kt\u00f3ry wykorzystuje dwie anteny, dwa \u0142a\u0144cuchy odbiornik\u00f3w i technologi\u0119 TCXO (oscylator kwarcowy z kompensacj\u0105 temperatury), osi\u0105gaj\u0105c bardzo dok\u0142adn\u0105 cz\u0119stotliwo\u015b\u0107 i doskona\u0142\u0105 wydajno\u015b\u0107 w \u015brodowiskach o ekstremalnych temperaturach. Doskonale spe\u0142nia wymagania dotycz\u0105ce niezawodno\u015bci podczas latania na du\u017ce odleg\u0142o\u015bci, fotografii lotniczej lub trik\u00f3w freestyle FPV.<\/p>\n<p><img decoding=\"async\" src=\"https:\/\/cdn.shopifycdn.net\/s\/files\/1\/1778\/6615\/files\/7_09c00661-1058-4f9e-8532-19686cd5b21b_1024x1024.jpg?v=1666873124\" alt=\"\" \/><\/p>\n<h2>Specification<\/h2>\n<ul>\n<li>Item:\u00a0BETAFPV SuperD ELRS 2.4G Diversity Receiver<\/li>\n<li>MCU: ESP32\u00a0PICO\u00a0D4,\u00a0dual\u00a0SX1280 (SX1281)<\/li>\n<li>Antenna Connector:\u00a0IPEX\u00a0MHF\u00a01\/U.FL<\/li>\n<li>RF\u00a0Frequency:\u00a02.4GHz\u00a0(2400~2480MHz)<\/li>\n<li>Telemetry Power:\u00a020dBm (100mW)<\/li>\n<li>Receiver Protocol:\u00a0CRSF<\/li>\n<li>Input Voltage:\u00a0+5V\u00a0DC\u00a0@\u00a0\u201c+\u201d\u00a0pad<\/li>\n<li>PCB Size:\u00a022mm*14mm<\/li>\n<li>Weight: 1.1g excluding antenna<\/li>\n<\/ul>\n<h2>Pierwszy odbiornik True Diversity z TCXO<\/h2>\n<p>SuperD ELRS 2.4G Diversity Receiver jest wbudowany w TCXO (oscylator kwarcowy z kompensacj\u0105 temperatury), kt\u00f3ry jest wsp\u00f3\u0142dzielony przez dwa chipy RF, zapewniaj\u0105c super dok\u0142adne \u017ar\u00f3d\u0142o zegara. Odbiornik True Diversity, w tym dwa chipy RF i PA+LNA, b\u0119dzie generowa\u0107 du\u017c\u0105 ilo\u015b\u0107 ciep\u0142a podczas pracy. Dzi\u0119ki wysokiej jako\u015bci TCXO mo\u017ce wytrzyma\u0107 ekstremalne temperatury bez obaw przed gor\u0105cem i zimnem, ci\u0105gle wysy\u0142aj\u0105c dok\u0142adn\u0105 cz\u0119stotliwo\u015b\u0107 do lot\u00f3w na du\u017ce odleg\u0142o\u015bci.<\/p>\n<p><img decoding=\"async\" src=\"https:\/\/cdn.shopify.com\/s\/files\/1\/1778\/6615\/files\/FB_c364d7a5-99f1-4ee3-941a-c23b8102eeec_1024x1024.jpg?v=1666942816\" alt=\"\" \/><\/p>\n<h2>BETAFPV ExpressLRS RX<\/h2>\n<p>SuperD ELRS 2.4G Diversity Receiver ma dwa \u0142a\u0144cuchy odbiornik\u00f3w RF z dwiema antenami, zapewniaj\u0105c d\u0142u\u017csze i bardziej stabilne latanie dronami FPV i samolotami RC. Wyb\u00f3r odpowiedniego odbiornika do latania quadkopterem lub innymi modelami RC jest bardzo wa\u017cny. Odbiorniki BETAFPV ExpressLRS, w tym ELRS Lite, Nano, Micro i najnowszy SuperD, doskonale spe\u0142niaj\u0105 wymagania pilot\u00f3w dotycz\u0105ce latania FPV.<\/p>\n<div class=\"table-wrapper\">\n<table width=\"100%\">\n<tbody>\n<tr>\n<td style=\"width: 15%;\"><\/td>\n<td style=\"width: 21.25%;\">SuperD RX<\/td>\n<td style=\"width: 21.25%;\">Micro RX<\/td>\n<td style=\"width: 21.25%;\">Nano RX<\/td>\n<td style=\"width: 21.25%;\">Lite RX<\/td>\n<\/tr>\n<tr>\n<td style=\"width: 15%;\">Weight<\/td>\n<td style=\"width: 21.25%;\">1.1g (RX only)<\/td>\n<td style=\"width: 21.25%;\">3.5g (RX only)<\/td>\n<td style=\"width: 21.25%;\">0.7g (RX only)<\/td>\n<td style=\"width: 21.25%;\">0.47g (Tower), 0.53g (Flat)<\/td>\n<\/tr>\n<tr>\n<td style=\"width: 15%;\">Antenna<\/td>\n<td style=\"width: 21.25%;\">IPEX MHF + T antenna<\/td>\n<td style=\"width: 21.25%;\">IPEX MHF + T antenna<\/td>\n<td style=\"width: 21.25%;\">IPEX MHF + T antenna<\/td>\n<td style=\"width: 21.25%;\">SMD ceramic antenna<\/td>\n<\/tr>\n<tr>\n<td style=\"width: 15%;\">MCU<\/td>\n<td style=\"width: 21.25%;\">ESP32-PICO-D4, dual SX1280<\/td>\n<td style=\"width: 21.25%;\">ESP8285<\/td>\n<td style=\"width: 21.25%;\">ESP8285<\/td>\n<td style=\"width: 21.25%;\">ESP8285<\/td>\n<\/tr>\n<tr>\n<td style=\"width: 15%;\">RF Chip<\/td>\n<td style=\"width: 21.25%;\">Dual SX1280 + Dual PA<\/td>\n<td style=\"width: 21.25%;\">SX128X<\/td>\n<td style=\"width: 21.25%;\">SX1280 + PA, SX1276 + PA<\/td>\n<td style=\"width: 21.25%;\">SX128X<\/td>\n<\/tr>\n<tr>\n<td style=\"width: 15%;\">Frequency<\/td>\n<td style=\"width: 21.25%;\">2.4GHz ISM<\/td>\n<td style=\"width: 21.25%;\">2.4GHz ISM<\/td>\n<td style=\"width: 21.25%;\">2.4GHz ISM, 915MHz (FCC), 868MHz (EU)<\/td>\n<td style=\"width: 21.25%;\">2.4GHz ISM<\/td>\n<\/tr>\n<tr>\n<td style=\"width: 15%;\">Telemetry Power<\/td>\n<td style=\"width: 21.25%;\">100mW<\/td>\n<td style=\"width: 21.25%;\">17mW<\/td>\n<td style=\"width: 21.25%;\">100mW<\/td>\n<td style=\"width: 21.25%;\">17mW<\/td>\n<\/tr>\n<tr>\n<td style=\"width: 15%;\">Serial Output Protocol<\/td>\n<td style=\"width: 21.25%;\">CRSF<\/td>\n<td style=\"width: 21.25%;\">PWM or CRSF<\/td>\n<td style=\"width: 21.25%;\">CRSF<\/td>\n<td style=\"width: 21.25%;\">CRSF<\/td>\n<\/tr>\n<tr>\n<td style=\"width: 15%;\">Model Type<\/td>\n<td style=\"width: 21.25%;\">FPV Drone, Fixed-wing aircraft<\/td>\n<td style=\"width: 21.25%;\">Fixed-wing aircraft, Helicopter, RC Cars, RC Boats<\/td>\n<td style=\"width: 21.25%;\">FPV Drone<\/td>\n<td style=\"width: 21.25%;\">Whoop Drone<\/td>\n<\/tr>\n<\/tbody>\n<\/table>\n<\/div>\n<p><img decoding=\"async\" src=\"https:\/\/cdn.shopifycdn.net\/s\/files\/1\/1778\/6615\/files\/FB_c16f20fc-b554-41fc-85a9-0c32274e65b0_1024x1024.jpg?v=1666921904\" alt=\"\" \/><\/p>\n<h2>Diagram of LiteRadio 2 SE<\/h2>\n<div style=\"text-align: left;\"><img decoding=\"async\" style=\"float: none;\" src=\"https:\/\/cdn.shopifycdn.net\/s\/files\/1\/1778\/6615\/files\/7df8688fa44fe97c4d178567042b1fe9_0f95ac5b-ef6c-412f-bdcf-f4ca5b64f71b_480x480.jpg?v=1666834588\" alt=\"\" \/><\/div>\n<p>The back of the RX is below.<\/p>\n<p><img decoding=\"async\" src=\"https:\/\/cdn.shopifycdn.net\/s\/files\/1\/1778\/6615\/files\/88a3c8d54cce36d656c9fd127db8e037_97065951-d5b8-49b7-aebe-777b64274556_480x480.jpg?v=1666865437\" alt=\"\" \/><\/p>\n<p>SuperD receiver RGB status indication is shown below.<\/p>\n<div class=\"table-wrapper\">\n<table width=\"100%\">\n<tbody>\n<tr>\n<td style=\"width: 20%;\">RGB Color<\/td>\n<td style=\"width: 30%;\">Status<\/td>\n<td style=\"width: 50%;\">Description<\/td>\n<\/tr>\n<tr>\n<td style=\"width: 20%;\">Rainbow<\/td>\n<td style=\"width: 30%;\">Fade effect<\/td>\n<td style=\"width: 50%;\">Power on<\/td>\n<\/tr>\n<tr>\n<td style=\"width: 20%;\">Green<\/td>\n<td style=\"width: 30%;\">Quick flash<\/td>\n<td style=\"width: 50%;\">WIFI upgrading mode<\/td>\n<\/tr>\n<tr>\n<td style=\"width: 20%;\">Red<\/td>\n<td style=\"width: 30%;\">Quick flash<\/td>\n<td style=\"width: 50%;\">No RF chip detected<\/td>\n<\/tr>\n<tr>\n<td style=\"width: 20%;\">Orange<\/td>\n<td style=\"width: 30%;\">Double flash<\/td>\n<td style=\"width: 50%;\">Binding mode<\/td>\n<\/tr>\n<tr>\n<td style=\"width: 20%;\">Orange<\/td>\n<td style=\"width: 30%;\">Triple flash<\/td>\n<td style=\"width: 50%;\">Connected, but mismatched model-match configuration<\/td>\n<\/tr>\n<tr>\n<td style=\"width: 20%;\">Orange<\/td>\n<td style=\"width: 30%;\">Slow flash<\/td>\n<td style=\"width: 50%;\">Waiting for connection<\/td>\n<\/tr>\n<tr>\n<td style=\"width: 20%;\"><\/td>\n<td style=\"width: 30%;\">Solid on<\/td>\n<td style=\"width: 50%;\">Connected and color indicates packet rate<\/td>\n<\/tr>\n<\/tbody>\n<\/table>\n<\/div>\n<p>The RGB light color corresponding to the packet rate is shown in the figure below.<\/p>\n<p><img decoding=\"async\" src=\"https:\/\/cdn.shopifycdn.net\/s\/files\/1\/1778\/6615\/files\/aa16d5cf-7fc7-4635-a681-ca501886ad54_480x480.png?v=1666697459\" alt=\"\" \/><\/p>\n<h2><\/h2>\n<h2 style=\"text-align: start;\">Konfiguracja &amp; Bindowanie<\/h2>\n<p>ExpressLRS wykorzystuje protok\u00f3\u0142 szeregowy Crossfire (znany r\u00f3wnie\u017c jako protok\u00f3\u0142 CRSF) do komunikacji mi\u0119dzy odbiornikiem r\u00f3\u017cnorodno\u015bci SuperD a p\u0142yt\u0105 kontrolera lotu. We\u017a kontroler lotu na przyk\u0142adzie oprogramowania uk\u0142adowego Betaflight, aby przedstawi\u0107 jego okablowanie i konfiguracj\u0119 port\u00f3w.<\/p>\n<p><img decoding=\"async\" src=\"https:\/\/cdn.shopifycdn.net\/s\/files\/1\/1778\/6615\/files\/Dingtalk_20221028111806_480x480.jpg?v=1666927120\" alt=\"\" \/><\/p>\n<p><img decoding=\"async\" src=\"https:\/\/cdn.shopifycdn.net\/s\/files\/1\/1778\/6615\/files\/02116845-f957-4edc-9cf9-20839bf0d7d6_480x480.png?v=1666695346\" alt=\"\" \/><\/p>\n<p><img decoding=\"async\" src=\"https:\/\/cdn.shopifycdn.net\/s\/files\/1\/1778\/6615\/files\/e3ee7ec0-52ef-42bf-a164-3feafe54096b_480x480.png?v=1666695378\" alt=\"\" \/><\/p>\n<p>&nbsp;<\/p>\n<p><img decoding=\"async\" src=\"https:\/\/cdn.shopifycdn.net\/s\/files\/1\/1778\/6615\/files\/522ae28b-1ebb-4a6f-bf17-db3827d3f139_600x600.png?v=1667457704\" alt=\"\" \/><\/p>\n<p>&nbsp;<\/p>\n<h2>Package<\/h2>\n<ul>\n<li>1 * SuperD ELRS 2.4G Diversity Odbiornik<\/li>\n<li>2 * BETAFPV Dipole T Antena<\/li>\n<li>1 * 30AWG Silikonowe kable (1 czarny, 1 czerwony, 1 bia\u0142y, 1 \u017c\u00f3\u0142ty)<\/li>\n<li>1 * Instrukcja obs\u0142ugi<\/li>\n<\/ul>\n<p><img decoding=\"async\" src=\"https:\/\/cdn.shopify.com\/s\/files\/1\/1778\/6615\/files\/3f89305fb1dabad87b9b93324e3c25cd_6c485852-9358-4c4e-ac25-5c6de854f237_600x600.jpg?v=1666946605\" alt=\"\" \/><\/p>","protected":false},"excerpt":{"rendered":"<p>BETAFPV SuperD ELRS 2.4G to pierwszy na \u015bwiecie odbiornik True Diversity, kt\u00f3ry wykorzystuje dwie anteny, dwa \u0142a\u0144cuchy odbiornik\u00f3w i technologi\u0119 TCXO (oscylator kwarcowy z kompensacj\u0105 temperatury), osi\u0105gaj\u0105c bardzo dok\u0142adn\u0105 cz\u0119stotliwo\u015b\u0107 i doskona\u0142\u0105 wydajno\u015b\u0107 w \u015brodowiskach o ekstremalnych temperaturach. Doskonale spe\u0142nia wymagania dotycz\u0105ce niezawodno\u015bci podczas latania na du\u017ce odleg\u0142o\u015bci, fotografii lotniczej lub trik\u00f3w freestyle FPV. Specyfikacja [&hellip;]<\/p>","protected":false},"featured_media":7967,"template":"","meta":[],"product_cat":[22,32,41],"product_tag":[],"jetpack_sharing_enabled":true,"_links":{"self":[{"href":"https:\/\/xorr.pl\/en\/wp-json\/wp\/v2\/product\/7966"}],"collection":[{"href":"https:\/\/xorr.pl\/en\/wp-json\/wp\/v2\/product"}],"about":[{"href":"https:\/\/xorr.pl\/en\/wp-json\/wp\/v2\/types\/product"}],"wp:featuredmedia":[{"embeddable":true,"href":"https:\/\/xorr.pl\/en\/wp-json\/wp\/v2\/media\/7967"}],"wp:attachment":[{"href":"https:\/\/xorr.pl\/en\/wp-json\/wp\/v2\/media?parent=7966"}],"wp:term":[{"taxonomy":"product_cat","embeddable":true,"href":"https:\/\/xorr.pl\/en\/wp-json\/wp\/v2\/product_cat?post=7966"},{"taxonomy":"product_tag","embeddable":true,"href":"https:\/\/xorr.pl\/en\/wp-json\/wp\/v2\/product_tag?post=7966"}],"curies":[{"name":"wp","href":"https:\/\/api.w.org\/{rel}","templated":true}]}}