{"id":7978,"date":"2022-12-20T11:26:32","date_gmt":"2022-12-20T10:26:32","guid":{"rendered":"https:\/\/xorr.pl\/?post_type=product&#038;p=7978"},"modified":"2024-07-05T10:49:34","modified_gmt":"2024-07-05T08:49:34","slug":"smigla-gemfan-5mm-shaft","status":"publish","type":"product","link":"https:\/\/xorr.pl\/en\/product\/smigla-gemfan-5mm-shaft\/","title":{"rendered":"\u015amig\u0142a Gemfan 51466 MCK V2 (5mm shaft)"},"content":{"rendered":"<p>3-\u0142opatowe \u015bmig\u0142a Gemfan 51466 MCK V2 s\u0105 przeznaczone do zwinnego lotu z du\u017c\u0105 pr\u0119dko\u015bci\u0105 dzi\u0119ki niewiarygodnie niskiej wadze zaledwie 4,2 g, zapewniaj\u0105c znacznie lepszy lot wy\u015bcigowy FPV. Idealny do wszystkich 5-calowych quad\u00f3w i odpowiedni do silnik\u00f3w bezszczotkowych BETAFPV 2306.<\/p>\n<p><img decoding=\"async\" src=\"https:\/\/cdn.shopifycdn.net\/s\/files\/1\/1778\/6615\/files\/FB-V2_1024x1024.jpg?v=1656584707\" alt=\"\" \/><\/p>\n<h2>Specification<\/h2>\n<ul>\n<li>Material: PC<\/li>\n<li>Weight: 4.2g<\/li>\n<li>Pitch: 3.6 inch<\/li>\n<li>Prop Dia: 131.8mm<\/li>\n<li>Center Thickness: 6.8mm<\/li>\n<li>Center Hole Dia:\u00a0M5<\/li>\n<li>Recommended Motor: 2207-2306,\u00a0<a href=\"https:\/\/betafpv.com\/products\/snow-2306-brushless-motors\">BETAFPV 2306 Brushless Motors<\/a><\/li>\n<li>Color:\u00a0Blue, Orange, Gray<\/li>\n<\/ul>\n<p><img decoding=\"async\" src=\"https:\/\/cdn.shopify.com\/s\/files\/1\/1778\/6615\/files\/d5f5ec619da5bb095cff908262856bae_600x600.jpg?v=1656412543\" alt=\"\" \/><\/p>\n<h2>Package<\/h2>\n<ul>\n<li>2 * CW 51466 MCK V2 3-Blade Props\u00a0 (5.0mm shaft)<\/li>\n<li>2 * CCW 51466 MCK V2\u00a03-Blade Props\u00a0 (5.0mm shaft)<\/li>\n<\/ul>","protected":false},"excerpt":{"rendered":"<p>3-\u0142opatowe \u015bmig\u0142a Gemfan 51466 MCK V2 s\u0105 przeznaczone do zwinnego lotu z du\u017c\u0105 pr\u0119dko\u015bci\u0105 dzi\u0119ki niewiarygodnie niskiej wadze zaledwie 4,2 g, zapewniaj\u0105c znacznie lepszy lot wy\u015bcigowy FPV. Idealny do wszystkich 5-calowych quad\u00f3w i odpowiedni do silnik\u00f3w bezszczotkowych BETAFPV 2306. Specyfikacja: Material: PC Weight: 4.2g Pitch: 3.6 inch Prop Dia: 131.8mm Center Thickness: 6.8mm Center Hole [&hellip;]<\/p>","protected":false},"featured_media":7982,"template":"","meta":[],"product_cat":[22,23,35],"product_tag":[],"jetpack_sharing_enabled":true,"_links":{"self":[{"href":"https:\/\/xorr.pl\/en\/wp-json\/wp\/v2\/product\/7978"}],"collection":[{"href":"https:\/\/xorr.pl\/en\/wp-json\/wp\/v2\/product"}],"about":[{"href":"https:\/\/xorr.pl\/en\/wp-json\/wp\/v2\/types\/product"}],"wp:featuredmedia":[{"embeddable":true,"href":"https:\/\/xorr.pl\/en\/wp-json\/wp\/v2\/media\/7982"}],"wp:attachment":[{"href":"https:\/\/xorr.pl\/en\/wp-json\/wp\/v2\/media?parent=7978"}],"wp:term":[{"taxonomy":"product_cat","embeddable":true,"href":"https:\/\/xorr.pl\/en\/wp-json\/wp\/v2\/product_cat?post=7978"},{"taxonomy":"product_tag","embeddable":true,"href":"https:\/\/xorr.pl\/en\/wp-json\/wp\/v2\/product_tag?post=7978"}],"curies":[{"name":"wp","href":"https:\/\/api.w.org\/{rel}","templated":true}]}}