{"id":7984,"date":"2022-12-20T11:35:25","date_gmt":"2022-12-20T10:35:25","guid":{"rendered":"https:\/\/xorr.pl\/?post_type=product&#038;p=7984"},"modified":"2023-04-04T23:01:22","modified_gmt":"2023-04-04T21:01:22","slug":"micro-canopy-hd","status":"publish","type":"product","link":"https:\/\/xorr.pl\/en\/product\/micro-canopy-hd\/","title":{"rendered":"Micro Canopy HD"},"content":{"rendered":"<p>Ta mikro os\u0142ona zosta\u0142a specjalnie zaprojektowana do kamery Walksnail Avatar Nano, kamery Runcam Nano Lite lub wi\u0119kszo\u015bci nanokamer 14 mm i obs\u0142uguje regulowany obiektyw kamery w zakresie 0-45\u00b0. Charakteryzuje si\u0119 wysok\u0105 kompatybilno\u015bci\u0105 zar\u00f3wno z cyfrowym HD VTX, jak i analogowym VTX, takim jak M03 Analog VTX.<\/p>\n<p><img decoding=\"async\" src=\"https:\/\/cdn.shopify.com\/s\/files\/1\/1778\/6615\/files\/FB_7dbeaaa4-6ec0-4c57-b9d5-22a0dd97e572_1024x1024.jpg?v=1662630230\" alt=\"\" \/><\/p>\n<p>&nbsp;<\/p>\n<h2>Specification<\/h2>\n<ul>\n<li>Item:\u00a0Micro Canopy\u00a0for HD Camera<\/li>\n<li>Material: PP<\/li>\n<li>Tilt:\u00a0\u00a00-45\u00b0<\/li>\n<li>Weight: 2.50g (without decorations), 3.28g (with decorations)<\/li>\n<li>Color:\u00a0Black\/Blue<\/li>\n<li>Adapted VTX: 1S Walksnail Avatar Mini HD VTX, HDZero Whoop Lite Bundle,\u00a0M03 25-350mW 5.8G VTX<\/li>\n<li>Adapted FPV Camera: Walksnail Avatar Nano Camera, Runcam Nano Lite Camera, or most 14mm nano cameras<\/li>\n<li>Adapted Frame:\u00a0Meteor65 Pro\/Meteor75\/Meteor85<\/li>\n<\/ul>\n<h2><\/h2>\n<h2>Nowy design, wysoka kompatybilno\u015b\u0107<\/h2>\n<p>Jest to czasza standardowa dla bezszczotkowego quadkoptera Whoop Meteor75 (1S HD Digital VTX) i jest wyj\u0105tkowa pod wieloma wzgl\u0119dami. Dzi\u0119ki wydr\u0105\u017conej konstrukcji na ca\u0142ej czaszy, umo\u017cliwia wi\u0119kszy przep\u0142yw powietrza, znacznie zmniejszaj\u0105c wp\u0142yw ciep\u0142a na cz\u0119\u015bci elektroniczne. Ponadto u\u017cywanie go z Meteor65 Pro, Meteor75 (analogowy) i Meteor85 jest dobrym wyborem dla tych pilot\u00f3w, kt\u00f3rzy chc\u0105 uaktualni\u0107 swoje drony do HD Digital VTX.<\/p>\n<p><img decoding=\"async\" src=\"https:\/\/cdn.shopify.com\/s\/files\/1\/1778\/6615\/files\/FB_d28bc65b-642c-42bf-8458-731a55584b2d_1024x1024.jpg?v=1662628969\" alt=\"\" \/><\/p>\n<h2>Mounting Diagram<\/h2>\n<p><img decoding=\"async\" src=\"https:\/\/cdn.shopify.com\/s\/files\/1\/1778\/6615\/files\/d1b5f6ad8c6fc32b5fd89a7e5cd15456_3472fe8b-9658-4d32-8844-4ba377f57ce0_1024x1024.jpg?v=1662543110\" alt=\"\" \/><\/p>\n<h2>Package<\/h2>\n<ul>\n<li>1 * Micro Canopy for HD Camera (Black\/Blue)<\/li>\n<li>3 * M1.4*3\u015aruby<\/li>\n<li>8 * M1.4*5 \u015aruby<\/li>\n<li>3 * M2*4 \u015aruby<\/li>\n<\/ul>\n<p>&nbsp;<\/p>\n<p><img decoding=\"async\" src=\"https:\/\/cdn.shopify.com\/s\/files\/1\/1778\/6615\/files\/3f89305fb1dabad87b9b93324e3c25cd_97865e75-9e05-42e8-b776-3cab07d62905_600x600.jpg?v=1662531904\" alt=\"\" \/><\/p>","protected":false},"excerpt":{"rendered":"<p>Ta mikro os\u0142ona zosta\u0142a specjalnie zaprojektowana do kamery Walksnail Avatar Nano, kamery Runcam Nano Lite lub wi\u0119kszo\u015bci nanokamer 14 mm i obs\u0142uguje regulowany obiektyw kamery w zakresie 0-45\u00b0. Charakteryzuje si\u0119 wysok\u0105 kompatybilno\u015bci\u0105 zar\u00f3wno z cyfrowym HD VTX, jak i analogowym VTX, takim jak M03 Analog VTX. &nbsp; Specyfikacja: Item:\u00a0Micro Canopy\u00a0for HD Camera Material: PP Tilt:\u00a0\u00a00-45\u00b0 [&hellip;]<\/p>","protected":false},"featured_media":7987,"template":"","meta":[],"product_cat":[22,23,38],"product_tag":[],"jetpack_sharing_enabled":true,"_links":{"self":[{"href":"https:\/\/xorr.pl\/en\/wp-json\/wp\/v2\/product\/7984"}],"collection":[{"href":"https:\/\/xorr.pl\/en\/wp-json\/wp\/v2\/product"}],"about":[{"href":"https:\/\/xorr.pl\/en\/wp-json\/wp\/v2\/types\/product"}],"wp:featuredmedia":[{"embeddable":true,"href":"https:\/\/xorr.pl\/en\/wp-json\/wp\/v2\/media\/7987"}],"wp:attachment":[{"href":"https:\/\/xorr.pl\/en\/wp-json\/wp\/v2\/media?parent=7984"}],"wp:term":[{"taxonomy":"product_cat","embeddable":true,"href":"https:\/\/xorr.pl\/en\/wp-json\/wp\/v2\/product_cat?post=7984"},{"taxonomy":"product_tag","embeddable":true,"href":"https:\/\/xorr.pl\/en\/wp-json\/wp\/v2\/product_tag?post=7984"}],"curies":[{"name":"wp","href":"https:\/\/api.w.org\/{rel}","templated":true}]}}