{"id":8008,"date":"2022-12-20T13:33:39","date_gmt":"2022-12-20T12:33:39","guid":{"rendered":"https:\/\/xorr.pl\/?post_type=product&#038;p=8008"},"modified":"2023-11-24T18:19:04","modified_gmt":"2023-11-24T17:19:04","slug":"smigla-gemfan-hurricane-51433-3-blade-5-0mm-shaft","status":"publish","type":"product","link":"https:\/\/xorr.pl\/en\/product\/smigla-gemfan-hurricane-51433-3-blade-5-0mm-shaft\/","title":{"rendered":"\u015amig\u0142a Gemfan Hurricane 51433 3-Blade (5.0mm Shaft)"},"content":{"rendered":"<p>Gemfan Hurricane 51433 3-Blade zosta\u0142 zaprojektowany jako \u015bmig\u0142a o du\u017cej pr\u0119dko\u015bci, zapewniaj\u0105c lepsze wra\u017cenia podczas lotu w trybie freestyle i FPV. Dzi\u0119ki \u015brednicy \u015bmig\u0142a 129 mm, skokowi 3,5 cala, otworowi na wa\u0142 o \u015brednicy 5 mm i wadze 3,8 g, te \u015bmig\u0142a s\u0105 idealne do wszystkich quad\u00f3w 5-calowych i nadaj\u0105 si\u0119 do silnik\u00f3w bezszczotkowych BETAFPV 2306.<\/p>\n<p><img decoding=\"async\" src=\"https:\/\/cdn.shopifycdn.net\/s\/files\/1\/1778\/6615\/files\/FB-33_1024x1024.jpg?v=1656584583\" alt=\"\" \/><\/p>\n<h2>Specification<\/h2>\n<ul>\n<li>Material: PC<\/li>\n<li>Weight: 3.8g<\/li>\n<li>Pitch: 3.5 inch<\/li>\n<li>Prop Dia: 129mm<\/li>\n<li>Center Thickness: 6mm<\/li>\n<li>Center Hole Dia: 5mm<\/li>\n<li>Recommended Motor: 2206-2306,\u00a0BETAFPV 2306 Brushless Motors<\/li>\n<li>Color:\u00a0Transparent, Purple, Yellow<\/li>\n<\/ul>\n<p><img decoding=\"async\" src=\"https:\/\/cdn.shopify.com\/s\/files\/1\/1778\/6615\/files\/c79a34f8f77e1d92cc4354af845d589b_480x480.jpg?v=1656399555\" alt=\"\" \/><\/p>\n<h2>Package<\/h2>\n<ul>\n<li>2 * CW Hurricane 51433 3-Blade \u015amig\u0142a (5.0mm shaft)<\/li>\n<li>2 * CCW Hurricane 51433\u00a03-Blade \u015amig\u0142a (5.0mm shaft)<\/li>\n<\/ul>","protected":false},"excerpt":{"rendered":"<p>Gemfan Hurricane 51433 3-Blade zosta\u0142 zaprojektowany jako \u015bmig\u0142a o du\u017cej pr\u0119dko\u015bci, zapewniaj\u0105c lepsze wra\u017cenia podczas lotu w trybie freestyle i FPV. Dzi\u0119ki \u015brednicy \u015bmig\u0142a 129 mm, skokowi 3,5 cala, otworowi na wa\u0142 o \u015brednicy 5 mm i wadze 3,8 g, te \u015bmig\u0142a s\u0105 idealne do wszystkich quad\u00f3w 5-calowych i nadaj\u0105 si\u0119 do silnik\u00f3w bezszczotkowych BETAFPV [&hellip;]<\/p>","protected":false},"featured_media":8009,"template":"","meta":[],"product_cat":[22,23,35],"product_tag":[],"jetpack_sharing_enabled":true,"_links":{"self":[{"href":"https:\/\/xorr.pl\/en\/wp-json\/wp\/v2\/product\/8008"}],"collection":[{"href":"https:\/\/xorr.pl\/en\/wp-json\/wp\/v2\/product"}],"about":[{"href":"https:\/\/xorr.pl\/en\/wp-json\/wp\/v2\/types\/product"}],"wp:featuredmedia":[{"embeddable":true,"href":"https:\/\/xorr.pl\/en\/wp-json\/wp\/v2\/media\/8009"}],"wp:attachment":[{"href":"https:\/\/xorr.pl\/en\/wp-json\/wp\/v2\/media?parent=8008"}],"wp:term":[{"taxonomy":"product_cat","embeddable":true,"href":"https:\/\/xorr.pl\/en\/wp-json\/wp\/v2\/product_cat?post=8008"},{"taxonomy":"product_tag","embeddable":true,"href":"https:\/\/xorr.pl\/en\/wp-json\/wp\/v2\/product_tag?post=8008"}],"curies":[{"name":"wp","href":"https:\/\/api.w.org\/{rel}","templated":true}]}}