{"id":8011,"date":"2022-12-20T13:37:07","date_gmt":"2022-12-20T12:37:07","guid":{"rendered":"https:\/\/xorr.pl\/?post_type=product&#038;p=8011"},"modified":"2024-07-05T10:51:33","modified_gmt":"2024-07-05T08:51:33","slug":"smigla-gemfan-freestyle-3s-3-blade-5-0mm-shaft","status":"publish","type":"product","link":"https:\/\/xorr.pl\/en\/product\/smigla-gemfan-freestyle-3s-3-blade-5-0mm-shaft\/","title":{"rendered":"\u015amig\u0142a Gemfan Freestyle 3S 3-Blade (5.0mm Shaft)"},"content":{"rendered":"<p>Gemfan Freestyle 3S to 3-\u0142opatowe, wytrzyma\u0142e \u015bmig\u0142o z centralnym otworem 5 mm i wa\u017cy tylko oko\u0142o 3,6 g, zapewniaj\u0105c lepsze wra\u017cenia podczas lotu w stylu dowolnym. Idealny do wszystkich 5-calowych quad\u00f3w i odpowiedni do silnik\u00f3w bezszczotkowych BETAFPV 2306.<\/p>\n<p><img decoding=\"async\" src=\"https:\/\/cdn.shopifycdn.net\/s\/files\/1\/1778\/6615\/files\/FB-3S_1024x1024.jpg?v=1656584417\" alt=\"\" \/><\/p>\n<h2>Specification<\/h2>\n<ul>\n<li>Material: PC<\/li>\n<li>Weight: 3.5g<\/li>\n<li>Pitch: 3 inch<\/li>\n<li>Prop Dia: 129mm<\/li>\n<li>Center Thickness: 6mm<\/li>\n<li>Center Hole Dia: 5mm<\/li>\n<li>Quad Weight: 550-650g<\/li>\n<li>Recommended Motor: 4S 2300-2500KV or 6S 1650-1950KV,\u00a0BETAFPV 2306 Brushless Motors<\/li>\n<li>Color: Peach Pink, Mango Yellow, Lime Green<\/li>\n<\/ul>\n<p><img decoding=\"async\" src=\"https:\/\/cdn.shopify.com\/s\/files\/1\/1778\/6615\/files\/661ab48607fcd61baf06d329a1f16520_bbdf4ffa-5efd-48b3-9b37-44dabbd85997_600x600.jpg?v=1656412929\" alt=\"\" \/><\/p>\n<h2>Package<\/h2>\n<ul>\n<li>2 * CW Gemfan Freestyle 3S 3-Blade \u015amig\u0142a\u00a0 (5.0mm shaft)<\/li>\n<li>2 * CCW\u00a0Gemfan Freestyle 3S\u00a03-Blade \u015amig\u0142a (5.0mm shaft)<\/li>\n<\/ul>","protected":false},"excerpt":{"rendered":"<p>Gemfan Freestyle 3S to 3-\u0142opatowe, wytrzyma\u0142e \u015bmig\u0142o z centralnym otworem 5 mm i wa\u017cy tylko oko\u0142o 3,6 g, zapewniaj\u0105c lepsze wra\u017cenia podczas lotu w stylu dowolnym. Idealny do wszystkich 5-calowych quad\u00f3w i odpowiedni do silnik\u00f3w bezszczotkowych BETAFPV 2306. Specyfikacja: Material: PC Weight: 3.5g Pitch: 3 inch Prop Dia: 129mm Center Thickness: 6mm Center Hole Dia: [&hellip;]<\/p>","protected":false},"featured_media":8012,"template":"","meta":[],"product_cat":[22,23,35],"product_tag":[],"jetpack_sharing_enabled":true,"_links":{"self":[{"href":"https:\/\/xorr.pl\/en\/wp-json\/wp\/v2\/product\/8011"}],"collection":[{"href":"https:\/\/xorr.pl\/en\/wp-json\/wp\/v2\/product"}],"about":[{"href":"https:\/\/xorr.pl\/en\/wp-json\/wp\/v2\/types\/product"}],"wp:featuredmedia":[{"embeddable":true,"href":"https:\/\/xorr.pl\/en\/wp-json\/wp\/v2\/media\/8012"}],"wp:attachment":[{"href":"https:\/\/xorr.pl\/en\/wp-json\/wp\/v2\/media?parent=8011"}],"wp:term":[{"taxonomy":"product_cat","embeddable":true,"href":"https:\/\/xorr.pl\/en\/wp-json\/wp\/v2\/product_cat?post=8011"},{"taxonomy":"product_tag","embeddable":true,"href":"https:\/\/xorr.pl\/en\/wp-json\/wp\/v2\/product_tag?post=8011"}],"curies":[{"name":"wp","href":"https:\/\/api.w.org\/{rel}","templated":true}]}}