{"id":8053,"date":"2023-01-13T09:09:13","date_gmt":"2023-01-13T08:09:13","guid":{"rendered":"https:\/\/xorr.pl\/?post_type=product&#038;p=8053"},"modified":"2023-06-06T13:25:48","modified_gmt":"2023-06-06T11:25:48","slug":"skyrc-s65-ladowarka-z-balanserem-65w-6a-2-4s-230v-ac","status":"publish","type":"product","link":"https:\/\/xorr.pl\/en\/product\/skyrc-s65-ladowarka-z-balanserem-65w-6a-2-4s-230v-ac\/","title":{"rendered":"SkyRC S65 \u0141adowarka z Balanserem 65W 6A 2-4S 230V AC"},"content":{"rendered":"<p>&nbsp;<\/p>\n<h1>SkyRC S65 \u0141adowarka z Balanserem 65W 6A 2-4S 230V AC<\/h1>\n<p><img decoding=\"async\" src=\"http:\/\/www.rchubiq.eu\/images\/skyrc\/s65\/1.jpg\" alt=\"alt\" width=\"790\" \/><\/p>\n<div>\n<p>SkyRC S65 to wysokowydajna, sterowana mikroprocesorem \u0142adowania \/ roz\u0142adowywarka z balanserem, idealna dla akumulator\u00f3w: LiPo, Lilon, LiFe, NiCd, NiMH, PB oraz LiHV nowej generacji o napi\u0119ciu ko\u0144cowym 4,35V. Jest to \u0142adowarka \/ roz\u0142adowywarka z wbudowanym zasilaczem. Maksymalna moc \u0142adowania S65 wynosi 65W. Maksymalny pr\u0105d \u0142adowania wynosi 6A, pr\u0105d roz\u0142adowania 2A.<\/p>\n<\/div>\n<p><center><img decoding=\"async\" src=\"http:\/\/www.rchubiq.eu\/images\/skyrc\/s65\/2.jpg\" alt=\"alt\" width=\"790\" \/><\/center><center><img decoding=\"async\" src=\"http:\/\/www.rchubiq.eu\/images\/skyrc\/s65\/3.jpg\" alt=\"alt\" width=\"790\" \/><\/center><center><img decoding=\"async\" src=\"http:\/\/www.rchubiq.eu\/images\/skyrc\/s65\/4.jpg\" alt=\"alt\" width=\"790\" \/><\/center><center><img decoding=\"async\" src=\"http:\/\/www.rchubiq.eu\/images\/skyrc\/s65\/5.jpg\" alt=\"alt\" width=\"790\" \/><\/center><center><img decoding=\"async\" src=\"http:\/\/www.rchubiq.eu\/images\/skyrc\/s65\/6.jpg\" alt=\"alt\" width=\"790\" \/><\/center><center><img decoding=\"async\" src=\"http:\/\/www.rchubiq.eu\/images\/skyrc\/s65\/7.jpg\" alt=\"alt\" width=\"790\" \/><\/center><center><img decoding=\"async\" src=\"http:\/\/www.rchubiq.eu\/images\/skyrc\/s65\/8.jpg\" alt=\"alt\" width=\"790\" \/><\/center><center><img decoding=\"async\" src=\"http:\/\/amadex.pl\/allegro\/images\/naglowek_zestaw.jpg\" alt=\"alt\" width=\"790\" \/><br \/>\n1. \u0141adowarka S65<br \/>\n2. Kabel zasilania<br \/>\n3. Instrukcja obs\u0142ugi<\/center><center><img decoding=\"async\" src=\"http:\/\/www.rchubiq.eu\/images\/skyrc\/s65\/s65_zestaw.jpg\" alt=\"alt\" width=\"490\" \/><\/center><center><img decoding=\"async\" src=\"http:\/\/amadex.pl\/allegro\/images\/naglowek_specyfikacja.jpg\" alt=\"alt\" width=\"790\" \/><\/center><center><img decoding=\"async\" src=\"http:\/\/www.rchubiq.eu\/images\/skyrc\/s65\/s65_spec.jpg\" alt=\"alt\" width=\"790\" \/><\/center><\/p>","protected":false},"excerpt":{"rendered":"<p>&nbsp; SkyRC S65 \u0141adowarka z Balanserem 65W 6A 2-4S 230V AC SkyRC S65 to wysokowydajna, sterowana mikroprocesorem \u0142adowania \/ roz\u0142adowywarka z balanserem, idealna dla akumulator\u00f3w: LiPo, Lilon, LiFe, NiCd, NiMH, PB oraz LiHV nowej generacji o napi\u0119ciu ko\u0144cowym 4,35V. Jest to \u0142adowarka \/ roz\u0142adowywarka z wbudowanym zasilaczem. Maksymalna moc \u0142adowania S65 wynosi 65W. Maksymalny pr\u0105d [&hellip;]<\/p>","protected":false},"featured_media":8054,"template":"","meta":[],"product_cat":[23,42],"product_tag":[],"jetpack_sharing_enabled":true,"_links":{"self":[{"href":"https:\/\/xorr.pl\/en\/wp-json\/wp\/v2\/product\/8053"}],"collection":[{"href":"https:\/\/xorr.pl\/en\/wp-json\/wp\/v2\/product"}],"about":[{"href":"https:\/\/xorr.pl\/en\/wp-json\/wp\/v2\/types\/product"}],"wp:featuredmedia":[{"embeddable":true,"href":"https:\/\/xorr.pl\/en\/wp-json\/wp\/v2\/media\/8054"}],"wp:attachment":[{"href":"https:\/\/xorr.pl\/en\/wp-json\/wp\/v2\/media?parent=8053"}],"wp:term":[{"taxonomy":"product_cat","embeddable":true,"href":"https:\/\/xorr.pl\/en\/wp-json\/wp\/v2\/product_cat?post=8053"},{"taxonomy":"product_tag","embeddable":true,"href":"https:\/\/xorr.pl\/en\/wp-json\/wp\/v2\/product_tag?post=8053"}],"curies":[{"name":"wp","href":"https:\/\/api.w.org\/{rel}","templated":true}]}}