{"id":8060,"date":"2023-01-16T11:26:52","date_gmt":"2023-01-16T10:26:52","guid":{"rendered":"https:\/\/xorr.pl\/?post_type=product&#038;p=8060"},"modified":"2023-01-16T11:26:52","modified_gmt":"2023-01-16T10:26:52","slug":"rama-fpvcycle-incisor-prototype-5","status":"publish","type":"product","link":"https:\/\/xorr.pl\/en\/product\/rama-fpvcycle-incisor-prototype-5\/","title":{"rendered":"Rama FPVCYCLE INCISOR (PROTOTYPE 5)"},"content":{"rendered":"<p>G\u0142\u00f3wne cechy ramy FPVCYCLE INCISOR (PROTOTYPE 5):<\/p>\n<ul>\n<li>Ma\u0142a rama, ale nie za ma\u0142a<\/li>\n<li>Trwa\u0142a, ale r\u00f3wnie\u017c lekka<\/li>\n<li>Miejsce na bateri\u0119 na g\u00f3rze ramy<\/li>\n<li>\u0141atwa wymiana uchwyt\u00f3w GoPro<\/li>\n<li>Odpowiednia ochrona kamery<\/li>\n<li>Kompatybilna z DJI air unit<\/li>\n<li>\u0141atwa do z\u0142o\u017cenia<\/li>\n<\/ul>\n<p><img decoding=\"async\" src=\"https:\/\/cdn.shopify.com\/s\/files\/1\/0172\/6051\/1286\/files\/20201118_201252_600x600.jpg?v=1605767204\" alt=\"\" \/><\/p>\n<p><img decoding=\"async\" src=\"https:\/\/cdn.shopify.com\/s\/files\/1\/0172\/6051\/1286\/files\/20201118_201228_600x600.jpg?v=1605767332\" alt=\"\" \/><\/p>\n<p>&nbsp;<\/p>\n<p>Specification<\/p>\n<ul>\n<li>5.25\u201d \u015bmig\u0142a<\/li>\n<li>Mocowanie silnika: 16&#215;16<\/li>\n<li>W zestawie \u015bruby do przymocowania silnik\u00f3w<\/li>\n<li>Pe\u0142na waga ramy &#8211; 115 g<\/li>\n<li>Materia\u0142y najwy\u017cszej jako\u015bci<\/li>\n<li>20mm wysoko\u015bci<b><i>Wideo pokazuj\u0105ce jak z\u0142o\u017cy\u0107 ram\u0119.<\/i><\/b>\n<div class=\"video-wrapper\"><iframe loading=\"lazy\" src=\"https:\/\/www.youtube.com\/embed\/j01h_t2r7Bs\" width=\"560\" height=\"315\" frameborder=\"0\" allowfullscreen=\"allowfullscreen\" data-mce-fragment=\"1\"><\/iframe><\/div>\n<\/li>\n<\/ul>","protected":false},"excerpt":{"rendered":"<p>G\u0142\u00f3wne cechy ramy FPVCYCLE INCISOR (PROTOTYPE 5): Ma\u0142a rama, ale nie za ma\u0142a Trwa\u0142a, ale r\u00f3wnie\u017c lekka Miejsce na bateri\u0119 na g\u00f3rze ramy \u0141atwa wymiana uchwyt\u00f3w GoPro Odpowiednia ochrona kamery Kompatybilna z DJI air unit \u0141atwa do z\u0142o\u017cenia &nbsp; Specyfikacja: 5.25\u201d \u015bmig\u0142a Mocowanie silnika: 16&#215;16 W zestawie \u015bruby do przymocowania silnik\u00f3w Pe\u0142na waga ramy &#8211; [&hellip;]<\/p>","protected":false},"featured_media":8061,"template":"","meta":[],"product_cat":[23,38],"product_tag":[],"jetpack_sharing_enabled":true,"_links":{"self":[{"href":"https:\/\/xorr.pl\/en\/wp-json\/wp\/v2\/product\/8060"}],"collection":[{"href":"https:\/\/xorr.pl\/en\/wp-json\/wp\/v2\/product"}],"about":[{"href":"https:\/\/xorr.pl\/en\/wp-json\/wp\/v2\/types\/product"}],"wp:featuredmedia":[{"embeddable":true,"href":"https:\/\/xorr.pl\/en\/wp-json\/wp\/v2\/media\/8061"}],"wp:attachment":[{"href":"https:\/\/xorr.pl\/en\/wp-json\/wp\/v2\/media?parent=8060"}],"wp:term":[{"taxonomy":"product_cat","embeddable":true,"href":"https:\/\/xorr.pl\/en\/wp-json\/wp\/v2\/product_cat?post=8060"},{"taxonomy":"product_tag","embeddable":true,"href":"https:\/\/xorr.pl\/en\/wp-json\/wp\/v2\/product_tag?post=8060"}],"curies":[{"name":"wp","href":"https:\/\/api.w.org\/{rel}","templated":true}]}}