{"id":8064,"date":"2023-01-16T11:43:45","date_gmt":"2023-01-16T10:43:45","guid":{"rendered":"https:\/\/xorr.pl\/?post_type=product&#038;p=8064"},"modified":"2023-01-16T11:45:27","modified_gmt":"2023-01-16T10:45:27","slug":"silnik-fpvcycle-imperial-25mm-1870-kv-1-szt","status":"publish","type":"product","link":"https:\/\/xorr.pl\/en\/product\/silnik-fpvcycle-imperial-25mm-1870-kv-1-szt\/","title":{"rendered":"Silnik FPVCYCLE IMPERIAL 25MM 1870 KV (1 szt.)"},"content":{"rendered":"<p>Ten silnik zosta\u0142 bardzo starannie zoptymalizowany do u\u017cytku ze \u015bmig\u0142ami 4,8-5,2&#8243; na pe\u0142nych 5-calowych quadach, ale oczywi\u015bcie mo\u017cesz go u\u017cywa\u0107 w dowolny spos\u00f3b. Najbardziej zauwa\u017calne korzy\u015bci w zakresie wydajno\u015bci to ulepszone zarz\u0105dzanie niskimi obrotami i \u0142atwiejsza kontrola wysoko\u015bci w por\u00f3wnaniu z typowe silniki 5-calowe. W przeciwnym razie jest to mocny silnik, kt\u00f3ry dzia\u0142a wyj\u0105tkowo dobrze na ka\u017cdej og\u00f3lnej platformie ~5-calowej.<\/p>\n<p>Silniki te s\u0105 zaprojektowane tak, aby dzia\u0142a\u0142y dobrze przy zwi\u0119kszonym obci\u0105\u017ceniu kamery Hero (~710-740g AUW), ale je\u015bli quad ma AUW poni\u017cej ~680g, wydajno\u015b\u0107 jest wyj\u0105tkowa. Zaleca si\u0119, aby dzia\u0142a\u0107 nie mniej ni\u017c 5S 1200mah lub 6S 1050mah w celu zoptymalizowania wydajno\u015bci baterii. Przy lataniu z du\u017c\u0105 pr\u0119dko\u015bci\u0105\/wysokim stresem zalecane jest minimum 5S 1250mah i 6S 1150mah. Polecamy akumulatory o najwy\u017cszym C spo\u015br\u00f3d dost\u0119pnych w danej firmie.<\/p>\n<h2>Specification<\/h2>\n<ul>\n<li>Waga &#8211; 35 g<\/li>\n<li>12N14P Konfiguracja<\/li>\n<li>Nakr\u0119tki na \u015bmig\u0142a (M5x6)<\/li>\n<li>Japo\u0144skie \u0141o\u017cysko NMB 9x4x4mm<\/li>\n<li>0.15mm Nippon Steel laminaty ze stali<\/li>\n<li>20AWG kabel,, ~20cm d\u0142ugo\u015bci<\/li>\n<li>2.5mm podstawa monta\u017cowa<\/li>\n<li>16X16mm M3 mount<\/li>\n<li>M3x8 \u015bruby<\/li>\n<\/ul>","protected":false},"excerpt":{"rendered":"<p>Ten silnik zosta\u0142 bardzo starannie zoptymalizowany do u\u017cytku ze \u015bmig\u0142ami 4,8-5,2&#8243; na pe\u0142nych 5-calowych quadach, ale oczywi\u015bcie mo\u017cesz go u\u017cywa\u0107 w dowolny spos\u00f3b. Najbardziej zauwa\u017calne korzy\u015bci w zakresie wydajno\u015bci to ulepszone zarz\u0105dzanie niskimi obrotami i \u0142atwiejsza kontrola wysoko\u015bci w por\u00f3wnaniu z typowe silniki 5-calowe. W przeciwnym razie jest to mocny silnik, kt\u00f3ry dzia\u0142a wyj\u0105tkowo dobrze [&hellip;]<\/p>","protected":false},"featured_media":8065,"template":"","meta":[],"product_cat":[32,36],"product_tag":[],"jetpack_sharing_enabled":true,"_links":{"self":[{"href":"https:\/\/xorr.pl\/en\/wp-json\/wp\/v2\/product\/8064"}],"collection":[{"href":"https:\/\/xorr.pl\/en\/wp-json\/wp\/v2\/product"}],"about":[{"href":"https:\/\/xorr.pl\/en\/wp-json\/wp\/v2\/types\/product"}],"wp:featuredmedia":[{"embeddable":true,"href":"https:\/\/xorr.pl\/en\/wp-json\/wp\/v2\/media\/8065"}],"wp:attachment":[{"href":"https:\/\/xorr.pl\/en\/wp-json\/wp\/v2\/media?parent=8064"}],"wp:term":[{"taxonomy":"product_cat","embeddable":true,"href":"https:\/\/xorr.pl\/en\/wp-json\/wp\/v2\/product_cat?post=8064"},{"taxonomy":"product_tag","embeddable":true,"href":"https:\/\/xorr.pl\/en\/wp-json\/wp\/v2\/product_tag?post=8064"}],"curies":[{"name":"wp","href":"https:\/\/api.w.org\/{rel}","templated":true}]}}