{"id":8087,"date":"2023-01-26T12:57:12","date_gmt":"2023-01-26T11:57:12","guid":{"rendered":"https:\/\/xorr.pl\/?post_type=product&#038;p=8087"},"modified":"2024-03-20T20:32:45","modified_gmt":"2024-03-20T19:32:45","slug":"smigla-gemfan-40mm-3-blade-1-0mm-shaft-4-komplety","status":"publish","type":"product","link":"https:\/\/xorr.pl\/en\/product\/smigla-gemfan-40mm-3-blade-1-0mm-shaft-4-komplety\/","title":{"rendered":"\u015amig\u0142a Gemfan 40mm 3-Blade (1.0mm Shaft, 4 komplety)"},"content":{"rendered":"<p>BETAFPV i Gemfan wsp\u00f3lnie wprowadzaj\u0105 wydajne i kolorowe \u015bmig\u0142a.<br \/>\nOpr\u00f3cz klasycznego niebieskiego koloru BETAFPV, mo\u017cna znale\u017a\u0107 zupe\u0142nie inny i nowe kolory.<\/p>\n<p><img decoding=\"async\" src=\"https:\/\/cdn.shopify.com\/s\/files\/1\/1778\/6615\/files\/10_3a46d7d3-35b4-4fc8-81ae-ca6e0098aef7_grande.jpg?v=1551149418\" alt=\"\" \/><\/p>\n<h2>Rekomendowane ramy do \u015bmigie\u0142:<\/h2>\n<ul>\n<li>Beta75S<\/li>\n<li>Beta75 Pro<\/li>\n<li>Beta75 Pro 2<\/li>\n<\/ul>\n<h2><strong>Specification<\/strong><\/h2>\n<ul>\n<li>Materia\u0142: plastik<\/li>\n<li>Wewn\u0119trzna \u015brednica: \u00a01.0mm<\/li>\n<li>Waga (2CW+2CCW): 2.0(g)<\/li>\n<\/ul>\n<p><img decoding=\"async\" src=\"https:\/\/cdn.shopify.com\/s\/files\/1\/1778\/6615\/files\/8_5500a3c8-f960-42c0-9127-8f23f5863146_grande.jpg?v=1551149435\" alt=\"\" \/><\/p>\n<h2><strong>Package<\/strong><\/h2>\n<ul>\n<li>8 * CW\u00a0 \u00a0 3-blade 40mm \u015amig\u0142a (1.0mm shaft )<\/li>\n<li>8 * CCW 3-blade 40mm \u015amig\u0142a (1.0mm shaft )<\/li>\n<li>Kolor: Niebieski \/ Czerwony \/ \u017b\u00f3\u0142ty \/ Zielony<\/li>\n<\/ul>\n<p><img decoding=\"async\" src=\"https:\/\/cdn.shopify.com\/s\/files\/1\/1778\/6615\/files\/12_754be407-f7e5-4383-a61e-26c3ea7b7080_grande.jpg?v=1551149555\" alt=\"\" \/><\/p>","protected":false},"excerpt":{"rendered":"<p>BETAFPV i Gemfan wsp\u00f3lnie wprowadzaj\u0105 wydajne i kolorowe \u015bmig\u0142a. Opr\u00f3cz klasycznego niebieskiego koloru BETAFPV, mo\u017cna znale\u017a\u0107 zupe\u0142nie inny i nowe kolory. Rekomendowane ramy do \u015bmigie\u0142: Beta75S Beta75 Pro Beta75 Pro 2 Specyfikacja: Materia\u0142: plastik Wewn\u0119trzna \u015brednica: \u00a01.0mm Waga (2CW+2CCW): 2.0(g) W opakowaniu: 8 * CW\u00a0 \u00a0 3-blade 40mm \u015amig\u0142a (1.0mm shaft ) 8 * CCW [&hellip;]<\/p>","protected":false},"featured_media":8088,"template":"","meta":[],"product_cat":[22,23,35],"product_tag":[],"jetpack_sharing_enabled":true,"_links":{"self":[{"href":"https:\/\/xorr.pl\/en\/wp-json\/wp\/v2\/product\/8087"}],"collection":[{"href":"https:\/\/xorr.pl\/en\/wp-json\/wp\/v2\/product"}],"about":[{"href":"https:\/\/xorr.pl\/en\/wp-json\/wp\/v2\/types\/product"}],"wp:featuredmedia":[{"embeddable":true,"href":"https:\/\/xorr.pl\/en\/wp-json\/wp\/v2\/media\/8088"}],"wp:attachment":[{"href":"https:\/\/xorr.pl\/en\/wp-json\/wp\/v2\/media?parent=8087"}],"wp:term":[{"taxonomy":"product_cat","embeddable":true,"href":"https:\/\/xorr.pl\/en\/wp-json\/wp\/v2\/product_cat?post=8087"},{"taxonomy":"product_tag","embeddable":true,"href":"https:\/\/xorr.pl\/en\/wp-json\/wp\/v2\/product_tag?post=8087"}],"curies":[{"name":"wp","href":"https:\/\/api.w.org\/{rel}","templated":true}]}}