{"id":8091,"date":"2023-01-26T12:39:49","date_gmt":"2023-01-26T11:39:49","guid":{"rendered":"https:\/\/xorr.pl\/?post_type=product&#038;p=8091"},"modified":"2023-02-20T15:52:57","modified_gmt":"2023-02-20T14:52:57","slug":"ladowarka-dwukanalowa-skyrc-t200","status":"publish","type":"product","link":"https:\/\/xorr.pl\/en\/product\/ladowarka-dwukanalowa-skyrc-t200\/","title":{"rendered":"\u0141adowarka dwukana\u0142owa SkyRC T200"},"content":{"rendered":"<div class=\"feature\"><span class=\"label\">Obs\u0142ugiwane akumulatory\u00a0<\/span><span class=\"value\">LiPo\/LiIon\/LiFe\/LiHV 1s &#8211; 6s, NiMH\/NiCd 1s &#8211; 15s, Pb 2v &#8211; 20v<\/span><\/div>\n<div class=\"feature\"><span class=\"label\">Obs\u0142ugiwane pojemno\u015bci\u00a0<\/span><span class=\"value\">100mAh &#8211; 50000mAh<\/span><\/div>\n<div class=\"feature\"><span class=\"label\">Power\u00a0<\/span><span class=\"value\">DC 11-18 V<\/span><\/div>\n<div class=\"feature\"><span class=\"label\">Wy\u015bwietlacz LCD\u00a0<\/span><span class=\"value\">2&#215;16 LCD z pod\u015bwietleniem<\/span><\/div>\n<div class=\"feature\"><span class=\"label\">Liczba \u0142adowanych akumulator\u00f3w\u00a0<\/span><span class=\"value\">2<\/span><\/div>\n<div class=\"feature\"><span class=\"label\">Z\u0142\u0105cza\u00a0<\/span><span class=\"value\">port czujnika temperatura, Gniazdo balansera XH 2-6S, 12 V DC, port akumulatora<\/span><\/div>\n<div><\/div>\n<div>\n<h2 align=\"center\">\u0141adowarka dwukana\u0142owa SkyRC T200<br \/>\n<small>Na\u0142aduj wszystkie urz\u0105dzenia<\/small><\/h2>\n<p>&nbsp;<\/p>\n<p><small><img decoding=\"async\" class=\"loaded\" src=\"https:\/\/www.apollo.pl\/gfx\/apollo\/userfiles\/_public\/opisy\/skyrc\/t200\/sk-100155-02_1.jpg\" alt=\"\" data-src=\"\/gfx\/apollo\/userfiles\/_public\/opisy\/skyrc\/t200\/sk-100155-02_1.jpg\" data-was-processed=\"true\" \/><\/small><\/p>\n<p>&nbsp;<\/p>\n<p>&nbsp;<\/p>\n<p>Klasyka w mniejszej ods\u0142onie<\/p>\n<p>\u0141adowarka dwukana\u0142owa T200 cechuj\u0119 si\u0119 kompaktowym rozmiarem, zajmuj\u0105c dzi\u0119ki temu niewiele miejsca. Ka\u017cdy z obwod\u00f3w \u0142adowania dostarcza 100 wat\u00f3w zintegrowanej mocy. Urz\u0105dzenie pozwala na r\u00f3wnoczesne \u0142adowanie dw\u00f3ch akumulator\u00f3w z nat\u0119\u017ceniem do 12 Amper\u00f3w na kana\u0142. Pozwala to na b\u0142yskawiczne na\u0142adowanie akumulator\u00f3w, od pakier\u00f3w odbiornika po Litowo-Polimerowe akumulatory 6s b\u0105d\u017a NiMH oraz NiCD 15s. Ponadto, oba kana\u0142y mo\u017cna programowa\u0107 oraz obs\u0142ugiwa\u0107 je indywidualnie. Pozwala to na r\u00f3wnoczesne \u0142adowanie urz\u0105dze\u0144, kt\u00f3re nie musz\u0105 mie\u0107 tej samej konfiguracji czy by\u0107 tego samego typu.<\/p>\n<p>&nbsp;<\/p>\n<p><img decoding=\"async\" class=\"loaded\" src=\"https:\/\/www.apollo.pl\/gfx\/apollo\/userfiles\/_public\/opisy\/skyrc\/t200\/sk-100155-02_3.jpg\" alt=\"\" data-src=\"\/gfx\/apollo\/userfiles\/_public\/opisy\/skyrc\/t200\/sk-100155-02_3.jpg\" data-was-processed=\"true\" \/><\/p>\n<p>Kompatybilno\u015b\u0107 oraz sterowanie<\/p>\n<p>Z pomoc\u0105 T200 na\u0142adujesz akumulatory typu: LiPo, LiIon, LiHV, LiFe, NiMH, NiCD oraz Pb.\u00a0Zale\u017cnie od typu akumulatora, \u0142adowarka oferuje r\u00f3\u017cne funkcje, jak \u0142adowanie normalne, szybkie, lub roz\u0142adowywanie.\u00a0Dzi\u0119ki czytelnemu wy\u015bwietlaczowi u\u017cytkowanie \u0142adowarki T200 jest proste. Z \u0142atwo\u015bci\u0105 dobierzesz odpowiednie parametry \u0142adowania i b\u0119dziesz mie\u0107 sta\u0142y podgl\u0105d na stan akumulatora. Ponadto urz\u0105dzenie SkyRC mo\u017ce by\u0107 u\u017cywane jako miernik rezystancji wewn\u0119trznej i napi\u0119cia akumulator\u00f3w litowo-jonowych.<\/p>\n<p>&nbsp;<\/p>\n<p><img decoding=\"async\" class=\"loaded\" src=\"https:\/\/www.apollo.pl\/gfx\/apollo\/userfiles\/_public\/opisy\/skyrc\/t200\/sk-100155-02_4.jpg\" alt=\"\" data-src=\"\/gfx\/apollo\/userfiles\/_public\/opisy\/skyrc\/t200\/sk-100155-02_4.jpg\" data-was-processed=\"true\" \/><\/p>\n<\/div>","protected":false},"excerpt":{"rendered":"<p>Obs\u0142ugiwane akumulatory\u00a0LiPo\/LiIon\/LiFe\/LiHV 1s &#8211; 6s, NiMH\/NiCd 1s &#8211; 15s, Pb 2v &#8211; 20v Obs\u0142ugiwane pojemno\u015bci\u00a0100mAh &#8211; 50000mAh Zasilanie\u00a0DC 11-18 V Wy\u015bwietlacz LCD\u00a02&#215;16 LCD z pod\u015bwietleniem Liczba \u0142adowanych akumulator\u00f3w\u00a02 Z\u0142\u0105cza\u00a0port czujnika temperatura, Gniazdo balansera XH 2-6S, 12 V DC, port akumulatora \u0141adowarka dwukana\u0142owa SkyRC T200 Na\u0142aduj wszystkie urz\u0105dzenia &nbsp; &nbsp; &nbsp; Klasyka w mniejszej ods\u0142onie \u0141adowarka [&hellip;]<\/p>","protected":false},"featured_media":8092,"template":"","meta":[],"product_cat":[23,42],"product_tag":[],"jetpack_sharing_enabled":true,"_links":{"self":[{"href":"https:\/\/xorr.pl\/en\/wp-json\/wp\/v2\/product\/8091"}],"collection":[{"href":"https:\/\/xorr.pl\/en\/wp-json\/wp\/v2\/product"}],"about":[{"href":"https:\/\/xorr.pl\/en\/wp-json\/wp\/v2\/types\/product"}],"wp:featuredmedia":[{"embeddable":true,"href":"https:\/\/xorr.pl\/en\/wp-json\/wp\/v2\/media\/8092"}],"wp:attachment":[{"href":"https:\/\/xorr.pl\/en\/wp-json\/wp\/v2\/media?parent=8091"}],"wp:term":[{"taxonomy":"product_cat","embeddable":true,"href":"https:\/\/xorr.pl\/en\/wp-json\/wp\/v2\/product_cat?post=8091"},{"taxonomy":"product_tag","embeddable":true,"href":"https:\/\/xorr.pl\/en\/wp-json\/wp\/v2\/product_tag?post=8091"}],"curies":[{"name":"wp","href":"https:\/\/api.w.org\/{rel}","templated":true}]}}