{"id":8167,"date":"2023-04-06T13:09:45","date_gmt":"2023-04-06T11:09:45","guid":{"rendered":"https:\/\/xorr.pl\/?post_type=product&#038;p=8167"},"modified":"2024-04-10T09:00:49","modified_gmt":"2024-04-10T07:00:49","slug":"betafpv-kamera-c03","status":"publish","type":"product","link":"https:\/\/xorr.pl\/en\/product\/betafpv-kamera-c03\/","title":{"rendered":"BetaFPV Kamera C03"},"content":{"rendered":"<p>C03 to lekka kamera o wadze 1,45 g i rozdzielczo\u015bci 1200 TVL, kt\u00f3ra zosta\u0142a zaprojektowana, aby zapewni\u0107 doskona\u0142\u0105 wydajno\u015b\u0107 mikro quadkopterom FPV. Ma obiektyw 2,1 mm, kt\u00f3ry zapewnia pole widzenia 160\u00b0, dzia\u0142a w proporcjach obrazu 4:3 i jest wyposa\u017cony w 1\/3-calow\u0105 matryc\u0119 CMOS zapewniaj\u0105c\u0105 wyra\u017any i doskona\u0142y obraz. Jest dostarczany z BETAFPV Micro Canopy, kt\u00f3ra idealnie pasuje do kamery C03, dzi\u0119ki czemu pilotom wygodniej jest budowa\u0107 quady.<\/p>\n<p><img decoding=\"async\" src=\"https:\/\/cdn.shopifycdn.net\/s\/files\/1\/1778\/6615\/files\/C03_06a2d4b2-1f97-4286-a813-95d82891d219_1024x1024.jpg?v=1672827986\" alt=\"\" \/><\/p>\n<h3><\/h3>\n<h1>Specification<\/h1>\n<ul>\n<li>Przedmiot: C03 FPV Micro Kamera<\/li>\n<li>Rozdzielczo\u015b\u0107 matrycy: 1\/3&#8243; CMOS Sensor<\/li>\n<li>System sygna\u0142u: NTSC (4:3)<\/li>\n<li>Obiektyw : 2.1mm(M7) FOV 160\u00b0<\/li>\n<li>Dzie\u0144\/Noc: Kolor<\/li>\n<li>Power: DC 3-5.5V<\/li>\n<li>Wymiary: 11*14.1*13.5mm<\/li>\n<li>Waga: 1.45g<\/li>\n<\/ul>\n<p><img decoding=\"async\" src=\"https:\/\/cdn.shopifycdn.net\/s\/files\/1\/1778\/6615\/files\/f7d7c897f798fc44c391847188c3ac79_26ddd6b2-3f3d-4502-a6cc-f2dc977b2a5b_600x600.jpg?v=1666252208\" alt=\"\" \/><\/p>\n<h1>Konektor Plug-N-Play<\/h1>\n<p>Mikrokamera C03 FPV jest wyposa\u017cona w z\u0142\u0105cze JST-0.8, specjaln\u0105 konstrukcj\u0119 typu plug-and-play, kt\u00f3ra u\u0142atwia instalacj\u0119 bez lutowania. Nadaje si\u0119 do dron\u00f3w z serii Meteor, kontroler\u00f3w lotu BETAFPV F4 1S 5A AIO FC, BETAFPV M03 VTX i NBD BeeBrain.<\/p>\n<p><img decoding=\"async\" src=\"https:\/\/cdn.shopifycdn.net\/s\/files\/1\/1778\/6615\/files\/4fcc38ba435a607f6875d50863bd270e_1024x1024.jpg?v=1666347835\" alt=\"\" \/><\/p>\n<h3><\/h3>\n<p>&nbsp;<\/p>\n<h1>Package:<\/h1>\n<ul>\n<li>1 * C03 FPV Micro Kamera<\/li>\n<li>1 * BETAFPV Micro Obudowa<\/li>\n<li>1 * 20\u00b0 Mocowanie obiektywu dla C02<\/li>\n<li>1 * 20\u00b0 Mocowanie obiektywu dla C03<\/li>\n<li>1 * 30\u00b0 Mocowanie obiektywu dla C03<\/li>\n<li>4 * M1.4*5 \u015aruby (Srebrne)<\/li>\n<li>6 * M1.4*4 \u015aruby (Czarne)<\/li>\n<\/ul>\n<p><img decoding=\"async\" src=\"https:\/\/cdn.shopifycdn.net\/s\/files\/1\/1778\/6615\/files\/3f89305fb1dabad87b9b93324e3c25cd_aebb8ee2-30b9-4398-8d0d-5cdadb45ebfa_600x600.jpg?v=1677219236\" alt=\"\" \/><\/p>","protected":false},"excerpt":{"rendered":"<p>C03 to lekka kamera o wadze 1,45 g i rozdzielczo\u015bci 1200 TVL, kt\u00f3ra zosta\u0142a zaprojektowana, aby zapewni\u0107 doskona\u0142\u0105 wydajno\u015b\u0107 mikro quadkopterom FPV. Ma obiektyw 2,1 mm, kt\u00f3ry zapewnia pole widzenia 160\u00b0, dzia\u0142a w proporcjach obrazu 4:3 i jest wyposa\u017cony w 1\/3-calow\u0105 matryc\u0119 CMOS zapewniaj\u0105c\u0105 wyra\u017any i doskona\u0142y obraz. Jest dostarczany z BETAFPV Micro Canopy, kt\u00f3ra [&hellip;]<\/p>","protected":false},"featured_media":8169,"template":"","meta":[],"product_cat":[22,32,33],"product_tag":[],"jetpack_sharing_enabled":true,"_links":{"self":[{"href":"https:\/\/xorr.pl\/en\/wp-json\/wp\/v2\/product\/8167"}],"collection":[{"href":"https:\/\/xorr.pl\/en\/wp-json\/wp\/v2\/product"}],"about":[{"href":"https:\/\/xorr.pl\/en\/wp-json\/wp\/v2\/types\/product"}],"wp:featuredmedia":[{"embeddable":true,"href":"https:\/\/xorr.pl\/en\/wp-json\/wp\/v2\/media\/8169"}],"wp:attachment":[{"href":"https:\/\/xorr.pl\/en\/wp-json\/wp\/v2\/media?parent=8167"}],"wp:term":[{"taxonomy":"product_cat","embeddable":true,"href":"https:\/\/xorr.pl\/en\/wp-json\/wp\/v2\/product_cat?post=8167"},{"taxonomy":"product_tag","embeddable":true,"href":"https:\/\/xorr.pl\/en\/wp-json\/wp\/v2\/product_tag?post=8167"}],"curies":[{"name":"wp","href":"https:\/\/api.w.org\/{rel}","templated":true}]}}