{"id":8172,"date":"2023-04-06T13:36:12","date_gmt":"2023-04-06T11:36:12","guid":{"rendered":"https:\/\/xorr.pl\/?post_type=product&#038;p=8172"},"modified":"2024-03-04T11:04:50","modified_gmt":"2024-03-04T10:04:50","slug":"dron-betafpv-meteor65-2022-v","status":"publish","type":"product","link":"https:\/\/xorr.pl\/en\/product\/dron-betafpv-meteor65-2022-v\/","title":{"rendered":"Drone BetaFPV Meteor65 (2022 v.)"},"content":{"rendered":"<p>Meteor65, a leading 1S whoop WINTER TIME drone. This 22.83g lightweight whoop drone comes with a completely new look with a special micro canopy, supporting the serial ExpressLRS 2.4G, Frsky, or TBS RX version. Equipped with the BT2.0 connector, the lightest F4 1S 5A FC (2022), new 0802SE 19500KV motors, and C03 FPV camera. With the combination of those electronics and parts, it reaches the best balance between performance, weight, durability, and premium build design.<\/p>\n<p><img decoding=\"async\" src=\"https:\/\/cdn.shopifycdn.net\/s\/files\/1\/1778\/6615\/files\/2fcff80837b53a294056d927199f8372_b161b105-f676-466d-967e-6eeb6050ebd4_1024x1024.jpg?v=1668068178\" alt=\"\" \/><\/p>\n<h2>Specification<\/h2>\n<ul>\n<li>Item: Meteor65 1S Brushless Whoop (2022)<\/li>\n<li>Weight: 22.83g (without battery)<\/li>\n<li>FC&amp;ESC:\u00a0F4 1S 5A FC (Serial ELRS 2.4G)\/F4 1S 5A FC (SPI Frsky)<\/li>\n<li>Rama Meteor65 65mm 1S Brushless Frame<\/li>\n<li>Motors: 0802SE Brushless Motor<\/li>\n<li>Props: 31mm 3-blade props (1.0mm Shaft)<\/li>\n<li>Tilt: 30\u00b0 (default)\/20\u00b0 (optional)<\/li>\n<li>Camera: C03 FPV Camera<\/li>\n<li>VTX:\u00a0M03 25-350mW VTX<\/li>\n<li>Canopy:\u00a0Canopy for Micro Camera 2022 version<\/li>\n<li>Battery: BT2.0 300mah 1S Battery<\/li>\n<li>Flight time: 4 mins<\/li>\n<\/ul>\n<div><\/div>\n<p><img decoding=\"async\" src=\"https:\/\/cdn.shopifycdn.net\/s\/files\/1\/1778\/6615\/files\/f9453e6a41e032de92847c0f59838e68_2c17ae43-a51c-49c7-bf5b-62bd932af8ee_1024x1024.jpg?v=1667987792\" alt=\"\" \/><\/p>\n<p>&nbsp;<\/p>\n<h2>FC &amp; ESC<\/h2>\n<p>The latest F4 1S 5A flight controllers are applied to all BNF versions of Meteor65. It features Serial ELRS 2.4G instead of SPI ELRS 2.4G for ELRS version compared to the previous version. The Frsky version reserves two UART ports for the available external receiver so it can be used as PNP and can be switched to Futaba SFHSS protocol through Betaflight configurator. The ESC on the new board powered by BB51 hardware in place of BB21 comes with Bluejay 96k ESC firmware, allowing 0802SE 19500KV motors to give full play to the efficiency of power. We update the gyro to BOSH BMI270 for better performance and stability since the new F4 1S 5A FC.<\/p>\n<div class=\"table-wrapper\">\n<div class=\"table-wrapper\">\n<table width=\"100%\">\n<tbody>\n<tr>\n<td style=\"width: 20%;\"><\/td>\n<td style=\"width: 40%;\">Meteor65 (ELRS)<\/td>\n<td style=\"width: 40%;\">Meteor65 (Frsky, PNP, TBS)<\/td>\n<\/tr>\n<tr>\n<td style=\"width: 20%;\">FC<\/td>\n<td style=\"width: 40%;\">F4 1S 5A FC (Serial ELRS 2.4G)<\/td>\n<td style=\"width: 40%;\">F4 1S 5A FC (SPI Frsky)<\/td>\n<\/tr>\n<tr>\n<td style=\"width: 20%;\">Gyro<\/td>\n<td style=\"width: 40%;\">BMI270<\/td>\n<td style=\"width: 40%;\">BMI270<\/td>\n<\/tr>\n<tr>\n<td style=\"width: 20%;\">FC Firmware<\/td>\n<td style=\"width: 40%;\">BETAFPVF411<\/td>\n<td style=\"width: 40%;\">BETAFPVF411RX<\/td>\n<\/tr>\n<tr>\n<td style=\"width: 20%;\">UART Port<\/td>\n<td style=\"width: 40%;\">One UART Port<\/td>\n<td style=\"width: 40%;\">Two UART Ports<\/td>\n<\/tr>\n<tr>\n<td style=\"width: 20%;\">External RX<\/td>\n<td style=\"width: 40%;\">Not Supported<\/td>\n<td style=\"width: 40%;\">Supported<\/td>\n<\/tr>\n<\/tbody>\n<\/table>\n<\/div>\n<\/div>\n<div class=\"table-wrapper\"><\/div>\n<p class=\"table-wrapper\"><em><img decoding=\"async\" src=\"https:\/\/cdn.shopifycdn.net\/s\/files\/1\/1778\/6615\/files\/FB_4dbf8c41-4fcf-4d06-bea8-aa85ccdfe872_1024x1024.jpg?v=1667979366\" alt=\"\" \/><\/em><\/p>\n<h2>C03 Camera<\/h2>\n<p>C03 FPV Micro Camera is 1.45g ultralight weight and a great camera for indoor micro FPV quadcopters. It features a 1200TVL definition with 1\/3\" CMOS sensor, 2.1mm lens for 160\u00b0 FOV, and excellent latency, which boasts high-quality, clear and sharper images through your goggles.<\/p>\n<p><img decoding=\"async\" src=\"https:\/\/cdn.shopifycdn.net\/s\/files\/1\/1778\/6615\/files\/C03_06a2d4b2-1f97-4286-a813-95d82891d219_1024x1024.jpg?v=1672827986\" alt=\"\" \/><\/p>\n<h2>Motors<\/h2>\n<p>0802SE 19500KV Motor motor is a lightweight 1S motor, compared with the 0802 series brushless motors, it is not only significantly reduced the weight which is only 1.88g\/pc but also ensures excellent performance of power and thrust. It makes the perfect dynamic balance, which gives the drone more flexibility and longer flying time.<\/p>\n<p><img decoding=\"async\" src=\"https:\/\/cdn.shopifycdn.net\/s\/files\/1\/1778\/6615\/files\/FB_a4c368d5-9585-4b65-8975-f73603c23b60_1024x1024.jpg?v=1666348002\" \/><\/p>\n<h2>Meteor65 Frame<\/h2>\n<p>The lightest lower profile 65mm frame - Meteor65 frame is 3.25g only. The battery slot is closer to the center of gravity for a smoother flying experience, and you will land on the motor screws instead of the battery. There are more options for colorful frames such as Beta-blue, mint-green, sakura-pink, mango-orange, etc.<\/p>\n<p><img decoding=\"async\" src=\"https:\/\/cdn.shopifycdn.net\/s\/files\/1\/1778\/6615\/files\/d2e1b9aec379546f426ce88c187b9234_19f58099-9abb-46e3-9ecd-5466dec9c8c7_1024x1024.jpg?v=1668068220\" alt=\"\" \/><\/p>\n<h2>Package:<\/h2>\n<ul>\n<li>1 * Meteor65 Brushless Whoop Quadcopter (2022)<\/li>\n<li>2 * 300mAh 1S 30C Battery with BT2.0 connector<\/li>\n<li>1 * BT2.0 Battery Charger and Voltage Tester<\/li>\n<li>1 * TypeC USB kabel<\/li>\n<li>1 * Customized Carry Case<\/li>\n<li>1 * Spare 31mm 3-blade props (1.0mm Shaft)<\/li>\n<li>1 * Screwdriver<\/li>\n<li>1 * Pack of Screws<\/li>\n<\/ul>\n<p><img decoding=\"async\" src=\"https:\/\/cdn.shopify.com\/s\/files\/1\/1778\/6615\/files\/65_e7f69f18-a6b8-48c5-886a-c09abacd370f_600x600.jpg?v=1667818572\" alt=\"\" \/><\/p>","protected":false},"excerpt":{"rendered":"<p>Meteor65, wiod\u0105cy dron 1S whoop teraz w wersji 2022. Ten lekki dron whoop o wadze 22,83 g ma zupe\u0142nie nowy wygl\u0105d ze specjaln\u0105 mikro os\u0142on\u0105, obs\u0142uguj\u0105c\u0105 seryjn\u0105 wersj\u0119 ExpressLRS 2.4G, Frsky lub TBS RX. Wyposa\u017cony w z\u0142\u0105cze BT2.0, najl\u017cejszy F4 1S 5A FC (2022), nowe silniki 0802SE 19500KV i kamer\u0119 C03 FPV. Dzi\u0119ki po\u0142\u0105czeniu tej [&hellip;]<\/p>","protected":false},"featured_media":8173,"template":"","meta":[],"product_cat":[22,30],"product_tag":[],"jetpack_sharing_enabled":true,"_links":{"self":[{"href":"https:\/\/xorr.pl\/en\/wp-json\/wp\/v2\/product\/8172"}],"collection":[{"href":"https:\/\/xorr.pl\/en\/wp-json\/wp\/v2\/product"}],"about":[{"href":"https:\/\/xorr.pl\/en\/wp-json\/wp\/v2\/types\/product"}],"wp:featuredmedia":[{"embeddable":true,"href":"https:\/\/xorr.pl\/en\/wp-json\/wp\/v2\/media\/8173"}],"wp:attachment":[{"href":"https:\/\/xorr.pl\/en\/wp-json\/wp\/v2\/media?parent=8172"}],"wp:term":[{"taxonomy":"product_cat","embeddable":true,"href":"https:\/\/xorr.pl\/en\/wp-json\/wp\/v2\/product_cat?post=8172"},{"taxonomy":"product_tag","embeddable":true,"href":"https:\/\/xorr.pl\/en\/wp-json\/wp\/v2\/product_tag?post=8172"}],"curies":[{"name":"wp","href":"https:\/\/api.w.org\/{rel}","templated":true}]}}