{"id":8261,"date":"2023-05-09T12:56:29","date_gmt":"2023-05-09T10:56:29","guid":{"rendered":"https:\/\/xorr.pl\/?post_type=product&#038;p=8261"},"modified":"2024-09-11T00:05:00","modified_gmt":"2024-09-10T22:05:00","slug":"rama-meteor75-pro","status":"publish","type":"product","link":"https:\/\/xorr.pl\/en\/product\/rama-meteor75-pro\/","title":{"rendered":"Rama Meteor75 Pro"},"content":{"rendered":"<p>Nowa rama wyposa\u017cona w uchwyty silnika do wygodnej instalacji i ma ulepszone gniazdo baterii, dzi\u0119ki czemu dost\u0119pna jest bateria 1S o wi\u0119kszej pojemno\u015bci (550mah). To naprawd\u0119 poprawia stabilno\u015b\u0107 lotu. Wyposa\u017cona w FC F4 1S 5A FC i \u015bmig\u0142a 1102 i 45 mm, bezszczotkowa rama Whoop Meteor75 Pro ma doskona\u0142y stosunek ci\u0105gu do masy.<\/p>\n<p><img decoding=\"async\" src=\"https:\/\/cdn.shopifycdn.net\/s\/files\/1\/1778\/6615\/files\/FB_c62f658a-489e-4f2f-a16a-8d3a5934641f_1024x1024.jpg?v=1676625649\" alt=\"\" \/><\/p>\n<p>&nbsp;<\/p>\n<p><img decoding=\"async\" src=\"https:\/\/cdn.shopifycdn.net\/s\/files\/1\/1778\/6615\/files\/f7d7c897f798fc44c391847188c3ac79_643d10d0-8a39-449f-bdf0-d54228fd0b35_600x600.jpg?v=1676366405\" alt=\"\" \/><\/p>\n<h2>Specification<\/h2>\n<ul>\n<li>Przedmiot: Meteor75 Pro Brushless Whoop Frame<\/li>\n<li>Materia\u0142: PP<\/li>\n<li>\u015arednica: 80.8mm<\/li>\n<li>Waga: 7.73g<\/li>\n<li>Kolor: Niebieski<\/li>\n<li>Silnik:\u00a0 \u00a01102\u00a00802SE\u00a0Brushless Motors<\/li>\n<li>FC:\u00a0F4 1S 5A FC<\/li>\n<\/ul>\n<p>&nbsp;<\/p>\n<p><img decoding=\"async\" src=\"https:\/\/cdn.shopifycdn.net\/s\/files\/1\/1778\/6615\/files\/3d016fed50b51fdf9465a98d86af4bcb_c5d55829-9105-4fb6-ad59-b03aa7099190_1024x1024.jpg?v=1676863012\" alt=\"\" \/><\/p>\n<h2>Rama Meteor75 Pro<\/h2>\n<p>Rama Meteor75 Pro jest wi\u0119ksza ni\u017c klasyczny Meteor75. Nadaje si\u0119 do \u015bmigie\u0142 45 mm, co sprawia, \u017ce \u200b\u200bMeteor75 Pro jest obecnie najwi\u0119ksz\u0105 moc\u0105 1S. Uchwyt silnika wykorzystuje tr\u00f3jk\u0105tn\u0105, dwustronn\u0105 rozci\u0105gliw\u0105 struktur\u0119, zapewniaj\u0105c pilotom trwalszy i p\u0142ynniejszy lot.<\/p>\n<p><img decoding=\"async\" src=\"https:\/\/cdn.shopifycdn.net\/s\/files\/1\/1778\/6615\/files\/783badc070c6500ba200dea3afa24a5f_1024x1024.jpg?v=1677152997\" alt=\"\" \/><\/p>\n<p>&nbsp;<\/p>\n<p><img decoding=\"async\" src=\"https:\/\/cdn.shopifycdn.net\/s\/files\/1\/1778\/6615\/files\/273b3f0eab5876de30df1fbe22b3a44f_480x480.jpg?v=1676627808\" alt=\"\" \/><\/p>\n<p>&nbsp;<\/p>\n<h2 class=\"p1\">Package<\/h2>\n<ul>\n<li>1 * Rama Meteor75 Pro<\/li>\n<\/ul>\n<p><img decoding=\"async\" src=\"https:\/\/cdn.shopifycdn.net\/s\/files\/1\/1778\/6615\/files\/f1d3f2e934a7f7df4970562b60a46e3c_09fdd9d1-fef4-41d8-b86e-74881b5031a7_600x600.jpg?v=1676358579\" alt=\"\" \/><\/p>","protected":false},"excerpt":{"rendered":"<p>Nowa rama wyposa\u017cona w uchwyty silnika do wygodnej instalacji i ma ulepszone gniazdo baterii, dzi\u0119ki czemu dost\u0119pna jest bateria 1S o wi\u0119kszej pojemno\u015bci (550mah). To naprawd\u0119 poprawia stabilno\u015b\u0107 lotu. Wyposa\u017cona w FC F4 1S 5A FC i \u015bmig\u0142a 1102 i 45 mm, bezszczotkowa rama Whoop Meteor75 Pro ma doskona\u0142y stosunek ci\u0105gu do masy. &nbsp; Specyfikacja: [&hellip;]<\/p>","protected":false},"featured_media":8263,"template":"","meta":[],"product_cat":[22,23,38],"product_tag":[],"jetpack_sharing_enabled":true,"_links":{"self":[{"href":"https:\/\/xorr.pl\/en\/wp-json\/wp\/v2\/product\/8261"}],"collection":[{"href":"https:\/\/xorr.pl\/en\/wp-json\/wp\/v2\/product"}],"about":[{"href":"https:\/\/xorr.pl\/en\/wp-json\/wp\/v2\/types\/product"}],"wp:featuredmedia":[{"embeddable":true,"href":"https:\/\/xorr.pl\/en\/wp-json\/wp\/v2\/media\/8263"}],"wp:attachment":[{"href":"https:\/\/xorr.pl\/en\/wp-json\/wp\/v2\/media?parent=8261"}],"wp:term":[{"taxonomy":"product_cat","embeddable":true,"href":"https:\/\/xorr.pl\/en\/wp-json\/wp\/v2\/product_cat?post=8261"},{"taxonomy":"product_tag","embeddable":true,"href":"https:\/\/xorr.pl\/en\/wp-json\/wp\/v2\/product_tag?post=8261"}],"curies":[{"name":"wp","href":"https:\/\/api.w.org\/{rel}","templated":true}]}}