{"id":8265,"date":"2023-05-09T13:03:41","date_gmt":"2023-05-09T11:03:41","guid":{"rendered":"https:\/\/xorr.pl\/?post_type=product&#038;p=8265"},"modified":"2024-03-20T20:32:47","modified_gmt":"2024-03-20T19:32:47","slug":"rama-meteor75-2","status":"publish","type":"product","link":"https:\/\/xorr.pl\/en\/product\/rama-meteor75-2\/","title":{"rendered":"Meteor75 Frame"},"content":{"rendered":"<p>Zupe\u0142nie nowa, lekka bezszczotkowa rama 75 mm 1S do bezszczotkowego quadkoptera Meteor75 Whoop jest ju\u017c dost\u0119pna! Ta rama jest ultralekka tylko 5,68 g, ale wci\u0105\u017c wystarczaj\u0105co wytrzyma\u0142a. Specjalnie zaprojektowana dla:<\/p>\n<ul>\n<li>Dostosowano wysoko\u015b\u0107 ramy, najni\u017cszym punktem ramy jest pozycja silnika, akumulator mo\u017cna chroni\u0107 podczas l\u0105dowania drona.<\/li>\n<li>Zwi\u0119kszono wysoko\u015b\u0107 p\u0119tli ramy, aby lepiej chroni\u0107 \u015bmig\u0142o.<\/li>\n<\/ul>\n<p>&nbsp;<\/p>\n<div><img decoding=\"async\" src=\"https:\/\/cdn.shopifycdn.net\/s\/files\/1\/1778\/6615\/files\/FB_f481c23a-344d-40d5-9c0a-b2b72de35991_1024x1024.jpg?v=1652439492\" alt=\"\" \/><\/div>\n<p>&nbsp;<\/p>\n<h2>Specification<\/h2>\n<ul>\n<li>Przedmiot:: Meteor75 rama<\/li>\n<li>Materia\u0142: Plastik<\/li>\n<li>Rozmiar: 75mm<\/li>\n<li>Waga: 5.68\/pc<\/li>\n<li>Kolor: Niebieski<\/li>\n<li>Silniki: Silniki z serii: 1102 oraz 0802.<\/li>\n<li>FC: 26x26mm<\/li>\n<\/ul>\n<p><img decoding=\"async\" src=\"https:\/\/cdn.shopifycdn.net\/s\/files\/1\/1778\/6615\/files\/f7d7c897f798fc44c391847188c3ac79_9a596a5a-3880-4818-958f-29727c862650_600x600.jpg?v=1607068943\" alt=\"\" \/><\/p>\n<p>&nbsp;<\/p>\n<div style=\"text-align: start;\"><img decoding=\"async\" src=\"https:\/\/cdn.shopify.com\/s\/files\/1\/1778\/6615\/files\/M75__WPS_1_69ad4d63-677a-4b26-8c93-b0945dfa7e71_600x600.jpg?v=1600342161\" alt=\"\" \/><\/div>\n<h2 class=\"p1\">Package<\/h2>\n<ul>\n<li>1 * Rama Meteor75<\/li>\n<\/ul>","protected":false},"excerpt":{"rendered":"<p>Zupe\u0142nie nowa, lekka bezszczotkowa rama 75 mm 1S do bezszczotkowego quadkoptera Meteor75 Whoop jest ju\u017c dost\u0119pna! Ta rama jest ultralekka tylko 5,68 g, ale wci\u0105\u017c wystarczaj\u0105co wytrzyma\u0142a. Specjalnie zaprojektowana dla: Dostosowano wysoko\u015b\u0107 ramy, najni\u017cszym punktem ramy jest pozycja silnika, akumulator mo\u017cna chroni\u0107 podczas l\u0105dowania drona. Zwi\u0119kszono wysoko\u015b\u0107 p\u0119tli ramy, aby lepiej chroni\u0107 \u015bmig\u0142o. &nbsp; &nbsp; [&hellip;]<\/p>","protected":false},"featured_media":8267,"template":"","meta":[],"product_cat":[22,23,38],"product_tag":[],"jetpack_sharing_enabled":true,"_links":{"self":[{"href":"https:\/\/xorr.pl\/en\/wp-json\/wp\/v2\/product\/8265"}],"collection":[{"href":"https:\/\/xorr.pl\/en\/wp-json\/wp\/v2\/product"}],"about":[{"href":"https:\/\/xorr.pl\/en\/wp-json\/wp\/v2\/types\/product"}],"wp:featuredmedia":[{"embeddable":true,"href":"https:\/\/xorr.pl\/en\/wp-json\/wp\/v2\/media\/8267"}],"wp:attachment":[{"href":"https:\/\/xorr.pl\/en\/wp-json\/wp\/v2\/media?parent=8265"}],"wp:term":[{"taxonomy":"product_cat","embeddable":true,"href":"https:\/\/xorr.pl\/en\/wp-json\/wp\/v2\/product_cat?post=8265"},{"taxonomy":"product_tag","embeddable":true,"href":"https:\/\/xorr.pl\/en\/wp-json\/wp\/v2\/product_tag?post=8265"}],"curies":[{"name":"wp","href":"https:\/\/api.w.org\/{rel}","templated":true}]}}