{"id":8269,"date":"2023-05-09T13:43:28","date_gmt":"2023-05-09T11:43:28","guid":{"rendered":"https:\/\/xorr.pl\/?post_type=product&#038;p=8269"},"modified":"2024-06-05T08:50:55","modified_gmt":"2024-06-05T06:50:55","slug":"smigla-gemfan-2-lopatowe-1-5-mm-shaft-4-szt","status":"publish","type":"product","link":"https:\/\/xorr.pl\/en\/product\/smigla-gemfan-2-lopatowe-1-5-mm-shaft-4-szt\/","title":{"rendered":"\u015amig\u0142a Gemfan 45mm (1.5 mm shaft)"},"content":{"rendered":"<p>\u015amig\u0142a Gemfan 45 mm s\u0105 bardzo trwa\u0142e i doskonale nadaj\u0105 si\u0119 do FPV whoop\u00f3w. \u015amig\u0142a 2-ostrzowe charakteryzuj\u0105 si\u0119 wysok\u0105 wydajno\u015bci\u0105 i precyzj\u0105 w dzia\u0142aniu do freestyle&#8217;u.<\/p>\n<p><img decoding=\"async\" src=\"https:\/\/cdn.shopifycdn.net\/s\/files\/1\/1778\/6615\/files\/FB_25d9ae2e-9b87-417f-afed-3916c11a5c1a_1024x1024.jpg?v=1676626331\" alt=\"\" \/><\/p>\n<h2>Specification<\/h2>\n<ul>\n<li>Materia\u0142: PC<\/li>\n<li>Waga:\u00a0 1.30g\/set (2-\u0142opatowe)<\/li>\n<li>\u015arednica \u015bmig\u0142a: 45mm<\/li>\n<li>Shaft: 1.5mm<\/li>\n<li>Rekomendowana rama: Meteor75 Pro Brushless Whoop Frame<\/li>\n<li>Rekomendowany silnik: BETAFPV 1102 Brushless Motors<\/li>\n<li>Kolor: szary<\/li>\n<\/ul>\n<p>&nbsp;<\/p>\n<p><img decoding=\"async\" src=\"https:\/\/cdn.shopifycdn.net\/s\/files\/1\/1778\/6615\/files\/3d016fed50b51fdf9465a98d86af4bcb_c5d55829-9105-4fb6-ad59-b03aa7099190_1024x1024.jpg?v=1676863012\" alt=\"\" \/><\/p>\n<h2>Diagram of LiteRadio 2 SE<\/h2>\n<p>The below picture is the diagram for Gemfan 45mm 2-Blade props.<\/p>\n<p><img decoding=\"async\" src=\"https:\/\/cdn.shopifycdn.net\/s\/files\/1\/1778\/6615\/files\/468ef44610c31b5b50b747b4f9f5ee49_5c60df47-9280-440e-aa73-dc17a8d45445_480x480.jpg?v=1676443082\" alt=\"\" \/><\/p>\n<p>&nbsp;<\/p>\n<h2>Pakiet zawiera:<\/h2>\n<ul>\n<li>2 * CW Gemfan 45mm \u015amig\u0142a (1.5mm Shaft 4PCS) 2-Blade<\/li>\n<li>2 * CCW Gemfan 45mm \u015amig\u0142a (1.5mm Shaft 4PCS) 2-Blade<\/li>\n<\/ul>\n<p><img decoding=\"async\" src=\"https:\/\/cdn.shopify.com\/s\/files\/1\/1778\/6615\/files\/1f4e9aa4e7fd166710cf4f2aac388c8f_480x480.jpg?v=1676544063\" alt=\"\" \/><\/p>","protected":false},"excerpt":{"rendered":"<p>\u015amig\u0142a Gemfan 45 mm s\u0105 bardzo trwa\u0142e i doskonale nadaj\u0105 si\u0119 do FPV whoop\u00f3w. \u015amig\u0142a 2-ostrzowe charakteryzuj\u0105 si\u0119 wysok\u0105 wydajno\u015bci\u0105 i precyzj\u0105 w dzia\u0142aniu do freestyle&#8217;u. Specyfikacja: Materia\u0142: PC Waga:\u00a0 1.30g\/set (2-\u0142opatowe) \u015arednica \u015bmig\u0142a: 45mm Shaft: 1.5mm Rekomendowana rama: Meteor75 Pro Brushless Whoop Frame Rekomendowany silnik: BETAFPV 1102 Brushless Motors Kolor: szary &nbsp; Diagram The [&hellip;]<\/p>","protected":false},"featured_media":8271,"template":"","meta":[],"product_cat":[22,23,35],"product_tag":[],"jetpack_sharing_enabled":true,"_links":{"self":[{"href":"https:\/\/xorr.pl\/en\/wp-json\/wp\/v2\/product\/8269"}],"collection":[{"href":"https:\/\/xorr.pl\/en\/wp-json\/wp\/v2\/product"}],"about":[{"href":"https:\/\/xorr.pl\/en\/wp-json\/wp\/v2\/types\/product"}],"wp:featuredmedia":[{"embeddable":true,"href":"https:\/\/xorr.pl\/en\/wp-json\/wp\/v2\/media\/8271"}],"wp:attachment":[{"href":"https:\/\/xorr.pl\/en\/wp-json\/wp\/v2\/media?parent=8269"}],"wp:term":[{"taxonomy":"product_cat","embeddable":true,"href":"https:\/\/xorr.pl\/en\/wp-json\/wp\/v2\/product_cat?post=8269"},{"taxonomy":"product_tag","embeddable":true,"href":"https:\/\/xorr.pl\/en\/wp-json\/wp\/v2\/product_tag?post=8269"}],"curies":[{"name":"wp","href":"https:\/\/api.w.org\/{rel}","templated":true}]}}