{"id":8273,"date":"2023-05-09T13:59:05","date_gmt":"2023-05-09T11:59:05","guid":{"rendered":"https:\/\/xorr.pl\/?post_type=product&#038;p=8273"},"modified":"2024-08-20T19:13:18","modified_gmt":"2024-08-20T17:13:18","slug":"f4-1s-5a-aio-kontroler-lotu-light-version-0-8-mm","status":"publish","type":"product","link":"https:\/\/xorr.pl\/en\/product\/f4-1s-5a-aio-kontroler-lotu-light-version-0-8-mm\/","title":{"rendered":"F4 1S 5A AIO ELRS (Light Version | 0.8 mm)"},"content":{"rendered":"<p>Ultralekki bezszczotkowy kontroler lotu F4 1S 5A AIO jest ponownie dost\u0119pny z nowymi i ulepszonymi funkcjami. W por\u00f3wnaniu z poprzedni\u0105 wersj\u0105 nowa p\u0142yta wykorzystuje Serial ExpressLRS 2.4G zamiast SPI ELRS 2.4G, dzi\u0119ki czemu mo\u017ce obs\u0142ugiwa\u0107 ExpressLRS V3.0, a tak\u017ce ma wersj\u0119 Frsky RX do wyboru. Zaktualizowali\u015bmy FC o wysokiej jako\u015bci \u017cyroskop BMI270 i sprz\u0119t BB51 ESC. Ponadto ta nowa p\u0142yta obs\u0142uguje funkcj\u0119 Betaflight Blackbox.<\/p>\n<div class=\"table-wrapper\"><\/div>\n<p><img decoding=\"async\" src=\"https:\/\/cdn.shopify.com\/s\/files\/1\/1778\/6615\/files\/FB1_6d11b6c8-31f6-4d38-ba67-f710efbb5517_1024x1024.jpg?v=1675247418\" alt=\"\" \/><\/p>\n<p>FC zosta\u0142 zrobiony, \u017ceby uzyska\u0107 najl\u017cejsz\u0105 mo\u017cliw\u0105 konstrukcj\u0119. Poni\u017cej znajduje si\u0119 tabelka pokazuj\u0105ca r\u00f3\u017cnice pomi\u0119dzy wersj\u0105 Light a Classical.<\/p>\n<table style=\"font-size: 16px;\" width=\"100%\">\n<tbody>\n<tr>\n<td style=\"width: 30%;\"><\/td>\n<td style=\"width: 35%;\">Wersja Light<\/td>\n<td style=\"width: 35%;\">Wersja Classical<\/td>\n<\/tr>\n<tr>\n<td style=\"width: 30%;\">Weight<\/td>\n<td style=\"width: 35%;\">2.96g<\/td>\n<td style=\"width: 35%;\">3.64g<\/td>\n<\/tr>\n<tr>\n<td style=\"width: 30%;\">Grubo\u015b\u0107<\/td>\n<td style=\"width: 35%;\">0.8mm<\/td>\n<td style=\"width: 35%;\">1.0mm\/0.8mm<\/td>\n<\/tr>\n<tr>\n<td style=\"width: 30%;\">Z\u0142\u0105cza silnika<\/td>\n<td style=\"width: 35%;\">Osobno<\/td>\n<td style=\"width: 35%;\">Przylutowane<\/td>\n<\/tr>\n<\/tbody>\n<\/table>\n<h2><\/h2>\n<h2>Specifications of FC<\/h2>\n<ul>\n<li>CPU: STM32F411CEU6 (100MHZ)<\/li>\n<li>Six-Axis:\u00a0BMI270<\/li>\n<li>Built-in Receiver: Serial ExpressLRS 2.4G\/SPI CC2500 (Frsky)<\/li>\n<li>Receiver antenna: Line antenna<\/li>\n<li>Rozmiar FC: 30*30mm<\/li>\n<li>Mounting Hole Size: 26*26mm<\/li>\n<li>Firmware version: betaflight_4.3.0_BETAFPVF411 (ELRS)\/betaflight_4.2.11_BETAFPVF411RX (Frsky)<\/li>\n<li>OSD: Built-in BetaFlight OSD<\/li>\n<li>Blackbox:\u00a08MB<\/li>\n<li>Recommend VTX: &gt;=200mW, like\u00a0BETAFPV M03 350mW VTX\u00a0or\u00a0TBS Unify VTX<\/li>\n<li>Power Cable: 55mm, with BT2.0 konektor<\/li>\n<li>Waga: 2,96g<\/li>\n<\/ul>\n<h2>Specifications of ESC<\/h2>\n<ul>\n<li>Power supply: 1S<\/li>\n<li>Current: 5A continuous and peak 6A (3 seconds)<\/li>\n<li>ESC\u00a0firmware: A_X_5_.HEX for Bluejay BB51 hardware<\/li>\n<li>Signal Support: D-shot150, D-shot300, D-shot600, Oneshot125, Multishot, PWM<\/li>\n<\/ul>\n<p>&nbsp;<\/p>\n<p>&nbsp;<\/p>\n<h2>Diagram of LiteRadio 2 SE<\/h2>\n<p><img decoding=\"async\" src=\"https:\/\/cdn.shopifycdn.net\/s\/files\/1\/1778\/6615\/files\/873209b4315a474d5f0cd872c40e16ba_ea4104f5-a34f-4c62-b9a3-14acf1f84821_480x480.jpg?v=1665402312\" alt=\"\" \/><\/p>\n<p><img decoding=\"async\" src=\"https:\/\/cdn.shopify.com\/s\/files\/1\/1778\/6615\/files\/9c194e3c986b0c5b8388668b5ab6bfc5_0317941a-6d6f-498f-b4fd-2562ab816ccf_480x480.jpg?v=1665566666\" alt=\"\" \/><\/p>\n<p>Below is the diagram for SPI Frsky RX.<\/p>\n<p><img decoding=\"async\" src=\"https:\/\/cdn.shopifycdn.net\/s\/files\/1\/1778\/6615\/files\/873209b4315a474d5f0cd872c40e16ba_95b94e51-f597-4662-a2c4-6737738da88b_480x480.jpg?v=1665402798\" alt=\"\" \/><\/p>\n<p><img decoding=\"async\" src=\"https:\/\/cdn.shopifycdn.net\/s\/files\/1\/1778\/6615\/files\/9c194e3c986b0c5b8388668b5ab6bfc5_324f3f61-7025-4053-8d5a-2594d2219cfb_480x480.jpg?v=1665402821\" alt=\"\" \/><\/p>\n<h2><\/h2>\n<p>&nbsp;<\/p>\n<h2>Oprogramowanie Betaflight i CLI<\/h2>\n<p>Bezszczotkowy kontroler lotu F4 1S 5A AIO jest dostarczany z domy\u015blnym oprogramowaniem uk\u0142adowym betaflight_4.3.0_BETAFPVF411 (ELRS) lub betaflight_4.2.11_BETAFPVF411RX (Frsky). Domy\u015blne oprogramowanie uk\u0142adowe dla wersji Serial ExpressLRS 2.4G RX obs\u0142uguje ELRS V2.4 RX.<\/p>\n<p>Zwr\u00f3\u0107 uwag\u0119, W przypadku wersji Serial ExpressLRS 2.4G TYLKO oprogramowanie uk\u0142adowe Betaflight 4.3.0 i nowsze zaczyna obs\u0142ugiwa\u0107 ten \u017cyroskop BMI270. W przypadku wersji SPI Frsky NIE WOLNO flashowa\u0107 innego oprogramowania, w przeciwnym razie RX straci kontrol\u0119 z bardzo bliskiej odleg\u0142o\u015bci. Zbudowali\u015bmy ju\u017c w\u0142asne oprogramowanie uk\u0142adowe betaflight_4.2.11_BETAFPVF411RX dla wersji SPI Frsky RX do obs\u0142ugi \u017cyroskopu BMI270. Sprawd\u017a poni\u017cszy link, aby pobra\u0107 oprogramowanie uk\u0142adowe.<\/p>\n<ul>\n<li><a href=\"https:\/\/support.betafpv.com\/hc\/en-us\/articles\/7064243258777-Firmware-for-F4-1S-5A-Flight-Controller-BMI270-ELRS-2-4G-Frsky-\">Download the firmware and CLI dump file for the F4 1S 5A FC ELRS\/Frsky board.<\/a><\/li>\n<\/ul>\n<p>&nbsp;<\/p>\n<h2>Oprogramowanie Bluejay ESC<\/h2>\n<p><a class=\"rte__image\" href=\"https:\/\/github.com\/bird-sanctuary\/bluejay\" target=\"_blank\" rel=\"noopener\"><img decoding=\"async\" src=\"https:\/\/cdn.shopifycdn.net\/s\/files\/1\/1778\/6615\/files\/1_f1e8c5ed-49a0-488e-8ba6-74c3ff08aa56_160x160.png?v=1668162831\" alt=\"\" \/><\/a><\/p>\n<p>Dla pilot\u00f3w, kt\u00f3rzy chc\u0105 sflashowa\u0107 oprogramowanie Bluejay ESC dla F4 1S 5A FC, skorzystaj z BLHeliSuite16714902A_Beta lub ESC-Configurator i pobierz oprogramowanie Bluejay ESC A_X_5_.HEX z poni\u017cszych \u0142\u0105czy.<\/p>\n<ul>\n<li>ESC-Configurator:\u00a0<a href=\"https:\/\/preview.esc-configurator.com\/\">https:\/\/preview.esc-configurator.com\/<\/a><\/li>\n<li><a href=\"https:\/\/app.box.com\/s\/4fakxgti8i5o2s29s125aa9ljaihonn0\">Download BLHeliSuite16714902A_Beta here.<\/a><\/li>\n<li><a href=\"https:\/\/github.com\/bird-sanctuary\/bluejay\/releases\/tag\/v0.18.1\">Download the Bluejay ESC firmware. Please choose A_X_5.HEX.<\/a><\/li>\n<\/ul>\n<p style=\"padding-left: 30px;\"><img decoding=\"async\" src=\"https:\/\/cdn.shopifycdn.net\/s\/files\/1\/1778\/6615\/files\/7f7a9bdb-b98f-4c22-a318-3eeafc012d2e_240x240.png?v=1668150963\" alt=\"\" \/><\/p>\n<p>&nbsp;<\/p>\n<h2 style=\"text-align: left;\">Pod\u0142\u0105czanie zewn\u0119trznego RX\/HD cyfrowego lub analogowego VTX<\/h2>\n<p>Zar\u00f3wno wersja Serial ExpressLRS 2.4G RX, jak i SPI Frsky RX obs\u0142uguj\u0105 zewn\u0119trzny cyfrowy HD VTX lub analogowy VTX. Nale\u017cy pami\u0119ta\u0107, \u017ce wersja SPI Frsky RX rezerwuje port SBUS i port UART, kt\u00f3ry jest dost\u0119pny dla odbiornika protoko\u0142u SBUS lub innych odbiornik\u00f3w zewn\u0119trznych. Mo\u017cesz odnie\u015b\u0107 si\u0119 do poni\u017cszego obrazu.<\/p>\n<p><img decoding=\"async\" src=\"https:\/\/cdn.shopifycdn.net\/s\/files\/1\/1778\/6615\/files\/f4b3da9554de4e60ffd11b8edcb16ff8_d3d78c98-20d0-4466-8be7-10b7738f88db_1600x1600.jpg?v=1668130490\" alt=\"\" \/><\/p>\n<h2 style=\"text-align: left;\">Do pobrania:<\/h2>\n<ul>\n<li>ESC-Configurator:\u00a0<a href=\"https:\/\/preview.esc-configurator.com\/\">https:\/\/preview.esc-configurator.com\/<\/a><\/li>\n<li><a href=\"https:\/\/app.box.com\/s\/4fakxgti8i5o2s29s125aa9ljaihonn0\">Download BLHeliSuite16714902A_Beta here.<\/a><\/li>\n<li><a href=\"https:\/\/github.com\/bird-sanctuary\/bluejay\/releases\/tag\/v0.18.1\">Download the Bluejay ESC firmware. Please choose A_X_5.HEX.<\/a><\/li>\n<\/ul>\n<h2><\/h2>\n<h2>Package<\/h2>\n<ul>\n<li>1 * F4 1S 5A AIO Kontroler lotu<\/li>\n<li>4 * M1.2x4mm \u015aruby<\/li>\n<li>4 * M1.4x5mm \u015aruby<\/li>\n<li>4 * gumki antywibracyjne<\/li>\n<\/ul>\n<p><img decoding=\"async\" src=\"https:\/\/cdn.shopifycdn.net\/s\/files\/1\/1778\/6615\/files\/3f89305fb1dabad87b9b93324e3c25cd_19fdb1d1-0381-418a-b152-3321f62be74e_600x600.jpg?v=1665402971\" alt=\"\" \/><\/p>","protected":false},"excerpt":{"rendered":"<p>Ultralekki bezszczotkowy kontroler lotu F4 1S 5A AIO jest ponownie dost\u0119pny z nowymi i ulepszonymi funkcjami. W por\u00f3wnaniu z poprzedni\u0105 wersj\u0105 nowa p\u0142yta wykorzystuje Serial ExpressLRS 2.4G zamiast SPI ELRS 2.4G, dzi\u0119ki czemu mo\u017ce obs\u0142ugiwa\u0107 ExpressLRS V3.0, a tak\u017ce ma wersj\u0119 Frsky RX do wyboru. Zaktualizowali\u015bmy FC o wysokiej jako\u015bci \u017cyroskop BMI270 i sprz\u0119t BB51 [&hellip;]<\/p>","protected":false},"featured_media":7953,"template":"","meta":[],"product_cat":[22,32,45,40],"product_tag":[],"jetpack_sharing_enabled":true,"_links":{"self":[{"href":"https:\/\/xorr.pl\/en\/wp-json\/wp\/v2\/product\/8273"}],"collection":[{"href":"https:\/\/xorr.pl\/en\/wp-json\/wp\/v2\/product"}],"about":[{"href":"https:\/\/xorr.pl\/en\/wp-json\/wp\/v2\/types\/product"}],"wp:featuredmedia":[{"embeddable":true,"href":"https:\/\/xorr.pl\/en\/wp-json\/wp\/v2\/media\/7953"}],"wp:attachment":[{"href":"https:\/\/xorr.pl\/en\/wp-json\/wp\/v2\/media?parent=8273"}],"wp:term":[{"taxonomy":"product_cat","embeddable":true,"href":"https:\/\/xorr.pl\/en\/wp-json\/wp\/v2\/product_cat?post=8273"},{"taxonomy":"product_tag","embeddable":true,"href":"https:\/\/xorr.pl\/en\/wp-json\/wp\/v2\/product_tag?post=8273"}],"curies":[{"name":"wp","href":"https:\/\/api.w.org\/{rel}","templated":true}]}}