{"id":8319,"date":"2023-05-25T13:26:58","date_gmt":"2023-05-25T11:26:58","guid":{"rendered":"https:\/\/xorr.pl\/?post_type=product&#038;p=8319"},"modified":"2023-12-10T21:47:40","modified_gmt":"2023-12-10T20:47:40","slug":"dron-betafpv-meteor75-pro","status":"publish","type":"product","link":"https:\/\/xorr.pl\/en\/product\/dron-betafpv-meteor75-pro\/","title":{"rendered":"Drone BetaFPV Meteor75 Pro"},"content":{"rendered":"<p>Meteor75 Pro features 45mm propellers, being the largest 1S whoop drone for greater thrust and lift. Comes with more powerful 1102 22000KV motors and a new BT2.0 550mAh 1S battery. Besides, it has the same flight controller, Analog VTX system, and canopy as the  F4 1S 5A FC, C03 FPV camera, M03 350mW VTX, and Micro Canopy on Meteor75. This drone combo makes Metoer75 Pro faster, more responsive, and flight time, which would be ideal for FPV racing or acrobatic flying indoors or outdoors.<\/p>\n<p><img decoding=\"async\" src=\"https:\/\/cdn.shopify.com\/s\/files\/1\/1778\/6615\/files\/1_73e35af9-86be-48fe-b3a8-6a60c7ae66ee_1024x1024.jpg?v=1679625375\" alt=\"\" \/><\/p>\n<h2>Bullet Points<\/h2>\n<p>The upgraded frame that fits 45mm props perfectly makes Meteor75 Pro the largest 1S whoop drone. Powered with 1102 22000KV motors, it performs smoothly in the air and is maneuverable for freestyle tricks.<br \/>\nIt features a roomier battery slot that can accommodate a bigger battery such as BT2.0 550mAh 1S battery, which provides a larger capacity and higher discharge rate, bringing more flight time and robust flight performance to the quadcopter.<br \/>\nBuilt-in 1.45g ultralight weight and upgraded C03 FPV camera. This new camera has optimal performance for indoor whoop drones.<br \/>\nAdopt with injection molding technique, this canopy is 1.60g ultralight weight and is more durable, anti-ruin, and heat-resistant, providing good protection for the whoop drone.<br \/>\nEquipped with F4 1S 5A flight controller (Serial ELRS 2.4G or SPI Frsky). The ELRS 2.4G RX version comes with the default ELRS V2.0 firmware and supports being upgraded to ELRS V3.0 separately without flashing Betaflight flight controller firmware. The SPI Frsky version can be also used as the PNP version to connect external receivers due to the two UART ports on the board.<br \/>\nThe various colors of the spare parts including the Meteor75 Pro frame and micro canopy, offer pilots more choices. Using them with BETAFPV waterslide decals, pilots can easily DIY and build their unique whoop drones.<\/p>\n<p>&nbsp;<\/p>\n<h2>Specification<\/h2>\n<p>Item: Meteor75 Pro Brushless Whoop Quadcopter<br \/>\nMotors: 1102 22000KV Motor<br \/>\nBattery: BT2.0 550mAh 1S Battery<br \/>\nFrame: Meteor75 Pro Brushless Whoop Frame<br \/>\nPropellers: Gemfan 45mm 3-Blade Propellers<br \/>\nCamera: C03 FPV Camera<br \/>\nTilt: 30\u00b0\/20\u00b0<br \/>\nCanopy: Canopy for Micro Camera 2022 version<\/p>\n<p><img decoding=\"async\" src=\"https:\/\/cdn.shopify.com\/s\/files\/1\/1778\/6615\/files\/2_88987577-e68b-4155-a1fd-c405c5882c75_1024x1024.jpg?v=1679625396\" alt=\"\" \/><\/p>\n<p>&nbsp;<\/p>\n<h2>Powerful 1S Drone Combo<\/h2>\n<p>Meteor75 Pro with 45mm 3-Blade props performs very precise, agile, and fantastic flying, which is the largest 1S power whoop drone nowadays. Fit out with 1102 22000KV motors and BT2.0 550mAh 1S battery, Meteor75 Pro has an excellent thrust-to-weight ratio performance.<\/p>\n<p>&nbsp;<\/p>\n<p><img decoding=\"async\" src=\"https:\/\/cdn.shopify.com\/s\/files\/1\/1778\/6615\/files\/3_c89bfd31-f0c4-4053-a979-d7c158d59736_1024x1024.jpg?v=1679625448\" alt=\"\" \/><\/p>\n<h2>C03 FPV Camera<\/h2>\n<p>C03 is a lightweight 1.45g and 1200TVL resolution camera that has been designed to provide superb performance for micro FPV quadcopters. It has a 2.1mm lens that gives a 160\u00b0 field of view, operating in 4:3 image ratios, and features a 1\/3'' CMOS sensor for clear and brilliant images.<\/p>\n<p><img decoding=\"async\" src=\"https:\/\/cdn.shopify.com\/s\/files\/1\/1778\/6615\/files\/4_7feaf6b7-82e1-4022-960e-3669dac99248_1024x1024.jpg?v=1679625464\" alt=\"\" \/><\/p>\n<h2>Endurance Boosting Battery<\/h2>\n<p>Meteor75 Pro applies the new BT2.0 550mAh 1S battery, which is capable of delivering a discharge rate of 40C (continuous) and 80C (burst). With its larger capacity and stronger power, pilots can enjoy more flight time and a robust flight experience.<\/p>\n<p><img decoding=\"async\" src=\"https:\/\/cdn.shopify.com\/s\/files\/1\/1778\/6615\/files\/5_9489d43f-d7f4-4a0e-b7da-2926f863d21a_1024x1024.jpg?v=1679578316\" alt=\"\" \/><\/p>\n<p>&nbsp;<\/p>\n<p><img decoding=\"async\" src=\"https:\/\/cdn.shopify.com\/s\/files\/1\/1778\/6615\/files\/d2e1b9aec379546f426ce88c187b9234_3cdfbfc1-7c8b-4f42-8c4e-df2cca22767a_1024x1024.jpg?v=1679578298\" alt=\"\" \/><\/p>\n<h2>Meteor Series<\/h2>\n<p>BETAFPV aims to provide the best whoop quadcopters for pilots and Meteor Series whoop quadcopters are definitely the perfect balance in all areas of performance. From 1S to 2S, indoors to outdoors, whether agility, maneuverability, speed, or stability, Meteor series whoop drones meet the needs of a variety of flight environments and offer excellent experiences to pilots. The latest Meteor75 Pro with 45mm props, being the largest 1S whoop, is proud of its performance both indoors and outdoors.<\/p>\n<p><img decoding=\"async\" src=\"https:\/\/cdn.shopify.com\/s\/files\/1\/1778\/6615\/files\/6_1427b6d2-78c8-41f4-9eb4-62bc77acc134_1024x1024.jpg?v=1679578363\" alt=\"\" \/><\/p>\n<h2>Recommended Parts<\/h2>\n<p>Radio Transmitter: LiteRadio 3 Pro, LiteRadio 3, LiteRadio 2 SE<br \/>\nBattery: BT2.0 550mAh Battery, BT2.0 450mAh Battery<br \/>\nProps: Gemfan 45mm 2-Blade&amp;3-Blade Propellers (1.5mm Shaft 4PCS)<br \/>\nColorful Frame: Meteor75 Pro Brushless Whoop Frame<br \/>\nColorful Canopy: Canopy for Micro Camera 2022<br \/>\nCharger: 6 Ports 1S Battery Charger &amp; Adapter<br \/>\nGoggles: VR03 FPV Goggles<br \/>\n\u2022 \u015aruby: Meteor Series Motor Fixing Screws Pack (40PCS)<\/p>\n<h2>FAQ<\/h2>\n<ul>\n<li><a href=\"https:\/\/support.betafpv.com\/hc\/en-us\/articles\/16846305078297-CLI-for-Meteor75-Pro\">Download the FC firmware and CLI dump file for Meteor75 Pro<\/a>.<\/li>\n<\/ul>\n<h2>Package<\/h2>\n<ul>\n<li>1 * Meteor75 Pro Brushless Whoop Quadcopter<\/li>\n<li>2 * BT2.0 550mAh 1S Battery<\/li>\n<li>1 * Type-C USB Cable<\/li>\n<li>1 *\u00a0BT2.0 Battery Charger and Voltage Tester<\/li>\n<li>4\u00a0*\u00a045mm 3-Blade Props (1.5mm Shaft)<\/li>\n<li>1 * Screwdriver<\/li>\n<li>1 * Pack of Screws<\/li>\n<li>1 * Accessories for Canopy<\/li>\n<\/ul>\n<p><img decoding=\"async\" src=\"https:\/\/cdn.shopifycdn.net\/s\/files\/1\/1778\/6615\/files\/3f89305fb1dabad87b9b93324e3c25cd_cee27703-d8c9-4348-a60b-6b13c29aa207_600x600.jpg?v=1683857155\" alt=\"\" \/><\/p>","protected":false},"excerpt":{"rendered":"<p>Meteor75 Pro posiada \u015bmig\u0142a o \u015brednicy 45 mm, co czyni go najwi\u0119kszym dronem 1S whoop pod wzgl\u0119dem ci\u0105gu i unoszenia. Posiada mocniejsze silniki 1102 22000KV i now\u0105 bateri\u0119 BT2.0 550mAh 1S. Ponadto ma taki sam kontroler lotu, system Analog VTX i os\u0142on\u0119 jak F4 1S 5A FC, kamera FPV C03, M03 350mW VTX i Micro [&hellip;]<\/p>","protected":false},"featured_media":8321,"template":"","meta":[],"product_cat":[22,30],"product_tag":[],"jetpack_sharing_enabled":true,"_links":{"self":[{"href":"https:\/\/xorr.pl\/en\/wp-json\/wp\/v2\/product\/8319"}],"collection":[{"href":"https:\/\/xorr.pl\/en\/wp-json\/wp\/v2\/product"}],"about":[{"href":"https:\/\/xorr.pl\/en\/wp-json\/wp\/v2\/types\/product"}],"wp:featuredmedia":[{"embeddable":true,"href":"https:\/\/xorr.pl\/en\/wp-json\/wp\/v2\/media\/8321"}],"wp:attachment":[{"href":"https:\/\/xorr.pl\/en\/wp-json\/wp\/v2\/media?parent=8319"}],"wp:term":[{"taxonomy":"product_cat","embeddable":true,"href":"https:\/\/xorr.pl\/en\/wp-json\/wp\/v2\/product_cat?post=8319"},{"taxonomy":"product_tag","embeddable":true,"href":"https:\/\/xorr.pl\/en\/wp-json\/wp\/v2\/product_tag?post=8319"}],"curies":[{"name":"wp","href":"https:\/\/api.w.org\/{rel}","templated":true}]}}