{"id":8330,"date":"2023-06-01T12:18:01","date_gmt":"2023-06-01T10:18:01","guid":{"rendered":"https:\/\/xorr.pl\/?post_type=product&#038;p=8330"},"modified":"2024-02-12T11:22:17","modified_gmt":"2024-02-12T10:22:17","slug":"pavo-pico-dji-o3","status":"publish","type":"product","link":"https:\/\/xorr.pl\/en\/product\/pavo-pico-dji-o3\/","title":{"rendered":"Pavo Pico"},"content":{"rendered":"<p class=\"msg-content scaleable\">Najmniejszy Cinewhoop 2S na DJI O3 ju\u017c jest! Ten ultralekki cinewhoop o ma\u0142ej rozpi\u0119to\u015bci skrzyde\u0142 jest wyposa\u017cony nie tylko w 45-milimetrowe \u015bmig\u0142a, ale tak\u017ce w najnowszy F4 1S 12A AIO Brushless FC V3, kt\u00f3ry znacznie poprawia do\u015bwiadczenie z lotu. Dzi\u0119ki swojemu podzia\u0142owi na cz\u0119\u015bci i uchwytowi monta\u017cowemu HD VTX obs\u0142uguj\u0105cemu szybki monta\u017c modu\u0142\u00f3w VTX cyfrowych HD oraz gumowemu t\u0142umikowi drga\u0144 z oprogramowaniem stabilizacji GyroFlow zapewnia stabilne i p\u0142ynne obrazy HD. Jego projekt jest dobrze przystosowany do przelot\u00f3w zar\u00f3wno wewn\u0105trz, jak i na zewn\u0105trz.<\/p>\n<p style=\"color: red;\"><strong><em>&#8220;Uwaga: Kamera i HD Digital VTX (DJI O3 HD Digital VTX) nie s\u0105 do\u0142\u0105czone do zestawu. Musisz je kupi\u0107 osobno.&#8221;<\/em><\/strong><\/p>\n<p class=\"msg-content scaleable\"><img decoding=\"async\" src=\"https:\/\/cdn.shopifycdn.net\/s\/files\/1\/1778\/6615\/files\/2_6a452df6-40c2-4af9-9af0-93bc960475d2_1024x1024.jpg?v=1684843340\" alt=\"\" \/><\/p>\n<h2 class=\"msg-content scaleable\">Najwa\u017cniejsze:<\/h2>\n<ul>\n<li>\u00a0Uchwyt monta\u017cowy HD VTX z podzia\u0142em jest kompatybilny z popularnymi modelami takimi jak DJI O3 Air Unit, Walksnail Avatar HD Pro i Caddx Vista. Boczny uchwyt, amortyzator gumowy t\u0142umi\u0105cy drgania, uchwyt obiektywu i antena zosta\u0142y wzmocnione w celu t\u0142umienia drga\u0144 o niskiej cz\u0119stotliwo\u015bci i poprawy bezpiecze\u0144stwa HD VTX, zapewniaj\u0105c stabilne wyj\u015bcie wideo wysokiej rozdzielczo\u015bci. Wystarczy pod\u0142\u0105czy\u0107 kabel VTX i uko\u0144czy\u0107 proces wi\u0105zania, aby rozpocz\u0105\u0107 lot.<\/li>\n<li>Aby chroni\u0107 obiektyw kamery DJI O3 i utrzyma\u0107 sta\u0142e wyj\u015bcie wideo wysokiej rozdzielczo\u015bci podczas lotu, do\u0142\u0105czono filtr obiektywu i uchwyt ochronny obiektywu.<\/li>\n<li>\u00a0Wysoko\u015b\u0107 gniazda baterii i kana\u0142u monta\u017cowego HD VTX zosta\u0142a zmniejszona w celu poprawy og\u00f3lnego do\u015bwiadczenia zwi\u0105zanego z lataniem. Obs\u0142ugiwane s\u0105 r\u00f3wnie\u017c metody naprawy baterii DIY, co czyni je kompatybilnymi z bateriami o r\u00f3\u017cnych rozmiarach i pojemno\u015bciach.<\/li>\n<li>Nowo opracowany F4 1S 12A AIO Brushless FC V3 wa\u017cy tylko 4,2 grama i jest zoptymalizowany pod k\u0105tem HD cyfrowego VTX.\u00a0Jego poprawiona moc obliczeniowa, wysoka szybko\u015b\u0107 reakcji i stabilny lot czyni\u0105 go idealnym wyborem dla HD whoops.<\/li>\n<li>Rama jest wykonana z materia\u0142u PA12, znanego z wyj\u0105tkowej odporno\u015bci na uderzenia i \u0142atwego procesu instalacji.<\/li>\n<\/ul>\n<h2>Specification<\/h2>\n<ul>\n<li>Produkt: Pavo Pico Brushless Whoop Quadcopter<\/li>\n<li>Kolor: Czarny<\/li>\n<li>Czas lotu: 4 min<\/li>\n<li>Rozstaw osi: 80,8 mm<\/li>\n<li>FC: F4 1S 12A AIO Brushless FC V3 (wersja STM32F405 MCU)<\/li>\n<li>Bateria: 2S 450mAh 45C<\/li>\n<li>\u015amig\u0142a: GF 45mm-3B czarne \u015bmig\u0142o<\/li>\n<li>\u00a0Silnik: 1102 | 14000kv czerwony i czarny (2022)<\/li>\n<li>Waga (bez baterii): 71,2 g (DJI O3)<\/li>\n<li>Rama: Pavo Pico Brushless Whoop Frame<\/li>\n<li>HD VTX: Obs\u0142uga instalacji DJI O3 Air Unit<\/li>\n<li>Wersja RX: Serial ELRS<\/li>\n<li>Kamera FPV: Obs\u0142uga kamery DJI O3<\/li>\n<\/ul>\n<p>&nbsp;<\/p>\n<p><img decoding=\"async\" src=\"https:\/\/cdn.shopifycdn.net\/s\/files\/1\/1778\/6615\/files\/a70ac6696808b0b4ea38363b0fdd6eef_1024x1024.jpg?v=1684756203\" alt=\"\" \/><\/p>\n<h2>Filtr ND dla kamery DJI O3<\/h2>\n<p>Filtr ND Betafpv jest specjalnie zaprojektowany dla drona Pavo Pico Brushless Whoop Quadcopter. Natomiast filtry ND DJI O3 Air Unit s\u0105 dostosowane do kamery DJI O3 Air Unit i s\u0105 w stanie zmniejszy\u0107 ilo\u015b\u0107 \u015bwiat\u0142a wpadaj\u0105cego do obiektywu kamery. Dzi\u0119ki tej funkcji mo\u017cna uzyska\u0107 wolniejsze czasy na\u015bwietlania lub szersze przys\u0142ony podczas lotu. Te lekkie filtry s\u0105 wykonane z wysokiej jako\u015bci klasy optycznej zapewniaj\u0105cej optymaln\u0105 klarowno\u015b\u0107 obrazu i s\u0105 \u0142atwe do zainstalowania na dronie.<\/p>\n<p><img decoding=\"async\" src=\"https:\/\/cdn.shopifycdn.net\/s\/files\/1\/1778\/6615\/files\/f951dd1f526ae39ac82d5246b4f41fd6_c4e5c063-2620-431f-b01d-d39cf80f4f18_1024x1024.jpg?v=1684837440\" alt=\"\" \/><\/p>\n<h2>Rama Pavo Pico<\/h2>\n<p>U\u017cyli\u015bmy ultra lekkiego materia\u0142u PP do wykonania uchwytu monta\u017cowego HD VTX, zwi\u0119kszaj\u0105c jego wytrzyma\u0142o\u015b\u0107. Slot mocuj\u0105cy anten\u0119 i ram\u0119 zosta\u0142 po\u0142\u0105czony w celu zmniejszenia ryzyka uszkodze\u0144, a wysoko\u015b\u0107 instalacji kamery zosta\u0142a obni\u017cona dzi\u0119ki ochronnej cz\u0119\u015bci drukowanej, aby ograniczy\u0107 jej k\u0105t ruchu do 30\u00b0. Dodatkowo mo\u017cna u\u017cy\u0107 filtra O3 do ochrony obiektywu i poprawy jako\u015bci obrazu. Wprowadzili\u015bmy unikalny projekt t\u0142umika gumowego, kt\u00f3ry zapewnia t\u0142umienie drga\u0144, u\u017cywaj\u0105c oprogramowania stabilizacyjnego GyroFlow, co znacznie poprawia bezpiecze\u0144stwo i zapewnia p\u0142ynne wyj\u015bcie obrazu HD. Przykr\u0119caj\u0105c \u015bruby odlewnicze, prosz\u0119 NIE dokr\u0119ca\u0107 ich zbyt mocno, aby pozostawi\u0107 miejsce na t\u0142umiki gumowe do absorpcji drga\u0144. Mo\u017ce to spowodowa\u0107 efekt \u017celka w nagraniu wideo.<\/p>\n<p><img decoding=\"async\" src=\"https:\/\/cdn.shopifycdn.net\/s\/files\/1\/1778\/6615\/files\/cbeb077b05175501acbaf7f7783ef56c_2e1365d5-c9c8-4217-ac51-f8518e1742e9_1024x1024.jpg?v=1684920135\" alt=\"\" \/><\/p>\n<p>Zestaw zawiera uchwyt antenowy DJI O3 HD Digital VTX.<\/p>\n<div style=\"text-align: left;\"><img decoding=\"async\" style=\"float: none;\" src=\"https:\/\/cdn.shopifycdn.net\/s\/files\/1\/1778\/6615\/files\/O3_c1f03f0d-7614-499d-b803-35615a463fff_480x480.jpg?v=1684921577\" alt=\"\" \/><\/div>\n<p>&nbsp;<\/p>\n<p>&nbsp;<\/p>\n<h2>FC<\/h2>\n<p>F4 1S 12A AIO Brushless FC V3 to pierwszy kontroler lotu zaprojektowany specjalnie dla HD VTX. Ten quadcopter whoop jest wyposa\u017cony w uk\u0142ad STM32F405 do wykonywania oblicze\u0144 o wysokiej wydajno\u015bci. Wa\u017cy tylko 4,2 grama i zawiera odbiornik Serial ELRS 2,4G, czarn\u0105 skrzynk\u0119 o pojemno\u015bci 16 MB, barometr i miernik pr\u0105du. Zaprojektowany dla HD VTX, dodano r\u00f3wnie\u017c obs\u0142ug\u0119 zewn\u0119trznego GPS przez Betaflight 4.4.0.<\/p>\n<p><img decoding=\"async\" src=\"https:\/\/cdn.shopifycdn.net\/s\/files\/1\/1778\/6615\/files\/ef38d597f6a67be358f0a930347b18d1_09f6304d-babf-42ce-8de4-69b121a3c5e0_1024x1024.jpg?v=1684895205\" alt=\"\" \/><\/p>\n<h2>Silniki:<\/h2>\n<p>Silnik 1102 14000kv zapewnia wi\u0119ksz\u0105 moc i mniejszy ha\u0142as, zapewniaj\u0105c obfite ci\u0105gi i imponuj\u0105c\u0105 pr\u0119dko\u015b\u0107 umo\u017cliwiaj\u0105c\u0105 \u0142atwe wykonywanie manewr\u00f3w powietrznych. W po\u0142\u0105czeniu z wysokowydajn\u0105 \u015bmig\u0142em Gemfan 45mm ten system zasilania osi\u0105ga doskona\u0142\u0105 r\u00f3wnowag\u0119, zapewniaj\u0105c pot\u0119\u017cny ci\u0105g i stabilny lot oraz precyzyjn\u0105 i responsywn\u0105 kontrol\u0119. Kombinacja tych system\u00f3w zasilania czyni go doskona\u0142ym wyborem dla Pavo Pico, pozwalaj\u0105c pilotom \u0142atwo wykonywa\u0107 zadania filmowe.<\/p>\n<p><img decoding=\"async\" src=\"https:\/\/cdn.shopifycdn.net\/s\/files\/1\/1778\/6615\/files\/9725f31f5dcf1c8fb6d413a55cd74fbc_69ec7bf9-890a-4a70-9533-0ed27c1d0674_1024x1024.jpg?v=1684756292\" alt=\"\" \/><\/p>\n<div id=\"cozy-video-gallery10550\" class=\"cozy-video-gallery cozy-video-gallery10550-1\"><\/div>\n<h2>Package<\/h2>\n<ul style=\"font-size: 0.875rem;\">\n<li>1 * Pavo Pico Brushless Whoop Quadcopter (bez HD Digital VTX i kamery)<\/li>\n<li>1 * bateria 2S 450mAh<\/li>\n<li>4 * \u015bmig\u0142a GF 45mm-3B<\/li>\n<li>1 * kabel do regulacji parametr\u00f3w USB<\/li>\n<li>1 * pakiet anteny z miedzian\u0105 rurk\u0105 5,8G<\/li>\n<li>1 * pakiet \u015brub mocuj\u0105cych uchwyt VTX<\/li>\n<li>2 * uchwyt anteny DJI O3 HD Digital VTX<\/li>\n<li>2 * uchwyt monta\u017cowy DJI O3 HD Digital VTX<\/li>\n<li>1 * ochrona UV obiektywu DJI O3 (tylko wersja DJI O3 HD Digital VTX)<\/li>\n<li>\u00a01 * pokrowiec ochronny na obiektyw DJI O3 (tylko wersja DJI O3 HD Digital VTX)<\/li>\n<\/ul>\n<p><img decoding=\"async\" src=\"https:\/\/cdn.shopifycdn.net\/s\/files\/1\/1778\/6615\/files\/3f89305fb1dabad87b9b93324e3c25cd_ff95f042-41f7-42c8-88e6-4fe37b553ba0_600x600.jpg?v=1684810719\" alt=\"\" \/><\/p>","protected":false},"excerpt":{"rendered":"<p>Najmniejszy Cinewhoop 2S na DJI O3 ju\u017c jest! Ten ultralekki cinewhoop o ma\u0142ej rozpi\u0119to\u015bci skrzyde\u0142 jest wyposa\u017cony nie tylko w 45-milimetrowe \u015bmig\u0142a, ale tak\u017ce w najnowszy F4 1S 12A AIO Brushless FC V3, kt\u00f3ry znacznie poprawia do\u015bwiadczenie z lotu. Dzi\u0119ki swojemu podzia\u0142owi na cz\u0119\u015bci i uchwytowi monta\u017cowemu HD VTX obs\u0142uguj\u0105cemu szybki monta\u017c modu\u0142\u00f3w VTX cyfrowych [&hellip;]<\/p>","protected":false},"featured_media":8338,"template":"","meta":[],"product_cat":[22,30],"product_tag":[],"jetpack_sharing_enabled":true,"_links":{"self":[{"href":"https:\/\/xorr.pl\/en\/wp-json\/wp\/v2\/product\/8330"}],"collection":[{"href":"https:\/\/xorr.pl\/en\/wp-json\/wp\/v2\/product"}],"about":[{"href":"https:\/\/xorr.pl\/en\/wp-json\/wp\/v2\/types\/product"}],"wp:featuredmedia":[{"embeddable":true,"href":"https:\/\/xorr.pl\/en\/wp-json\/wp\/v2\/media\/8338"}],"wp:attachment":[{"href":"https:\/\/xorr.pl\/en\/wp-json\/wp\/v2\/media?parent=8330"}],"wp:term":[{"taxonomy":"product_cat","embeddable":true,"href":"https:\/\/xorr.pl\/en\/wp-json\/wp\/v2\/product_cat?post=8330"},{"taxonomy":"product_tag","embeddable":true,"href":"https:\/\/xorr.pl\/en\/wp-json\/wp\/v2\/product_tag?post=8330"}],"curies":[{"name":"wp","href":"https:\/\/api.w.org\/{rel}","templated":true}]}}