{"id":8358,"date":"2023-06-05T13:11:06","date_gmt":"2023-06-05T11:11:06","guid":{"rendered":"https:\/\/xorr.pl\/?post_type=product&#038;p=8358"},"modified":"2024-09-05T16:01:16","modified_gmt":"2024-09-05T14:01:16","slug":"a03-400mw-5-8g-vtx","status":"publish","type":"product","link":"https:\/\/xorr.pl\/en\/product\/a03-400mw-5-8g-vtx\/","title":{"rendered":"A03 400mW 5.8G VTX"},"content":{"rendered":"<p>A03 400mW 5.8G VTX to nadajnik wideo z oprogramowaniem OpenVTx, obs\u0142uguj\u0105cy protoko\u0142y SmartAudio i Tramp. Posiada regulowan\u0105 moc wyj\u015bciow\u0105 PIT\/RCE\/25mW\/100mW\/400mW dla r\u00f3\u017cnych zastosowa\u0144. Dzi\u0119ki rozmiarowi otwor\u00f3w monta\u017cowych 26*26mm nadajnik jest odpowiedni dla dron\u00f3w typu whoop lub toothpick, takich jak seria X-Knight, seria Beta85X\/95X, seria TWIG i seria Pavo.<\/p>\n<p><img decoding=\"async\" src=\"https:\/\/cdn.shopifycdn.net\/s\/files\/1\/1778\/6615\/files\/FB_57d78304-353c-44d5-862f-5f4b475ac7ac_1024x1024.jpg?v=1657004572\" alt=\"\" \/><\/p>\n<p>&nbsp;<\/p>\n<div style=\"text-align: start;\"><img decoding=\"async\" src=\"https:\/\/cdn.shopifycdn.net\/s\/files\/1\/1778\/6615\/files\/d16501f80e56afc8e28b0d6242dacb42_91410373-9d17-4095-927b-83a656c3c3fe_1024x1024.jpg?v=1657016242\" alt=\"\" \/><\/div>\n<h2>Specification<\/h2>\n<ul>\n<li>Moc wyj\u015bciowa: PIT\/RCE\/25mW\/100mW\/400mW (10-26dBm)<\/li>\n<li>Zakres napi\u0119cia zasilania: 7-35V<\/li>\n<li>Pr\u0105d (8v): &lt;300mA (400mW)<\/li>\n<li>Waga: 4.9g (bez anteny)<\/li>\n<li>Rozmiar nadajnika: 30.34<em>30.34<\/em>4.6mm<\/li>\n<li>Rozmiar otwor\u00f3w monta\u017cowych: 26*26mm<\/li>\n<li>Antena: Air Antenna (MMCX Straight)<\/li>\n<li>Cz\u0119stotliwo\u015b\u0107: 5.8GHz 48 kana\u0142\u00f3w<\/li>\n<li>Raceband: 5658~5917MHz<\/li>\n<li>Wyb\u00f3r kana\u0142u: SmartAudioV2.0 &amp; Tramp<\/li>\n<li>Typ modulacji: FM<\/li>\n<li>Port antenowy: 50 \u03a9<\/li>\n<li>Temperatura pracy: -10\u2103~+60\u2103<\/li>\n<li>Zalecane drony: otwory monta\u017cowe 26*26mm, seria Pavo, seria X-Knight, seria Beta85X\/95X i seria TWIG<a class=\"ac-anchor sup-target\" href=\"https:\/\/www.dronopedia.pl\/pl\/p\/Nadajnik-VTX-BetaFPV-A03-25-400mW-5.8G-VTX\/1156\" target=\"_blank\" rel=\"noopener\" data-citationid=\"7437b396-0a85-e41c-643c-66cc3a4a3de4-18\" aria-label=\"Nadajnik VTX BetaFPV A03 25-400mW 5.8G VTX - dronopedia.pl\"><sup>1<\/sup><\/a>.<\/li>\n<\/ul>\n<p><img decoding=\"async\" src=\"https:\/\/cdn.shopifycdn.net\/s\/files\/1\/1778\/6615\/files\/468ef44610c31b5b50b747b4f9f5ee49_09321f13-aede-4bbd-8790-2e826c32b0e9_480x480.jpg?v=1657004882\" alt=\"\" \/><\/p>\n<h2>Diagram of LiteRadio 2 SE<\/h2>\n<p>&nbsp;<\/p>\n<p><img decoding=\"async\" src=\"https:\/\/cdn.shopifycdn.net\/s\/files\/1\/1778\/6615\/files\/8b1760d60771bc56e3f18490d57f3c36_7ba30b2b-e059-428c-a5ae-fd7ed9c9e71e_600x600.jpg?v=1657246006\" alt=\"\" \/><\/p>\n<p><img decoding=\"async\" src=\"https:\/\/cdn.shopifycdn.net\/s\/files\/1\/1778\/6615\/files\/0cb3583415a4558d6c5d6ffb43f91be0_3de3f398-12c5-4daa-978f-debd79b0c479_600x600.jpg?v=1657005236\" alt=\"\" \/><\/p>\n<article class=\"4ever-article\" data-clipboard-cangjie=\"[&quot;root&quot;,{&quot;copyFrom&quot;:1007547796},[&quot;p&quot;,{&quot;jc&quot;:&quot;left&quot;,&quot;ind&quot;:{},&quot;spacing&quot;:{},&quot;uuid&quot;:&quot;l43yy6e90tn8fpndgg7p&quot;},[&quot;span&quot;,{&quot;data-type&quot;:&quot;text&quot;},[&quot;span&quot;,{&quot;color&quot;:&quot;rgb(97, 102, 105)&quot;,&quot;fonts&quot;:{&quot;ascii&quot;:&quot;Work Sans&quot;,&quot;hAnsi&quot;:&quot;Work Sans&quot;,&quot;cs&quot;:&quot;Work Sans&quot;,&quot;eastAsia&quot;:&quot;Work Sans&quot;},&quot;spacing&quot;:0.44999999999999996,&quot;sz&quot;:12,&quot;szUnit&quot;:&quot;pt&quot;,&quot;data-type&quot;:&quot;leaf&quot;},&quot;Here is the diagram about how to connect the VTX to\u00a0&quot;]],[&quot;a&quot;,{&quot;href&quot;:&quot;https:\/\/betafpv.com\/products\/toothpick-f722-2-6s-aio-brushless-flight-controller-35ablheli_32&quot;},[&quot;span&quot;,{&quot;data-type&quot;:&quot;text&quot;},[&quot;span&quot;,{&quot;fonts&quot;:{&quot;ascii&quot;:&quot;Work Sans&quot;,&quot;hAnsi&quot;:&quot;Work Sans&quot;,&quot;cs&quot;:&quot;Work Sans&quot;,&quot;eastAsia&quot;:&quot;Work Sans&quot;},&quot;highlight&quot;:&quot;transparent&quot;,&quot;spacing&quot;:0.44999999999999996,&quot;sz&quot;:12,&quot;szUnit&quot;:&quot;pt&quot;,&quot;data-type&quot;:&quot;leaf&quot;},&quot;Toothpick F722 2-6S AIO Brushless Flight Controller 35A(BLHei_32)&quot;]]],[&quot;span&quot;,{&quot;data-type&quot;:&quot;text&quot;},[&quot;span&quot;,{&quot;color&quot;:&quot;rgb(97, 102, 105)&quot;,&quot;fonts&quot;:{&quot;ascii&quot;:&quot;Work Sans&quot;,&quot;hAnsi&quot;:&quot;Work Sans&quot;,&quot;cs&quot;:&quot;Work Sans&quot;,&quot;eastAsia&quot;:&quot;Work Sans&quot;},&quot;spacing&quot;:0.44999999999999996,&quot;sz&quot;:12,&quot;szUnit&quot;:&quot;pt&quot;,&quot;data-type&quot;:&quot;leaf&quot;},&quot;. The color of the lines in the diagram is the same as the 6-pin connector's wires' color.&quot;]]]]\"><img decoding=\"async\" src=\"https:\/\/cdn.shopify.com\/s\/files\/1\/1778\/6615\/files\/88903fc6d6520e615f83bd0639ffb276_4e48d2bd-f09f-4acb-bdea-ac26588d4105_600x600.jpg?v=1657339031\" alt=\"\" \/><\/article>\n<h2>Kana\u0142y dla A03<\/h2>\n<p>&nbsp;<\/p>\n<p><img decoding=\"async\" src=\"https:\/\/cdn.shopifycdn.net\/s\/files\/1\/1778\/6615\/files\/2afda4db-b745-42a2-a039-4f4caa02b284_600x600.png?v=1657012874\" alt=\"\" \/><\/p>\n<p>&nbsp;<\/p>\n<p><img decoding=\"async\" src=\"https:\/\/cdn.shopifycdn.net\/s\/files\/1\/1778\/6615\/files\/Led_af0f6253-5188-47f5-9b52-8e29a7bc5d2a_600x600.jpg?v=1657702924\" alt=\"\" \/><\/p>\n<p>&nbsp;<\/p>\n<p><img decoding=\"async\" src=\"https:\/\/cdn.shopifycdn.net\/s\/files\/1\/1778\/6615\/files\/8927ad0adf36ecba171dc859e590a9f7_600x600.jpg?v=1657014731\" alt=\"\" \/><\/p>\n<article class=\"4ever-article\" data-clipboard-cangjie=\"[&quot;root&quot;,{&quot;copyFrom&quot;:1007547796},[&quot;p&quot;,{},[&quot;span&quot;,{&quot;data-type&quot;:&quot;text&quot;},[&quot;span&quot;,{&quot;bold&quot;:true,&quot;color&quot;:&quot;rgb(97, 102, 105)&quot;,&quot;fonts&quot;:{&quot;ascii&quot;:&quot;Work Sans&quot;,&quot;hAnsi&quot;:&quot;Work Sans&quot;,&quot;cs&quot;:&quot;Work Sans&quot;,&quot;eastAsia&quot;:&quot;Work Sans&quot;},&quot;spacing&quot;:0.44999999999999996,&quot;sz&quot;:12,&quot;szUnit&quot;:&quot;pt&quot;,&quot;data-type&quot;:&quot;leaf&quot;},&quot;active and exit the PitMode&quot;]]]]\"><img decoding=\"async\" src=\"https:\/\/cdn.shopifycdn.net\/s\/files\/1\/1778\/6615\/files\/14b9be1c-289e-486b-85d2-87ed2edfb473_600x600.png?v=1657011950\" alt=\"\" \/>&nbsp;<\/p>\n<p><img decoding=\"async\" src=\"https:\/\/cdn.shopifycdn.net\/s\/files\/1\/1778\/6615\/files\/2a03b5ca-bcc5-484b-9a6c-2ae7ff40949f_600x600.png?v=1657013474\" alt=\"\" \/><\/p>\n<\/article>\n<h2>Package<\/h2>\n<ul>\n<li>1 * BETAFPV A03 5.8G VTX<\/li>\n<li>1 *\u00a06-Pin FC Cable<\/li>\n<li>1 * Air Antenna(MMCX Straight)<\/li>\n<li>3 * Anti-Vibration Rubber Dampers<\/li>\n<\/ul>\n<p><img decoding=\"async\" src=\"https:\/\/cdn.shopifycdn.net\/s\/files\/1\/1778\/6615\/files\/36911c0904db1d481a24384dac5a57ea_860216b7-6325-4995-922a-9bb3ad5fed23_600x600.jpg?v=1657002654\" alt=\"\" \/><\/p>","protected":false},"excerpt":{"rendered":"<p>A03 400mW 5.8G VTX to nadajnik wideo z oprogramowaniem OpenVTx, obs\u0142uguj\u0105cy protoko\u0142y SmartAudio i Tramp. Posiada regulowan\u0105 moc wyj\u015bciow\u0105 PIT\/RCE\/25mW\/100mW\/400mW dla r\u00f3\u017cnych zastosowa\u0144. Dzi\u0119ki rozmiarowi otwor\u00f3w monta\u017cowych 26*26mm nadajnik jest odpowiedni dla dron\u00f3w typu whoop lub toothpick, takich jak seria X-Knight, seria Beta85X\/95X, seria TWIG i seria Pavo. &nbsp; Specyfikacja: Moc wyj\u015bciowa: PIT\/RCE\/25mW\/100mW\/400mW (10-26dBm) Zakres [&hellip;]<\/p>","protected":false},"featured_media":8359,"template":"","meta":[],"product_cat":[22,32,33],"product_tag":[],"jetpack_sharing_enabled":true,"_links":{"self":[{"href":"https:\/\/xorr.pl\/en\/wp-json\/wp\/v2\/product\/8358"}],"collection":[{"href":"https:\/\/xorr.pl\/en\/wp-json\/wp\/v2\/product"}],"about":[{"href":"https:\/\/xorr.pl\/en\/wp-json\/wp\/v2\/types\/product"}],"wp:featuredmedia":[{"embeddable":true,"href":"https:\/\/xorr.pl\/en\/wp-json\/wp\/v2\/media\/8359"}],"wp:attachment":[{"href":"https:\/\/xorr.pl\/en\/wp-json\/wp\/v2\/media?parent=8358"}],"wp:term":[{"taxonomy":"product_cat","embeddable":true,"href":"https:\/\/xorr.pl\/en\/wp-json\/wp\/v2\/product_cat?post=8358"},{"taxonomy":"product_tag","embeddable":true,"href":"https:\/\/xorr.pl\/en\/wp-json\/wp\/v2\/product_tag?post=8358"}],"curies":[{"name":"wp","href":"https:\/\/api.w.org\/{rel}","templated":true}]}}