{"id":8365,"date":"2023-06-05T13:21:50","date_gmt":"2023-06-05T11:21:50","guid":{"rendered":"https:\/\/xorr.pl\/?post_type=product&#038;p=8365"},"modified":"2024-03-21T14:55:51","modified_gmt":"2024-03-21T13:55:51","slug":"bateria-bt2-0-550mah-1s","status":"publish","type":"product","link":"https:\/\/xorr.pl\/en\/product\/bateria-bt2-0-550mah-1s\/","title":{"rendered":"Bateria BT2.0 550mAh 1S"},"content":{"rendered":"<p>Akumulator BT2.0 550mAh 1S osi\u0105ga jeszcze lepsz\u0105 wydajno\u015b\u0107 ni\u017c standardowe baterie BT2.0 w dronach 1S whoop. Jest w stanie zapewni\u0107 szybko\u015b\u0107 roz\u0142adowania 40C (ci\u0105g\u0142\u0105) i 80C (typu-burst). Wi\u0119ksza pojemno\u015b\u0107 i mocniejsza moc przynosz\u0105 wi\u0119cej czasu lotu i wydajno\u015bci lotu do dron\u00f3w whoop o rozmiarze 75-80mm<\/p>\n<p><img decoding=\"async\" src=\"https:\/\/cdn.shopify.com\/s\/files\/1\/1778\/6615\/files\/FB_b748a90f-85d3-4237-9790-50bcec724dd6_1024x1024.jpg?v=1678958105\" alt=\"\" \/><\/p>\n<p>&nbsp;<\/p>\n<h2>Specification<\/h2>\n<ul>\n<li>Pojemno\u015b\u0107: 550mAh<\/li>\n<li>Szybko\u015b\u0107 roz\u0142adowania: 40C\/80C<\/li>\n<li>Napi\u0119cie: 4.35V<\/li>\n<li>Wymiary: 69.5<em>16.2<\/em>6.5mm<\/li>\n<li>Z\u0142\u0105cze: Betafpv BT2.0 connector<\/li>\n<li>Waga: 13.99g\/szt.<\/li>\n<\/ul>\n<p><img decoding=\"async\" src=\"https:\/\/cdn.shopify.com\/s\/files\/1\/1778\/6615\/files\/f7d7c897f798fc44c391847188c3ac79_12bfa954-4866-4e5e-b5de-88a0b51514c3_480x480.jpg?v=1678793352\" alt=\"\" \/><\/p>\n<h2>550mAh VS 450mAh<\/h2>\n<div class=\"table-wrapper\">\n<table width=\"100%\">\n<tbody>\n<tr>\n<td><\/td>\n<td>BT2.0 550 mAh 1S Battery<\/td>\n<td>BT2.0 450mAh 1S Battery<\/td>\n<\/tr>\n<tr>\n<td>Weight<\/td>\n<td>13.99g\/pc<\/td>\n<td>12.70g\/pc<\/td>\n<\/tr>\n<tr>\n<td>Dimension<\/td>\n<td>69.5*16.2*6.5mm<\/td>\n<td>61*15*7.5mm<\/td>\n<\/tr>\n<tr>\n<td>C-Rate<\/td>\n<td>40C\/80C<\/td>\n<td>30C\/60C<\/td>\n<\/tr>\n<tr>\n<td>Pojemno\u015b\u0107<\/td>\n<td>550mAh<\/td>\n<td>450mAh<\/td>\n<\/tr>\n<\/tbody>\n<\/table>\n<\/div>\n<p><img decoding=\"async\" src=\"https:\/\/cdn.shopify.com\/s\/files\/1\/1778\/6615\/files\/21be23fbbb2e542d5d0bb2f89e65c1b9_90732707-a93c-4496-9837-9f719566dfab_1024x1024.jpg?v=1679040372\" alt=\"\" \/><\/p>\n<p>&nbsp;<\/p>\n<p><img decoding=\"async\" src=\"https:\/\/cdn.shopify.com\/s\/files\/1\/1778\/6615\/files\/06e0718f793dbba48017f35ee3cc9f87_600x600.jpg?v=1678793602\" alt=\"\" \/><\/p>\n<p>&nbsp;<\/p>\n<p><img decoding=\"async\" src=\"https:\/\/cdn.shopify.com\/s\/files\/1\/1778\/6615\/files\/e03d61d559871afb056d817ae0f47914_600x600.jpg?v=1678793756\" alt=\"\" \/><\/p>\n<p>&nbsp;<\/p>\n<p><img decoding=\"async\" src=\"https:\/\/cdn.shopify.com\/s\/files\/1\/1778\/6615\/files\/01d1e5f0bf1549c458f30cda98aa07e8_c487df74-8945-4df9-ad0c-e1470812d7b0_1024x1024.jpg?v=1678960964\" alt=\"\" \/><\/p>\n<p><span style=\"font-size: 24px;\"><b>W opakowaniu<\/b><\/span><\/p>\n<ul>\n<li>1* BT2.0 550mAh 1S Battery<\/li>\n<\/ul>","protected":false},"excerpt":{"rendered":"<p>Akumulator BT2.0 550mAh 1S osi\u0105ga jeszcze lepsz\u0105 wydajno\u015b\u0107 ni\u017c standardowe baterie BT2.0 w dronach 1S whoop. Jest w stanie zapewni\u0107 szybko\u015b\u0107 roz\u0142adowania 40C (ci\u0105g\u0142\u0105) i 80C (typu-burst). Wi\u0119ksza pojemno\u015b\u0107 i mocniejsza moc przynosz\u0105 wi\u0119cej czasu lotu i wydajno\u015bci lotu do dron\u00f3w whoop o rozmiarze 75-80mm &nbsp; Specyfikacja: Pojemno\u015b\u0107: 550mAh Szybko\u015b\u0107 roz\u0142adowania: 40C\/80C Napi\u0119cie: 4.35V Wymiary: [&hellip;]<\/p>","protected":false},"featured_media":8367,"template":"","meta":[],"product_cat":[22,25],"product_tag":[],"jetpack_sharing_enabled":true,"_links":{"self":[{"href":"https:\/\/xorr.pl\/en\/wp-json\/wp\/v2\/product\/8365"}],"collection":[{"href":"https:\/\/xorr.pl\/en\/wp-json\/wp\/v2\/product"}],"about":[{"href":"https:\/\/xorr.pl\/en\/wp-json\/wp\/v2\/types\/product"}],"wp:featuredmedia":[{"embeddable":true,"href":"https:\/\/xorr.pl\/en\/wp-json\/wp\/v2\/media\/8367"}],"wp:attachment":[{"href":"https:\/\/xorr.pl\/en\/wp-json\/wp\/v2\/media?parent=8365"}],"wp:term":[{"taxonomy":"product_cat","embeddable":true,"href":"https:\/\/xorr.pl\/en\/wp-json\/wp\/v2\/product_cat?post=8365"},{"taxonomy":"product_tag","embeddable":true,"href":"https:\/\/xorr.pl\/en\/wp-json\/wp\/v2\/product_tag?post=8365"}],"curies":[{"name":"wp","href":"https:\/\/api.w.org\/{rel}","templated":true}]}}