{"id":8422,"date":"2023-06-30T10:16:35","date_gmt":"2023-06-30T08:16:35","guid":{"rendered":"https:\/\/xorr.pl\/?post_type=product&#038;p=8422"},"modified":"2024-02-17T20:46:26","modified_gmt":"2024-02-17T19:46:26","slug":"ladowarka-skyrc-b6-nex-1-6s-lipo-life-lilon-lihv-ac-50w-dc-200w-10a","status":"publish","type":"product","link":"https:\/\/xorr.pl\/en\/product\/ladowarka-skyrc-b6-nex-1-6s-lipo-life-lilon-lihv-ac-50w-dc-200w-10a\/","title":{"rendered":"\u0141adowarka SkyRC B6 Nex 1-6S LiPo\/LiFe\/Lilon\/LiHV AC 50W \/ DC 200W 10A"},"content":{"rendered":"<p>&nbsp;<\/p>\n<h1>SkyRC B6 Nex \u0141adowarka 1-6S LiPo\/LiFe\/Lilon\/LiHV AC 50W \/ DC 200W 10A<\/h1>\n<p><center><img decoding=\"async\" src=\"http:\/\/www.rchubiq.eu\/images\/skyrc\/b6nex\/7.jpg\" alt=\"alt\" width=\"690\" \/><\/center>&nbsp;<\/p>\n<p><center>Opieraj\u0105c si\u0119 na sukcesie naszego kultowego, legendarnego iMax B6, SkyRC B6 Nex to wysokowydajne rozwi\u0105zanie przeznaczone dla hobbyst\u00f3w. Dzi\u0119ki podw\u00f3jnemu wej\u015bciu AC\/DC, B6 Nex mo\u017ce \u0142adowa\u0107 1-6 ogniw Li-ion lub LiPo przy maksymalnym pr\u0105dzie \u0142adowania 10A. Wbudowany Bluetooth 5.0 umo\u017cliwia \u0142\u0105czno\u015b\u0107 B6 Nex ze smartfonami. Aplikacja mo\u017ce wysy\u0142a\u0107 powiadomienia przypominaj\u0105ce u\u017cytkownikom o zako\u0144czeniu \u0142adowania lub roz\u0142adowania lub o aktualizacji oprogramowania uk\u0142adowego. Z B6 Nex \u0142adowanie staje si\u0119 szybsze i wygodniejsze!<\/center>&nbsp;<\/p>\n<p><center>\u00a0<\/center><\/p>\n<h1>Ma\u0142y rozmiar, du\u017ca moc<\/h1>\n<p>Dzi\u0119ki lekkiej konstrukcji i zoptymalizowanemu oprogramowaniu, B6 Nex zmie\u015bci si\u0119 w kieszeni. Maksymalna moc B6 Nex mo\u017ce si\u0119ga\u0107 nawet 200W.<\/p>\n<p><center><img decoding=\"async\" src=\"http:\/\/www.rchubiq.eu\/images\/skyrc\/b6nex\/8.jpg\" alt=\"alt\" width=\"690\" \/><\/center>&nbsp;<\/p>\n<p><center>\u00a0<\/center><\/p>\n<h1>Czytelny wy\u015bwietlacz<\/h1>\n<p>Nawigacja po menu jest \u0142atwa dzi\u0119ki intuicyjnemu interfejsowi sterowania z trzema przyciskami. Dzi\u0119ki wspania\u0142emu pod\u015bwietlanemu ekranowi VA o przek\u0105tnej 2,4 cala, du\u017cemu k\u0105towi widzenia, wysokiej WBC, szybkiej reakcji, wszystkie informacje s\u0105 czytelne na pierwszy rzut oka.<\/p>\n<p><center><img decoding=\"async\" src=\"http:\/\/www.rchubiq.eu\/images\/skyrc\/b6nex\/18.jpg\" alt=\"alt\" width=\"690\" \/><\/center><center>\u00a0<\/center><\/p>\n<h1>W czo\u0142\u00f3wce dzi\u0119ki GaN Power<\/h1>\n<p>Zast\u0119puj\u0105c krzem azotkiem galu, byli\u015bmy w stanie wdro\u017cy\u0107 nasz zastrze\u017cony algorytm \u0142adowania i optymaln\u0105 technik\u0119 rozpraszania ciep\u0142a, aby zmniejszy\u0107 jego rozmiar, zminimalizowa\u0107 wzrost temperatury, dostarczy\u0107 wi\u0119cej mocy, dalej ni\u017c kiedykolwiek wcze\u015bniej!<\/p>\n<p><center><img decoding=\"async\" src=\"http:\/\/www.rchubiq.eu\/images\/skyrc\/b6nex\/9.jpg\" alt=\"alt\" width=\"690\" \/><\/center>&nbsp;<\/p>\n<p><center>\u00a0<\/center><\/p>\n<h1>Co to jest GaN?<\/h1>\n<p>Azotek galu (GaN) jest bardzo twardym, stabilnym mechanicznie p\u00f3\u0142przewodnikiem o szerokim pa\u015bmie wzbronionym. GaN jest wykorzystywany do produkcji p\u00f3\u0142przewodnikowych urz\u0105dze\u0144 zasilaj\u0105cych, a tak\u017ce element\u00f3w RF i diod elektroluminescencyjnych (LED). GaN wykaza\u0142, \u017ce mo\u017ce by\u0107 technologi\u0105 wypierania p\u00f3\u0142przewodnik\u00f3w krzemowych w zastosowaniach zwi\u0105zanych z konwersj\u0105 mocy, cz\u0119stotliwo\u015bciami radiowymi i analogowymi. Powstanie GaN<br \/>\nWiod\u0105cym kandydatem do wyniesienia wydajno\u015bci elektronicznej na wy\u017cszy poziom i reaktywacji pozytywnego rozp\u0119du prawa Moore&#8217;a jest azotek galu. Zdolno\u015b\u0107 GaN do przewodzenia elektron\u00f3w ponad 1000 razy wydajniej ni\u017c krzem, a jednocze\u015bnie mo\u017cliwo\u015b\u0107 produkcji po ni\u017cszych kosztach ni\u017c krzem, zosta\u0142a ju\u017c dobrze ugruntowana. Brakuje krzemu i pojawia si\u0119 nowy, wydajniejszy materia\u0142 p\u00f3\u0142przewodnikowy \u2013 GaN zyskuje na popularno\u015bci. Zalety \u0142adowarek GaN<br \/>\nma\u0142y rozmiar, \u0142atwy do przenoszenia, porowata moc wyj\u015bciowa o du\u017cej mocy i wysoka moc wyj\u015bciowa. Wad\u0105 GaN jest to, \u017ce jest drogi<br \/>\nwymaga materia\u0142\u00f3w syntetycznych, kt\u00f3re s\u0105 znacznie trudniejsze w produkcji ni\u017c tradycyjny silikon.<\/p>\n<p><center><img decoding=\"async\" src=\"http:\/\/www.rchubiq.eu\/images\/skyrc\/b6nex\/10.jpg\" alt=\"alt\" width=\"690\" \/><\/center>&nbsp;<\/p>\n<p><center>\u00a0<\/center><\/p>\n<h1>Podw\u00f3jne wej\u015bcie zasilania AC\/DC<\/h1>\n<p>B6 Nex jest dostarczany zar\u00f3wno z wej\u015bciem zasilania pr\u0105dem zmiennym, jak i pr\u0105dem sta\u0142ym, kt\u00f3re mo\u017ce spotka\u0107 ci\u0119 na zasilaniu w r\u00f3\u017cnych okoliczno\u015bciach.<\/p>\n<p><center><img decoding=\"async\" src=\"http:\/\/www.rchubiq.eu\/images\/skyrc\/b6nex\/12.jpg\" alt=\"alt\" width=\"690\" \/><\/center>&nbsp;<\/p>\n<p><center>\u00a0<\/center><\/p>\n<h1>Obs\u0142uguje wi\u0119kszo\u015b\u0107 dost\u0119pnych na rynku akumulator\u00f3w<\/h1>\n<p>\u0141adowarka jest wyposa\u017cona w algorytm \u0142adowania dla najpopularniejszych chemii akumulator\u00f3w: LiPo, Li-Ion, LiHV, LiFe, NiMH, NiCD i Pb (kwas o\u0142owiowy).<\/p>\n<p><center><img decoding=\"async\" src=\"http:\/\/www.rchubiq.eu\/images\/skyrc\/b6nex\/13.jpg\" alt=\"alt\" width=\"690\" \/><\/center>&nbsp;<\/p>\n<p><center>\u00a0<\/center><\/p>\n<h1>Regulowane napi\u0119cie odci\u0119cia<\/h1>\n<p>Mo\u017cesz ustawi\u0107 napi\u0119cie odci\u0119cia \u0142adowania zgodnie ze swoimi potrzebami. Ponadto B6 Nex mo\u017ce zapami\u0119ta\u0107 ostatnie parametry ustawie\u0144 (tylko dla profesjonalnych graczy).<\/p>\n<p><center><img decoding=\"async\" src=\"http:\/\/www.rchubiq.eu\/images\/skyrc\/b6nex\/14.jpg\" alt=\"alt\" width=\"690\" \/><\/center>&nbsp;<\/p>\n<p><center>\u00a0<\/center><\/p>\n<h1>Inteligentne i wydajne ch\u0142odzenie<\/h1>\n<p>Szybkoobrotowy wentylator ch\u0142odz\u0105cy z \u0142o\u017cyskiem tulejowym o pr\u0119dko\u015bci 12 000 obr.\/min i sterowan\u0105 temperatur\u0105 skutecznie przedmuchuje powietrze przez wyt\u0142aczany aluminiowy radiator, sch\u0142adzaj\u0105c urz\u0105dzenie.<\/p>\n<p><center><img decoding=\"async\" src=\"http:\/\/www.rchubiq.eu\/images\/skyrc\/b6nex\/15.jpg\" alt=\"alt\" width=\"690\" \/><\/center><center>\u00a0<\/center><\/p>\n<h1>Bluetooth 5.0<\/h1>\n<p>Nowa generacja technologii Bluetooth. Szybsze i stabilniejsze po\u0142\u0105czenie. B6 NEX posiada wbudowany uk\u0142ad Bluetooth 5.0, kt\u00f3rego szybko\u015b\u0107 transmisji danych jest 2 razy wi\u0119ksza ni\u017c Bluetooth 4.0, a po\u0142\u0105czenie jest szybsze i stabilniejsze.<\/p>\n<p><center><img decoding=\"async\" src=\"http:\/\/www.rchubiq.eu\/images\/skyrc\/b6nex\/16.jpg\" alt=\"alt\" width=\"690\" \/><\/center><center>\u00a0<\/center><\/p>\n<h1>Intuicyjna aplikacja na Androida i iOS<\/h1>\n<p>Dzi\u0119ki inteligentnej aplikacji \u0142adowark\u0119 mo\u017cna szybko zaktualizowa\u0107 bezprzewodowo. Nie ma potrzeby kupowania drogiego starszego kabla do transmisji danych w celu aktualizacji oprogramowania uk\u0142adowego za po\u015brednictwem komputera. Aktualizacja oprogramowania uk\u0142adowego jest \u0142atwa dzi\u0119ki smartfonowi.<\/p>\n<p><center><img decoding=\"async\" src=\"http:\/\/www.rchubiq.eu\/images\/skyrc\/b6nex\/17.jpg\" alt=\"alt\" width=\"490\" \/><\/center>&nbsp;<\/p>\n<p><center>\u00a0<\/center><\/p>\n<h1>Zestaw zawiera:<\/h1>\n<p>&#8211; \u0141adowarka SkyRC B6 Nex<br \/>\n&#8211; Przew\u00f3d zasilaj\u0105cy<br \/>\n&#8211; Instrukcja obs\u0142ugi<\/p>\n<p>&nbsp;<\/p>\n<p><center><img decoding=\"async\" src=\"http:\/\/www.rchubiq.eu\/images\/skyrc\/b6nex\/6.jpg\" alt=\"alt\" width=\"590\" \/><\/center>&nbsp;<\/p>\n<p><center>\u00a0<\/center><\/p>\n<h1>Specification<\/h1>\n<p>Materia\u0142 obudowy: tworzywo sztuczne<br \/>\nWymiary: 112x75x38mm<br \/>\nWaga: 237,7 g<br \/>\nWy\u015bwietlacz:LCD VA<br \/>\nZasilanie DC: 10-30 V<br \/>\n\u0141adowanie: 200 W<br \/>\nRoz\u0142adowanie: 10 W<br \/>\nZasilanie AC: 100-240 V (50-60 HZ)<br \/>\nMoc: 50 W<br \/>\nRoz\u0142adowanie: 10 W<\/p>\n<p>Typy\/ogniwa baterii:<br \/>\nLiPo\/LiIon\/\u017bycie\/LiHV: 1-6 ogniw<br \/>\nNiMH\/NiCd: 1-15 ogniw<br \/>\nPb: 1-10 S (2-20 V)<\/p>\n<p>Zakres pojemno\u015bci baterii:<br \/>\nNiMH\/NiCd: 100-50000mAh<br \/>\nLiPo\/LiIon\/\u017bycie\/LiHV: 100-50000 mAh<br \/>\nPb: 100-50000 mAh<br \/>\n\u0141adowanie i roz\u0142adowywanie<br \/>\nNapi\u0119cie \u0142adowania<br \/>\nNiMH\/NiCd: Wykrywanie warto\u015bci szczytowych delta LiPo: 4,18-4,25 V\/ogniwo<br \/>\nLiFe: 3,58-3,7 V\/ogniwo<br \/>\nPb: 2,4 V\/ogniwo<br \/>\nLiIon: 4,08-4,2 V\/ogniwo<br \/>\nLiHV: 4,25-4,35 V\/ogniwo<br \/>\nAGM\/ZIMNO: 2,45 V\/ogniwo<\/p>\n<p>Napi\u0119cie odci\u0119cia roz\u0142adowania<br \/>\nNiMH\/NiCd: 0,1-1,1 V\/ogniwo<br \/>\nLiPo: 3,0-3,3 V\/ogniwo<br \/>\nLiFe: 2,6-2,9 V\/ogniwo<br \/>\nPb: 1,8 V\/ogniwo<br \/>\nLi-Ion: 2,9-3,2 V\/ogniwo<br \/>\nLiHV: 3,1-3,4 V\/ogniwo<\/p>\n<p>Pr\u0105d \u0142adowania: 0,1A-10,0A<br \/>\nPr\u0105d roz\u0142adowania: 0,1A-2,0A<br \/>\nKom\u00f3rki r\u00f3wnowagi: 1-6 kom\u00f3rek<br \/>\nPr\u0105d r\u00f3wnowagi: 1000mA\/ogniwo maks<br \/>\nTimer bezpiecze\u0144stwa: 1-720 minut wy\u0142\u0105czenia<\/p>\n<p>Metoda \u0142adowania:<br \/>\nCC\/CV dla akumulator\u00f3w litowych i o\u0142owiowych (Pb) Czu\u0142o\u015b\u0107 szczytowa Delta dla NiMH\/NiCd.<\/p>\n<p>&nbsp;<\/p>","protected":false},"excerpt":{"rendered":"<p>&nbsp; SkyRC B6 Nex \u0141adowarka 1-6S LiPo\/LiFe\/Lilon\/LiHV AC 50W \/ DC 200W 10A &nbsp; Opieraj\u0105c si\u0119 na sukcesie naszego kultowego, legendarnego iMax B6, SkyRC B6 Nex to wysokowydajne rozwi\u0105zanie przeznaczone dla hobbyst\u00f3w. Dzi\u0119ki podw\u00f3jnemu wej\u015bciu AC\/DC, B6 Nex mo\u017ce \u0142adowa\u0107 1-6 ogniw Li-ion lub LiPo przy maksymalnym pr\u0105dzie \u0142adowania 10A. Wbudowany Bluetooth 5.0 umo\u017cliwia \u0142\u0105czno\u015b\u0107 [&hellip;]<\/p>","protected":false},"featured_media":8424,"template":"","meta":[],"product_cat":[23,42],"product_tag":[],"jetpack_sharing_enabled":true,"_links":{"self":[{"href":"https:\/\/xorr.pl\/en\/wp-json\/wp\/v2\/product\/8422"}],"collection":[{"href":"https:\/\/xorr.pl\/en\/wp-json\/wp\/v2\/product"}],"about":[{"href":"https:\/\/xorr.pl\/en\/wp-json\/wp\/v2\/types\/product"}],"wp:featuredmedia":[{"embeddable":true,"href":"https:\/\/xorr.pl\/en\/wp-json\/wp\/v2\/media\/8424"}],"wp:attachment":[{"href":"https:\/\/xorr.pl\/en\/wp-json\/wp\/v2\/media?parent=8422"}],"wp:term":[{"taxonomy":"product_cat","embeddable":true,"href":"https:\/\/xorr.pl\/en\/wp-json\/wp\/v2\/product_cat?post=8422"},{"taxonomy":"product_tag","embeddable":true,"href":"https:\/\/xorr.pl\/en\/wp-json\/wp\/v2\/product_tag?post=8422"}],"curies":[{"name":"wp","href":"https:\/\/api.w.org\/{rel}","templated":true}]}}