{"id":8459,"date":"2023-07-18T11:19:01","date_gmt":"2023-07-18T09:19:01","guid":{"rendered":"https:\/\/xorr.pl\/?post_type=product&#038;p=8459"},"modified":"2024-04-28T13:35:50","modified_gmt":"2024-04-28T11:35:50","slug":"filtr-nd-uv-do-kamery-dji-o3","status":"publish","type":"product","link":"https:\/\/xorr.pl\/en\/product\/filtr-nd-uv-do-kamery-dji-o3\/","title":{"rendered":"Filtr ND\/UV do kamery DJI O3"},"content":{"rendered":"<p>Filtry ND s\u0105 specjalnie zaprojektowane dla kwadrokoptera Pavo Pico Brushless Whoop. Natomiast filtry ND DJI O3 Air Unit s\u0105 dostosowane do jednostki powietrznej DJI O3 i s\u0105 w stanie zmniejszy\u0107 ilo\u015b\u0107 \u015bwiat\u0142a wpadaj\u0105cego do obiektywu kamery. Dzi\u0119ki tej funkcji mo\u017cna uzyska\u0107 wolniejsze czasy na\u015bwietlania lub szersze przys\u0142ony podczas lotu. Te lekkie filtry s\u0105 wykonane z wysokiej jako\u015bci klasy optycznej, zapewniaj\u0105c optymaln\u0105 klarowno\u015b\u0107 obrazu i s\u0105 \u0142atwe do zainstalowania na budowie.<\/p>\n<p style=\"text-align: left;\"><img decoding=\"async\" src=\"https:\/\/cdn.shopifycdn.net\/s\/files\/1\/1778\/6615\/files\/f951dd1f526ae39ac82d5246b4f41fd6_1024x1024.jpg?v=1684757604\" alt=\"\" \/><\/p>\n<h2>Bullet Points<\/h2>\n<p>Filtry ND zmniejszaj\u0105 jasno\u015b\u0107 \u015bwiat\u0142a s\u0142onecznego, obni\u017caj\u0105 czas na\u015bwietlania kamery, aby unikn\u0105\u0107 prze\u015bwietlenia, zapobiegaj\u0105 zniekszta\u0142ceniom w zdj\u0119ciach z rozmazaniem ruchu o du\u017cej pr\u0119dko\u015bci i poprawiaj\u0105 jako\u015b\u0107 materia\u0142u wideo drona.<\/p>\n<p>Filtry UV skutecznie minimalizuj\u0105 niebieski ton spowodowany promieniowaniem ultrafioletowym w fotografii plenerowej, co skutkuje bardziej klarownymi, nasyconymi i realistycznymi obrazami. Chroni\u0105 one r\u00f3wnie\u017c obiektyw kamery przed brudem, piaskiem i zarysowaniami.<\/p>\n<p>Filtry CPL redukuj\u0105 \u015bwiat\u0142o i odbicia lustrzane, zapobiegaj\u0105c prze\u015bwietleniu i bia\u0142ym odbiciom. Poprawiaj\u0105 one klarowno\u015b\u0107 i jasno\u015b\u0107, zw\u0142aszcza nad wod\u0105 lub powierzchniami odbijaj\u0105cymi, co skutkuje bardziej szczeg\u00f3\u0142owym obrazem z redukcj\u0105 odblask\u00f3w.<\/p>\n<div style=\"text-align: left;\"><img decoding=\"async\" src=\"https:\/\/cdn.shopifycdn.net\/s\/files\/1\/1778\/6615\/files\/2_989f9893-bd2c-4511-a171-6d983dfdac7c_1024x1024.jpg?v=1684757646\" alt=\"\" \/><\/div>\n<h2>Metody instalacji:<\/h2>\n<div><img decoding=\"async\" src=\"https:\/\/cdn.shopifycdn.net\/s\/files\/1\/1778\/6615\/files\/3_d267c614-1558-452f-ac84-832f921cab5d_1024x1024.jpg?v=1684810901\" \/><\/div>\n<p>&nbsp;<\/p>\n<div><img decoding=\"async\" src=\"https:\/\/cdn.shopifycdn.net\/s\/files\/1\/1778\/6615\/files\/f7d7c897f798fc44c391847188c3ac79_937dfb64-5440-4973-816b-b02eec668b9e_480x480.jpg?v=1684810838\" alt=\"\" \/><\/div>\n<p>&nbsp;<\/p>\n<h2>Package<\/h2>\n<p>\u2022 wybrany filtr<\/p>","protected":false},"excerpt":{"rendered":"<p>Filtry ND s\u0105 specjalnie zaprojektowane dla kwadrokoptera Pavo Pico Brushless Whoop. Natomiast filtry ND DJI O3 Air Unit s\u0105 dostosowane do jednostki powietrznej DJI O3 i s\u0105 w stanie zmniejszy\u0107 ilo\u015b\u0107 \u015bwiat\u0142a wpadaj\u0105cego do obiektywu kamery. Dzi\u0119ki tej funkcji mo\u017cna uzyska\u0107 wolniejsze czasy na\u015bwietlania lub szersze przys\u0142ony podczas lotu. Te lekkie filtry s\u0105 wykonane z [&hellip;]<\/p>","protected":false},"featured_media":8460,"template":"","meta":[],"product_cat":[22,32,33],"product_tag":[],"jetpack_sharing_enabled":true,"_links":{"self":[{"href":"https:\/\/xorr.pl\/en\/wp-json\/wp\/v2\/product\/8459"}],"collection":[{"href":"https:\/\/xorr.pl\/en\/wp-json\/wp\/v2\/product"}],"about":[{"href":"https:\/\/xorr.pl\/en\/wp-json\/wp\/v2\/types\/product"}],"wp:featuredmedia":[{"embeddable":true,"href":"https:\/\/xorr.pl\/en\/wp-json\/wp\/v2\/media\/8460"}],"wp:attachment":[{"href":"https:\/\/xorr.pl\/en\/wp-json\/wp\/v2\/media?parent=8459"}],"wp:term":[{"taxonomy":"product_cat","embeddable":true,"href":"https:\/\/xorr.pl\/en\/wp-json\/wp\/v2\/product_cat?post=8459"},{"taxonomy":"product_tag","embeddable":true,"href":"https:\/\/xorr.pl\/en\/wp-json\/wp\/v2\/product_tag?post=8459"}],"curies":[{"name":"wp","href":"https:\/\/api.w.org\/{rel}","templated":true}]}}