{"id":8470,"date":"2023-07-18T11:35:24","date_gmt":"2023-07-18T09:35:24","guid":{"rendered":"https:\/\/xorr.pl\/?post_type=product&#038;p=8470"},"modified":"2024-07-05T09:19:09","modified_gmt":"2024-07-05T07:19:09","slug":"bateria-450mah-2s","status":"publish","type":"product","link":"https:\/\/xorr.pl\/en\/product\/bateria-450mah-2s\/","title":{"rendered":"Bateria 450mAh 2S XT30"},"content":{"rendered":"<p>Bateria Lipo 450mAh 2S 45C BETAFPV posiada bardziej wydajn\u0105 wydajno\u015b\u0107 z wi\u0119ksz\u0105 mobilno\u015bci\u0105 i wi\u0119ksz\u0105 czu\u0142o\u015bci\u0105 podczas lotu z du\u017c\u0105 pr\u0119dko\u015bci\u0105, co jest odpowiednie dla dron\u00f3w whoop i toothpicks! Ta bateria posiada 2S, z\u0142\u0105cze XT30 z przewodem silikonowym 16AWG, napi\u0119cie 7,4 V i pojemno\u015b\u0107 450 mAh. Odpowiednia dla Meteor85, Meteor85 HD, Beta75X, Mobula 7 i innych dron\u00f3w brushless Whoop 2S na rynku.<\/p>\n<p><img decoding=\"async\" src=\"https:\/\/cdn.shopifycdn.net\/s\/files\/1\/1778\/6615\/files\/FB_862efe5b-188f-4285-9f5a-da9dc123a7c1_1024x1024.jpg?v=1668653689\" alt=\"\" \/><\/p>\n<h2>Specification<\/h2>\n<ul>\n<li>Przedmiot: 450mAh 2S 45C Battery<\/li>\n<li>Waga: 28.2g<\/li>\n<li>Wymiary: 60.8*15.2*14.5mm<\/li>\n<li>Konektor: XT30 with 16AWG silicone wire<\/li>\n<li>Pack: 2S 7.4V<\/li>\n<li>Rate: 45C<\/li>\n<\/ul>\n<h2>Dimension<\/h2>\n<p><img decoding=\"async\" src=\"https:\/\/cdn.shopifycdn.net\/s\/files\/1\/1778\/6615\/files\/468ef44610c31b5b50b747b4f9f5ee49_f29f1f2c-7207-4b2d-b27a-2b4f2adbfbb6_480x480.jpg?v=1668652832\" alt=\"\" \/><\/p>\n<p>The discharge current is 20.25A in this testing.<\/p>\n<p><img decoding=\"async\" src=\"https:\/\/cdn.shopifycdn.net\/s\/files\/1\/1778\/6615\/files\/5E7898E8-FF20-43DE-BF75-3A5737B677CE-63872-000009128E2C9904_928a547b-81c0-4441-9c54-d5a0c1e776ca_600x600.png?v=1668737511\" alt=\"\" \/><\/p>\n<p>&nbsp;<\/p>","protected":false},"excerpt":{"rendered":"<p>Bateria Lipo 450mAh 2S 45C BETAFPV posiada bardziej wydajn\u0105 wydajno\u015b\u0107 z wi\u0119ksz\u0105 mobilno\u015bci\u0105 i wi\u0119ksz\u0105 czu\u0142o\u015bci\u0105 podczas lotu z du\u017c\u0105 pr\u0119dko\u015bci\u0105, co jest odpowiednie dla dron\u00f3w whoop i toothpicks! Ta bateria posiada 2S, z\u0142\u0105cze XT30 z przewodem silikonowym 16AWG, napi\u0119cie 7,4 V i pojemno\u015b\u0107 450 mAh. Odpowiednia dla Meteor85, Meteor85 HD, Beta75X, Mobula 7 i [&hellip;]<\/p>","protected":false},"featured_media":8472,"template":"","meta":[],"product_cat":[22,25],"product_tag":[],"jetpack_sharing_enabled":true,"_links":{"self":[{"href":"https:\/\/xorr.pl\/en\/wp-json\/wp\/v2\/product\/8470"}],"collection":[{"href":"https:\/\/xorr.pl\/en\/wp-json\/wp\/v2\/product"}],"about":[{"href":"https:\/\/xorr.pl\/en\/wp-json\/wp\/v2\/types\/product"}],"wp:featuredmedia":[{"embeddable":true,"href":"https:\/\/xorr.pl\/en\/wp-json\/wp\/v2\/media\/8472"}],"wp:attachment":[{"href":"https:\/\/xorr.pl\/en\/wp-json\/wp\/v2\/media?parent=8470"}],"wp:term":[{"taxonomy":"product_cat","embeddable":true,"href":"https:\/\/xorr.pl\/en\/wp-json\/wp\/v2\/product_cat?post=8470"},{"taxonomy":"product_tag","embeddable":true,"href":"https:\/\/xorr.pl\/en\/wp-json\/wp\/v2\/product_tag?post=8470"}],"curies":[{"name":"wp","href":"https:\/\/api.w.org\/{rel}","templated":true}]}}