{"id":8478,"date":"2023-07-19T11:11:47","date_gmt":"2023-07-19T09:11:47","guid":{"rendered":"https:\/\/xorr.pl\/?post_type=product&#038;p=8478"},"modified":"2024-04-08T11:11:10","modified_gmt":"2024-04-08T09:11:10","slug":"canopy-dla-mini-kamery","status":"publish","type":"product","link":"https:\/\/xorr.pl\/en\/product\/canopy-dla-mini-kamery\/","title":{"rendered":"Canopy dla Mini Kamery"},"content":{"rendered":"<p>Obecnie oba canopy MINI V2 i MINI V3 pasuj\u0105 do ram Beta95X, Beta85X, Beta75X i Beta75 pro 2. Canopy MINI V3 jest odpowiedni dla wszystkich minikamer o wymiarach 19 * 19 mm lub 20 * 20 mm, takich jak kamery FPV Caddx Vista lub DJI FPV unit, Caddx Turtle V2, RunCam Racer 3.<\/p>\n<p><img decoding=\"async\" src=\"https:\/\/cdn.shopify.com\/s\/files\/1\/1778\/6615\/files\/QQ_20200113175217_240x240.png?v=1578909348\" alt=\"\" \/><\/p>\n<h2>Por\u00f3wnanie pomi\u0119dzy V2 and V3<\/h2>\n<p>Por\u00f3wnanie mi\u0119dzy V2 i V3 Klosz MINI V3 ma otw\u00f3r na uchwyt z przodu, ale nie ma go na kloszu MINI V2. Jak m\u00f3wimy, klosz MINI V2 jest przeznaczony do kamery Caddx Turtle V2, podczas gdy klosz MINI V3 jest przeznaczony do cyfrowego nadajnika Caddx Vista. Klosz MINI V2 jest u\u017cywany w modelach Beta75X HD i Beta85X HD. Klosz MINI V3 jest u\u017cywany w modelach TWIG XL, X-Knight 4 i Beta95X. Poni\u017cej znajduje si\u0119 obrazek niebieskiego klosza V3 zamontowanego z nadajnikiem Caddx Vista. Potrzebne s\u0105 dodatkowe \u015bruby, prosz\u0119 sprawdzi\u0107 stron\u0119 Caddx Vista w celu uzyskania pomocy.<\/p>\n<p><img decoding=\"async\" src=\"https:\/\/cdn.shopify.com\/s\/files\/1\/1778\/6615\/files\/Vista_600x600.jpg?v=1578995774\" alt=\"\" \/><\/p>\n<p>&nbsp;<\/p>\n<p><img decoding=\"async\" src=\"https:\/\/cdn.shopify.com\/s\/files\/1\/1778\/6615\/files\/02_WPS_grande.jpg?v=1559269738\" alt=\"Canopy for Beta85X\/ Beta75X\/ Beta75 pro 2 Frame\" \/><\/p>\n<h2>Specification<\/h2>\n<ul>\n<li>Przedmiot: MINI V2\/V3 canopy<\/li>\n<li>Material: PE<\/li>\n<li>Waga: 3.8g<\/li>\n<li>Dostosowana kamera: Caddx Turtle V2, Caddx Vista lub DJI FPV unit camera, RunCam Racer 3<\/li>\n<li>Dostosowana rama: rama Beta95X, rama Beta85X, rama Beta75X, rama Beta75 Pro 2<\/li>\n<\/ul>\n<p><img decoding=\"async\" src=\"https:\/\/cdn.shopify.com\/s\/files\/1\/1778\/6615\/files\/8_WPS_grande.png?v=1559269605\" alt=\"Canopy for Beta85X\/ Beta75X\/ Beta75 pro 2 Frame\" \/><\/p>\n<h2>Package<\/h2>\n<ul>\n<li>1 * Canopy\u00a0 Mini Camera<\/li>\n<\/ul>","protected":false},"excerpt":{"rendered":"<p>Obecnie oba canopy MINI V2 i MINI V3 pasuj\u0105 do ram Beta95X, Beta85X, Beta75X i Beta75 pro 2. Canopy MINI V3 jest odpowiedni dla wszystkich minikamer o wymiarach 19 * 19 mm lub 20 * 20 mm, takich jak kamery FPV Caddx Vista lub DJI FPV unit, Caddx Turtle V2, RunCam Racer 3. Por\u00f3wnanie pomi\u0119dzy [&hellip;]<\/p>","protected":false},"featured_media":8479,"template":"","meta":[],"product_cat":[22,23,38],"product_tag":[],"jetpack_sharing_enabled":true,"_links":{"self":[{"href":"https:\/\/xorr.pl\/en\/wp-json\/wp\/v2\/product\/8478"}],"collection":[{"href":"https:\/\/xorr.pl\/en\/wp-json\/wp\/v2\/product"}],"about":[{"href":"https:\/\/xorr.pl\/en\/wp-json\/wp\/v2\/types\/product"}],"wp:featuredmedia":[{"embeddable":true,"href":"https:\/\/xorr.pl\/en\/wp-json\/wp\/v2\/media\/8479"}],"wp:attachment":[{"href":"https:\/\/xorr.pl\/en\/wp-json\/wp\/v2\/media?parent=8478"}],"wp:term":[{"taxonomy":"product_cat","embeddable":true,"href":"https:\/\/xorr.pl\/en\/wp-json\/wp\/v2\/product_cat?post=8478"},{"taxonomy":"product_tag","embeddable":true,"href":"https:\/\/xorr.pl\/en\/wp-json\/wp\/v2\/product_tag?post=8478"}],"curies":[{"name":"wp","href":"https:\/\/api.w.org\/{rel}","templated":true}]}}