{"id":8559,"date":"2023-09-26T15:14:40","date_gmt":"2023-09-26T13:14:40","guid":{"rendered":"https:\/\/xorr.pl\/?post_type=product&#038;p=8559"},"modified":"2024-07-05T09:46:38","modified_gmt":"2024-07-05T07:46:38","slug":"f4-1s-12a-aio-fc-elrs-v2-2","status":"publish","type":"product","link":"https:\/\/xorr.pl\/en\/product\/f4-1s-12a-aio-fc-elrs-v2-2\/","title":{"rendered":"F4 1S 12A AIO FC 2022"},"content":{"rendered":"<p>F4 1S 12A AIO Brushless Flight Controller V2.2 to domy\u015blny kontroler lotu dla kwadrokoptera Cetus X z silnikiem bezszczotkowym, \u015bwietnie nadaj\u0105cy si\u0119 r\u00f3wnie\u017c do dron\u00f3w Whoop o \u015brednicy 85 mm, takich jak Meteor85, oraz dron\u00f3w typu &#8220;toothpick&#8221; o rozmiarze 3 cali, takich jak HX115 SE Toothpick Drone i HX115 LR Toothpick Drone. Zaktualizowali\u015bmy kontroler lotu do wersji V2.2, w kt\u00f3rej zastosowano \u017cyroskop BMI270 i sprz\u0119t ESC BB51 zamiast \u017cyroskopu ICM20689 i sprz\u0119tu ESC BB21.<\/p>\n<p><img decoding=\"async\" src=\"https:\/\/cdn.shopify.com\/s\/files\/1\/1778\/6615\/files\/FB_ba38cfe0-9e42-40b2-b445-8bef9911fecc_1024x1024.jpg?v=1669169197\" alt=\"\" \/><\/p>\n<p>Bullet Point<\/p>\n<ul>\n<li>Kontroler lotu F4 1S 12A AIO to najlepszy wyb\u00f3r do budowy ultralekkich dron\u00f3w &#8220;toothpick&#8221; o rozmiarze 3 cali, takich jak HX115 SE FPV Quad oraz dron\u00f3w Whoop o \u015brednicy 85 mm. Polecamy Meteor85.<\/li>\n<li>Wi\u0119kszo\u015b\u0107 kontroler\u00f3w lotu 1S na rynku jest teraz wyposa\u017cona w ESC o pr\u0105dzie 5A, ale ten kontroler \u0142\u0105czy w sobie ESC 1S o mocy 12A, co zapewnia wi\u0119ksz\u0105 moc dla dron\u00f3w &#8220;toothpick&#8221; o rozmiarze 3 cali lub dron\u00f3w Whoop o \u015brednicy 85 mm.<\/li>\n<li>Zintegrowany miernik pr\u0105du, 2 programowalne diody RGB i odbiornik SPI ELRS lub Frsky. Jednocze\u015bnie wszystkie pady s\u0105 dost\u0119pne dla zewn\u0119trznych odbiornik\u00f3w z UART1 i UART2, na buzzery itp.<\/li>\n<li>Du\u017ce pady s\u0105 zarezerwowane do lutowania kabli silnikowych, co u\u0142atwi lutowanie.<\/li>\n<\/ul>\n<p>Specyfikacja FC:<\/p>\n<ul>\n<li>Produkt: F4 1S 12A AIO FC<\/li>\n<li>Waga: 4,74 g (bez kabla zasilaj\u0105cego i z\u0142\u0105cza BT2.0)<\/li>\n<li>CPU: STM32F411CEU6 (100 MHz)<\/li>\n<li>6-osiowy \u017cyroskop: BMI270 (po\u0142\u0105czenie SPI)<\/li>\n<li>Wersja oprogramowania: betaflight_4.3.1_BETAFPVF4SX1280 (ELRS) \/ betaflight_4.2.11_BETAFPVF411RX (Frsky)<\/li>\n<li>OSD: Wbudowany OSD BetaFlight (STM32 kontroluje chip OSD za pomoc\u0105 DMA w trybie SPI)<\/li>\n<li>Odbiornik: Odbiornik SPI ELRS 2.4G \/ SPI Frsky<\/li>\n<li>Z\u0142\u0105cze do pod\u0142\u0105czenia silnika: 1,25 mm z\u0142\u0105cze nag\u0142\u00f3wka<\/li>\n<li>Rozmiar otwor\u00f3w monta\u017cowych: 26 mm x 26 mm (odpowiednie do monta\u017cu wzoru Whoop)<\/li>\n<li>Port USB: SH1.0 4-Pin<\/li>\n<\/ul>\n<p>Specyfikacja ESC 1S 12A:<\/p>\n<ul>\n<li>Wbudowany ESC o pr\u0105dzie ci\u0105g\u0142ym 12A i pr\u0105dzie szczytowym 25A<\/li>\n<li>Napi\u0119cie wej\u015bciowe: 1S-2S<\/li>\n<li>Oprogramowanie ESC: C_X_30_48_V0.18.1.hex dla sprz\u0119tu Bluejay BB51<\/li>\n<li>Obs\u0142uga sygna\u0142u: D-shot150, D-shot300, D-shot600, Oneshot125, Multishot, PWM<\/li>\n<li>Firmware Bluejay obs\u0142uguje teraz sprz\u0119t BB51. Zar\u00f3wno p\u0142yty ELRS, jak i Frsky s\u0105 zasilane przez sprz\u0119t BB51. Je\u015bli chcesz skonfigurowa\u0107 parametry ESC, u\u017cyj BLHeliSuite16714902A_Beta lub ESC-Configurator.<\/li>\n<\/ul>\n<h2>Diagram dla F4 1S 12A AIO FC<\/h2>\n<p>Diagram dla wersji z odbiornikiem SPI ELRS 2.4GHz<\/p>\n<p><img decoding=\"async\" src=\"https:\/\/cdn.shopifycdn.net\/s\/files\/1\/1778\/6615\/files\/7df8688fa44fe97c4d178567042b1fe9_ecd465fa-e67b-491e-a1bd-aa17285d7d8a_480x480.jpg?v=1669025230\" alt=\"\" \/><\/p>\n<div><img decoding=\"async\" src=\"https:\/\/cdn.shopify.com\/s\/files\/1\/1778\/6615\/files\/88a3c8d54cce36d656c9fd127db8e037_8dd4f88d-5968-4e80-a88e-b7585f3cb78d_480x480.jpg?v=1663145284\" alt=\"\" \/><\/div>\n<p>Diagram dla wersji z odbiornikiem SPI Frsky.<\/p>\n<p><img decoding=\"async\" src=\"https:\/\/cdn.shopifycdn.net\/s\/files\/1\/1778\/6615\/files\/7df8688fa44fe97c4d178567042b1fe9_47ef8970-183d-47f7-a8fb-f946ad06674b_480x480.jpg?v=1669025396\" alt=\"\" \/><\/p>\n<p><img decoding=\"async\" src=\"https:\/\/cdn.shopifycdn.net\/s\/files\/1\/1778\/6615\/files\/88a3c8d54cce36d656c9fd127db8e037_f333d196-a0aa-459c-bb99-e615090fcca1_480x480.jpg?v=1669025411\" alt=\"\" \/><\/p>\n<p>&nbsp;<\/p>\n<p><img decoding=\"async\" src=\"https:\/\/cdn.shopify.com\/s\/files\/1\/1778\/6615\/files\/3A041911-8E03-4ae8-A10E-FE74B2A61630.png?v=1663155309\" alt=\"\" \/><\/p>\n<h2>12A 1S ESC<\/h2>\n<p>Czy naprawd\u0119 potrzebujemy ESC 12A do dron\u00f3w 1S? Je\u015bli to dron typu Whoop o \u015brednicy 65 mm lub 75 mm, jak Meteor65, ESC o pr\u0105dzie 5A jest wystarczaj\u0105cy do wszystkich akcji. Ale co z dronami o \u015brednicy 3 cali i silnikami 1102\/1202.5? Nadal chcesz p\u0142ynnych i mocnych lot\u00f3w? ESC 5A zosta\u0142 opracowany oko\u0142o 3 lat temu i zosta\u0142 zaprojektowany dla dron\u00f3w Whoop z silnikami 0603\/0802. W ci\u0105gu ostatniego roku zesp\u00f3\u0142 BETAFPV wsp\u00f3\u0142pracowa\u0142 z autorem BLHeli, Stefanem, nad ESC 12A 1S do dron\u00f3w &#8220;toothpick&#8221; o rozmiarze 3 cali. Wreszcie jest dost\u0119pny!<\/p>\n<h2>SPI ELRS 2.4G RX<\/h2>\n<p>P\u0142yta ta integruje odbiornik z najpopularniejszym modu\u0142em radiowym ExpressLRS od 2021 roku. ExpressLRS ma na celu osi\u0105gni\u0119cie jak najlepszej wydajno\u015bci \u0142\u0105cza w zakresie pr\u0119dko\u015bci, op\u00f3\u017anienia i zasi\u0119gu.<\/p>\n<div class=\"video-wrapper\"><iframe loading=\"lazy\" title=\"YouTube video player\" src=\"https:\/\/www.youtube.com\/embed\/XbKpWI0YJ5I\" width=\"560\" height=\"315\" frameborder=\"0\" allowfullscreen=\"allowfullscreen\" data-mce-fragment=\"1\"><\/iframe><\/div>\n<h2>Package<\/h2>\n<ul>\n<li>1 * Kontroler lotu F4 1S 12A AIO FC<\/li>\n<li>4 * Gumowe amortyzatory antywibracyjne M2 x 10 mm<\/li>\n<li>\u015aruby M2 x 10 mm 4 *<\/li>\n<li>Nakr\u0119tki \u015brub M2 8 *<\/li>\n<li>Z\u0142\u0105cza PH-1.25 do silnika 1 *<\/li>\n<li>Kabel SH1.0 4-Pin 1 *<\/li>\n<li>Adapter SH1.0 4-Pin na USB typu C<\/li>\n<\/ul>\n<p><img decoding=\"async\" src=\"https:\/\/cdn.shopify.com\/s\/files\/1\/1778\/6615\/files\/3f89305fb1dabad87b9b93324e3c25cd_6508d808-a543-4e79-bbec-ce21f4076f91_600x600.jpg?v=1663155546\" alt=\"\" \/><\/p>","protected":false},"excerpt":{"rendered":"<p>F4 1S 12A AIO Brushless Flight Controller V2.2 to domy\u015blny kontroler lotu dla kwadrokoptera Cetus X z silnikiem bezszczotkowym, \u015bwietnie nadaj\u0105cy si\u0119 r\u00f3wnie\u017c do dron\u00f3w Whoop o \u015brednicy 85 mm, takich jak Meteor85, oraz dron\u00f3w typu &#8220;toothpick&#8221; o rozmiarze 3 cali, takich jak HX115 SE Toothpick Drone i HX115 LR Toothpick Drone. Zaktualizowali\u015bmy kontroler lotu [&hellip;]<\/p>","protected":false},"featured_media":8560,"template":"","meta":[],"product_cat":[22,32,45,40],"product_tag":[],"jetpack_sharing_enabled":true,"_links":{"self":[{"href":"https:\/\/xorr.pl\/en\/wp-json\/wp\/v2\/product\/8559"}],"collection":[{"href":"https:\/\/xorr.pl\/en\/wp-json\/wp\/v2\/product"}],"about":[{"href":"https:\/\/xorr.pl\/en\/wp-json\/wp\/v2\/types\/product"}],"wp:featuredmedia":[{"embeddable":true,"href":"https:\/\/xorr.pl\/en\/wp-json\/wp\/v2\/media\/8560"}],"wp:attachment":[{"href":"https:\/\/xorr.pl\/en\/wp-json\/wp\/v2\/media?parent=8559"}],"wp:term":[{"taxonomy":"product_cat","embeddable":true,"href":"https:\/\/xorr.pl\/en\/wp-json\/wp\/v2\/product_cat?post=8559"},{"taxonomy":"product_tag","embeddable":true,"href":"https:\/\/xorr.pl\/en\/wp-json\/wp\/v2\/product_tag?post=8559"}],"curies":[{"name":"wp","href":"https:\/\/api.w.org\/{rel}","templated":true}]}}