{"id":8565,"date":"2023-09-26T15:23:58","date_gmt":"2023-09-26T13:23:58","guid":{"rendered":"https:\/\/xorr.pl\/?post_type=product&#038;p=8565"},"modified":"2023-12-22T22:54:25","modified_gmt":"2023-12-22T21:54:25","slug":"smigla-gemfan-1208-3-lopatowe-1-0mm-shaft","status":"publish","type":"product","link":"https:\/\/xorr.pl\/en\/product\/smigla-gemfan-1208-3-lopatowe-1-0mm-shaft\/","title":{"rendered":"\u015amig\u0142a Gemfan 1208 3-\u0142opatowe (1.0mm Shaft)"},"content":{"rendered":"<p>Dla tych, kt\u00f3rzy szukaj\u0105 zwi\u0119kszonej stabilno\u015bci i kontroli podczas wy\u015bcig\u00f3w dronami typu Whoop, \u015bmig\u0142a Gemfan 1208 3-\u0142opatowe s\u0105 doskona\u0142\u0105 opcj\u0105. Ich konstrukcja z trzema \u0142opatkami zapewnia lepsz\u0105 dynamiczn\u0105 r\u00f3wnowag\u0119 i odporno\u015b\u0107 na wiatr. Wa\u017c\u0105 jedynie 0,81 g za zestaw 4 sztuk, co sprawia, \u017ce s\u0105 idealne do p\u0142ynnego i precyzyjnego latania. Te \u015bmig\u0142a charakteryzuj\u0105 si\u0119 w\u0142a\u015bciwo\u015bciami redukcji ha\u0142asu i doskona\u0142\u0105 reakcj\u0105 na wy\u017csze obroty silnik\u00f3w 0702. Idealne do lekkich konstrukcji, mo\u017cna spodziewa\u0107 si\u0119 \u015bwietnej wydajno\u015bci podczas wy\u015bcig\u00f3w.<\/p>\n<div><img decoding=\"async\" src=\"https:\/\/cdn.shopify.com\/s\/files\/1\/1778\/6615\/files\/3_e40e714a-ccc6-4b76-acf6-43d49cf2e0d1_1024x1024.jpg?v=1686733168\" alt=\"Gemfan 1208 3-blade Propellers(1.0mm Shaft)\" \/><\/div>\n<h2>Specification<\/h2>\n<ul>\n<li>Produkt: \u015amig\u0142a Gemfan 1208 3-\u0142opatowe (1,0 mm wa\u0142ek)<\/li>\n<li>Materia\u0142y: PC (poliw\u0119glan)<\/li>\n<li>\u015arednica \u015bmig\u0142a: 31 mm<\/li>\n<li>Skok: 0,8 cala<\/li>\n<li>Waga: 0,81 g\/zestaw<\/li>\n<li>Wa\u0142ek: 1 mm<\/li>\n<li>Kolory: Przezroczysty Szary, Przezroczysty Niebieski, Przezroczysty<\/li>\n<\/ul>\n<h2 style=\"display: inline !important;\">Diagram of LiteRadio 2 SE<\/h2>\n<p>Poni\u017cszy obrazek przedstawia schemat \u015bmigie\u0142 Gemfan 1208 3-\u0142opatowych (1,0 mm wa\u0142ek).<\/p>\n<p><img decoding=\"async\" src=\"https:\/\/cdn.shopifycdn.net\/s\/files\/1\/1778\/6615\/files\/f7d7c897f798fc44c391847188c3ac79_a0022bb8-68be-4648-90a3-e7868563ef7e_480x480.jpg?v=1685950539\" alt=\"\" \/><\/p>\n<p>&nbsp;<\/p>\n<h2>Package<\/h2>\n<ul>\n<li>4 * \u015amig\u0142a GF 1208 3-\u0142opatowe (Przezroczysty Szary\/Przezroczysty Niebieski\/Przezroczysty)<\/li>\n<li>12 * \u015amig\u0142a GF 1208 3-\u0142opatowe (12 sztuk)<\/li>\n<\/ul>","protected":false},"excerpt":{"rendered":"<p>Dla tych, kt\u00f3rzy szukaj\u0105 zwi\u0119kszonej stabilno\u015bci i kontroli podczas wy\u015bcig\u00f3w dronami typu Whoop, \u015bmig\u0142a Gemfan 1208 3-\u0142opatowe s\u0105 doskona\u0142\u0105 opcj\u0105. Ich konstrukcja z trzema \u0142opatkami zapewnia lepsz\u0105 dynamiczn\u0105 r\u00f3wnowag\u0119 i odporno\u015b\u0107 na wiatr. Wa\u017c\u0105 jedynie 0,81 g za zestaw 4 sztuk, co sprawia, \u017ce s\u0105 idealne do p\u0142ynnego i precyzyjnego latania. Te \u015bmig\u0142a charakteryzuj\u0105 si\u0119 [&hellip;]<\/p>","protected":false},"featured_media":8566,"template":"","meta":[],"product_cat":[22,23,35],"product_tag":[],"jetpack_sharing_enabled":true,"_links":{"self":[{"href":"https:\/\/xorr.pl\/en\/wp-json\/wp\/v2\/product\/8565"}],"collection":[{"href":"https:\/\/xorr.pl\/en\/wp-json\/wp\/v2\/product"}],"about":[{"href":"https:\/\/xorr.pl\/en\/wp-json\/wp\/v2\/types\/product"}],"wp:featuredmedia":[{"embeddable":true,"href":"https:\/\/xorr.pl\/en\/wp-json\/wp\/v2\/media\/8566"}],"wp:attachment":[{"href":"https:\/\/xorr.pl\/en\/wp-json\/wp\/v2\/media?parent=8565"}],"wp:term":[{"taxonomy":"product_cat","embeddable":true,"href":"https:\/\/xorr.pl\/en\/wp-json\/wp\/v2\/product_cat?post=8565"},{"taxonomy":"product_tag","embeddable":true,"href":"https:\/\/xorr.pl\/en\/wp-json\/wp\/v2\/product_tag?post=8565"}],"curies":[{"name":"wp","href":"https:\/\/api.w.org\/{rel}","templated":true}]}}