{"id":8569,"date":"2023-09-26T15:33:13","date_gmt":"2023-09-26T13:33:13","guid":{"rendered":"https:\/\/xorr.pl\/?post_type=product&#038;p=8569"},"modified":"2023-11-28T23:56:40","modified_gmt":"2023-11-28T22:56:40","slug":"smigla-gemfan-1210-2-lopatowe-1-0mm-shaft","status":"publish","type":"product","link":"https:\/\/xorr.pl\/en\/product\/smigla-gemfan-1210-2-lopatowe-1-0mm-shaft\/","title":{"rendered":"\u015amig\u0142a Gemfan 1210 2-\u0142opatowe (1.0mm Shaft)"},"content":{"rendered":"<p>\u015amig\u0142a Gemfan 1210 2-\u0142opatowe zosta\u0142y zaprojektowane do szybkiego latania, co czyni je idealnym wyborem dla entuzjast\u00f3w wy\u015bcig\u00f3w i lot\u00f3w akrobatycznych dronami typu Whoop. Te \u015bmig\u0142a wa\u017c\u0105 zaledwie 0,73 g za zestaw 4 sztuk, oferuj\u0105 wyj\u0105tkow\u0105 pr\u0119dko\u015b\u0107 reakcji i doskona\u0142e przyspieszenie oraz szybko\u015b\u0107 w po\u0142\u0105czeniu z silnikami 0702. Dzi\u0119ki swojej super lekko\u015bci, te \u015bmig\u0142a zapewniaj\u0105 zwinne i reaktywne do\u015bwiadczenie lotu, idealne do wy\u015bcig\u00f3w i akrobacji. Dzi\u0119ki wa\u0142kowi o \u015brednicy 1,0 mm, zapewniaj\u0105 \u0142atwy monta\u017c i kompatybilno\u015b\u0107 z wi\u0119kszo\u015bci\u0105 silnik\u00f3w.<\/p>\n<div><img decoding=\"async\" src=\"https:\/\/cdn.shopify.com\/s\/files\/1\/1778\/6615\/files\/2_567fe72d-cd55-4722-a7d2-7749925c1643_1024x1024.jpg?v=1686733191\" alt=\"Gemfan 1210 2-blade Propellers(1.0mm Shaft)\" \/><\/div>\n<h2>Specification<\/h2>\n<ul>\n<li>\u015amig\u0142a Gemfan 1210 2-\u0142opatowe (1,0 mm wa\u0142ek)<\/li>\n<li>Produkt: \u015amig\u0142a Gemfan 1210 2-\u0142opatowe (1,0 mm wa\u0142ek)<\/li>\n<li>Materia\u0142y: PC (poliw\u0119glan) \u015arednica \u015bmig\u0142a: 31 mm<\/li>\n<li>Skok: 1 cal<\/li>\n<li>Waga: 0,73 g\/zestaw<\/li>\n<li>Wa\u0142ek: 1 mm<\/li>\n<li>Kolory: Przezroczysty Szary<\/li>\n<\/ul>\n<h2 style=\"display: inline !important;\">Diagram of LiteRadio 2 SE<\/h2>\n<p>Poni\u017cszy obrazek przedstawia schemat \u015bmigie\u0142 Gemfan 1210 2-\u0142opatowych (1,0 mm wa\u0142ek).<\/p>\n<p><img decoding=\"async\" src=\"https:\/\/cdn.shopifycdn.net\/s\/files\/1\/1778\/6615\/files\/f7d7c897f798fc44c391847188c3ac79_07ae7a8f-7495-4024-990c-c57770048988_480x480.jpg?v=1685950516\" alt=\"\" \/><\/p>\n<p>&nbsp;<\/p>\n<h2>Package<\/h2>\n<ul>\n<li>4 * \u015amig\u0142a GF 1210 2-\u0142opatowe (4 sztuki)<\/li>\n<li>12 * \u015amig\u0142a GF 1210 2-\u0142opatowe (12 sztuk)<\/li>\n<\/ul>","protected":false},"excerpt":{"rendered":"<p>\u015amig\u0142a Gemfan 1210 2-\u0142opatowe zosta\u0142y zaprojektowane do szybkiego latania, co czyni je idealnym wyborem dla entuzjast\u00f3w wy\u015bcig\u00f3w i lot\u00f3w akrobatycznych dronami typu Whoop. Te \u015bmig\u0142a wa\u017c\u0105 zaledwie 0,73 g za zestaw 4 sztuk, oferuj\u0105 wyj\u0105tkow\u0105 pr\u0119dko\u015b\u0107 reakcji i doskona\u0142e przyspieszenie oraz szybko\u015b\u0107 w po\u0142\u0105czeniu z silnikami 0702. Dzi\u0119ki swojej super lekko\u015bci, te \u015bmig\u0142a zapewniaj\u0105 zwinne [&hellip;]<\/p>","protected":false},"featured_media":8570,"template":"","meta":[],"product_cat":[22,23,35],"product_tag":[],"jetpack_sharing_enabled":true,"_links":{"self":[{"href":"https:\/\/xorr.pl\/en\/wp-json\/wp\/v2\/product\/8569"}],"collection":[{"href":"https:\/\/xorr.pl\/en\/wp-json\/wp\/v2\/product"}],"about":[{"href":"https:\/\/xorr.pl\/en\/wp-json\/wp\/v2\/types\/product"}],"wp:featuredmedia":[{"embeddable":true,"href":"https:\/\/xorr.pl\/en\/wp-json\/wp\/v2\/media\/8570"}],"wp:attachment":[{"href":"https:\/\/xorr.pl\/en\/wp-json\/wp\/v2\/media?parent=8569"}],"wp:term":[{"taxonomy":"product_cat","embeddable":true,"href":"https:\/\/xorr.pl\/en\/wp-json\/wp\/v2\/product_cat?post=8569"},{"taxonomy":"product_tag","embeddable":true,"href":"https:\/\/xorr.pl\/en\/wp-json\/wp\/v2\/product_tag?post=8569"}],"curies":[{"name":"wp","href":"https:\/\/api.w.org\/{rel}","templated":true}]}}