{"id":8572,"date":"2023-09-26T15:58:08","date_gmt":"2023-09-26T13:58:08","guid":{"rendered":"https:\/\/xorr.pl\/?post_type=product&#038;p=8572"},"modified":"2024-02-07T20:37:19","modified_gmt":"2024-02-07T19:37:19","slug":"ladowarka-baterii-2s","status":"publish","type":"product","link":"https:\/\/xorr.pl\/en\/product\/ladowarka-baterii-2s\/","title":{"rendered":"\u0141adowarka baterii 2S"},"content":{"rendered":"<p>BETAFPV oferuje 2 wersje \u0141adowarki Akumulatora 2S i Tester Napi\u0119cia, ka\u017cd\u0105 z innymi portami &#8211; BT3.0 i XH2.54 &#8211; zdolnymi do \u0142adowania zar\u00f3wno akumulator\u00f3w LiHV 8.7V, jak i LiPo 8.4V. Opr\u00f3cz funkcji wy\u015bwietlacza cyfrowego, posiada tak\u017ce mo\u017cliwo\u015b\u0107 monitorowania napi\u0119cia akumulatora 2S. Dodatkowo obs\u0142uguje protok\u00f3\u0142 szybkiego \u0142adowania PD3.0. Ta kompaktowa i przeno\u015bna \u0142adowarka jest w pe\u0142ni funkcjonalna i przyjazna dla u\u017cytkownika, i spe\u0142nia potrzeby \u0142adowania dla entuzjast\u00f3w quadrokopter\u00f3w 2S, pozwalaj\u0105c im na \u0142adowanie akumulator\u00f3w w dowolnym miejscu i czasie.<\/p>\n<p><img decoding=\"async\" src=\"https:\/\/cdn.shopifycdn.net\/s\/files\/1\/1778\/6615\/files\/83629e3e107b9b3191a560ef0655f61b_aeee262c-ed40-4185-ac89-0060555269d8_1024x1024.jpg?v=1691561547\" alt=\"2S Battery Charger\" \/><\/p>\n<h2>Punkty kluczowe:<\/h2>\n<ul>\n<li>Kompaktowa i przeno\u015bna \u0141adowarka Akumulatora 2S i Tester Napi\u0119cia z wy\u015bwietlaczem cyfrowym, przeznaczona specjalnie dla serii akumulator\u00f3w BT3.0.<\/li>\n<li>Obs\u0142uguje protok\u00f3\u0142 szybkiego \u0142adowania PD3.0, oferuj\u0105c wy\u017csz\u0105 moc i wiele opcji \u0142adowania dla szybszego i bezpieczniejszego \u0142adowania z kompatybilnymi urz\u0105dzeniami.<\/li>\n<li>Wyposa\u017cona w funkcj\u0119 wy\u015bwietlania cyfrowego i zdolno\u015b\u0107 do monitorowania napi\u0119cia akumulatora podczas \u0142adowania.<\/li>\n<li>Dost\u0119pna w dw\u00f3ch wariantach z portami BT3.0 i XH2.54, ta \u0142adowarka oferuje r\u00f3\u017cne opcje pod\u0142\u0105czenia dla u\u017cytkownik\u00f3w RC.<\/li>\n<li>Posiada interfejs typu C zamiast interfejsu USB, co zapewnia jeszcze wi\u0119kszy wyb\u00f3r opcji \u0142adowania.<\/li>\n<li>Spe\u0142niaj\u0105c wymagania dotycz\u0105ce \u0142adowania akumulator\u00f3w 2S, ta \u0142adowarka jest idealnym wyborem dla wymagaj\u0105cych entuzjast\u00f3w.<\/li>\n<\/ul>\n<div style=\"text-align: left;\"><img decoding=\"async\" src=\"https:\/\/cdn.shopifycdn.net\/s\/files\/1\/1778\/6615\/files\/2_ee83bca5-4f2c-446d-8659-9af60a9c358a_1024x1024.jpg?v=1691567136\" alt=\"\" \/><\/div>\n<h2>Specification<\/h2>\n<ul>\n<li>Typ Akumulatora: BT3.0-LiHV (napi\u0119cie \u0142adowania: 8.7V) \/ XH2.54-LiPo (napi\u0119cie \u0142adowania: 8.4V)<\/li>\n<li>Kolor Produktu: Bia\u0142y (BT3.0) \/ Czarny (XH2.54)<\/li>\n<li>Interfejs Wej\u015bciowy: Typ-C USB<\/li>\n<li>Zakres Napi\u0119cia Wej\u015bciowego: 5-12V<\/li>\n<li>Moc Wej\u015bciowa: Maksymalnie 15W Maksymalny<\/li>\n<li>Pr\u0105d Wej\u015bciowy: 2.5A<\/li>\n<li>Protok\u00f3\u0142 \u0141adowania: PD3.0 Waga (na jedn\u0105 \u0142adowark\u0119): 17.0\u00b11.0g<\/li>\n<li>Wymiary (D\u00d7S \u00d7W): 61<em>25<\/em>17mm<\/li>\n<li>Wy\u015bwietlacz Pojemno\u015bci Akumulatora: Wy\u015bwietlacz Cyfrowy LED wy\u015bwietla \u0142\u0105czne napi\u0119cie i napi\u0119cie pojedynczej kom\u00f3rki akumulatora 2S<\/li>\n<li>. Wy\u015bwietlacz Cyfrowy LED i Czerwona Dioda LED wskazuj\u0105 status \u0142adowania: Wy\u015bwietlacz Cyfrowy LED Status Diody LED<\/li>\n<\/ul>\n<p>&nbsp;<\/p>\n<div style=\"text-align: start;\"><img decoding=\"async\" src=\"https:\/\/cdn.shopifycdn.net\/s\/files\/1\/1778\/6615\/files\/f7d7c897f798fc44c391847188c3ac79_6d582cee-4bac-4c51-978a-b69a4c79e13f_480x480.jpg?v=1691320664\" alt=\"BT3.0 2S Battery Charger\" \/><\/div>\n<p>&nbsp;<\/p>\n<h2>XH2.54<\/h2>\n<p>Ta \u0142adowarka jest kompatybilna z akumulatorami 2S LiPo (8.4V) i posiada port XH2.54. Prosz\u0119 pami\u0119ta\u0107, \u017ce \u0142adowanie akumulator\u00f3w 2S LiHV (8.7V) mo\u017ce prowadzi\u0107 do niedo\u0142adowania. Zalecamy korzystanie z akumulatora LiPo 2S z odpowiednim z\u0142\u0105czem balansuj\u0105cym dost\u0119pnym na rynku. W trakcie procesu \u0142adowania, je\u015bli wy\u015bwietlacz cyfrowy pokazuje napi\u0119cie przekraczaj\u0105ce 8.4V (np. 9V), prosimy od\u0142\u0105czy\u0107 zasilanie natychmiast i sprawdzi\u0107, czy nie ma problemu z akumulatorem lub \u0142adowark\u0105.<\/p>\n<div style=\"text-align: start;\"><img decoding=\"async\" src=\"https:\/\/cdn.shopifycdn.net\/s\/files\/1\/1778\/6615\/files\/xh2.54_1d706b25-aa17-4fbb-b06f-1180963a2a43_1024x1024.jpg?v=1692241240\" alt=\"2S Battery Charger and Voltage Tester\" \/><\/div>\n<h2>BT3.0<\/h2>\n<p>Ta \u0142adowarka jest zaprojektowana do \u0142adowania akumulator\u00f3w 2S LiHV (8.7V) z portem akumulatora BT3.0. Prosz\u0119 pami\u0119ta\u0107, \u017ce pr\u00f3ba \u0142adowania akumulator\u00f3w 2S LiPo (8.4V) mo\u017ce prowadzi\u0107 do ryzyka nadmiernego \u0142adowania. Aby zagwarantowa\u0107 bezpieczne i optymalne \u0142adowanie, zalecamy korzystanie z akumulatora BETAFPV BT3.0 450mAh 2S LiHV. W trakcie procesu \u0142adowania, je\u015bli wy\u015bwietlacz cyfrowy pokazuje napi\u0119cie przekraczaj\u0105ce 8.7V (np. 9V), prosimy od\u0142\u0105czy\u0107 zasilanie natychmiast i sprawdzi\u0107, czy nie ma problemu z akumulatorem lub \u0142adowark\u0105.<\/p>\n<p><img decoding=\"async\" src=\"https:\/\/cdn.shopifycdn.net\/s\/files\/1\/1778\/6615\/files\/BT3.0_ec81675b-7b1e-48be-951a-c58790f160b7_1024x1024.jpg?v=1692241283\" alt=\"2S Battery Charger and Voltage Tester\" \/><\/p>\n<p>&nbsp;<\/p>\n<div style=\"text-align: left;\"><img decoding=\"async\" style=\"margin-bottom: 16px; float: none;\" src=\"https:\/\/cdn.shopifycdn.net\/s\/files\/1\/1778\/6615\/files\/d11071e3e22df0f10fe36afc311a694c_1024x1024.jpg?v=1690877425\" alt=\"BT3.0 Series for 2S Whoop Drone\" \/><\/div>\n<h2>Package<\/h2>\n<ul>\n<li>Produkt: \u0141adowarka Akumulatora 2S i Tester Napi\u0119cia | XH2.54\/BT3.0<\/li>\n<li>1 * \u0141adowarka Akumulatora 2S i Tester Napi\u0119cia | XH2.54\/BT3.0<\/li>\n<li>1 * Instrukcja w j\u0119zyku chi\u0144skim i angielskim o wymiarach 70<em>50mm <\/em><\/li>\n<li><em>1 * Antystatyczna torba o wymiarach 100<\/em>150mm<\/li>\n<li>1 * Karta Serwisowa<\/li>\n<\/ul>","protected":false},"excerpt":{"rendered":"<p>BETAFPV oferuje 2 wersje \u0141adowarki Akumulatora 2S i Tester Napi\u0119cia, ka\u017cd\u0105 z innymi portami &#8211; BT3.0 i XH2.54 &#8211; zdolnymi do \u0142adowania zar\u00f3wno akumulator\u00f3w LiHV 8.7V, jak i LiPo 8.4V. Opr\u00f3cz funkcji wy\u015bwietlacza cyfrowego, posiada tak\u017ce mo\u017cliwo\u015b\u0107 monitorowania napi\u0119cia akumulatora 2S. Dodatkowo obs\u0142uguje protok\u00f3\u0142 szybkiego \u0142adowania PD3.0. Ta kompaktowa i przeno\u015bna \u0142adowarka jest w pe\u0142ni [&hellip;]<\/p>","protected":false},"featured_media":8573,"template":"","meta":[],"product_cat":[22,23,42,25],"product_tag":[],"jetpack_sharing_enabled":true,"_links":{"self":[{"href":"https:\/\/xorr.pl\/en\/wp-json\/wp\/v2\/product\/8572"}],"collection":[{"href":"https:\/\/xorr.pl\/en\/wp-json\/wp\/v2\/product"}],"about":[{"href":"https:\/\/xorr.pl\/en\/wp-json\/wp\/v2\/types\/product"}],"wp:featuredmedia":[{"embeddable":true,"href":"https:\/\/xorr.pl\/en\/wp-json\/wp\/v2\/media\/8573"}],"wp:attachment":[{"href":"https:\/\/xorr.pl\/en\/wp-json\/wp\/v2\/media?parent=8572"}],"wp:term":[{"taxonomy":"product_cat","embeddable":true,"href":"https:\/\/xorr.pl\/en\/wp-json\/wp\/v2\/product_cat?post=8572"},{"taxonomy":"product_tag","embeddable":true,"href":"https:\/\/xorr.pl\/en\/wp-json\/wp\/v2\/product_tag?post=8572"}],"curies":[{"name":"wp","href":"https:\/\/api.w.org\/{rel}","templated":true}]}}